{"id":7731,"date":"2020-05-20T11:06:44","date_gmt":"2020-05-20T09:06:44","guid":{"rendered":"https:\/\/www.grupsagaro.net\/?post_type=product&#038;p=7731"},"modified":"2023-12-21T16:30:03","modified_gmt":"2023-12-21T14:30:03","slug":"font-dalimentacio-220-v-12v-60w-per-tira-led","status":"publish","type":"product","link":"https:\/\/www.grupsagaro.net\/?product=font-dalimentacio-220-v-12v-60w-per-tira-led","title":{"rendered":"Font d&#8217;alimentaci\u00f3 220 V 12V 60W Slim per tira Led"},"content":{"rendered":"<p>[et_pb_section fb_built=\u00bb1&#8243; _builder_version=\u00bb4.16&#8243; custom_padding=\u00bb0px||||false|false\u00bb global_colors_info=\u00bb{}\u00bb][et_pb_row _builder_version=\u00bb4.16&#8243; background_size=\u00bbinitial\u00bb background_position=\u00bbtop_left\u00bb background_repeat=\u00bbrepeat\u00bb width=\u00bb100%\u00bb custom_padding=\u00bb0px||0px||false|false\u00bb global_colors_info=\u00bb{}\u00bb][et_pb_column type=\u00bb4_4&#8243; _builder_version=\u00bb4.16&#8243; custom_padding=\u00bb|||\u00bb global_colors_info=\u00bb{}\u00bb custom_padding__hover=\u00bb|||\u00bb][et_pb_wc_breadcrumb _builder_version=\u00bb4.16&#8243; body_font=\u00bb|600|||||||\u00bb global_colors_info=\u00bb{}\u00bb][\/et_pb_wc_breadcrumb][et_pb_wc_cart_notice _builder_version=\u00bb4.16&#8243; global_colors_info=\u00bb{}\u00bb][\/et_pb_wc_cart_notice][\/et_pb_column][\/et_pb_row][et_pb_row column_structure=\u00bb1_2,1_2&#8243; _builder_version=\u00bb4.16&#8243; background_size=\u00bbinitial\u00bb background_position=\u00bbtop_left\u00bb background_repeat=\u00bbrepeat\u00bb width=\u00bb100%\u00bb custom_padding=\u00bb0px||||false|false\u00bb global_colors_info=\u00bb{}\u00bb][et_pb_column type=\u00bb1_2&#8243; _builder_version=\u00bb4.16&#8243; custom_padding=\u00bb|||\u00bb global_colors_info=\u00bb{}\u00bb custom_padding__hover=\u00bb|||\u00bb][et_pb_wc_images _builder_version=\u00bb4.16&#8243; global_colors_info=\u00bb{}\u00bb][\/et_pb_wc_images][\/et_pb_column][et_pb_column type=\u00bb1_2&#8243; _builder_version=\u00bb4.16&#8243; custom_padding=\u00bb|||\u00bb global_colors_info=\u00bb{}\u00bb custom_padding__hover=\u00bb|||\u00bb][et_pb_wc_title _builder_version=\u00bb4.16&#8243; global_colors_info=\u00bb{}\u00bb][\/et_pb_wc_title][et_pb_wc_rating _builder_version=\u00bb4.16&#8243; global_colors_info=\u00bb{}\u00bb][\/et_pb_wc_rating][et_pb_wc_price _builder_version=\u00bb4.16&#8243; global_colors_info=\u00bb{}\u00bb][\/et_pb_wc_price][et_pb_wc_description _builder_version=\u00bb4.16&#8243; global_colors_info=\u00bb{}\u00bb][\/et_pb_wc_description][et_pb_wc_add_to_cart _builder_version=\u00bb4.16&#8243; global_colors_info=\u00bb{}\u00bb][\/et_pb_wc_add_to_cart][et_pb_wc_meta _builder_version=\u00bb4.16&#8243; global_colors_info=\u00bb{}\u00bb][\/et_pb_wc_meta][\/et_pb_column][\/et_pb_row][et_pb_row _builder_version=\u00bb4.16&#8243; background_size=\u00bbinitial\u00bb background_position=\u00bbtop_left\u00bb background_repeat=\u00bbrepeat\u00bb width=\u00bb100%\u00bb global_colors_info=\u00bb{}\u00bb][et_pb_column type=\u00bb4_4&#8243; _builder_version=\u00bb4.16&#8243; custom_padding=\u00bb|||\u00bb global_colors_info=\u00bb{}\u00bb custom_padding__hover=\u00bb|||\u00bb][et_pb_wc_tabs _builder_version=\u00bb4.16&#8243; global_colors_info=\u00bb{}\u00bb]\t\t\t\t\t[\/et_pb_wc_tabs][et_pb_wc_upsells _builder_version=\u00bb4.16&#8243; global_colors_info=\u00bb{}\u00bb][\/et_pb_wc_upsells][et_pb_wc_related_products posts_number=\u00bb6&#8243; _builder_version=\u00bb4.16&#8243; product_title_font_size=\u00bb14px\u00bb global_colors_info=\u00bb{}\u00bb][\/et_pb_wc_related_products][\/et_pb_column][\/et_pb_row][\/et_pb_section]<\/p>\n","protected":false},"excerpt":{"rendered":"<p>Garantia de 2 anys<\/p>\n<p>Transformador adaptador de corrent DC 12V 5A de 60W per a pneum\u00e0tics LED<br \/>\nAquesta font d&#8217;alimentaci\u00f3 \u00e9s un transformador de corrent alterna de AC110-220V a 12V DC, t\u00e9 60W de potencia i 5A. Ofrece Protecci\u00f3n autom\u00e1tica de sus tiras LED contra cortocircuitos, subidas de voltaje y subidas de intensidad (amperios).<\/p>\n<p>Funciona connectant-se a la vermella dom\u00e8stica AC 110-220V 50-60Hz i t\u00e9 una sortida de 12V DC a 5A.<\/p>\n<p>Caracter\u00edstiques T\u00e8cniques<\/p>\n<p>Material: metall.<br \/>\nColor: Plateado.<br \/>\nPot\u00e8ncia: 60W.<br \/>\nIntensitat de corrent: 5A<br \/>\nVoltatge de sortida: 12V DC<br \/>\nVoltatge d\u2019entrada: AC 110-220V<br \/>\nFreq\u00fc\u00e8ncia: 50-60Hz<\/p>\n<p>El paquet inclou:<\/p>\n<p>1 x Adaptador de font d&#8217;alimentaci\u00f3 DC 12V 60W 5A.<\/p>\n<p>Categoria: Pneum\u00e0tics LED decoratius<\/p>\n","protected":false},"featured_media":0,"comment_status":"open","ping_status":"closed","template":"","meta":{"_acf_changed":false,"_seopress_robots_primary_cat":"2562","_seopress_titles_title":"%%post_title%%","_seopress_titles_desc":"%%post_excerpt%% %%_category_description%%","_seopress_robots_index":"","_et_pb_use_builder":"on","_et_pb_old_content":"","_et_gb_content_width":"","jetpack_post_was_ever_published":false},"product_brand":[],"product_cat":[5782],"product_tag":[660],"class_list":{"0":"post-7731","1":"product","2":"type-product","3":"status-publish","5":"product_cat-tires-led-12v","6":"product_tag-font-dalimentacio-220-v-12v","8":"first","9":"instock","10":"taxable","11":"shipping-taxable","12":"purchasable","13":"product-type-simple"},"acf":[],"jetpack_likes_enabled":true,"jetpack_sharing_enabled":true,"tiered_pricing_type":"fixed","tiered_pricing_fixed_rules":[],"tiered_pricing_product_settings":{"layout":"default","base_unit_name":{"singular":null,"plural":null},"default_variation":null},"tiered_pricing_minimum_quantity":null,"tiered_pricing_roles_data":[],"tiered_pricing_percentage_rules":[],"_links":{"self":[{"href":"https:\/\/www.grupsagaro.net\/index.php?rest_route=\/wp\/v2\/product\/7731","targetHints":{"allow":["GET"]}}],"collection":[{"href":"https:\/\/www.grupsagaro.net\/index.php?rest_route=\/wp\/v2\/product"}],"about":[{"href":"https:\/\/www.grupsagaro.net\/index.php?rest_route=\/wp\/v2\/types\/product"}],"replies":[{"embeddable":true,"href":"https:\/\/www.grupsagaro.net\/index.php?rest_route=%2Fwp%2Fv2%2Fcomments&post=7731"}],"wp:attachment":[{"href":"https:\/\/www.grupsagaro.net\/index.php?rest_route=%2Fwp%2Fv2%2Fmedia&parent=7731"}],"wp:term":[{"taxonomy":"product_brand","embeddable":true,"href":"https:\/\/www.grupsagaro.net\/index.php?rest_route=%2Fwp%2Fv2%2Fproduct_brand&post=7731"},{"taxonomy":"product_cat","embeddable":true,"href":"https:\/\/www.grupsagaro.net\/index.php?rest_route=%2Fwp%2Fv2%2Fproduct_cat&post=7731"},{"taxonomy":"product_tag","embeddable":true,"href":"https:\/\/www.grupsagaro.net\/index.php?rest_route=%2Fwp%2Fv2%2Fproduct_tag&post=7731"}],"curies":[{"name":"wp","href":"https:\/\/api.w.org\/{rel}","templated":true}]}}