{"id":73004,"date":"2025-05-09T17:31:43","date_gmt":"2025-05-09T15:31:43","guid":{"rendered":"https:\/\/www.grupsagaro.net\/?post_type=product&#038;p=73004"},"modified":"2025-10-12T09:55:25","modified_gmt":"2025-10-12T07:55:25","slug":"incienso-lux-almizcle-oudh-luban-stick-15grs-box12","status":"publish","type":"product","link":"https:\/\/www.grupsagaro.net\/?product=incienso-lux-almizcle-oudh-luban-stick-15grs-box12","title":{"rendered":"Incienso Lux Almizcle OUDH Luban Stick 15grs BOX12"},"content":{"rendered":"<p>[et_pb_section fb_built=\u00bb1&#8243; _builder_version=\u00bb4.16&#8243; custom_padding=\u00bb0px||||false|false\u00bb global_colors_info=\u00bb{}\u00bb][et_pb_row _builder_version=\u00bb4.16&#8243; background_size=\u00bbinitial\u00bb background_position=\u00bbtop_left\u00bb background_repeat=\u00bbrepeat\u00bb width=\u00bb100%\u00bb custom_padding=\u00bb0px||0px||false|false\u00bb global_colors_info=\u00bb{}\u00bb][et_pb_column type=\u00bb4_4&#8243; _builder_version=\u00bb4.16&#8243; custom_padding=\u00bb|||\u00bb global_colors_info=\u00bb{}\u00bb custom_padding__hover=\u00bb|||\u00bb][et_pb_wc_breadcrumb _builder_version=\u00bb4.16&#8243; global_colors_info=\u00bb{}\u00bb][\/et_pb_wc_breadcrumb][et_pb_wc_cart_notice _builder_version=\u00bb4.16&#8243; global_colors_info=\u00bb{}\u00bb][\/et_pb_wc_cart_notice][\/et_pb_column][\/et_pb_row][et_pb_row column_structure=\u00bb1_2,1_2&#8243; _builder_version=\u00bb4.16&#8243; background_size=\u00bbinitial\u00bb background_position=\u00bbtop_left\u00bb background_repeat=\u00bbrepeat\u00bb width=\u00bb100%\u00bb custom_padding=\u00bb0px||||false|false\u00bb global_colors_info=\u00bb{}\u00bb][et_pb_column type=\u00bb1_2&#8243; _builder_version=\u00bb4.16&#8243; custom_padding=\u00bb|||\u00bb global_colors_info=\u00bb{}\u00bb custom_padding__hover=\u00bb|||\u00bb][et_pb_wc_images _builder_version=\u00bb4.16&#8243; global_colors_info=\u00bb{}\u00bb][\/et_pb_wc_images][\/et_pb_column][et_pb_column type=\u00bb1_2&#8243; _builder_version=\u00bb4.16&#8243; custom_padding=\u00bb|||\u00bb global_colors_info=\u00bb{}\u00bb custom_padding__hover=\u00bb|||\u00bb][et_pb_wc_title _builder_version=\u00bb4.16&#8243; global_colors_info=\u00bb{}\u00bb][\/et_pb_wc_title][et_pb_wc_rating _builder_version=\u00bb4.16&#8243; global_colors_info=\u00bb{}\u00bb][\/et_pb_wc_rating][et_pb_wc_price _builder_version=\u00bb4.16&#8243; global_colors_info=\u00bb{}\u00bb][\/et_pb_wc_price][et_pb_wc_description _builder_version=\u00bb4.16&#8243; global_colors_info=\u00bb{}\u00bb][\/et_pb_wc_description][et_pb_wc_add_to_cart _builder_version=\u00bb4.16&#8243; global_colors_info=\u00bb{}\u00bb][\/et_pb_wc_add_to_cart][et_pb_wc_meta _builder_version=\u00bb4.16&#8243; global_colors_info=\u00bb{}\u00bb][\/et_pb_wc_meta][\/et_pb_column][\/et_pb_row][et_pb_row _builder_version=\u00bb4.16&#8243; background_size=\u00bbinitial\u00bb background_position=\u00bbtop_left\u00bb background_repeat=\u00bbrepeat\u00bb width=\u00bb100%\u00bb global_colors_info=\u00bb{}\u00bb][et_pb_column type=\u00bb4_4&#8243; _builder_version=\u00bb4.16&#8243; custom_padding=\u00bb|||\u00bb global_colors_info=\u00bb{}\u00bb custom_padding__hover=\u00bb|||\u00bb][et_pb_wc_tabs _builder_version=\u00bb4.16&#8243; global_colors_info=\u00bb{}\u00bb] [\/et_pb_wc_tabs][et_pb_wc_upsells posts_number=\u00bb6&#8243; _builder_version=\u00bb4.27.4&#8243; global_colors_info=\u00bb{}\u00bb][\/et_pb_wc_upsells][et_pb_wc_related_products posts_number=\u00bb12&#8243; _builder_version=\u00bb4.27.4&#8243; product_title_font_size=\u00bb14px\u00bb global_colors_info=\u00bb{}\u00bb][\/et_pb_wc_related_products][\/et_pb_column][\/et_pb_row][\/et_pb_section]<\/p>\n","protected":false},"excerpt":{"rendered":"<p>Nuestro incienso Oudh es uno de los m\u00e1s exclusivos entre nuestras creaciones orientales. La nota de salida ofrece ricas notas amaderadas en armon\u00eda con aceite puro de rosa turca y una mezcla de ex\u00f3ticas hierbas indias. El coraz\u00f3n emana una sensaci\u00f3n ambarada y amaderada, mientras que la base culmina con notas almizcladas, polvorientas, suaves y anim\u00e1licas y rosadas<\/p>\n","protected":false},"featured_media":72992,"comment_status":"open","ping_status":"closed","template":"","meta":{"_acf_changed":false,"_seopress_robots_primary_cat":"none","_seopress_titles_title":"%%post_title%%","_seopress_titles_desc":"%%post_excerpt%%","_seopress_robots_index":"","_et_pb_use_builder":"on","_et_pb_old_content":"Profundo y sofisticado, el incienso SREE VANI OUDH es un oudh ex\u00f3tico e inigualable, elaborado con el mejor oudh indio y combodi. Nuestro incienso de oudh tambi\u00e9n es un testimonio de la pureza absoluta del oudh: una aut\u00e9ntica oda a los exigentes est\u00e1ndares que se esperan del oudh de la m\u00e1s alta calidad. Representa la misi\u00f3n de SREE VANI de crear aut\u00e9ntico oudh.","_et_gb_content_width":"","jetpack_post_was_ever_published":false},"product_brand":[6462],"product_cat":[6538],"product_tag":[6548],"class_list":{"0":"post-73004","1":"product","2":"type-product","3":"status-publish","4":"has-post-thumbnail","6":"product_brand-sree-vani","7":"product_cat-sreevani","8":"product_tag-arabic-luxury-incense","10":"first","11":"instock","12":"taxable","13":"shipping-taxable","14":"purchasable","15":"product-type-simple"},"acf":[],"jetpack_likes_enabled":true,"jetpack_sharing_enabled":true,"tiered_pricing_type":"fixed","tiered_pricing_fixed_rules":[],"tiered_pricing_product_settings":{"layout":"default","base_unit_name":{"singular":null,"plural":null},"default_variation":null},"tiered_pricing_minimum_quantity":null,"tiered_pricing_roles_data":[],"tiered_pricing_percentage_rules":[],"_links":{"self":[{"href":"https:\/\/www.grupsagaro.net\/index.php?rest_route=\/wp\/v2\/product\/73004","targetHints":{"allow":["GET"]}}],"collection":[{"href":"https:\/\/www.grupsagaro.net\/index.php?rest_route=\/wp\/v2\/product"}],"about":[{"href":"https:\/\/www.grupsagaro.net\/index.php?rest_route=\/wp\/v2\/types\/product"}],"replies":[{"embeddable":true,"href":"https:\/\/www.grupsagaro.net\/index.php?rest_route=%2Fwp%2Fv2%2Fcomments&post=73004"}],"wp:featuredmedia":[{"embeddable":true,"href":"https:\/\/www.grupsagaro.net\/index.php?rest_route=\/wp\/v2\/media\/72992"}],"wp:attachment":[{"href":"https:\/\/www.grupsagaro.net\/index.php?rest_route=%2Fwp%2Fv2%2Fmedia&parent=73004"}],"wp:term":[{"taxonomy":"product_brand","embeddable":true,"href":"https:\/\/www.grupsagaro.net\/index.php?rest_route=%2Fwp%2Fv2%2Fproduct_brand&post=73004"},{"taxonomy":"product_cat","embeddable":true,"href":"https:\/\/www.grupsagaro.net\/index.php?rest_route=%2Fwp%2Fv2%2Fproduct_cat&post=73004"},{"taxonomy":"product_tag","embeddable":true,"href":"https:\/\/www.grupsagaro.net\/index.php?rest_route=%2Fwp%2Fv2%2Fproduct_tag&post=73004"}],"curies":[{"name":"wp","href":"https:\/\/api.w.org\/{rel}","templated":true}]}}