{"id":69940,"date":"2024-10-27T09:50:09","date_gmt":"2024-10-27T07:50:09","guid":{"rendered":"https:\/\/www.grupsagaro.net\/?post_type=product&#038;p=69940"},"modified":"2025-05-03T14:59:46","modified_gmt":"2025-05-03T12:59:46","slug":"varetes-dencens-natural-vedic-amber-aromatika","status":"publish","type":"product","link":"https:\/\/www.grupsagaro.net\/?product=varetes-dencens-natural-vedic-amber-aromatika","title":{"rendered":"Varetes d&#8217;encens natural Vedic Amber Aromatika 12XBOX"},"content":{"rendered":"<p>[et_pb_section fb_built=\u00bb1&#8243; _builder_version=\u00bb4.16&#8243; custom_padding=\u00bb0px||||false|false\u00bb global_colors_info=\u00bb{}\u00bb][et_pb_row _builder_version=\u00bb4.16&#8243; background_size=\u00bbinitial\u00bb background_position=\u00bbtop_left\u00bb background_repeat=\u00bbrepeat\u00bb width=\u00bb100%\u00bb custom_padding=\u00bb0px||0px||false|false\u00bb global_colors_info=\u00bb{}\u00bb][et_pb_column type=\u00bb4_4&#8243; _builder_version=\u00bb4.16&#8243; custom_padding=\u00bb|||\u00bb global_colors_info=\u00bb{}\u00bb custom_padding__hover=\u00bb|||\u00bb][et_pb_wc_breadcrumb _builder_version=\u00bb4.16&#8243; global_colors_info=\u00bb{}\u00bb][\/et_pb_wc_breadcrumb][et_pb_wc_cart_notice _builder_version=\u00bb4.16&#8243; global_colors_info=\u00bb{}\u00bb][\/et_pb_wc_cart_notice][\/et_pb_column][\/et_pb_row][et_pb_row column_structure=\u00bb1_2,1_2&#8243; _builder_version=\u00bb4.16&#8243; background_size=\u00bbinitial\u00bb background_position=\u00bbtop_left\u00bb background_repeat=\u00bbrepeat\u00bb width=\u00bb100%\u00bb custom_padding=\u00bb0px||||false|false\u00bb global_colors_info=\u00bb{}\u00bb][et_pb_column type=\u00bb1_2&#8243; _builder_version=\u00bb4.16&#8243; custom_padding=\u00bb|||\u00bb global_colors_info=\u00bb{}\u00bb custom_padding__hover=\u00bb|||\u00bb][et_pb_wc_images _builder_version=\u00bb4.16&#8243; global_colors_info=\u00bb{}\u00bb][\/et_pb_wc_images][\/et_pb_column][et_pb_column type=\u00bb1_2&#8243; _builder_version=\u00bb4.16&#8243; custom_padding=\u00bb|||\u00bb global_colors_info=\u00bb{}\u00bb custom_padding__hover=\u00bb|||\u00bb][et_pb_wc_title _builder_version=\u00bb4.16&#8243; global_colors_info=\u00bb{}\u00bb][\/et_pb_wc_title][et_pb_wc_rating _builder_version=\u00bb4.16&#8243; global_colors_info=\u00bb{}\u00bb][\/et_pb_wc_rating][et_pb_wc_price _builder_version=\u00bb4.16&#8243; global_colors_info=\u00bb{}\u00bb][\/et_pb_wc_price][et_pb_wc_description _builder_version=\u00bb4.16&#8243; global_colors_info=\u00bb{}\u00bb][\/et_pb_wc_description][et_pb_wc_add_to_cart _builder_version=\u00bb4.16&#8243; global_colors_info=\u00bb{}\u00bb][\/et_pb_wc_add_to_cart][et_pb_wc_meta _builder_version=\u00bb4.16&#8243; global_colors_info=\u00bb{}\u00bb][\/et_pb_wc_meta][\/et_pb_column][\/et_pb_row][et_pb_row _builder_version=\u00bb4.16&#8243; background_size=\u00bbinitial\u00bb background_position=\u00bbtop_left\u00bb background_repeat=\u00bbrepeat\u00bb width=\u00bb100%\u00bb global_colors_info=\u00bb{}\u00bb][et_pb_column type=\u00bb4_4&#8243; _builder_version=\u00bb4.16&#8243; custom_padding=\u00bb|||\u00bb global_colors_info=\u00bb{}\u00bb custom_padding__hover=\u00bb|||\u00bb][et_pb_wc_tabs _builder_version=\u00bb4.16&#8243; global_colors_info=\u00bb{}\u00bb] [\/et_pb_wc_tabs][et_pb_wc_upsells _builder_version=\u00bb4.16&#8243; global_colors_info=\u00bb{}\u00bb][\/et_pb_wc_upsells][et_pb_wc_related_products posts_number=\u00bb12&#8243; _builder_version=\u00bb4.27.0&#8243; product_title_font_size=\u00bb14px\u00bb global_colors_info=\u00bb{}\u00bb][\/et_pb_wc_related_products][\/et_pb_column][\/et_pb_row][\/et_pb_section]<\/p>\n","protected":false},"excerpt":{"rendered":"<p style=\"text-align: justify;\">Les varetes d&#8217;encens d&#8217;ambre v\u00e8dic estan fetes amb vidre d&#8217;ambre de la millor qualitat barrejat amb halmaddi i mel. Fa que l&#8217;atmosfera sigui rica en una sensaci\u00f3 d&#8217;amor sensual. Varetes d&#8217;encens de massala enrotllades a m\u00e0 genu\u00efnes, aquestes varetes es cremen durant 20 minuts o m\u00e9s amb riques frag\u00e0ncies embriagadores que delectaran els seus clients i portaran bons negocis repetits.<\/p>\n","protected":false},"featured_media":71064,"comment_status":"open","ping_status":"closed","template":"","meta":{"_acf_changed":false,"_seopress_robots_primary_cat":"5741","_seopress_titles_title":"%%post_title%%","_seopress_titles_desc":",  %%post_excerpt%%","_seopress_robots_index":"","_et_pb_use_builder":"on","_et_pb_old_content":"Vareta d'encens Aromatika Vedic 15 g - Ambre\r\nMillora els teus sentits amb varetes d'encens de primera qualitat, dissenyades per a la calma, la relaxaci\u00f3 i la concentraci\u00f3.\r\n\r\nAromatika Amber Incense Stick \u00e9s una frag\u00e0ncia c\u00e0lida i captivadora que encarna l'eleg\u00e0ncia atemporal i la bellesa natural de l'ambre. Aquest encens ric i calmant crea un ambient acollidor, perfecte per a la relaxaci\u00f3, la meditaci\u00f3 o simplement per afegir un toc de tranquil\u00b7litat al vostre espai vital. L'aroma calmant de l'ambre ajuda a fonamentar la ment, reduir l'estr\u00e8s i promoure l'equilibri emocional, fent-lo ideal per a rituals diaris o ocasions especials.\r\n\r\nDescripci\u00f3 del producte\r\nFrag\u00e0ncia: una luxosa barreja de notes terroses, llenyoses i resinosos amb subtils tocs de dol\u00e7or i esp\u00e8cies. L'aroma profund i calmant \u00e9s alhora reconfortant i reconfortant, creant un ambient ser\u00e8 i tranquil.\r\n\r\n\u00das: Enc\u00e9n aquest pal d'encens per millorar les teves pr\u00e0ctiques de meditaci\u00f3, ioga o preg\u00e0ria. Tamb\u00e9 \u00e9s ideal per relaxar-se despr\u00e9s d'un llarg dia, purificar el vostre espai o simplement crear un ambient tranquil a qualsevol habitaci\u00f3.\r\n\r\nComposici\u00f3: fets amb ingredients naturals d'alta qualitat, inclosa l'ess\u00e8ncia d'ambre pura, aquests pals d'encens estan lliures de productes qu\u00edmics nocius, cosa que garanteix una experi\u00e8ncia arom\u00e0tica segura i aut\u00e8ntica, pura i duradora.\r\n\r\nTemps de combusti\u00f3: cada vareta d'encens crema durant aproximadament 20-25 minuts, proporcionant una frag\u00e0ncia consistent i de llarga durada que es mant\u00e9 a l'aire.\r\n\r\nEmbalatge: envasat amb cura en una caixa de 15 g per preservar el seu ric aroma, el que la converteix en una opci\u00f3 excel\u00b7lent per a \u00fas personal o un regal atent per als \u00e9ssers estimats.","_et_gb_content_width":"","jetpack_post_was_ever_published":false},"product_brand":[6466],"product_cat":[6539],"product_tag":[6390],"class_list":{"0":"post-69940","1":"product","2":"type-product","3":"status-publish","4":"has-post-thumbnail","6":"product_brand-aromatika","7":"product_cat-aromatika","8":"product_tag-aromatika","9":"product_shipping_class-lliurament-en-ruta","11":"first","12":"instock","13":"taxable","14":"shipping-taxable","15":"purchasable","16":"product-type-simple"},"acf":[],"jetpack_likes_enabled":true,"jetpack_sharing_enabled":true,"tiered_pricing_type":"fixed","tiered_pricing_fixed_rules":[],"tiered_pricing_product_settings":{"layout":"default","base_unit_name":{"singular":null,"plural":null},"default_variation":null},"tiered_pricing_minimum_quantity":null,"tiered_pricing_roles_data":[],"tiered_pricing_percentage_rules":[],"_links":{"self":[{"href":"https:\/\/www.grupsagaro.net\/index.php?rest_route=\/wp\/v2\/product\/69940","targetHints":{"allow":["GET"]}}],"collection":[{"href":"https:\/\/www.grupsagaro.net\/index.php?rest_route=\/wp\/v2\/product"}],"about":[{"href":"https:\/\/www.grupsagaro.net\/index.php?rest_route=\/wp\/v2\/types\/product"}],"replies":[{"embeddable":true,"href":"https:\/\/www.grupsagaro.net\/index.php?rest_route=%2Fwp%2Fv2%2Fcomments&post=69940"}],"wp:featuredmedia":[{"embeddable":true,"href":"https:\/\/www.grupsagaro.net\/index.php?rest_route=\/wp\/v2\/media\/71064"}],"wp:attachment":[{"href":"https:\/\/www.grupsagaro.net\/index.php?rest_route=%2Fwp%2Fv2%2Fmedia&parent=69940"}],"wp:term":[{"taxonomy":"product_brand","embeddable":true,"href":"https:\/\/www.grupsagaro.net\/index.php?rest_route=%2Fwp%2Fv2%2Fproduct_brand&post=69940"},{"taxonomy":"product_cat","embeddable":true,"href":"https:\/\/www.grupsagaro.net\/index.php?rest_route=%2Fwp%2Fv2%2Fproduct_cat&post=69940"},{"taxonomy":"product_tag","embeddable":true,"href":"https:\/\/www.grupsagaro.net\/index.php?rest_route=%2Fwp%2Fv2%2Fproduct_tag&post=69940"}],"curies":[{"name":"wp","href":"https:\/\/api.w.org\/{rel}","templated":true}]}}