{"id":68906,"date":"2024-07-08T11:15:20","date_gmt":"2024-07-08T09:15:20","guid":{"rendered":"https:\/\/www.grupsagaro.net\/?post_type=product&#038;p=68906"},"modified":"2024-07-08T11:17:16","modified_gmt":"2024-07-08T09:17:16","slug":"bombilla-filamento-led-e27-6w-720-lm-g95-gold-2200k","status":"publish","type":"product","link":"https:\/\/www.grupsagaro.net\/?product=bombilla-filamento-led-e27-6w-720-lm-g95-gold-2200k","title":{"rendered":"Bombilla Filamento LED E27 6W 720 lm G95 Gold 2200k"},"content":{"rendered":"<p>[et_pb_section fb_built=\u00bb1&#8243; _builder_version=\u00bb4.16&#8243; custom_padding=\u00bb0px||||false|false\u00bb global_colors_info=\u00bb{}\u00bb][et_pb_row _builder_version=\u00bb4.16&#8243; background_size=\u00bbinitial\u00bb background_position=\u00bbtop_left\u00bb background_repeat=\u00bbrepeat\u00bb width=\u00bb100%\u00bb custom_padding=\u00bb0px||0px||false|false\u00bb global_colors_info=\u00bb{}\u00bb][et_pb_column type=\u00bb4_4&#8243; _builder_version=\u00bb4.16&#8243; custom_padding=\u00bb|||\u00bb global_colors_info=\u00bb{}\u00bb custom_padding__hover=\u00bb|||\u00bb][et_pb_wc_breadcrumb _builder_version=\u00bb4.16&#8243; body_font=\u00bb|600|||||||\u00bb global_colors_info=\u00bb{}\u00bb][\/et_pb_wc_breadcrumb][et_pb_wc_cart_notice _builder_version=\u00bb4.16&#8243; global_colors_info=\u00bb{}\u00bb][\/et_pb_wc_cart_notice][\/et_pb_column][\/et_pb_row][et_pb_row column_structure=\u00bb1_2,1_2&#8243; _builder_version=\u00bb4.16&#8243; background_size=\u00bbinitial\u00bb background_position=\u00bbtop_left\u00bb background_repeat=\u00bbrepeat\u00bb width=\u00bb100%\u00bb custom_padding=\u00bb0px||||false|false\u00bb global_colors_info=\u00bb{}\u00bb][et_pb_column type=\u00bb1_2&#8243; _builder_version=\u00bb4.16&#8243; custom_padding=\u00bb|||\u00bb global_colors_info=\u00bb{}\u00bb custom_padding__hover=\u00bb|||\u00bb][et_pb_wc_images _builder_version=\u00bb4.16&#8243; global_colors_info=\u00bb{}\u00bb][\/et_pb_wc_images][\/et_pb_column][et_pb_column type=\u00bb1_2&#8243; _builder_version=\u00bb4.16&#8243; custom_padding=\u00bb|||\u00bb global_colors_info=\u00bb{}\u00bb custom_padding__hover=\u00bb|||\u00bb][et_pb_wc_title _builder_version=\u00bb4.16&#8243; global_colors_info=\u00bb{}\u00bb][\/et_pb_wc_title][et_pb_wc_rating _builder_version=\u00bb4.16&#8243; global_colors_info=\u00bb{}\u00bb][\/et_pb_wc_rating][et_pb_wc_price _builder_version=\u00bb4.16&#8243; global_colors_info=\u00bb{}\u00bb][\/et_pb_wc_price][et_pb_text _builder_version=\u00bb4.24.0&#8243; _dynamic_attributes=\u00bbcontent\u00bb _module_preset=\u00bbdefault\u00bb text_font=\u00bb|700|||||||\u00bb text_text_color=\u00bb#E02B20&#8243; text_font_size=\u00bb20px\u00bb text_orientation=\u00bbcenter\u00bb global_colors_info=\u00bb{}\u00bb]@ET-DC@eyJkeW5hbWljIjp0cnVlLCJjb250ZW50IjoiY3VzdG9tX21ldGFfY2FwYWNpdGF0OiIsInNldHRpbmdzIjp7ImJlZm9yZSI6IiIsImFmdGVyIjoiIiwiZW5hYmxlX2h0bWwiOiJvZmYifX0=@[\/et_pb_text][et_pb_wc_description _builder_version=\u00bb4.16&#8243; global_colors_info=\u00bb{}\u00bb][\/et_pb_wc_description][et_pb_wc_add_to_cart _builder_version=\u00bb4.16&#8243; global_colors_info=\u00bb{}\u00bb][\/et_pb_wc_add_to_cart][et_pb_wc_meta _builder_version=\u00bb4.16&#8243; global_colors_info=\u00bb{}\u00bb][\/et_pb_wc_meta][\/et_pb_column][\/et_pb_row][et_pb_row _builder_version=\u00bb4.16&#8243; background_size=\u00bbinitial\u00bb background_position=\u00bbtop_left\u00bb background_repeat=\u00bbrepeat\u00bb width=\u00bb100%\u00bb global_colors_info=\u00bb{}\u00bb][et_pb_column type=\u00bb4_4&#8243; _builder_version=\u00bb4.16&#8243; custom_padding=\u00bb|||\u00bb global_colors_info=\u00bb{}\u00bb custom_padding__hover=\u00bb|||\u00bb][et_pb_wc_tabs _builder_version=\u00bb4.16&#8243; global_colors_info=\u00bb{}\u00bb] [\/et_pb_wc_tabs][et_pb_wc_upsells _builder_version=\u00bb4.16&#8243; global_colors_info=\u00bb{}\u00bb][\/et_pb_wc_upsells][et_pb_wc_related_products posts_number=\u00bb6&#8243; _builder_version=\u00bb4.16&#8243; product_title_font_size=\u00bb14px\u00bb global_colors_info=\u00bb{}\u00bb][\/et_pb_wc_related_products][\/et_pb_column][\/et_pb_row][\/et_pb_section]<\/p>\n","protected":false},"excerpt":{"rendered":"<p style=\"text-align: center;\">POT\u00c8NCIA: 6 W<br \/>\nTENSI\u00d3: 220-240V AC<br \/>\nFREQ\u00dc\u00c8NCIA: 50-60 Hz<br \/>\nCASQUET: E27<br \/>\n\u00cdNDEX REP. CROM\u00c0TICA (CRI): 80<br \/>\nLLUMINOSITAT: 720 lm<br \/>\nEFICI\u00c8NCIA LUM\u00cdNICA: 120 lm\/W<br \/>\nEFICI\u00c8NCIA ENERG\u00c8TICA 2023 (UE-2019\/2015): E<br \/>\nANGLE D&#8217;OBERTURA: 360 \u00ba<br \/>\n\u00daS: Interior<br \/>\nPROTECCI\u00d3 IP: IP20<br \/>\nMATERIAL: Cristall<br \/>\nDIMENSIONS: \u00d895&#215;140 mm<br \/>\nALT: 140 mm<br \/>\nDI\u00c0METRE: \u00d895 mm<br \/>\nT\u00aa AMBIENT TREBALL: -20\u00b0C ~ +40\u00b0C<br \/>\nVIDA \u00daTIL: 40.000 Hores<br \/>\nGARANTIA: 3 Anys<br \/>\nCERTIFICATS: UKCA, CE &amp; RoHS<\/p>\n","protected":false},"featured_media":59252,"comment_status":"open","ping_status":"closed","template":"","meta":{"_acf_changed":false,"_seopress_robots_primary_cat":"462","_seopress_titles_title":"%%post_title%%","_seopress_titles_desc":"%%post_excerpt%% %%_category_description%%","_seopress_robots_index":"","_et_pb_use_builder":"on","_et_pb_old_content":"<p align=\"justify\">La\u00a0<strong>Bombilla Filamento LED E27 6W 720 lm G95 Gold<\/strong>\u00a0es una excelente opci\u00f3n de iluminaci\u00f3n. Destaca por su dise\u00f1o en forma de globo (G95) que le da un aspecto distintivo y su elegante acabado dorado.<\/p>\r\n<p align=\"justify\">Los\u00a0<strong>filamentos<\/strong>\u00a0que componen su fuente de luz ofrecen una luminosidad impresionante de\u00a0<strong>720 l\u00famenes<\/strong>, lo que la convierte en la elecci\u00f3n perfecta para reemplazar las bombillas incandescentes de\u00a0<strong>40W<\/strong>. Su luz se distribuye de manera uniforme con un\u00a0<strong>\u00e1ngulo de apertura de 360\u00ba<\/strong>, proporcionando una iluminaci\u00f3n general de alta calidad.<\/p>\r\n<p align=\"justify\">Esta bombilla no solo es eficiente en t\u00e9rminos energ\u00e9ticos, sino que tambi\u00e9n ofrece una vida \u00fatil prolongada gracias a la\u00a0<strong>tecnolog\u00eda LED<\/strong>\u00a0avanzada, lo que significa menos necesidad de mantenimiento y un\u00a0<strong>mayor ahorro<\/strong>\u00a0a largo plazo.<\/p>\r\n<p align=\"justify\">El dise\u00f1o de\u00a0<strong>globo<\/strong>\u00a0(G95) con acabado dorado agrega un toque de elegancia y estilo, lo que la convierte en la elecci\u00f3n perfecta para aquellos que buscan una iluminaci\u00f3n eficiente sin comprometer el aspecto decorativo de su espacio. La\u00a0<strong>Bombilla Filamento LED E27 6W 720 lm G95 Gold<\/strong>\u00a0ilumina tus espacios con elegancia y calidad luminosa, aportando un toque distintivo a tu iluminaci\u00f3n.<\/p>","_et_gb_content_width":"","jetpack_post_was_ever_published":false},"product_brand":[],"product_cat":[462],"product_tag":[5808],"class_list":{"0":"post-68906","1":"product","2":"type-product","3":"status-publish","4":"has-post-thumbnail","6":"product_cat-bombeta-filament-g95","7":"product_tag-bombeta-filament","8":"product_shipping_class-enviament-efecto","10":"first","11":"instock","12":"featured","13":"taxable","14":"shipping-taxable","15":"purchasable","16":"product-type-simple"},"acf":[],"jetpack_likes_enabled":true,"jetpack_sharing_enabled":true,"tiered_pricing_type":"fixed","tiered_pricing_fixed_rules":[],"tiered_pricing_product_settings":{"layout":"default","base_unit_name":{"singular":null,"plural":null},"default_variation":null},"tiered_pricing_minimum_quantity":null,"tiered_pricing_roles_data":[],"tiered_pricing_percentage_rules":[],"_links":{"self":[{"href":"https:\/\/www.grupsagaro.net\/index.php?rest_route=\/wp\/v2\/product\/68906","targetHints":{"allow":["GET"]}}],"collection":[{"href":"https:\/\/www.grupsagaro.net\/index.php?rest_route=\/wp\/v2\/product"}],"about":[{"href":"https:\/\/www.grupsagaro.net\/index.php?rest_route=\/wp\/v2\/types\/product"}],"replies":[{"embeddable":true,"href":"https:\/\/www.grupsagaro.net\/index.php?rest_route=%2Fwp%2Fv2%2Fcomments&post=68906"}],"wp:featuredmedia":[{"embeddable":true,"href":"https:\/\/www.grupsagaro.net\/index.php?rest_route=\/wp\/v2\/media\/59252"}],"wp:attachment":[{"href":"https:\/\/www.grupsagaro.net\/index.php?rest_route=%2Fwp%2Fv2%2Fmedia&parent=68906"}],"wp:term":[{"taxonomy":"product_brand","embeddable":true,"href":"https:\/\/www.grupsagaro.net\/index.php?rest_route=%2Fwp%2Fv2%2Fproduct_brand&post=68906"},{"taxonomy":"product_cat","embeddable":true,"href":"https:\/\/www.grupsagaro.net\/index.php?rest_route=%2Fwp%2Fv2%2Fproduct_cat&post=68906"},{"taxonomy":"product_tag","embeddable":true,"href":"https:\/\/www.grupsagaro.net\/index.php?rest_route=%2Fwp%2Fv2%2Fproduct_tag&post=68906"}],"curies":[{"name":"wp","href":"https:\/\/api.w.org\/{rel}","templated":true}]}}