{"id":68333,"date":"2024-05-21T22:51:02","date_gmt":"2024-05-21T20:51:02","guid":{"rendered":"https:\/\/www.grupsagaro.net\/?post_type=product&#038;p=68333"},"modified":"2024-06-12T14:55:05","modified_gmt":"2024-06-12T12:55:05","slug":"farola-solar-led-100w-sunway-aluminio-3000k","status":"publish","type":"product","link":"https:\/\/www.grupsagaro.net\/?product=farola-solar-led-100w-sunway-aluminio-3000k","title":{"rendered":"Farola Solar LED 100W SUNWAY Aluminio &#8211; 3000K"},"content":{"rendered":"<p>[et_pb_section fb_built=\u00bb1&#8243; _builder_version=\u00bb4.16&#8243; custom_padding=\u00bb0px||||false|false\u00bb global_colors_info=\u00bb{}\u00bb][et_pb_row _builder_version=\u00bb4.16&#8243; background_size=\u00bbinitial\u00bb background_position=\u00bbtop_left\u00bb background_repeat=\u00bbrepeat\u00bb width=\u00bb100%\u00bb custom_padding=\u00bb0px||0px||false|false\u00bb global_colors_info=\u00bb{}\u00bb][et_pb_column type=\u00bb4_4&#8243; _builder_version=\u00bb4.16&#8243; custom_padding=\u00bb|||\u00bb global_colors_info=\u00bb{}\u00bb custom_padding__hover=\u00bb|||\u00bb][et_pb_wc_breadcrumb _builder_version=\u00bb4.16&#8243; global_colors_info=\u00bb{}\u00bb][\/et_pb_wc_breadcrumb][et_pb_wc_cart_notice _builder_version=\u00bb4.16&#8243; global_colors_info=\u00bb{}\u00bb][\/et_pb_wc_cart_notice][\/et_pb_column][\/et_pb_row][et_pb_row column_structure=\u00bb1_2,1_2&#8243; _builder_version=\u00bb4.16&#8243; background_size=\u00bbinitial\u00bb background_position=\u00bbtop_left\u00bb background_repeat=\u00bbrepeat\u00bb width=\u00bb100%\u00bb custom_padding=\u00bb0px||||false|false\u00bb hover_enabled=\u00bb0&#8243; global_colors_info=\u00bb{}\u00bb sticky_enabled=\u00bb0&#8243;][et_pb_column type=\u00bb1_2&#8243; _builder_version=\u00bb4.16&#8243; custom_padding=\u00bb|||\u00bb global_colors_info=\u00bb{}\u00bb custom_padding__hover=\u00bb|||\u00bb][et_pb_wc_images _builder_version=\u00bb4.16&#8243; global_colors_info=\u00bb{}\u00bb][\/et_pb_wc_images][\/et_pb_column][et_pb_column type=\u00bb1_2&#8243; _builder_version=\u00bb4.16&#8243; custom_padding=\u00bb|||\u00bb global_colors_info=\u00bb{}\u00bb custom_padding__hover=\u00bb|||\u00bb][et_pb_wc_title _builder_version=\u00bb4.16&#8243; global_colors_info=\u00bb{}\u00bb][\/et_pb_wc_title][et_pb_wc_rating _builder_version=\u00bb4.16&#8243; global_colors_info=\u00bb{}\u00bb][\/et_pb_wc_rating][et_pb_wc_price _builder_version=\u00bb4.16&#8243; global_colors_info=\u00bb{}\u00bb][\/et_pb_wc_price][et_pb_wc_description _builder_version=\u00bb4.16&#8243; global_colors_info=\u00bb{}\u00bb][\/et_pb_wc_description][et_pb_wc_add_to_cart _builder_version=\u00bb4.16&#8243; global_colors_info=\u00bb{}\u00bb][\/et_pb_wc_add_to_cart][et_pb_wc_meta _builder_version=\u00bb4.16&#8243; global_colors_info=\u00bb{}\u00bb][\/et_pb_wc_meta][\/et_pb_column][\/et_pb_row][et_pb_row _builder_version=\u00bb4.16&#8243; background_size=\u00bbinitial\u00bb background_position=\u00bbtop_left\u00bb background_repeat=\u00bbrepeat\u00bb width=\u00bb100%\u00bb global_colors_info=\u00bb{}\u00bb][et_pb_column type=\u00bb4_4&#8243; _builder_version=\u00bb4.16&#8243; custom_padding=\u00bb|||\u00bb global_colors_info=\u00bb{}\u00bb custom_padding__hover=\u00bb|||\u00bb][et_pb_wc_tabs _builder_version=\u00bb4.16&#8243; global_colors_info=\u00bb{}\u00bb]\t\t\t\t\t[\/et_pb_wc_tabs][et_pb_wc_upsells _builder_version=\u00bb4.25.1&#8243; global_colors_info=\u00bb{}\u00bb][\/et_pb_wc_upsells][et_pb_wc_related_products posts_number=\u00bb12&#8243; _builder_version=\u00bb4.25.1&#8243; product_title_font_size=\u00bb2px\u00bb global_colors_info=\u00bb{}\u00bb][\/et_pb_wc_related_products][\/et_pb_column][\/et_pb_row][\/et_pb_section]<\/p>\n","protected":false},"excerpt":{"rendered":"<p style=\"text-align: justify;\">La\u00a0<strong>Farola\u00a0Solar -SUNWAY- LED<\/strong>\u00a0de alta potencia\u00a0<strong>100W Chip<\/strong>, es perfecta cuando deseas ahorrar y al mismo tiempo no deseas hacer instalaci\u00f3n el\u00e9ctrica, lo que la hace perfecta para alumbrado p\u00fablico de todo tipo de zonas. La farola vine pre programada para maximizar el uso de la<strong>\u00a0bater\u00eda L\u00edtio BYD<\/strong>\u00a0con\u00a0<strong>tecnolog\u00eda MPPT<\/strong>\u00a0que carga incluso con d\u00edas nublados. Panel Solar\u00a0<strong>Monocristalino. PROGRAMACION AUTOM\u00c1TICA.\u00a0<\/strong>-La farola no incluye la columna-<\/p>\n<h1 style=\"text-align: justify;\">Farola Solar LED 100W SUNWAY- Tecnolog\u00eda MPPT- Panel monocristalino<\/h1>\n<p style=\"text-align: justify;\">Nuestra\u00a0<strong>farola Solar\u00a0 -SUNWAY<\/strong>&#8211; dispone de sistema de regulaci\u00f3n de gesti\u00f3n MPPT \u201cMaximum Power Point Tracker\u201d, que es el sistema de control de bater\u00edas de m\u00e1s eficiencia, tanto para la protecci\u00f3n de la misma, alargando la vida \u00fatil de la misma, como por el sistema de rendimiento m\u00e1s eficaz para obtener m\u00e1s l\u00famenes de la luminaria, con que se consigue la m\u00e1xima vida util y maximiza el rendimiento de la bateria.<\/p>\n<p style=\"text-align: justify;\">La placa solar de la<strong>\u00a0farola solar<\/strong>\u00a0es\u00a0<strong>monocristalinas<\/strong>\u00a0que son las m\u00e1s eficientes del mercado alcanzado un 20% de captaci\u00f3n, frente al 15% de las policristalinas. EL regulador MPPT es capaz de separar la tensi\u00f3n de funcionamiento de la placa solar respecto de la tensi\u00f3n de la bater\u00eda. Esto le permite situar la tensi\u00f3n de las placas solares en el punto \u00f3ptimo para obtener la m\u00e1xima potencia en cada momento de utilizaci\u00f3n de la luminaria solar, cargando incluso en d\u00edas nublados.<\/p>\n<p style=\"text-align: justify;\">La farola solar profesional dispone de bater\u00eda de alta capacidad\u00a0 del fabricante BYD.<\/p>\n<p style=\"text-align: justify;\">Adem\u00e1s benef\u00edciate de las ventajas de esta\u00a0<strong>Farola Sunway Profesional<\/strong>,\u00a0 ya que algunas de sus ventajas es que gracias a su avanzada tecnolog\u00eda LED conseguir\u00e1s un gran rendimiento lum\u00ednico.<\/p>\n<ul style=\"text-align: justify;\">\n<li>Ahorro en costes de mantenimiento.<\/li>\n<li>Ideal para sustituir a las antiguas farolas.<\/li>\n<li>Cuenta con una protecci\u00f3n para uso exterior\u00a0<strong>IP65.<\/strong><\/li>\n<li>No necesita una fuente de alimentaci\u00f3n externa.<\/li>\n<li>No requiere hacer instalaci\u00f3n de cableados.<\/li>\n<li>Enciende automaticamente al caer la noche.<\/li>\n<li>Hace uso de energ\u00eda limpia y renovable gracias a que este panel capta el calor producido por el sol durante el d\u00eda convirti\u00e9ndola en energ\u00eda, cargando as\u00ed su bater\u00eda, y en la noche se enciende el m\u00f3dulo led utilizando la energ\u00eda almacenada.<\/li>\n<li>Su instalaci\u00f3n es muy sencilla.<\/li>\n<\/ul>\n<p style=\"text-align: justify;\">Una vez instalada, solo deber\u00e1s esperar a que el sol cargue sus bater\u00edas y por la noche se encender\u00e1 de manera autom\u00e1tica, con el fin de ofrecerte la luz que necesitas en el lugar en el cual la has instalado.<\/p>\n<p style=\"text-align: justify;\"><strong>Funcionamiento:<\/strong><\/p>\n<p style=\"text-align: justify;\">La farola viene\u00a0 programada durante para su funcionamiento \u00f3ptimo durante 7 horas. Dispone de 4 etapas de funcionamiento autom\u00e1tico, que comienzan cuando entra la noche:<\/p>\n<p style=\"text-align: justify;\">1)\u00a0 Primera etapa: durante 1,5 horas: la luz se encender\u00e1 suavemente hasta el 100%.<\/p>\n<p style=\"text-align: justify;\">2)\u00a0 Segunda etapa: durante 1,5 horas, la luz se encender\u00e1 suavemente hasta un 70%.<\/p>\n<p style=\"text-align: justify;\">3) Tercera etapa: durante 1,5 horas, la luz se encender\u00e1 suavemente hasta un 50%.<\/p>\n<p style=\"text-align: justify;\">4) Cuarta etapa: resto del tiempo se encender\u00e1 suavemente hasta un 30% para extender la vida \u00fatil de la bater\u00eda de litio.<\/p>\n<p style=\"text-align: justify;\">Aunque la farola, viene preprogramada, dicha programaci\u00f3n se ver\u00e1 modificada, si la controladora entiende que el nivel de la bater\u00eda es bajo. Es decir la controladora, ayudar\u00e1 a extender la vida \u00fatil de la bater\u00eda protegi\u00e9ndola contra usos en niveles muy bajos.<\/p>\n","protected":false},"featured_media":68339,"comment_status":"open","ping_status":"closed","template":"","meta":{"_acf_changed":false,"_seopress_robots_primary_cat":"5791","_seopress_titles_title":"%%post_title%%","_seopress_titles_desc":"","_seopress_robots_index":"","_et_pb_use_builder":"on","_et_pb_old_content":"<img src=\"https:\/\/www.factorled.com\/modules\/oa_features\/img\/2-default.jpg\" width=\"32\" height=\"32\" \/>\u00a0REFERENCIAFA-ILU10\r\n\r\n<img src=\"https:\/\/www.factorled.com\/modules\/oa_features\/img\/3-default.jpg\" width=\"32\" height=\"32\" \/>\u00a0Potencia Nominal100W Chip\r\n\r\n<img class=\"\" src=\"https:\/\/www.factorled.com\/modules\/oa_features\/img\/5-default.jpg\" width=\"32\" height=\"32\" \/> Temperatura De Luz 3000K\r\n\r\n<img src=\"https:\/\/www.factorled.com\/modules\/oa_features\/img\/6-default.jpg\" width=\"32\" height=\"32\" \/> CRI -Indice Reproducci\u00f3n Crom\u00e1tica 80\r\n\r\n<img src=\"https:\/\/www.factorled.com\/modules\/oa_features\/img\/25-default.jpg\" width=\"32\" height=\"32\" \/> Material De Construcci\u00f3n Aluminio +PC\r\n\r\n<img src=\"https:\/\/www.factorled.com\/modules\/oa_features\/img\/8-default.jpg\" width=\"32\" height=\"32\" \/>\u00a0Luminosidad-Lm2700 Lm\r\n\r\n<img src=\"https:\/\/www.factorled.com\/modules\/oa_features\/img\/9-default.jpg\" width=\"32\" height=\"32\" \/>\u00a0Tipo De LEDsSMD 3030\r\n\r\n<img src=\"https:\/\/www.factorled.com\/modules\/oa_features\/img\/10-default.jpg\" width=\"32\" height=\"32\" \/>\u00a0Angulo De Apertura (\u00ba)360\u00ba\r\n\r\n<img src=\"https:\/\/www.factorled.com\/modules\/oa_features\/img\/12-default.jpg\" width=\"32\" height=\"32\" \/>\u00a0Eficacia Diodo LED (Lm\/W)190Lm\/W\r\n\r\n<img src=\"https:\/\/www.factorled.com\/modules\/oa_features\/img\/11-default.jpg\" width=\"32\" height=\"32\" \/>\u00a0DimableSI\r\n\r\n<img src=\"https:\/\/www.factorled.com\/modules\/oa_features\/img\/15-default.jpg\" width=\"32\" height=\"32\" \/>\u00a0CertificadosCE - ROHS\r\n\r\n<img src=\"https:\/\/www.factorled.com\/modules\/oa_features\/img\/16-default.jpg\" width=\"32\" height=\"32\" \/>\u00a0Grado De IPIP65-Exterior\r\n\r\n<img src=\"https:\/\/www.factorled.com\/modules\/oa_features\/img\/17-default.jpg\" width=\"32\" height=\"32\" \/>\u00a0Vida Estimada Diodo LED (H)50.000\r\n\r\n<img src=\"https:\/\/www.factorled.com\/modules\/oa_features\/img\/18-default.jpg\" width=\"32\" height=\"32\" \/>\u00a0Medidas (Mm)433xH156\r\n\r\n<img src=\"https:\/\/www.factorled.com\/modules\/oa_features\/img\/22-default.jpg\" width=\"32\" height=\"32\" \/>\u00a0Rango Temperatura (\u00baC)-10\u00ba +60\u00ba\r\n\r\n<img src=\"https:\/\/www.factorled.com\/modules\/oa_features\/img\/26-default.jpg\" width=\"32\" height=\"32\" \/>\u00a0Informaci\u00f3n AdicionalSolar Panel: Monocrystalline Class: A 16.2V\r\n\r\n<img src=\"https:\/\/www.factorled.com\/modules\/oa_features\/img\/28-default.jpg\" width=\"32\" height=\"32\" \/>\u00a0Material De La BateriaLiFePO4 - Litio-Ferrofosfato -LPF 3.2V 38AH\r\n\r\n<img src=\"https:\/\/www.factorled.com\/modules\/oa_features\/img\/29-default.jpg\" width=\"32\" height=\"32\" \/>\u00a0Tiempo Descarga (H)Charging Time: 9h - Download Time: 7 hours\r\n\r\n<img src=\"https:\/\/www.factorled.com\/modules\/oa_features\/img\/7-default.jpg\" width=\"32\" height=\"32\" \/>\u00a0Clase Energ\u00e9tica (2021-UE-2019\/2015)A++\r\n\r\n<img src=\"https:\/\/www.factorled.com\/modules\/oa_features\/img\/75-default.jpg\" width=\"32\" height=\"32\" \/> Garant\u00eda A\u00f1os BYD Battery 3 Years - LED 5 Years\r\n\r\n<img src=\"https:\/\/www.factorled.com\/modules\/oa_features\/img\/78-default.jpg\" width=\"32\" height=\"32\" \/> Tiempo De Encendido 48h","_et_gb_content_width":"","jetpack_post_was_ever_published":false},"product_brand":[],"product_cat":[5791],"product_tag":[],"class_list":{"0":"post-68333","1":"product","2":"type-product","3":"status-publish","4":"has-post-thumbnail","6":"product_cat-projector-i-fanals-led-solar","7":"product_shipping_class-enviament-factor","9":"first","10":"instock","11":"taxable","12":"shipping-taxable","13":"purchasable","14":"product-type-simple"},"acf":[],"jetpack_likes_enabled":true,"jetpack_sharing_enabled":true,"tiered_pricing_type":"fixed","tiered_pricing_fixed_rules":[],"tiered_pricing_product_settings":{"layout":"default","base_unit_name":{"singular":null,"plural":null},"default_variation":null},"tiered_pricing_minimum_quantity":null,"tiered_pricing_roles_data":[],"tiered_pricing_percentage_rules":[],"_links":{"self":[{"href":"https:\/\/www.grupsagaro.net\/index.php?rest_route=\/wp\/v2\/product\/68333","targetHints":{"allow":["GET"]}}],"collection":[{"href":"https:\/\/www.grupsagaro.net\/index.php?rest_route=\/wp\/v2\/product"}],"about":[{"href":"https:\/\/www.grupsagaro.net\/index.php?rest_route=\/wp\/v2\/types\/product"}],"replies":[{"embeddable":true,"href":"https:\/\/www.grupsagaro.net\/index.php?rest_route=%2Fwp%2Fv2%2Fcomments&post=68333"}],"wp:featuredmedia":[{"embeddable":true,"href":"https:\/\/www.grupsagaro.net\/index.php?rest_route=\/wp\/v2\/media\/68339"}],"wp:attachment":[{"href":"https:\/\/www.grupsagaro.net\/index.php?rest_route=%2Fwp%2Fv2%2Fmedia&parent=68333"}],"wp:term":[{"taxonomy":"product_brand","embeddable":true,"href":"https:\/\/www.grupsagaro.net\/index.php?rest_route=%2Fwp%2Fv2%2Fproduct_brand&post=68333"},{"taxonomy":"product_cat","embeddable":true,"href":"https:\/\/www.grupsagaro.net\/index.php?rest_route=%2Fwp%2Fv2%2Fproduct_cat&post=68333"},{"taxonomy":"product_tag","embeddable":true,"href":"https:\/\/www.grupsagaro.net\/index.php?rest_route=%2Fwp%2Fv2%2Fproduct_tag&post=68333"}],"curies":[{"name":"wp","href":"https:\/\/api.w.org\/{rel}","templated":true}]}}