{"id":68062,"date":"2024-05-01T08:59:24","date_gmt":"2024-05-01T06:59:24","guid":{"rendered":"https:\/\/www.grupsagaro.net\/?post_type=product&#038;p=68062"},"modified":"2025-07-14T11:23:31","modified_gmt":"2025-07-14T09:23:31","slug":"encens-satya-aaruda","status":"publish","type":"product","link":"https:\/\/www.grupsagaro.net\/?product=encens-satya-aaruda","title":{"rendered":"Encens Satya Aaruda 12XBOX"},"content":{"rendered":"<p>[et_pb_section fb_built=\u00bb1&#8243; _builder_version=\u00bb4.16&#8243; custom_padding=\u00bb0px||||false|false\u00bb global_colors_info=\u00bb{}\u00bb][et_pb_row _builder_version=\u00bb4.16&#8243; background_size=\u00bbinitial\u00bb background_position=\u00bbtop_left\u00bb background_repeat=\u00bbrepeat\u00bb width=\u00bb100%\u00bb custom_padding=\u00bb0px||0px||false|false\u00bb global_colors_info=\u00bb{}\u00bb][et_pb_column type=\u00bb4_4&#8243; _builder_version=\u00bb4.16&#8243; custom_padding=\u00bb|||\u00bb global_colors_info=\u00bb{}\u00bb custom_padding__hover=\u00bb|||\u00bb][et_pb_wc_breadcrumb _builder_version=\u00bb4.16&#8243; global_colors_info=\u00bb{}\u00bb][\/et_pb_wc_breadcrumb][et_pb_wc_cart_notice _builder_version=\u00bb4.16&#8243; global_colors_info=\u00bb{}\u00bb][\/et_pb_wc_cart_notice][\/et_pb_column][\/et_pb_row][et_pb_row column_structure=\u00bb1_2,1_2&#8243; _builder_version=\u00bb4.16&#8243; background_size=\u00bbinitial\u00bb background_position=\u00bbtop_left\u00bb background_repeat=\u00bbrepeat\u00bb width=\u00bb100%\u00bb custom_padding=\u00bb0px||||false|false\u00bb global_colors_info=\u00bb{}\u00bb][et_pb_column type=\u00bb1_2&#8243; _builder_version=\u00bb4.16&#8243; custom_padding=\u00bb|||\u00bb global_colors_info=\u00bb{}\u00bb custom_padding__hover=\u00bb|||\u00bb][et_pb_wc_images _builder_version=\u00bb4.16&#8243; global_colors_info=\u00bb{}\u00bb][\/et_pb_wc_images][\/et_pb_column][et_pb_column type=\u00bb1_2&#8243; _builder_version=\u00bb4.16&#8243; custom_padding=\u00bb|||\u00bb global_colors_info=\u00bb{}\u00bb custom_padding__hover=\u00bb|||\u00bb][et_pb_wc_title _builder_version=\u00bb4.16&#8243; global_colors_info=\u00bb{}\u00bb][\/et_pb_wc_title][et_pb_wc_rating _builder_version=\u00bb4.16&#8243; global_colors_info=\u00bb{}\u00bb][\/et_pb_wc_rating][et_pb_wc_price _builder_version=\u00bb4.16&#8243; global_colors_info=\u00bb{}\u00bb][\/et_pb_wc_price][et_pb_wc_description _builder_version=\u00bb4.16&#8243; global_colors_info=\u00bb{}\u00bb][\/et_pb_wc_description][et_pb_wc_add_to_cart _builder_version=\u00bb4.16&#8243; global_colors_info=\u00bb{}\u00bb][\/et_pb_wc_add_to_cart][et_pb_wc_meta _builder_version=\u00bb4.16&#8243; global_colors_info=\u00bb{}\u00bb][\/et_pb_wc_meta][\/et_pb_column][\/et_pb_row][et_pb_row _builder_version=\u00bb4.16&#8243; background_size=\u00bbinitial\u00bb background_position=\u00bbtop_left\u00bb background_repeat=\u00bbrepeat\u00bb width=\u00bb100%\u00bb global_colors_info=\u00bb{}\u00bb][et_pb_column type=\u00bb4_4&#8243; _builder_version=\u00bb4.16&#8243; custom_padding=\u00bb|||\u00bb global_colors_info=\u00bb{}\u00bb custom_padding__hover=\u00bb|||\u00bb][et_pb_wc_tabs _builder_version=\u00bb4.16&#8243; global_colors_info=\u00bb{}\u00bb] [\/et_pb_wc_tabs][et_pb_wc_upsells posts_number=\u00bb36&#8243; _builder_version=\u00bb4.27.2&#8243; global_colors_info=\u00bb{}\u00bb][\/et_pb_wc_upsells][et_pb_wc_related_products posts_number=\u00bb6&#8243; _builder_version=\u00bb4.25.0&#8243; product_title_font_size=\u00bb14px\u00bb global_colors_info=\u00bb{}\u00bb][\/et_pb_wc_related_products][\/et_pb_column][\/et_pb_row][\/et_pb_section]<\/p>\n","protected":false},"excerpt":{"rendered":"<div class=\"QFw9Te BLojaf\">\n<div id=\"ow353\">\n<p>L&#8217;encens de flora d&#8217;Aaruda, conegut comunament com l&#8217;herba de la gr\u00e0cia o Ruta, t\u00e9 propietats medicinals que enforteixen la immunitat.<\/p>\n<p>DESCRIPCI\u00d3<br \/>\nImatges evocades: prendre una dutxa calenta despr\u00e9s d&#8217;un llarg dia de treball<\/p>\n<p>Descripci\u00f3\/ Optimisme<\/p>\n<p>Notes clau: Tranquil, herb\u00e0ci<\/p>\n<p>Us: l&#8217;encens de flora Aaruda \u00e9s un agent desinfectant i desintoxicant natural. A molts pa\u00efsos, una branca d&#8217;Aaruda s&#8217;utilitza com a ambientador de roba i repel\u00b7lent d&#8217;insectes. Aaruda \u00e9s conegut per donar suport i refor\u00e7ar la funci\u00f3 immune.<\/p>\n<\/div>\n<\/div>\n","protected":false},"featured_media":68063,"comment_status":"open","ping_status":"closed","template":"","meta":{"_acf_changed":false,"_seopress_robots_primary_cat":"5741","_seopress_titles_title":"%%post_title%%","_seopress_titles_desc":"%%post_excerpt%%","_seopress_robots_index":"","_et_pb_use_builder":"on","_et_pb_old_content":"","_et_gb_content_width":"","jetpack_post_was_ever_published":false},"product_brand":[6463],"product_cat":[6423],"product_tag":[5815],"class_list":{"0":"post-68062","1":"product","2":"type-product","3":"status-publish","4":"has-post-thumbnail","6":"product_brand-satya","7":"product_cat-satya","8":"product_tag-encens-satya","9":"product_shipping_class-lliurament-en-ruta","11":"first","12":"outofstock","13":"taxable","14":"shipping-taxable","15":"purchasable","16":"product-type-simple"},"acf":[],"jetpack_likes_enabled":true,"jetpack_sharing_enabled":true,"tiered_pricing_type":"fixed","tiered_pricing_fixed_rules":[],"tiered_pricing_product_settings":{"layout":"default","base_unit_name":{"singular":null,"plural":null},"default_variation":null},"tiered_pricing_minimum_quantity":null,"tiered_pricing_roles_data":[],"tiered_pricing_percentage_rules":[],"_links":{"self":[{"href":"https:\/\/www.grupsagaro.net\/index.php?rest_route=\/wp\/v2\/product\/68062","targetHints":{"allow":["GET"]}}],"collection":[{"href":"https:\/\/www.grupsagaro.net\/index.php?rest_route=\/wp\/v2\/product"}],"about":[{"href":"https:\/\/www.grupsagaro.net\/index.php?rest_route=\/wp\/v2\/types\/product"}],"replies":[{"embeddable":true,"href":"https:\/\/www.grupsagaro.net\/index.php?rest_route=%2Fwp%2Fv2%2Fcomments&post=68062"}],"wp:featuredmedia":[{"embeddable":true,"href":"https:\/\/www.grupsagaro.net\/index.php?rest_route=\/wp\/v2\/media\/68063"}],"wp:attachment":[{"href":"https:\/\/www.grupsagaro.net\/index.php?rest_route=%2Fwp%2Fv2%2Fmedia&parent=68062"}],"wp:term":[{"taxonomy":"product_brand","embeddable":true,"href":"https:\/\/www.grupsagaro.net\/index.php?rest_route=%2Fwp%2Fv2%2Fproduct_brand&post=68062"},{"taxonomy":"product_cat","embeddable":true,"href":"https:\/\/www.grupsagaro.net\/index.php?rest_route=%2Fwp%2Fv2%2Fproduct_cat&post=68062"},{"taxonomy":"product_tag","embeddable":true,"href":"https:\/\/www.grupsagaro.net\/index.php?rest_route=%2Fwp%2Fv2%2Fproduct_tag&post=68062"}],"curies":[{"name":"wp","href":"https:\/\/api.w.org\/{rel}","templated":true}]}}