{"id":67812,"date":"2024-04-24T10:15:41","date_gmt":"2024-04-24T08:15:41","guid":{"rendered":"https:\/\/www.grupsagaro.net\/?post_type=product&#038;p=67812"},"modified":"2025-03-15T13:01:05","modified_gmt":"2025-03-15T11:01:05","slug":"muvip-aire-acondicionado-portatil-2-250-frigorias","status":"publish","type":"product","link":"https:\/\/www.grupsagaro.net\/?product=muvip-aire-acondicionado-portatil-2-250-frigorias","title":{"rendered":"Muvip Aire Acondicionado Portatil 2.250 Frigorias"},"content":{"rendered":"<p>[et_pb_section fb_built=\u00bb1&#8243; _builder_version=\u00bb4.16&#8243; custom_padding=\u00bb0px||||false|false\u00bb global_colors_info=\u00bb{}\u00bb][et_pb_row _builder_version=\u00bb4.16&#8243; background_size=\u00bbinitial\u00bb background_position=\u00bbtop_left\u00bb background_repeat=\u00bbrepeat\u00bb width=\u00bb100%\u00bb custom_padding=\u00bb0px||0px||false|false\u00bb global_colors_info=\u00bb{}\u00bb][et_pb_column type=\u00bb4_4&#8243; _builder_version=\u00bb4.16&#8243; custom_padding=\u00bb|||\u00bb global_colors_info=\u00bb{}\u00bb custom_padding__hover=\u00bb|||\u00bb][et_pb_wc_breadcrumb _builder_version=\u00bb4.16&#8243; global_colors_info=\u00bb{}\u00bb][\/et_pb_wc_breadcrumb][et_pb_wc_cart_notice _builder_version=\u00bb4.16&#8243; global_colors_info=\u00bb{}\u00bb][\/et_pb_wc_cart_notice][\/et_pb_column][\/et_pb_row][et_pb_row column_structure=\u00bb1_2,1_2&#8243; _builder_version=\u00bb4.16&#8243; background_size=\u00bbinitial\u00bb background_position=\u00bbtop_left\u00bb background_repeat=\u00bbrepeat\u00bb width=\u00bb100%\u00bb custom_padding=\u00bb0px||||false|false\u00bb global_colors_info=\u00bb{}\u00bb][et_pb_column type=\u00bb1_2&#8243; _builder_version=\u00bb4.16&#8243; custom_padding=\u00bb|||\u00bb global_colors_info=\u00bb{}\u00bb custom_padding__hover=\u00bb|||\u00bb][et_pb_wc_images _builder_version=\u00bb4.16&#8243; global_colors_info=\u00bb{}\u00bb][\/et_pb_wc_images][\/et_pb_column][et_pb_column type=\u00bb1_2&#8243; _builder_version=\u00bb4.16&#8243; custom_padding=\u00bb|||\u00bb global_colors_info=\u00bb{}\u00bb custom_padding__hover=\u00bb|||\u00bb][et_pb_wc_title _builder_version=\u00bb4.16&#8243; global_colors_info=\u00bb{}\u00bb][\/et_pb_wc_title][et_pb_wc_rating _builder_version=\u00bb4.16&#8243; global_colors_info=\u00bb{}\u00bb][\/et_pb_wc_rating][et_pb_wc_price _builder_version=\u00bb4.16&#8243; global_colors_info=\u00bb{}\u00bb][\/et_pb_wc_price][et_pb_wc_description _builder_version=\u00bb4.16&#8243; global_colors_info=\u00bb{}\u00bb][\/et_pb_wc_description][et_pb_wc_add_to_cart _builder_version=\u00bb4.16&#8243; global_colors_info=\u00bb{}\u00bb][\/et_pb_wc_add_to_cart][et_pb_wc_meta _builder_version=\u00bb4.16&#8243; global_colors_info=\u00bb{}\u00bb][\/et_pb_wc_meta][\/et_pb_column][\/et_pb_row][et_pb_row _builder_version=\u00bb4.16&#8243; background_size=\u00bbinitial\u00bb background_position=\u00bbtop_left\u00bb background_repeat=\u00bbrepeat\u00bb width=\u00bb100%\u00bb global_colors_info=\u00bb{}\u00bb][et_pb_column type=\u00bb4_4&#8243; _builder_version=\u00bb4.16&#8243; custom_padding=\u00bb|||\u00bb global_colors_info=\u00bb{}\u00bb custom_padding__hover=\u00bb|||\u00bb][et_pb_wc_tabs _builder_version=\u00bb4.16&#8243; global_colors_info=\u00bb{}\u00bb]\t\t\t\t\t[\/et_pb_wc_tabs][et_pb_wc_upsells _builder_version=\u00bb4.16&#8243; global_colors_info=\u00bb{}\u00bb][\/et_pb_wc_upsells][et_pb_wc_related_products posts_number=\u00bb6&#8243; _builder_version=\u00bb4.24.3&#8243; product_title_font_size=\u00bb14px\u00bb global_colors_info=\u00bb{}\u00bb][\/et_pb_wc_related_products][\/et_pb_column][\/et_pb_row][\/et_pb_section]<\/p>\n","protected":false},"excerpt":{"rendered":"","protected":false},"featured_media":67815,"comment_status":"open","ping_status":"closed","template":"","meta":{"_acf_changed":false,"_seopress_robots_primary_cat":"","_seopress_titles_title":"","_seopress_titles_desc":"","_seopress_robots_index":"","_et_pb_use_builder":"on","_et_pb_old_content":"Muvip Aire Condicionat Portatil 2.250 Frigorias\r\n\r\nCaracter\u00edstiques:\r\n\r\n-Pot\u00e8ncia: 980W\r\n-Funci\u00f3 climatitzaci\u00f3, ventilaci\u00f3 i deshumidificaci\u00f3.\r\n-BTU: 9000\r\n-Frigories: 2250\r\n-Auto evaporatiu, no cal buidar laigua de linterior.\r\n-Funci\u00f3 autodiagn\u00f2stic.\r\n-Pantalla LED\r\n-Botonera t\u00e0ctil\r\n-Control remot.\r\n-Capacitat de deshumidificaci\u00f3: 25 litres\/dia\r\n-Temporitzador: 1-24\/hores\r\n-Mode suspensi\u00f3: si\r\n-Flux d'aire: 360cbm\/h\r\n-Refrigerant: R290\r\n-Nivell de soroll: 56dB max.\r\n-Classe A\r\n-Inclou rodes per facilitar el despla\u00e7ament.\r\n-Adequat per a \u00e0rees de 15-20m2\r\n-Dimensions: 31x31x70cm\r\n-Pes: 23kg\r\n-Pot\u00e8ncia: 980W\r\n-Funci\u00f3 climatitzaci\u00f3, ventilaci\u00f3 i deshumidificaci\u00f3.\r\n-BTU: 9000\r\n-Frigories: 2250\r\n-Auto evaporatiu, no cal buidar l'aigua de l'interior.\r\n-Funci\u00f3 autodiagn\u00f2stic.\r\n-Pantalla LED\r\n-Botonera t\u00e0ctil\r\n-Control remot.\r\n-Capacitat de deshumidificaci\u00f3: 25 litres\/dia\r\n-Temporitzador: 1-24\/hores\r\n-Mode suspensi\u00f3: si\r\n-Flux d'aire: 360cbm\/h\r\n-Refrigerant: R290\r\n-Nivell de soroll: 56dB max.\r\n-Classe A\r\n-Inclou rodes per facilitar el despla\u00e7ament.\r\n-Adequat per a \u00e0rees de 15-20m2\r\n-Dimensions: 31x31x70cm\r\n-Pes: 23kg","_et_gb_content_width":"","jetpack_post_was_ever_published":false},"product_brand":[6481],"product_cat":[5313],"product_tag":[5885],"class_list":{"0":"post-67812","1":"product","2":"type-product","3":"status-publish","4":"has-post-thumbnail","6":"product_brand-muvip","7":"product_cat-calefaccio-i-climatitzacio","8":"product_tag-ventilador-humidificador","9":"product_shipping_class-enviament-muchocartucho","11":"first","12":"instock","13":"taxable","14":"shipping-taxable","15":"purchasable","16":"product-type-simple"},"acf":[],"jetpack_likes_enabled":true,"jetpack_sharing_enabled":true,"tiered_pricing_type":"fixed","tiered_pricing_fixed_rules":[],"tiered_pricing_product_settings":{"layout":"default","base_unit_name":{"singular":null,"plural":null},"default_variation":null},"tiered_pricing_minimum_quantity":null,"tiered_pricing_roles_data":[],"tiered_pricing_percentage_rules":[],"_links":{"self":[{"href":"https:\/\/www.grupsagaro.net\/index.php?rest_route=\/wp\/v2\/product\/67812","targetHints":{"allow":["GET"]}}],"collection":[{"href":"https:\/\/www.grupsagaro.net\/index.php?rest_route=\/wp\/v2\/product"}],"about":[{"href":"https:\/\/www.grupsagaro.net\/index.php?rest_route=\/wp\/v2\/types\/product"}],"replies":[{"embeddable":true,"href":"https:\/\/www.grupsagaro.net\/index.php?rest_route=%2Fwp%2Fv2%2Fcomments&post=67812"}],"wp:featuredmedia":[{"embeddable":true,"href":"https:\/\/www.grupsagaro.net\/index.php?rest_route=\/wp\/v2\/media\/67815"}],"wp:attachment":[{"href":"https:\/\/www.grupsagaro.net\/index.php?rest_route=%2Fwp%2Fv2%2Fmedia&parent=67812"}],"wp:term":[{"taxonomy":"product_brand","embeddable":true,"href":"https:\/\/www.grupsagaro.net\/index.php?rest_route=%2Fwp%2Fv2%2Fproduct_brand&post=67812"},{"taxonomy":"product_cat","embeddable":true,"href":"https:\/\/www.grupsagaro.net\/index.php?rest_route=%2Fwp%2Fv2%2Fproduct_cat&post=67812"},{"taxonomy":"product_tag","embeddable":true,"href":"https:\/\/www.grupsagaro.net\/index.php?rest_route=%2Fwp%2Fv2%2Fproduct_tag&post=67812"}],"curies":[{"name":"wp","href":"https:\/\/api.w.org\/{rel}","templated":true}]}}