{"id":59330,"date":"2023-10-11T10:59:19","date_gmt":"2023-10-11T08:59:19","guid":{"rendered":"https:\/\/www.grupsagaro.net\/?post_type=product&#038;p=59330"},"modified":"2023-11-29T13:17:37","modified_gmt":"2023-11-29T11:17:37","slug":"kit-convertidor-a-empotrable-lluminaria-superficie","status":"publish","type":"product","link":"https:\/\/www.grupsagaro.net\/?product=kit-convertidor-a-empotrable-lluminaria-superficie","title":{"rendered":"Kit Convertidor a Empotrable llumin\u00e0ria superf\u00edcie"},"content":{"rendered":"<p>[et_pb_section fb_built=\u00bb1&#8243; _builder_version=\u00bb4.16&#8243; custom_padding=\u00bb0px||||false|false\u00bb global_colors_info=\u00bb{}\u00bb][et_pb_row _builder_version=\u00bb4.16&#8243; background_size=\u00bbinitial\u00bb background_position=\u00bbtop_left\u00bb background_repeat=\u00bbrepeat\u00bb width=\u00bb100%\u00bb custom_padding=\u00bb0px||0px||false|false\u00bb global_colors_info=\u00bb{}\u00bb][et_pb_column type=\u00bb4_4&#8243; _builder_version=\u00bb4.16&#8243; custom_padding=\u00bb|||\u00bb global_colors_info=\u00bb{}\u00bb custom_padding__hover=\u00bb|||\u00bb][et_pb_wc_breadcrumb _builder_version=\u00bb4.16&#8243; body_font=\u00bb|600|||||||\u00bb global_colors_info=\u00bb{}\u00bb][\/et_pb_wc_breadcrumb][et_pb_wc_cart_notice _builder_version=\u00bb4.16&#8243; global_colors_info=\u00bb{}\u00bb][\/et_pb_wc_cart_notice][et_pb_wc_cart_notice _builder_version=\u00bb4.16&#8243; global_colors_info=\u00bb{}\u00bb][\/et_pb_wc_cart_notice][\/et_pb_column][\/et_pb_row][et_pb_row column_structure=\u00bb1_2,1_2&#8243; _builder_version=\u00bb4.16&#8243; background_size=\u00bbinitial\u00bb background_position=\u00bbtop_left\u00bb background_repeat=\u00bbrepeat\u00bb width=\u00bb100%\u00bb custom_padding=\u00bb0px||||false|false\u00bb global_colors_info=\u00bb{}\u00bb][et_pb_column type=\u00bb1_2&#8243; _builder_version=\u00bb4.16&#8243; custom_padding=\u00bb|||\u00bb global_colors_info=\u00bb{}\u00bb custom_padding__hover=\u00bb|||\u00bb][et_pb_wc_images _builder_version=\u00bb4.16&#8243; global_colors_info=\u00bb{}\u00bb][\/et_pb_wc_images][\/et_pb_column][et_pb_column type=\u00bb1_2&#8243; _builder_version=\u00bb4.16&#8243; custom_padding=\u00bb|||\u00bb global_colors_info=\u00bb{}\u00bb custom_padding__hover=\u00bb|||\u00bb][et_pb_wc_title _builder_version=\u00bb4.16&#8243; global_colors_info=\u00bb{}\u00bb][\/et_pb_wc_title][et_pb_wc_rating _builder_version=\u00bb4.16&#8243; global_colors_info=\u00bb{}\u00bb][\/et_pb_wc_rating][et_pb_wc_price _builder_version=\u00bb4.16&#8243; global_colors_info=\u00bb{}\u00bb][\/et_pb_wc_price][et_pb_wc_description _builder_version=\u00bb4.16&#8243; global_colors_info=\u00bb{}\u00bb][\/et_pb_wc_description][et_pb_wc_add_to_cart _builder_version=\u00bb4.16&#8243; global_colors_info=\u00bb{}\u00bb][\/et_pb_wc_add_to_cart][et_pb_wc_meta _builder_version=\u00bb4.16&#8243; global_colors_info=\u00bb{}\u00bb][\/et_pb_wc_meta][\/et_pb_column][\/et_pb_row][et_pb_row _builder_version=\u00bb4.16&#8243; background_size=\u00bbinitial\u00bb background_position=\u00bbtop_left\u00bb background_repeat=\u00bbrepeat\u00bb width=\u00bb100%\u00bb global_colors_info=\u00bb{}\u00bb][et_pb_column type=\u00bb4_4&#8243; _builder_version=\u00bb4.16&#8243; custom_padding=\u00bb|||\u00bb global_colors_info=\u00bb{}\u00bb custom_padding__hover=\u00bb|||\u00bb][et_pb_wc_tabs _builder_version=\u00bb4.16&#8243; global_colors_info=\u00bb{}\u00bb]\t\t\t\t\t[\/et_pb_wc_tabs][et_pb_wc_upsells _builder_version=\u00bb4.16&#8243; global_colors_info=\u00bb{}\u00bb][\/et_pb_wc_upsells][et_pb_wc_related_products posts_number=\u00bb6&#8243; _builder_version=\u00bb4.16&#8243; product_title_font_size=\u00bb14px\u00bb global_colors_info=\u00bb{}\u00bb][\/et_pb_wc_related_products][\/et_pb_column][\/et_pb_row][\/et_pb_section]<\/p>\n","protected":false},"excerpt":{"rendered":"<p style=\"text-align: justify;\">Kit Convertidor a Empotrable llumin\u00e0ria LED superf\u00edcie. Joc de 4 pinces d&#8217;acer.<br \/>\nEl nostre Kit transformar\u00e0 completament el teu espai i elevar\u00e0 les teves expectatives en il\u00b7luminaci\u00f3 d&#8217;una manera sorprenent. Dissenyat per a aquells que busquen una soluci\u00f3 est\u00e8tica i funcional, aquest joc de 4 pinces per encastar en falsos sostres o parets est\u00e0 fabricat en acer, brindant-te una qualitat i durabilitat incomparables.<\/p>\n<p style=\"text-align: justify;\">Imagina un ambient on la il\u00b7luminaci\u00f3 es converteix en una obra d&#8217;art on cada rac\u00f3 cobra vida i l&#8217;harmonia entre la llum i la decoraci\u00f3 es fusiona en una simfonia visual. Amb el Kit Convertidor a Empotrable llumin\u00e0ria LED, podr\u00e0s assolir aquest nivell de perfecci\u00f3 als teus espais, convertint la teva llar, oficina o qualsevol lloc en una experi\u00e8ncia captivadora.<\/p>\n<p style=\"text-align: justify;\">Aquestes pinces per encastar han estat acuradament dissenyades per adaptar-se a qualsevol fals sostre o paret, brindant-te una instal\u00b7laci\u00f3 senzilla i segura. La seva fabricaci\u00f3 amb acer no nom\u00e9s garanteix una resist\u00e8ncia excepcional, sin\u00f3 que tamb\u00e9 aporta un toc d&#8217;eleg\u00e0ncia i sofisticaci\u00f3 al teu entorn.<\/p>\n<p style=\"text-align: justify;\">La tecnologia LED d&#8217;\u00faltima generaci\u00f3 incorporada en aquest kit us permetr\u00e0 gaudir d&#8217;una il\u00b7luminaci\u00f3 eficient i de baix consum energ\u00e8tic. Oblida&#8217;t de les preocupacions per les altes factures d&#8217;electricitat i deixa&#8217;t embolicar per la lluminositat envolupant i n\u00edtida que nom\u00e9s els LED poden oferir.<\/p>\n<p style=\"text-align: justify;\">En resum, el Kit Convertidor a Empotrable llumin\u00e0ria LED \u00e9s molt m\u00e9s que un simple conjunt de pinces d&#8217;acer. \u00c9s una porta cap a l&#8217;excel\u00b7l\u00e8ncia en il\u00b7luminaci\u00f3, una oportunitat per convertir el teu entorn en un lloc de somni i un testimoniatge del teu bon gust i exig\u00e8ncia. Descobreix la m\u00e0gia de la il\u00b7luminaci\u00f3 transformadora amb aquest imprescindible kit de 4 pinces per encastar. Eleva les teves expectatives i enc\u00e9n el teu m\u00f3n amb estil!<\/p>\n","protected":false},"featured_media":59333,"comment_status":"open","ping_status":"closed","template":"","meta":{"_acf_changed":false,"_seopress_robots_primary_cat":"5427","_seopress_titles_title":"%%post_title%%","_seopress_titles_desc":"%%post_excerpt%% %%_category_description%% %%tagline%%","_seopress_robots_index":"","_et_pb_use_builder":"on","_et_pb_old_content":"Kit de superf\u00edcie Led en material alumini color blanc.\r\n\r\nEl kit inclou 4 barres d'alumini dissenyat per fixar i encastar el panell LED de 60 x 60 cms en superf\u00edcie","_et_gb_content_width":"","jetpack_post_was_ever_published":false},"product_brand":[],"product_cat":[5427],"product_tag":[5787],"class_list":{"0":"post-59330","1":"product","2":"type-product","3":"status-publish","4":"has-post-thumbnail","6":"product_cat-accessoris-panell-encastable","7":"product_tag-kit-suspencio-panell-led","8":"product_shipping_class-enviament-efecto","10":"first","11":"instock","12":"taxable","13":"shipping-taxable","14":"purchasable","15":"product-type-simple"},"acf":[],"jetpack_likes_enabled":true,"jetpack_sharing_enabled":true,"tiered_pricing_type":"fixed","tiered_pricing_fixed_rules":[],"tiered_pricing_product_settings":{"layout":"default","base_unit_name":{"singular":null,"plural":null},"default_variation":null},"tiered_pricing_minimum_quantity":null,"tiered_pricing_roles_data":[],"tiered_pricing_percentage_rules":[],"_links":{"self":[{"href":"https:\/\/www.grupsagaro.net\/index.php?rest_route=\/wp\/v2\/product\/59330","targetHints":{"allow":["GET"]}}],"collection":[{"href":"https:\/\/www.grupsagaro.net\/index.php?rest_route=\/wp\/v2\/product"}],"about":[{"href":"https:\/\/www.grupsagaro.net\/index.php?rest_route=\/wp\/v2\/types\/product"}],"replies":[{"embeddable":true,"href":"https:\/\/www.grupsagaro.net\/index.php?rest_route=%2Fwp%2Fv2%2Fcomments&post=59330"}],"wp:featuredmedia":[{"embeddable":true,"href":"https:\/\/www.grupsagaro.net\/index.php?rest_route=\/wp\/v2\/media\/59333"}],"wp:attachment":[{"href":"https:\/\/www.grupsagaro.net\/index.php?rest_route=%2Fwp%2Fv2%2Fmedia&parent=59330"}],"wp:term":[{"taxonomy":"product_brand","embeddable":true,"href":"https:\/\/www.grupsagaro.net\/index.php?rest_route=%2Fwp%2Fv2%2Fproduct_brand&post=59330"},{"taxonomy":"product_cat","embeddable":true,"href":"https:\/\/www.grupsagaro.net\/index.php?rest_route=%2Fwp%2Fv2%2Fproduct_cat&post=59330"},{"taxonomy":"product_tag","embeddable":true,"href":"https:\/\/www.grupsagaro.net\/index.php?rest_route=%2Fwp%2Fv2%2Fproduct_tag&post=59330"}],"curies":[{"name":"wp","href":"https:\/\/api.w.org\/{rel}","templated":true}]}}