{"id":5929,"date":"2020-04-22T11:02:07","date_gmt":"2020-04-22T09:02:07","guid":{"rendered":"https:\/\/www.grupsagaro.net\/?post_type=product&#038;p=5929"},"modified":"2024-05-09T09:08:11","modified_gmt":"2024-05-09T07:08:11","slug":"sv2-6-20-unitats-l21-7w10-5h4-9mm-groc","status":"publish","type":"product","link":"https:\/\/www.grupsagaro.net\/?product=sv2-6-20-unitats-l21-7w10-5h4-9mm-groc","title":{"rendered":"SV2-6 20 Unitats L21.7*W10.5*H4.9mm Groc"},"content":{"rendered":"<p>[et_pb_section fb_built=\u00bb1&#8243; _builder_version=\u00bb4.16&#8243; custom_padding=\u00bb0px||||false|false\u00bb global_colors_info=\u00bb{}\u00bb][et_pb_row _builder_version=\u00bb4.16&#8243; background_size=\u00bbinitial\u00bb background_position=\u00bbtop_left\u00bb background_repeat=\u00bbrepeat\u00bb width=\u00bb100%\u00bb custom_padding=\u00bb0px||0px||false|false\u00bb global_colors_info=\u00bb{}\u00bb][et_pb_column type=\u00bb4_4&#8243; _builder_version=\u00bb4.16&#8243; custom_padding=\u00bb|||\u00bb global_colors_info=\u00bb{}\u00bb custom_padding__hover=\u00bb|||\u00bb][et_pb_wc_breadcrumb _builder_version=\u00bb4.16&#8243; global_colors_info=\u00bb{}\u00bb][\/et_pb_wc_breadcrumb][et_pb_wc_cart_notice _builder_version=\u00bb4.16&#8243; global_colors_info=\u00bb{}\u00bb][\/et_pb_wc_cart_notice][\/et_pb_column][\/et_pb_row][et_pb_row column_structure=\u00bb1_2,1_2&#8243; _builder_version=\u00bb4.16&#8243; background_size=\u00bbinitial\u00bb background_position=\u00bbtop_left\u00bb background_repeat=\u00bbrepeat\u00bb width=\u00bb100%\u00bb custom_padding=\u00bb0px||||false|false\u00bb global_colors_info=\u00bb{}\u00bb][et_pb_column type=\u00bb1_2&#8243; _builder_version=\u00bb4.16&#8243; custom_padding=\u00bb|||\u00bb global_colors_info=\u00bb{}\u00bb custom_padding__hover=\u00bb|||\u00bb][et_pb_wc_images _builder_version=\u00bb4.16&#8243; global_colors_info=\u00bb{}\u00bb][\/et_pb_wc_images][\/et_pb_column][et_pb_column type=\u00bb1_2&#8243; _builder_version=\u00bb4.16&#8243; custom_padding=\u00bb|||\u00bb global_colors_info=\u00bb{}\u00bb custom_padding__hover=\u00bb|||\u00bb][et_pb_wc_title _builder_version=\u00bb4.16&#8243; global_colors_info=\u00bb{}\u00bb][\/et_pb_wc_title][et_pb_wc_rating _builder_version=\u00bb4.16&#8243; global_colors_info=\u00bb{}\u00bb][\/et_pb_wc_rating][et_pb_wc_price _builder_version=\u00bb4.16&#8243; global_colors_info=\u00bb{}\u00bb][\/et_pb_wc_price][et_pb_wc_description _builder_version=\u00bb4.16&#8243; global_colors_info=\u00bb{}\u00bb][\/et_pb_wc_description][et_pb_wc_add_to_cart _builder_version=\u00bb4.16&#8243; global_colors_info=\u00bb{}\u00bb][\/et_pb_wc_add_to_cart][et_pb_wc_meta _builder_version=\u00bb4.16&#8243; global_colors_info=\u00bb{}\u00bb][\/et_pb_wc_meta][\/et_pb_column][\/et_pb_row][et_pb_row _builder_version=\u00bb4.16&#8243; background_size=\u00bbinitial\u00bb background_position=\u00bbtop_left\u00bb background_repeat=\u00bbrepeat\u00bb width=\u00bb100%\u00bb global_colors_info=\u00bb{}\u00bb][et_pb_column type=\u00bb4_4&#8243; _builder_version=\u00bb4.16&#8243; custom_padding=\u00bb|||\u00bb global_colors_info=\u00bb{}\u00bb custom_padding__hover=\u00bb|||\u00bb][et_pb_wc_tabs _builder_version=\u00bb4.16&#8243; global_colors_info=\u00bb{}\u00bb]\t\t\t\t\t[\/et_pb_wc_tabs][et_pb_wc_upsells _builder_version=\u00bb4.16&#8243; global_colors_info=\u00bb{}\u00bb][\/et_pb_wc_upsells][et_pb_wc_related_products posts_number=\u00bb12&#8243; _builder_version=\u00bb4.16&#8243; product_title_font_size=\u00bb14px\u00bb global_colors_info=\u00bb{}\u00bb][\/et_pb_wc_related_products][\/et_pb_column][\/et_pb_row][\/et_pb_section]<\/p>\n","protected":false},"excerpt":{"rendered":"<p style=\"text-align: center;\">Caracter\u00edstiques<br \/>\nColor\uff1aGROC<br \/>\nFunci\u00f3 del producte\uff1aCablejat<br \/>\nMida<br \/>\nL21.7*W10.5*H4.9mm<br \/>\nEntorn d&#8217;\u00fas<br \/>\nInterior<br \/>\nMaterials principals<br \/>\nPVC &amp; Coure<br \/>\nEmbalatge<br \/>\nEmbalatge individual\uff1a1. set(20peces)<\/p>\n","protected":false},"featured_media":23994,"comment_status":"open","ping_status":"closed","template":"","meta":{"_acf_changed":false,"_seopress_robots_primary_cat":"4448","_seopress_titles_title":"%%post_title%%","_seopress_titles_desc":"%%post_excerpt%% %%_category_description%%","_seopress_robots_index":"","_et_pb_use_builder":"on","_et_pb_old_content":"<div class=\"main\">\r\n<div class=\"row\">\r\n<div class=\"Feature\">\r\n<div class=\"text\">\r\n<p style=\"text-align: center\"><span style=\"font-size: 24pt\">Bona funci\u00f3 de cablejat<\/span>\r\nEls terminals prea\u00efllats fan que la connexi\u00f3 del cable sigui m\u00e9s c\u00f2moda, f\u00e0cil de transportar, segura d'usar, amb moltes aplicacions, adequada per a electrodom\u00e8stics, caixa de distribuci\u00f3, ind\u00fastria el\u00e8ctrica i altres llocs, bon assistent de cablejatBona conductivitat el\u00e8ctrica\r\nNucli de coure seleccionat, poca resist\u00e8ncia, gran conductivitat el\u00e8ctrica, tractament d\u00b4estany brillant per millorar l\u00b4antioxidaci\u00f3, resistent a la corrosi\u00f3, allarga la vida \u00fatil.<img src=\"https:\/\/aigo-oss-mall.oss-accelerate.aliyuncs.com\/b2b\/goods\/images\/1465160445898919943_1638358814942_850.jpg\" \/><\/p>\r\n<p style=\"text-align: center\"><span style=\"font-size: 24pt\">Bona conductivitat el\u00e8ctrica<\/span>\r\nNucli de coure seleccionat, poca resist\u00e8ncia, gran conductivitat el\u00e8ctrica, tractament d\u00b4estany brillant per millorar l\u00b4antioxidaci\u00f3, resistent a la corrosi\u00f3, allarga la vida \u00fatil.<img src=\"https:\/\/aigo-oss-mall.oss-accelerate.aliyuncs.com\/b2b\/goods\/images\/1465160445898919943_1638358815070_772.jpg\" \/><\/p>\r\n<p style=\"text-align: center\"><span style=\"font-size: 24pt\">A\u00efllament i antiflames<\/span>\r\nEl maniguet d'a\u00efllament est\u00e0 fet de material ign\u00edfug de PVC amb plasticitat, t\u00e9 una forma compacta i bonica i \u00e9s m\u00e9s segur d'usar.<\/p>\r\n<img src=\"https:\/\/aigo-oss-mall.oss-accelerate.aliyuncs.com\/b2b\/goods\/images\/1465160445898919943_1638358815169_493.jpg\" \/>\r\n<p style=\"text-align: center\"><span style=\"font-size: 24pt\">S'adapta a tots els tipus de cables<\/span>\r\nEs pot utilitzar per a cable dur dun sol fil, de m\u00faltiples fils i cable flexible de m\u00faltiples fils per complir amb els requisits de connexi\u00f3 de cables.<\/p>\r\n<img src=\"https:\/\/aigo-oss-mall.oss-accelerate.aliyuncs.com\/b2b\/goods\/images\/1465160445898919943_1638358815257_466.jpg\" \/>\r\n<p style=\"text-align: center\"><span style=\"font-size: 24pt\">Diverses opcions de colors<\/span>\r\nDiverses especificacions, el color \u00e9s opcional, escolliu el terminal adequat d'acord amb les vostres necessitats.<\/p>\r\n<img src=\"https:\/\/aigo-oss-mall.oss-accelerate.aliyuncs.com\/b2b\/goods\/images\/1465160445898919943_1638358815368_455.jpg\" \/>\r\n\r\n<\/div>\r\n<\/div>\r\n<\/div>\r\n<\/div>","_et_gb_content_width":"","jetpack_post_was_ever_published":false},"product_brand":[],"product_cat":[4448],"product_tag":[223],"class_list":{"0":"post-5929","1":"product","2":"type-product","3":"status-publish","4":"has-post-thumbnail","6":"product_cat-terminales-i-connectors","7":"product_tag-terminal-sv2","9":"first","10":"outofstock","11":"taxable","12":"shipping-taxable","13":"purchasable","14":"product-type-simple"},"acf":[],"jetpack_likes_enabled":true,"jetpack_sharing_enabled":true,"tiered_pricing_type":"fixed","tiered_pricing_fixed_rules":[],"tiered_pricing_product_settings":{"layout":"default","base_unit_name":{"singular":null,"plural":null},"default_variation":null},"tiered_pricing_minimum_quantity":null,"tiered_pricing_roles_data":[],"tiered_pricing_percentage_rules":[],"_links":{"self":[{"href":"https:\/\/www.grupsagaro.net\/index.php?rest_route=\/wp\/v2\/product\/5929","targetHints":{"allow":["GET"]}}],"collection":[{"href":"https:\/\/www.grupsagaro.net\/index.php?rest_route=\/wp\/v2\/product"}],"about":[{"href":"https:\/\/www.grupsagaro.net\/index.php?rest_route=\/wp\/v2\/types\/product"}],"replies":[{"embeddable":true,"href":"https:\/\/www.grupsagaro.net\/index.php?rest_route=%2Fwp%2Fv2%2Fcomments&post=5929"}],"wp:featuredmedia":[{"embeddable":true,"href":"https:\/\/www.grupsagaro.net\/index.php?rest_route=\/wp\/v2\/media\/23994"}],"wp:attachment":[{"href":"https:\/\/www.grupsagaro.net\/index.php?rest_route=%2Fwp%2Fv2%2Fmedia&parent=5929"}],"wp:term":[{"taxonomy":"product_brand","embeddable":true,"href":"https:\/\/www.grupsagaro.net\/index.php?rest_route=%2Fwp%2Fv2%2Fproduct_brand&post=5929"},{"taxonomy":"product_cat","embeddable":true,"href":"https:\/\/www.grupsagaro.net\/index.php?rest_route=%2Fwp%2Fv2%2Fproduct_cat&post=5929"},{"taxonomy":"product_tag","embeddable":true,"href":"https:\/\/www.grupsagaro.net\/index.php?rest_route=%2Fwp%2Fv2%2Fproduct_tag&post=5929"}],"curies":[{"name":"wp","href":"https:\/\/api.w.org\/{rel}","templated":true}]}}