{"id":59231,"date":"2023-10-06T08:27:14","date_gmt":"2023-10-06T06:27:14","guid":{"rendered":"https:\/\/www.grupsagaro.net\/?post_type=product&#038;p=59231"},"modified":"2024-02-08T10:46:48","modified_gmt":"2024-02-08T08:46:48","slug":"bombilla-filamento-led-e27-8w-1055-lm-a60-gold-2700k","status":"publish","type":"product","link":"https:\/\/www.grupsagaro.net\/?product=bombilla-filamento-led-e27-8w-1055-lm-a60-gold-2700k","title":{"rendered":"Bombilla Filamento LED E27 8W 1055 lm A60 Gold 2700k"},"content":{"rendered":"<p>[et_pb_section fb_built=\u00bb1&#8243; _builder_version=\u00bb4.16&#8243; custom_padding=\u00bb0px||||false|false\u00bb global_colors_info=\u00bb{}\u00bb][et_pb_row _builder_version=\u00bb4.16&#8243; background_size=\u00bbinitial\u00bb background_position=\u00bbtop_left\u00bb background_repeat=\u00bbrepeat\u00bb width=\u00bb100%\u00bb custom_padding=\u00bb0px||0px||false|false\u00bb global_colors_info=\u00bb{}\u00bb][et_pb_column type=\u00bb4_4&#8243; _builder_version=\u00bb4.16&#8243; custom_padding=\u00bb|||\u00bb global_colors_info=\u00bb{}\u00bb custom_padding__hover=\u00bb|||\u00bb][et_pb_wc_breadcrumb _builder_version=\u00bb4.16&#8243; global_colors_info=\u00bb{}\u00bb][\/et_pb_wc_breadcrumb][et_pb_wc_cart_notice _builder_version=\u00bb4.16&#8243; global_colors_info=\u00bb{}\u00bb][\/et_pb_wc_cart_notice][\/et_pb_column][\/et_pb_row][et_pb_row column_structure=\u00bb1_2,1_2&#8243; _builder_version=\u00bb4.16&#8243; background_size=\u00bbinitial\u00bb background_position=\u00bbtop_left\u00bb background_repeat=\u00bbrepeat\u00bb width=\u00bb100%\u00bb custom_padding=\u00bb0px||||false|false\u00bb global_colors_info=\u00bb{}\u00bb][et_pb_column type=\u00bb1_2&#8243; _builder_version=\u00bb4.16&#8243; custom_padding=\u00bb|||\u00bb global_colors_info=\u00bb{}\u00bb custom_padding__hover=\u00bb|||\u00bb][et_pb_wc_images _builder_version=\u00bb4.16&#8243; global_colors_info=\u00bb{}\u00bb][\/et_pb_wc_images][\/et_pb_column][et_pb_column type=\u00bb1_2&#8243; _builder_version=\u00bb4.16&#8243; custom_padding=\u00bb|||\u00bb global_colors_info=\u00bb{}\u00bb custom_padding__hover=\u00bb|||\u00bb][et_pb_wc_title _builder_version=\u00bb4.16&#8243; global_colors_info=\u00bb{}\u00bb][\/et_pb_wc_title][et_pb_wc_rating _builder_version=\u00bb4.16&#8243; global_colors_info=\u00bb{}\u00bb][\/et_pb_wc_rating][et_pb_wc_price _builder_version=\u00bb4.16&#8243; global_colors_info=\u00bb{}\u00bb][\/et_pb_wc_price][et_pb_text _builder_version=\u00bb4.24.0&#8243; _dynamic_attributes=\u00bbcontent\u00bb _module_preset=\u00bbdefault\u00bb text_font=\u00bb|700|||||||\u00bb text_text_color=\u00bb#E02B20&#8243; text_orientation=\u00bbcenter\u00bb hover_enabled=\u00bb0&#8243; global_colors_info=\u00bb{}\u00bb text_font_size=\u00bb20px\u00bb sticky_enabled=\u00bb0&#8243;]@ET-DC@eyJkeW5hbWljIjp0cnVlLCJjb250ZW50IjoiY3VzdG9tX21ldGFfY2FwYWNpdGF0OiIsInNldHRpbmdzIjp7ImJlZm9yZSI6IiIsImFmdGVyIjoiIiwiZW5hYmxlX2h0bWwiOiJvZmYifX0=@[\/et_pb_text][et_pb_wc_description _builder_version=\u00bb4.16&#8243; global_colors_info=\u00bb{}\u00bb][\/et_pb_wc_description][et_pb_wc_add_to_cart _builder_version=\u00bb4.16&#8243; global_colors_info=\u00bb{}\u00bb][\/et_pb_wc_add_to_cart][et_pb_wc_meta _builder_version=\u00bb4.16&#8243; global_colors_info=\u00bb{}\u00bb][\/et_pb_wc_meta][\/et_pb_column][\/et_pb_row][et_pb_row _builder_version=\u00bb4.16&#8243; background_size=\u00bbinitial\u00bb background_position=\u00bbtop_left\u00bb background_repeat=\u00bbrepeat\u00bb width=\u00bb100%\u00bb global_colors_info=\u00bb{}\u00bb][et_pb_column type=\u00bb4_4&#8243; _builder_version=\u00bb4.16&#8243; custom_padding=\u00bb|||\u00bb global_colors_info=\u00bb{}\u00bb custom_padding__hover=\u00bb|||\u00bb][et_pb_wc_tabs _builder_version=\u00bb4.16&#8243; global_colors_info=\u00bb{}\u00bb]\t\t\t\t\t[\/et_pb_wc_tabs][et_pb_wc_upsells _builder_version=\u00bb4.16&#8243; global_colors_info=\u00bb{}\u00bb][\/et_pb_wc_upsells][et_pb_wc_related_products posts_number=\u00bb6&#8243; _builder_version=\u00bb4.22.2&#8243; product_title_font_size=\u00bb14px\u00bb global_colors_info=\u00bb{}\u00bb][\/et_pb_wc_related_products][\/et_pb_column][\/et_pb_row][\/et_pb_section]<\/p>\n","protected":false},"excerpt":{"rendered":"<p style=\"text-align: center;\">POT\u00c8NCIA: 8 W<br \/>\nTENSI\u00d3: 220-240V AC<br \/>\nFREQ\u00dc\u00c8NCIA: 50-60 Hz<br \/>\nCASQUET: E27<br \/>\n\u00cdNDEX REP. CROM\u00c0TICA (CRI): 80<br \/>\nLLUMINOSITAT: 1055 lm<br \/>\nEFICI\u00c8NCIA LUM\u00cdNICA: 130 lm\/W<br \/>\nEFICI\u00c8NCIA ENERG\u00c8TICA 2023 (UE-2019\/2015): E<br \/>\nANGLE D&#8217;OBERTURA: 360 \u00ba<br \/>\n\u00daS: Interior<br \/>\nPROTECCI\u00d3 IP: IP20<br \/>\nMATERIAL: Cristall<br \/>\nDIMENSIONS: \u00d860&#215;105 mm<br \/>\nALT: 105 mm<br \/>\nDI\u00c0METRE: \u00d860 mm<br \/>\nT\u00aa AMBIENT TREBALL: -20\u00b0C ~ +40\u00b0C<br \/>\nVIDA \u00daTIL: 40.000 Hores<br \/>\nGARANTIA: 3 Anys<br \/>\nCERTIFICATS: UKCA, CE &amp; RoHS<\/p>\n","protected":false},"featured_media":59229,"comment_status":"open","ping_status":"closed","template":"","meta":{"_acf_changed":false,"_seopress_robots_primary_cat":"none","_seopress_titles_title":"%%post_title%%","_seopress_titles_desc":"%%post_excerpt%% %%tagline%%","_seopress_robots_index":"","_et_pb_use_builder":"on","_et_pb_old_content":"La Bombeta Filament LED E27 8W 1055 lm A60 Gold \u00e9s una veritable joia d'il\u00b7luminaci\u00f3 que elevar\u00e0 l'est\u00e8tica i la qualitat dels espais.\r\n\r\nAmb un elegant disseny en forma de Pera (A60), aquesta bombeta no nom\u00e9s proporciona una lluminositat impressionant de 1055 l\u00famens, sin\u00f3 que tamb\u00e9 \u00e9s ideal per reempla\u00e7ar les antigues bombetes incandescents de 60W. La seva llum es distribueix de manera uniforme, il\u00b7luminant les habitacions amb una llum brillant i d'alta qualitat.\r\n\r\nAquesta bombeta LED \u00e9s un exemple d'efici\u00e8ncia energ\u00e8tica, cosa que significa que no nom\u00e9s estalvia energia, sin\u00f3 que tamb\u00e9 t\u00e9 una vida \u00fatil perllongada gr\u00e0cies a la tecnologia LED avan\u00e7ada. Aix\u00f2 redueix la necessitat de reempla\u00e7ar-la amb freq\u00fc\u00e8ncia i estalvia diners a llarg termini.\r\n\r\nEl disseny de Pera (A60) afegeix un toc d'eleg\u00e0ncia a qualsevol espai, convertint-la en una elecci\u00f3 perfecta per a aquells que desitgen una il\u00b7luminaci\u00f3 eficient i estilitzada. La Bombeta Filament LED E27 8W 1055 lm A60 Gold il\u00b7lumina les teves habitacions amb una resplendor brillant i aporta una est\u00e8tica sofisticada a la teva il\u00b7luminaci\u00f3.","_et_gb_content_width":"","jetpack_post_was_ever_published":false},"product_brand":[],"product_cat":[459],"product_tag":[5808],"class_list":{"0":"post-59231","1":"product","2":"type-product","3":"status-publish","4":"has-post-thumbnail","6":"product_cat-bombeta-filament-a60","7":"product_tag-bombeta-filament","8":"product_shipping_class-enviament-efecto","10":"first","11":"onbackorder","12":"taxable","13":"shipping-taxable","14":"purchasable","15":"product-type-simple"},"acf":[],"jetpack_likes_enabled":true,"jetpack_sharing_enabled":true,"tiered_pricing_type":"fixed","tiered_pricing_fixed_rules":[],"tiered_pricing_product_settings":{"layout":"default","base_unit_name":{"singular":null,"plural":null},"default_variation":null},"tiered_pricing_minimum_quantity":null,"tiered_pricing_roles_data":[],"tiered_pricing_percentage_rules":[],"_links":{"self":[{"href":"https:\/\/www.grupsagaro.net\/index.php?rest_route=\/wp\/v2\/product\/59231","targetHints":{"allow":["GET"]}}],"collection":[{"href":"https:\/\/www.grupsagaro.net\/index.php?rest_route=\/wp\/v2\/product"}],"about":[{"href":"https:\/\/www.grupsagaro.net\/index.php?rest_route=\/wp\/v2\/types\/product"}],"replies":[{"embeddable":true,"href":"https:\/\/www.grupsagaro.net\/index.php?rest_route=%2Fwp%2Fv2%2Fcomments&post=59231"}],"wp:featuredmedia":[{"embeddable":true,"href":"https:\/\/www.grupsagaro.net\/index.php?rest_route=\/wp\/v2\/media\/59229"}],"wp:attachment":[{"href":"https:\/\/www.grupsagaro.net\/index.php?rest_route=%2Fwp%2Fv2%2Fmedia&parent=59231"}],"wp:term":[{"taxonomy":"product_brand","embeddable":true,"href":"https:\/\/www.grupsagaro.net\/index.php?rest_route=%2Fwp%2Fv2%2Fproduct_brand&post=59231"},{"taxonomy":"product_cat","embeddable":true,"href":"https:\/\/www.grupsagaro.net\/index.php?rest_route=%2Fwp%2Fv2%2Fproduct_cat&post=59231"},{"taxonomy":"product_tag","embeddable":true,"href":"https:\/\/www.grupsagaro.net\/index.php?rest_route=%2Fwp%2Fv2%2Fproduct_tag&post=59231"}],"curies":[{"name":"wp","href":"https:\/\/api.w.org\/{rel}","templated":true}]}}