{"id":58345,"date":"2023-08-31T18:31:08","date_gmt":"2023-08-31T16:31:08","guid":{"rendered":"https:\/\/www.grupsagaro.net\/?post_type=product&#038;p=58345"},"modified":"2023-08-31T18:39:43","modified_gmt":"2023-08-31T16:39:43","slug":"kingston-a400-disco-duro-solido-ssd-240gb-2-5-sata3","status":"publish","type":"product","link":"https:\/\/www.grupsagaro.net\/?product=kingston-a400-disco-duro-solido-ssd-240gb-2-5-sata3","title":{"rendered":"Kingston A400 Disco Duro Solido SSD 240GB 2.5&#8243; SATA3"},"content":{"rendered":"<p>[et_pb_section fb_built=\u00bb1&#8243; _builder_version=\u00bb4.16&#8243; custom_padding=\u00bb0px||||false|false\u00bb global_colors_info=\u00bb{}\u00bb][et_pb_row _builder_version=\u00bb4.16&#8243; background_size=\u00bbinitial\u00bb background_position=\u00bbtop_left\u00bb background_repeat=\u00bbrepeat\u00bb width=\u00bb100%\u00bb custom_padding=\u00bb0px||0px||false|false\u00bb global_colors_info=\u00bb{}\u00bb][et_pb_column type=\u00bb4_4&#8243; _builder_version=\u00bb4.16&#8243; custom_padding=\u00bb|||\u00bb global_colors_info=\u00bb{}\u00bb custom_padding__hover=\u00bb|||\u00bb][et_pb_wc_breadcrumb _builder_version=\u00bb4.16&#8243; global_colors_info=\u00bb{}\u00bb][\/et_pb_wc_breadcrumb][et_pb_wc_cart_notice _builder_version=\u00bb4.16&#8243; global_colors_info=\u00bb{}\u00bb][\/et_pb_wc_cart_notice][\/et_pb_column][\/et_pb_row][et_pb_row column_structure=\u00bb1_2,1_2&#8243; _builder_version=\u00bb4.16&#8243; background_size=\u00bbinitial\u00bb background_position=\u00bbtop_left\u00bb background_repeat=\u00bbrepeat\u00bb width=\u00bb100%\u00bb custom_padding=\u00bb0px||||false|false\u00bb global_colors_info=\u00bb{}\u00bb][et_pb_column type=\u00bb1_2&#8243; _builder_version=\u00bb4.16&#8243; custom_padding=\u00bb|||\u00bb global_colors_info=\u00bb{}\u00bb custom_padding__hover=\u00bb|||\u00bb][et_pb_wc_images _builder_version=\u00bb4.16&#8243; global_colors_info=\u00bb{}\u00bb][\/et_pb_wc_images][\/et_pb_column][et_pb_column type=\u00bb1_2&#8243; _builder_version=\u00bb4.16&#8243; custom_padding=\u00bb|||\u00bb global_colors_info=\u00bb{}\u00bb custom_padding__hover=\u00bb|||\u00bb][et_pb_wc_title _builder_version=\u00bb4.16&#8243; global_colors_info=\u00bb{}\u00bb][\/et_pb_wc_title][et_pb_wc_rating _builder_version=\u00bb4.16&#8243; global_colors_info=\u00bb{}\u00bb][\/et_pb_wc_rating][et_pb_wc_price _builder_version=\u00bb4.16&#8243; global_colors_info=\u00bb{}\u00bb][\/et_pb_wc_price][et_pb_wc_description _builder_version=\u00bb4.16&#8243; global_colors_info=\u00bb{}\u00bb][\/et_pb_wc_description][et_pb_wc_add_to_cart _builder_version=\u00bb4.16&#8243; global_colors_info=\u00bb{}\u00bb][\/et_pb_wc_add_to_cart][et_pb_wc_meta _builder_version=\u00bb4.16&#8243; global_colors_info=\u00bb{}\u00bb][\/et_pb_wc_meta][\/et_pb_column][\/et_pb_row][et_pb_row _builder_version=\u00bb4.16&#8243; background_size=\u00bbinitial\u00bb background_position=\u00bbtop_left\u00bb background_repeat=\u00bbrepeat\u00bb width=\u00bb100%\u00bb global_colors_info=\u00bb{}\u00bb][et_pb_column type=\u00bb4_4&#8243; _builder_version=\u00bb4.16&#8243; custom_padding=\u00bb|||\u00bb global_colors_info=\u00bb{}\u00bb custom_padding__hover=\u00bb|||\u00bb][et_pb_wc_tabs _builder_version=\u00bb4.16&#8243; global_colors_info=\u00bb{}\u00bb]\t\t\t\t\t[\/et_pb_wc_tabs][et_pb_wc_upsells _builder_version=\u00bb4.16&#8243; global_colors_info=\u00bb{}\u00bb][\/et_pb_wc_upsells][et_pb_wc_related_products _builder_version=\u00bb4.22.1&#8243; global_colors_info=\u00bb{}\u00bb product_title_font_size=\u00bb14px\u00bb posts_number=\u00bb6&#8243;][\/et_pb_wc_related_products][\/et_pb_column][\/et_pb_row][\/et_pb_section]<\/p>\n","protected":false},"excerpt":{"rendered":"<p style=\"text-align: justify;\">La unitat A400 d&#8217;estat s\u00f2lid de Kingston ofereix enormes millores a la velocitat de resposta, sense actualitzacions addicionals del maquinari. Brinda lapses darrencada, c\u00e0rrega i de transfer\u00e8ncia darxius incre\u00efblement m\u00e9s breus en comparaci\u00f3 amb les unitats de disc dur mec\u00e0nic.<\/p>\n<p style=\"text-align: justify;\">Recolzada en el controlador de la m\u00e9s recent generaci\u00f3, que ofereix velocitats de lectura i escriptura de fins a 500 MB\/s i 450 MB\/s, respectivament, aquesta unitat SSD \u00e9s 10 vegades m\u00e9s r\u00e0pida que els discos durs tradicionals i proveeix un millor rendiment, velocitat de resposta ultrar\u00e0pida en el processament multitasques i una acceleraci\u00f3 general del sistema. A m\u00e9s s\u00f3n m\u00e9s fiables i duradores que les unitats de disc dur, i estan disponibles en diverses capacitats que van de 120 GB fins a 480 GB.<\/p>\n<p style=\"text-align: justify;\">Caracter\u00edstiques:<\/p>\n<p style=\"text-align: justify;\">&#8211; Arrancaments, c\u00e0rregues i transfer\u00e8ncies d&#8217;arxius tots amb m\u00e9s rapidesa.<br \/>\n-M\u00e9s fiable i duradora que les unitats de disc dur.<br \/>\n-Diverses capacitats, per emmagatzemar les aplicacions o substituir del tot unitats de disc dur.<\/p>\n<p style=\"text-align: justify;\">Especificacions:<\/p>\n<p style=\"text-align: justify;\">Acompliment:<\/p>\n<p style=\"text-align: justify;\">-Disc d\u00b4estat s\u00f2lid, capacitat: 240 GB<br \/>\n-Interf\u00edcies de disc d&#8217;estat s\u00f2lid: Serial ATA III<br \/>\n-Velocitat de lectura: 500 MB\/s<br \/>\n-Velocitat d&#8217;escriptura: 320 MB\/s<br \/>\n-Component per a: PC\/ordinador port\u00e0til<br \/>\n-Compatible amb NVM Express (NVMe): No<br \/>\n-Velocitat de transfer\u00e8ncia de dades: 6 Gbit\/s<br \/>\n-Tipus de mem\u00f2ria: TLC<br \/>\n-Tipus de controlador: 2Ch<br \/>\n-Temps mitj\u00e0 entre fallades: 1000000 h<br \/>\n-Qualificaci\u00f3 TBW: 40<\/p>\n<p style=\"text-align: justify;\">Disseny:<\/p>\n<p style=\"text-align: justify;\">-Factor de forma de disc SSD: 2.5&#8243;<br \/>\n-Color del producte: Negre<br \/>\n-Certificaci\u00f3: CE, FCC<\/p>\n<p style=\"text-align: justify;\">Programari:<\/p>\n<p style=\"text-align: justify;\">-Sistema operatiu Windows suportat: Si<br \/>\n-Sistema operatiu MAC suportat: Si<br \/>\n-Sistema operatiu Linux suportat: Si<\/p>\n<p style=\"text-align: justify;\">Control d&#8217;energia:<\/p>\n<p style=\"text-align: justify;\">-Consum d&#8217;energia (lectura): 0,642 W<br \/>\n-Consum d&#8217;energia (escriptura): 1,535 W<br \/>\n-Consum d&#8217;energia (espera): 0,195 W<br \/>\n-Consum d&#8217;energia (mitjana): 0,279 W<\/p>\n<p style=\"text-align: justify;\">Detalls t\u00e8cnics:<\/p>\n<p style=\"text-align: justify;\">-Interval de temperatura operativa: 0 &#8211; 70 \u00b0C<br \/>\n-Interval de temperatura d&#8217;emmagatzematge: -40-85 \u00b0C<br \/>\n-Vibraci\u00f3 operativa: 2,17 G<br \/>\n-Vibraci\u00f3 no operativa: 20 G<\/p>\n<p style=\"text-align: justify;\">Pes i dimensions:<\/p>\n<p style=\"text-align: justify;\">-Amplada: 100 mm<br \/>\n-Profunditat: 69,9 mm<br \/>\n-Al\u00e7ada: 7 mm<br \/>\n-Pes: 41 g<\/p>\n","protected":false},"featured_media":58349,"comment_status":"open","ping_status":"closed","template":"","meta":{"_acf_changed":false,"_seopress_robots_primary_cat":"5699","_seopress_titles_title":"%%post_title%%","_seopress_titles_desc":"","_seopress_robots_index":"","_et_pb_use_builder":"on","_et_pb_old_content":"","_et_gb_content_width":"","jetpack_post_was_ever_published":false},"product_brand":[],"product_cat":[5699],"product_tag":[],"class_list":{"0":"post-58345","1":"product","2":"type-product","3":"status-publish","4":"has-post-thumbnail","6":"product_cat-disc-durs","7":"product_shipping_class-enviament-muchocartucho","9":"first","10":"onbackorder","11":"taxable","12":"shipping-taxable","13":"purchasable","14":"product-type-simple"},"acf":[],"jetpack_likes_enabled":true,"jetpack_sharing_enabled":true,"tiered_pricing_type":"fixed","tiered_pricing_fixed_rules":[],"tiered_pricing_product_settings":{"layout":"default","base_unit_name":{"singular":null,"plural":null},"default_variation":null},"tiered_pricing_minimum_quantity":null,"tiered_pricing_roles_data":[],"tiered_pricing_percentage_rules":[],"_links":{"self":[{"href":"https:\/\/www.grupsagaro.net\/index.php?rest_route=\/wp\/v2\/product\/58345","targetHints":{"allow":["GET"]}}],"collection":[{"href":"https:\/\/www.grupsagaro.net\/index.php?rest_route=\/wp\/v2\/product"}],"about":[{"href":"https:\/\/www.grupsagaro.net\/index.php?rest_route=\/wp\/v2\/types\/product"}],"replies":[{"embeddable":true,"href":"https:\/\/www.grupsagaro.net\/index.php?rest_route=%2Fwp%2Fv2%2Fcomments&post=58345"}],"wp:featuredmedia":[{"embeddable":true,"href":"https:\/\/www.grupsagaro.net\/index.php?rest_route=\/wp\/v2\/media\/58349"}],"wp:attachment":[{"href":"https:\/\/www.grupsagaro.net\/index.php?rest_route=%2Fwp%2Fv2%2Fmedia&parent=58345"}],"wp:term":[{"taxonomy":"product_brand","embeddable":true,"href":"https:\/\/www.grupsagaro.net\/index.php?rest_route=%2Fwp%2Fv2%2Fproduct_brand&post=58345"},{"taxonomy":"product_cat","embeddable":true,"href":"https:\/\/www.grupsagaro.net\/index.php?rest_route=%2Fwp%2Fv2%2Fproduct_cat&post=58345"},{"taxonomy":"product_tag","embeddable":true,"href":"https:\/\/www.grupsagaro.net\/index.php?rest_route=%2Fwp%2Fv2%2Fproduct_tag&post=58345"}],"curies":[{"name":"wp","href":"https:\/\/api.w.org\/{rel}","templated":true}]}}