{"id":56158,"date":"2023-07-22T15:56:18","date_gmt":"2023-07-22T13:56:18","guid":{"rendered":"https:\/\/www.grupsagaro.net\/?post_type=product&#038;p=56158"},"modified":"2024-02-02T12:12:48","modified_gmt":"2024-02-02T10:12:48","slug":"regleta-estanca-led-20w-10w-samsung-chip-3cct-60cm","status":"publish","type":"product","link":"https:\/\/www.grupsagaro.net\/?product=regleta-estanca-led-20w-10w-samsung-chip-3cct-60cm","title":{"rendered":"Regleta Estanca LED 20W-10W SAMSUNG chip &#8211; 3CCT &#8211; 60cm"},"content":{"rendered":"<p>[et_pb_section fb_built=\u00bb1&#8243; _builder_version=\u00bb4.16&#8243; custom_padding=\u00bb0px||||false|false\u00bb global_colors_info=\u00bb{}\u00bb][et_pb_row _builder_version=\u00bb4.16&#8243; background_size=\u00bbinitial\u00bb background_position=\u00bbtop_left\u00bb background_repeat=\u00bbrepeat\u00bb width=\u00bb100%\u00bb custom_padding=\u00bb0px||0px||false|false\u00bb global_colors_info=\u00bb{}\u00bb][et_pb_column type=\u00bb4_4&#8243; _builder_version=\u00bb4.16&#8243; custom_padding=\u00bb|||\u00bb global_colors_info=\u00bb{}\u00bb custom_padding__hover=\u00bb|||\u00bb][et_pb_wc_breadcrumb _builder_version=\u00bb4.16&#8243; global_colors_info=\u00bb{}\u00bb][\/et_pb_wc_breadcrumb][et_pb_wc_cart_notice _builder_version=\u00bb4.16&#8243; global_colors_info=\u00bb{}\u00bb][\/et_pb_wc_cart_notice][\/et_pb_column][\/et_pb_row][et_pb_row column_structure=\u00bb1_2,1_2&#8243; _builder_version=\u00bb4.16&#8243; background_size=\u00bbinitial\u00bb background_position=\u00bbtop_left\u00bb background_repeat=\u00bbrepeat\u00bb width=\u00bb100%\u00bb custom_padding=\u00bb0px||||false|false\u00bb global_colors_info=\u00bb{}\u00bb][et_pb_column type=\u00bb1_2&#8243; _builder_version=\u00bb4.16&#8243; custom_padding=\u00bb|||\u00bb global_colors_info=\u00bb{}\u00bb custom_padding__hover=\u00bb|||\u00bb][et_pb_wc_images _builder_version=\u00bb4.16&#8243; global_colors_info=\u00bb{}\u00bb][\/et_pb_wc_images][\/et_pb_column][et_pb_column type=\u00bb1_2&#8243; _builder_version=\u00bb4.16&#8243; custom_padding=\u00bb|||\u00bb global_colors_info=\u00bb{}\u00bb custom_padding__hover=\u00bb|||\u00bb][et_pb_wc_title _builder_version=\u00bb4.16&#8243; global_colors_info=\u00bb{}\u00bb][\/et_pb_wc_title][et_pb_wc_rating _builder_version=\u00bb4.16&#8243; global_colors_info=\u00bb{}\u00bb][\/et_pb_wc_rating][et_pb_wc_price _builder_version=\u00bb4.16&#8243; global_colors_info=\u00bb{}\u00bb][\/et_pb_wc_price][et_pb_text _builder_version=\u00bb4.24.0&#8243; _dynamic_attributes=\u00bbcontent\u00bb _module_preset=\u00bbdefault\u00bb text_font=\u00bb|700|||||||\u00bb text_text_color=\u00bb#0C71C3&#8243; text_font_size=\u00bb20px\u00bb text_orientation=\u00bbcenter\u00bb global_colors_info=\u00bb{}\u00bb]@ET-DC@eyJkeW5hbWljIjp0cnVlLCJjb250ZW50IjoiY3VzdG9tX21ldGFfY2FwYWNpdGF0OiIsInNldHRpbmdzIjp7ImJlZm9yZSI6IiIsImFmdGVyIjoiIiwiZW5hYmxlX2h0bWwiOiJvZmYifX0=@[\/et_pb_text][et_pb_wc_description _builder_version=\u00bb4.16&#8243; global_colors_info=\u00bb{}\u00bb][\/et_pb_wc_description][et_pb_wc_add_to_cart _builder_version=\u00bb4.16&#8243; global_colors_info=\u00bb{}\u00bb][\/et_pb_wc_add_to_cart][et_pb_wc_meta _builder_version=\u00bb4.16&#8243; global_colors_info=\u00bb{}\u00bb][\/et_pb_wc_meta][\/et_pb_column][\/et_pb_row][et_pb_row _builder_version=\u00bb4.16&#8243; background_size=\u00bbinitial\u00bb background_position=\u00bbtop_left\u00bb background_repeat=\u00bbrepeat\u00bb width=\u00bb100%\u00bb global_colors_info=\u00bb{}\u00bb][et_pb_column type=\u00bb4_4&#8243; _builder_version=\u00bb4.16&#8243; custom_padding=\u00bb|||\u00bb global_colors_info=\u00bb{}\u00bb custom_padding__hover=\u00bb|||\u00bb][et_pb_wc_tabs _builder_version=\u00bb4.16&#8243; global_colors_info=\u00bb{}\u00bb]\t\t\t\t\t[\/et_pb_wc_tabs][et_pb_wc_upsells _builder_version=\u00bb4.16&#8243; global_colors_info=\u00bb{}\u00bb][\/et_pb_wc_upsells][et_pb_wc_related_products posts_number=\u00bb9&#8243; _builder_version=\u00bb4.24.0&#8243; product_title_font_size=\u00bb14px\u00bb global_colors_info=\u00bb{}\u00bb][\/et_pb_wc_related_products][\/et_pb_column][\/et_pb_row][\/et_pb_section]<\/p>\n","protected":false},"excerpt":{"rendered":"<p style=\"text-align: center;\">REFER\u00c8NCIA : TP20W-CCT-91641<br \/>\nPot\u00e8ncia nominal: 20W<br \/>\nTensi\u00f3 Nominal: 220V &#8211; 265V<br \/>\nTemperatura de Llum: COLOR SELECCIONABLE: 3000K-4000K-6000K<br \/>\nCRI -\u00cdndex Reproducci\u00f3 Crom\u00e0tica: 80<br \/>\nMaterial de Construcci\u00f3: ABS+PCB<br \/>\nLluminositat-Lm: 2400<br \/>\nTipus de LEDs: SMD2835 SANSUMG<br \/>\nAngle d&#8217;Obertura (\u00ba): 120\u00ba<br \/>\nEfic\u00e0cia Diode LED (Lm\/W): 140 Lm\/W<br \/>\nEfic\u00e0cia lluminosa (Lm\/W): 120 Lm\/W<br \/>\nCertificats: CE &#8211; RoHS &#8211; EMC &#8211; UL<br \/>\nGrau d&#8217;IP: IP65-Exterior<br \/>\nVida Estimada Diode LED (H): 25000<br \/>\nMides (mm): L:580x610x740<br \/>\nFactor de Pot\u00e8ncia (PF): 0.98<br \/>\nFreq\u00fc\u00e8ncia de Treball (Hz): 50\/60Hz<br \/>\nRang Temperatura (\u00baC): -20\u00b0C ~ +55\u00b0C<br \/>\nCicles d&#8217;encesos: 100.000<br \/>\nTemps d&#8217;arrencada (s): 0,2s<br \/>\nProtecci\u00f3 impacte (IK): IK08<br \/>\nClasse Energ\u00e8tica (2021-UE-2019\/2015): A+<br \/>\nClasse Energ\u00e8tica (2023 &#8211; UE-2019\/2015): E<br \/>\nGarantia anys: 3<\/p>\n","protected":false},"featured_media":56175,"comment_status":"open","ping_status":"closed","template":"","meta":{"_acf_changed":false,"_seopress_robots_primary_cat":"5598","_seopress_titles_title":"%%post_title%%","_seopress_titles_desc":"%%post_excerpt%%","_seopress_robots_index":"","_et_pb_use_builder":"on","_et_pb_old_content":"<p style=\"text-align: justify\">Regleta Estany LED 20W-40W-55W - SAMSUNG xip - 3CCT - 60cm-120cm-150cm\r\nSubmergeix-te en el m\u00f3n de la il\u00b7luminaci\u00f3 de qualitat amb la impressionant Regleta Estanca LED - SAMSUNG xip - 3CCT. Aquesta regleta estanca combina pot\u00e8ncia, versatilitat i efici\u00e8ncia per oferir-te una experi\u00e8ncia lum\u00ednica excepcional a qualsevol entorn.<\/p>\r\n<p style=\"text-align: justify\">Amb una tecnologia LED d'avantguarda, aquesta regleta estanca - SAMSUNG xip- proporcionar\u00e0 una il\u00b7luminaci\u00f3 brillant i uniforme, transformant qualsevol espai en un oasi de llum. Ja sigui a casa teva, garatge, taller, magatzem o qualsevol altra \u00e0rea, aquesta regleta t'ofereix una soluci\u00f3 d'il\u00b7luminaci\u00f3 fiable i duradora.<\/p>\r\n<p style=\"text-align: justify\">Una de les caracter\u00edstiques m\u00e9s destacades daquesta regleta estanca \u00e9s la seva capacitat de selecci\u00f3 de colors. Amb tres opcions de tonalitats diferents (5700K, 4000K i 3000K), podr\u00e0s adaptar f\u00e0cilment la il\u00b7luminaci\u00f3 a les necessitats espec\u00edfiques. Necessites una llum brillant i n\u00edtida per a tasques detallades? Opteu pel to m\u00e9s fred. Prefereixes un ambient m\u00e9s c\u00e0lid i acollidor? Trieu el to m\u00e9s suau. Tu decideixes!<\/p>\r\n<p style=\"text-align: justify\">La regleta estanca - SAMSUNG xip est\u00e0 dissenyada per resistir les condicions m\u00e9s exigents. Gr\u00e0cies a la seva classificaci\u00f3 IK08, \u00e9s extremadament resistent a impactes i cops, cosa que la converteix en l'elecci\u00f3 perfecta per a entorns amb alt tr\u00e0nsit o \u00e0rees propenses a accidents. La seva construcci\u00f3 a ABS garanteix una protecci\u00f3 addicional contra la pols, la humitat i la corrosi\u00f3, cosa que la fa ideal per al seu \u00fas en espais exteriors i interiors exposats a condicions adverses.<\/p>\r\n<p style=\"text-align: justify\">A m\u00e9s de la seva resist\u00e8ncia i versatilitat, aquesta regleta estanca LED \u2013 SAMSUNG xip \u2013 t\u00e9 avantatges espec\u00edfics quan es tracta de zones d'ABS. L'ABS (Acrilonitril Butadi\u00e8 Estir\u00e8) \u00e9s un material conegut per la seva durabilitat i resist\u00e8ncia a l'impacte. En utilitzar la Regleta Estany LED - SAMSUNG xip - en \u00e0rees amb pres\u00e8ncia d'ABS, podr\u00e0s gaudir d'una il\u00b7luminaci\u00f3 d'alta qualitat mentre et beneficies de la protecci\u00f3 addicional que ofereix l'ABS contra cops i xocs.<\/p>\r\n<p style=\"text-align: justify\">La Regleta Estanca LED 20W - SAMSUNG xip - \u00e9s extremadament vers\u00e0til i pot ser utilitzada en una \u00e0mplia varietat dentorns tant en interiors com en exteriors. Aqu\u00ed tens alguns suggeriments sobre on pots aprofitar al m\u00e0xim aquesta regleta estanca:<\/p>\r\n<p style=\"text-align: justify\">Garatges i tallers: La regleta estanca \u00e9s ideal per il\u00b7luminar espais de treball com ara garatges i tallers, on es requereix una il\u00b7luminaci\u00f3 brillant i precisa per realitzar tasques detallades.<\/p>\r\n<p style=\"text-align: justify\">Magatzems i \u00e0rees d'emmagatzematge: Aquestes \u00e0rees sovint requereixen una il\u00b7luminaci\u00f3 potent i uniforme per facilitar la cerca i l'organitzaci\u00f3 de productes. La regleta estanca proporciona una il\u00b7luminaci\u00f3 de qualitat en aquests espais.<\/p>\r\n<p style=\"text-align: justify\">Passadissos i escales: Per assegurar la seguretat en \u00e0rees de tr\u00e0nsit, com passadissos i escales, \u00e9s essencial comptar amb una bona il\u00b7luminaci\u00f3. La regleta estanca ofereix una il\u00b7luminaci\u00f3 intensa i uniforme per mantenir una visibilitat clara.<\/p>\r\n<p style=\"text-align: justify\">\u00c0rees comercials: Ja sigui a botigues, supermercats o centres comercials, la regleta estanca es pot utilitzar per real\u00e7ar l'aparen\u00e7a dels productes i crear un ambient agradable per als clients.<\/p>\r\n<p style=\"text-align: justify\">Espais exteriors: Gr\u00e0cies a la seva resist\u00e8ncia a l'aigua i la pols, la regleta estanca \u00e9s perfecta per a \u00fas en patis, terrasses, \u00e0rees de piscines o qualsevol altre espai exterior on es requereixi il\u00b7luminaci\u00f3 duradora i fiable.<\/p>\r\n<p style=\"text-align: justify\">\u00c0rees industrials: En entorns industrials on les condicions poden ser adverses, com a f\u00e0briques o magatzems industrials, la regleta estanca pot suportar cops, vibracions i temperatures extremes, proporcionant una il\u00b7luminaci\u00f3 constant i segura.<\/p>\r\n<p style=\"text-align: justify\">En resum, la Regleta Estany LED 20W-40W-55W - SAMSUNG xip - 3CCT \u00e9s l'elecci\u00f3 perfecta per a aquells que busquen una il\u00b7luminaci\u00f3 potent, vers\u00e0til i resistent. Amb la capacitat de selecci\u00f3 de colors, la robusta construcci\u00f3 en ABS i la protecci\u00f3 contra impactes, aquesta regleta estanca s'adapta a una \u00e0mplia gamma d'aplicacions, brindant-te una il\u00b7luminaci\u00f3<\/p>","_et_gb_content_width":"","jetpack_post_was_ever_published":false},"product_brand":[],"product_cat":[5598],"product_tag":[],"class_list":{"0":"post-56158","1":"product","2":"type-product","3":"status-publish","4":"has-post-thumbnail","6":"product_cat-regletes-led-ip65","8":"first","9":"outofstock","10":"taxable","11":"shipping-taxable","12":"purchasable","13":"product-type-simple"},"acf":[],"jetpack_likes_enabled":true,"jetpack_sharing_enabled":true,"tiered_pricing_type":"fixed","tiered_pricing_fixed_rules":[],"tiered_pricing_product_settings":{"layout":"default","base_unit_name":{"singular":null,"plural":null},"default_variation":null},"tiered_pricing_minimum_quantity":null,"tiered_pricing_roles_data":[],"tiered_pricing_percentage_rules":[],"_links":{"self":[{"href":"https:\/\/www.grupsagaro.net\/index.php?rest_route=\/wp\/v2\/product\/56158","targetHints":{"allow":["GET"]}}],"collection":[{"href":"https:\/\/www.grupsagaro.net\/index.php?rest_route=\/wp\/v2\/product"}],"about":[{"href":"https:\/\/www.grupsagaro.net\/index.php?rest_route=\/wp\/v2\/types\/product"}],"replies":[{"embeddable":true,"href":"https:\/\/www.grupsagaro.net\/index.php?rest_route=%2Fwp%2Fv2%2Fcomments&post=56158"}],"wp:featuredmedia":[{"embeddable":true,"href":"https:\/\/www.grupsagaro.net\/index.php?rest_route=\/wp\/v2\/media\/56175"}],"wp:attachment":[{"href":"https:\/\/www.grupsagaro.net\/index.php?rest_route=%2Fwp%2Fv2%2Fmedia&parent=56158"}],"wp:term":[{"taxonomy":"product_brand","embeddable":true,"href":"https:\/\/www.grupsagaro.net\/index.php?rest_route=%2Fwp%2Fv2%2Fproduct_brand&post=56158"},{"taxonomy":"product_cat","embeddable":true,"href":"https:\/\/www.grupsagaro.net\/index.php?rest_route=%2Fwp%2Fv2%2Fproduct_cat&post=56158"},{"taxonomy":"product_tag","embeddable":true,"href":"https:\/\/www.grupsagaro.net\/index.php?rest_route=%2Fwp%2Fv2%2Fproduct_tag&post=56158"}],"curies":[{"name":"wp","href":"https:\/\/api.w.org\/{rel}","templated":true}]}}