{"id":52724,"date":"2023-05-25T09:36:13","date_gmt":"2023-05-25T07:36:13","guid":{"rendered":"https:\/\/www.grupsagaro.net\/?post_type=product&#038;p=52724"},"modified":"2023-11-23T17:59:03","modified_gmt":"2023-11-23T15:59:03","slug":"downlight-led-30w-direccionable-blanc-doble-cri92-ugr13","status":"publish","type":"product","link":"https:\/\/www.grupsagaro.net\/?product=downlight-led-30w-direccionable-blanc-doble-cri92-ugr13","title":{"rendered":"Downlight LED 30W &#8211; Direccionable &#8211; Doble &#8211; CRI+92 &#8211; UGR13"},"content":{"rendered":"<p>[et_pb_section fb_built=\u00bb1&#8243; _builder_version=\u00bb4.16&#8243; custom_padding=\u00bb0px||||false|false\u00bb global_colors_info=\u00bb{}\u00bb][et_pb_row _builder_version=\u00bb4.16&#8243; background_size=\u00bbinitial\u00bb background_position=\u00bbtop_left\u00bb background_repeat=\u00bbrepeat\u00bb width=\u00bb100%\u00bb custom_padding=\u00bb0px||0px||false|false\u00bb global_colors_info=\u00bb{}\u00bb][et_pb_column type=\u00bb4_4&#8243; _builder_version=\u00bb4.16&#8243; custom_padding=\u00bb|||\u00bb global_colors_info=\u00bb{}\u00bb custom_padding__hover=\u00bb|||\u00bb][et_pb_wc_breadcrumb _builder_version=\u00bb4.16&#8243; global_colors_info=\u00bb{}\u00bb][\/et_pb_wc_breadcrumb][et_pb_wc_cart_notice _builder_version=\u00bb4.16&#8243; global_colors_info=\u00bb{}\u00bb][\/et_pb_wc_cart_notice][\/et_pb_column][\/et_pb_row][et_pb_row column_structure=\u00bb1_2,1_2&#8243; _builder_version=\u00bb4.16&#8243; background_size=\u00bbinitial\u00bb background_position=\u00bbtop_left\u00bb background_repeat=\u00bbrepeat\u00bb width=\u00bb100%\u00bb custom_padding=\u00bb0px||||false|false\u00bb global_colors_info=\u00bb{}\u00bb][et_pb_column type=\u00bb1_2&#8243; _builder_version=\u00bb4.16&#8243; custom_padding=\u00bb|||\u00bb global_colors_info=\u00bb{}\u00bb custom_padding__hover=\u00bb|||\u00bb][et_pb_wc_images _builder_version=\u00bb4.16&#8243; global_colors_info=\u00bb{}\u00bb][\/et_pb_wc_images][\/et_pb_column][et_pb_column type=\u00bb1_2&#8243; _builder_version=\u00bb4.16&#8243; custom_padding=\u00bb|||\u00bb global_colors_info=\u00bb{}\u00bb custom_padding__hover=\u00bb|||\u00bb][et_pb_wc_title _builder_version=\u00bb4.16&#8243; global_colors_info=\u00bb{}\u00bb][\/et_pb_wc_title][et_pb_wc_rating _builder_version=\u00bb4.16&#8243; global_colors_info=\u00bb{}\u00bb][\/et_pb_wc_rating][et_pb_wc_price _builder_version=\u00bb4.16&#8243; global_colors_info=\u00bb{}\u00bb][\/et_pb_wc_price][et_pb_text _builder_version=\u00bb4.23.1&#8243; _dynamic_attributes=\u00bbcontent\u00bb _module_preset=\u00bbdefault\u00bb text_font=\u00bb|700|||||||\u00bb text_text_color=\u00bb#8300E9&#8243; text_orientation=\u00bbcenter\u00bb hover_enabled=\u00bb0&#8243; global_colors_info=\u00bb{}\u00bb text_font_size=\u00bb20px\u00bb sticky_enabled=\u00bb0&#8243;]@ET-DC@eyJkeW5hbWljIjp0cnVlLCJjb250ZW50IjoiY3VzdG9tX21ldGFfY2FwYWNpdGF0OiIsInNldHRpbmdzIjp7ImJlZm9yZSI6IiIsImFmdGVyIjoiIiwiZW5hYmxlX2h0bWwiOiJvZmYifX0=@[\/et_pb_text][et_pb_wc_description _builder_version=\u00bb4.16&#8243; global_colors_info=\u00bb{}\u00bb][\/et_pb_wc_description][et_pb_wc_add_to_cart _builder_version=\u00bb4.16&#8243; global_colors_info=\u00bb{}\u00bb][\/et_pb_wc_add_to_cart][et_pb_wc_meta _builder_version=\u00bb4.16&#8243; global_colors_info=\u00bb{}\u00bb][\/et_pb_wc_meta][\/et_pb_column][\/et_pb_row][et_pb_row _builder_version=\u00bb4.16&#8243; background_size=\u00bbinitial\u00bb background_position=\u00bbtop_left\u00bb background_repeat=\u00bbrepeat\u00bb width=\u00bb100%\u00bb global_colors_info=\u00bb{}\u00bb][et_pb_column type=\u00bb4_4&#8243; _builder_version=\u00bb4.16&#8243; custom_padding=\u00bb|||\u00bb global_colors_info=\u00bb{}\u00bb custom_padding__hover=\u00bb|||\u00bb][et_pb_wc_tabs _builder_version=\u00bb4.16&#8243; global_colors_info=\u00bb{}\u00bb] [\/et_pb_wc_tabs][et_pb_wc_upsells _builder_version=\u00bb4.16&#8243; global_colors_info=\u00bb{}\u00bb][\/et_pb_wc_upsells][et_pb_wc_related_products posts_number=\u00bb12&#8243; _builder_version=\u00bb4.21.0&#8243; product_title_font_size=\u00bb14px\u00bb global_colors_info=\u00bb{}\u00bb][\/et_pb_wc_related_products][\/et_pb_column][\/et_pb_row][\/et_pb_section]<\/p>\n","protected":false},"excerpt":{"rendered":"<p style=\"text-align: justify;\">Downlight LED 30W &#8211; Direccionable &#8211; NEGRE Doble &#8211; CRI+92 &#8211; UGR13<br \/>\nEl Focus Downlight LED 30W \u00e9s un producte molt vers\u00e0til, que combina bones prestacions i un gran estalvi energ\u00e8tic. La seva mida petita fa que el seu disseny sigui perfecte<\/p>\n<p style=\"text-align: justify;\">El nostre m\u00f2dul incorpora un Driver extern permet fer treballar el LED a pot\u00e8ncies majors, allarga la vida \u00fatil, i augmentar la pot\u00e8ncia lum\u00ednica del d\u00edode LED, ja que la calor generada pel driver no interfereix en el d\u00edode, de manera que s&#8217;aconsegueix augmentar la vida \u00fatil del conjunt de la llumin\u00e0ria.<\/p>\n<p style=\"text-align: justify;\">El seu d\u00edode COB Bridgelux lliura 130 lm\/W, cosa que fa que tingui un gran rendiment i estalvi energ\u00e8tic. Bridgelux \u00e9s una marca reconeguda a la fabricaci\u00f3 de d\u00edodes COB d&#8217;alta qualitat. Alguns dels avantatges espec\u00edfics del d\u00edode COB Bridgelux s\u00f3n:<\/p>\n<p style=\"text-align: justify;\">Alta efici\u00e8ncia energ\u00e8tica: Els d\u00edodes COB Bridgelux ofereixen una alta efici\u00e8ncia energ\u00e8tica, cosa que permet obtenir una sortida de llum potent amb un consum d&#8217;energia relativament baix.<\/p>\n<p style=\"text-align: justify;\">Alta qualitat de llum: Els d\u00edodes COB Bridgelux ofereixen una qualitat de llum superior, amb una excel\u00b7lent reproducci\u00f3 del color (CRI alt) i una temperatura de color constant, cosa que fa que els objectes i espais es vegin m\u00e9s naturals i vius.<\/p>\n<p style=\"text-align: justify;\">Disseny compacte: Els d\u00edodes COB Bridgelux tenen un disseny compacte i lleuger, cosa que facilita la seva integraci\u00f3 en diferents tipus de llumin\u00e0ries i aplicacions d&#8217;il\u00b7luminaci\u00f3.<\/p>\n<p style=\"text-align: justify;\">Major fiabilitat i durabilitat: Els d\u00edodes COB Bridgelux estan dissenyats per ser duradors i fiables.<\/p>\n<p style=\"text-align: justify;\">El nostre Downlight disposa d&#8217;un nivell UGR&lt;13 &#8211; Baix nivell d&#8217;UGR &#8211;<\/p>\n<p style=\"text-align: justify;\">UGR \u00e9s l&#8217;abreviatura de \u00ab\u00edndex d&#8217;enlluernament unificat\u00bb i s&#8217;utilitza per mesurar la quantitat d&#8217;enlluernament que pot percebre una persona en un ambient il\u00b7luminat. Un UGR baix indica que l&#8217;ambient t\u00e9 un nivell d&#8217;enlluernament menor i, per tant, proporciona una millor qualitat d&#8217;il\u00b7luminaci\u00f3.<\/p>\n<p style=\"text-align: justify;\">Alguns avantatges de tenir un UGR baix s\u00f3n:<\/p>\n<p style=\"text-align: justify;\">Major comoditat visual: En reduir l&#8217;enlluernament, l&#8217;ambient es torna m\u00e9s c\u00f2mode per als ulls i redueix la fatiga visual, cosa que pot millorar la productivitat i la concentraci\u00f3.<\/p>\n<p style=\"text-align: justify;\">Millora del rendiment: Un ambient amb UGR baix proporciona una millor qualitat de llum i pot millorar el rendiment visual, cosa que \u00e9s especialment important en entorns de treball i estudi.<\/p>\n<p style=\"text-align: justify;\">M\u00e9s seguretat: Un UGR baix tamb\u00e9 pot millorar la seguretat als espais de treball, ja que redueix el risc d&#8217;accidents causats per l&#8217;enlluernament.<\/p>\n<p style=\"text-align: justify;\">Est\u00e8tica atractiva: Els entorns amb un UGR baix poden ser m\u00e9s est\u00e8ticament atractius, ja que els objectes i superf\u00edcies es veuen m\u00e9s clars i n\u00edtids, cosa que crea un ambient m\u00e9s agradable.<\/p>\n<p style=\"text-align: justify;\">En resum, un UGR baix pot proporcionar una s\u00e8rie de beneficis, com ara m\u00e9s comoditat visual, millora del rendiment, m\u00e9s seguretat i est\u00e8tica atractiva, cosa que el converteix en un factor important a tenir en compte en dissenyar i planificar la il\u00b7luminaci\u00f3 en espais de treball. , estudi i altres entorns.<\/p>\n<p style=\"text-align: justify;\">El seu CRI +92 permet percebre els colors amb total professionalitat i exactitud, cosa que tamb\u00e9 \u00e9s perfecta per a estudis de fotografia i locals comercials on es requereix una il\u00b7luminaci\u00f3 professional d&#8217;alt rendiment.<\/p>\n<p style=\"text-align: justify;\">El CRI, o \u00ab\u00cdndex de reproducci\u00f3 crom\u00e0tica\u00bb, \u00e9s una mesura de la capacitat d&#8217;una font de llum per reproduir amb precisi\u00f3 els colors dels objectes en comparaci\u00f3 amb una font de llum natural. Un CRI alt indica que la font de llum pot reproduir els colors de manera m\u00e9s precisa i detallada. Avantatges de tenir un CRI alt s\u00f3n:<\/p>\n<p style=\"text-align: justify;\">Colors m\u00e9s naturals i vius: Amb un CRI alt, els colors dels objectes es veuen m\u00e9s naturals i vius, cosa que pot millorar l&#8217;aparen\u00e7a i la percepci\u00f3 dels objectes i espais.<\/p>\n<p style=\"text-align: justify;\">M\u00e9s precisi\u00f3 en la percepci\u00f3 dels colors: Una font de llum amb un CRI alt permet percebre amb m\u00e9s precisi\u00f3 les difer\u00e8ncies entre els colors, cosa que pot ser especialment important en aplicacions com la moda, el disseny d&#8217;interiors, l&#8217;art i la il\u00b7luminaci\u00f3 de museus.<\/p>\n<p style=\"text-align: justify;\">Millora de la qualitat de llum: Una font de llum amb un CRI alt tamb\u00e9 pot millorar la qualitat de la llum en termes de contrast i claredat, cosa que pot fer que els objectes i superf\u00edcies es vegin m\u00e9s definits i n\u00edtids.<\/p>\n<p style=\"text-align: justify;\">Millora del rendiment visual: Una font de llum amb un CRI alt pot millorar el rendiment visual en tasques que requereixen una bona percepci\u00f3 del color i el detall, com ara la lectura, la costura o el treball de precisi\u00f3.<\/p>\n<p style=\"text-align: justify;\">Major confort visual: En tenir colors m\u00e9s naturals i vius, i una millor percepci\u00f3 dels detalls, es redueix la fatiga visual i es millora el confort visual, cosa que pot millorar el benestar i la productivitat en entorns de treball i estudi.<\/p>\n<p style=\"text-align: justify;\">En resum, un CRI alt pot proporcionar una s\u00e8rie de beneficis en termes de qualitat de la llum, percepci\u00f3 dels colors, rendiment visual i confort visual, cosa que el converteix en un factor important a tenir en compte en seleccionar fonts de llum per a diferents<\/p>\n<p style=\"text-align: justify;\">El feix de llum \u00e9s de gran qualitat pel seu elevat CRI+92 i l&#8217;angle primari de 36\u00ba, que ens lliura la possibilitat de real\u00e7ar elements concrets d&#8217;una habitaci\u00f3; alhora ens aporta un estalvi important en el consum el\u00e8ctric.<\/p>\n<p style=\"text-align: justify;\">El nostre Downlingt 30W est\u00e0 fabricat en alumini que \u00e9s un bon conductor de la calor el que ajuda a dissipar la calor generada pels LED, el que alhora prolonga la seva vida \u00fatil.<\/p>\n<p style=\"text-align: justify;\">Usos del Downlight LED 30W &#8211; Direccionable &#8211; NEGRE Doble &#8211; CRI+92 &#8211; UGR13<br \/>\nBanys<br \/>\nArmaris<br \/>\nDormitoris<br \/>\nVitrines<br \/>\nAparadors<br \/>\nPassadissos<br \/>\nBotigues<br \/>\nLocals comercials<br \/>\nZones de treball<\/p>\n","protected":false},"featured_media":52728,"comment_status":"open","ping_status":"closed","template":"","meta":{"_acf_changed":false,"_seopress_robots_primary_cat":"5436","_seopress_titles_title":"%%post_title%%","_seopress_titles_desc":"%%post_excerpt%% %%tagline%%","_seopress_robots_index":"","_et_pb_use_builder":"on","_et_pb_old_content":"<p style=\"text-align: center\">REFER\u00c8NCIA : B983C-B-30WUGR13\r\nPot\u00e8ncia nominal: 30W\r\nTensi\u00f3 Nominal: 85V-265V\r\nTemperatura de llum: 3000K - 4000K\r\nCRI -\u00cdndex Reproducci\u00f3 Crom\u00e0tica: 92\r\nMaterial de Construcci\u00f3: Alumini +PC\r\nLluminositat-Lm: 2x1950 Lm\r\nTipus de LEDs: Bridgelux Chip Inside 12C3B\r\nAngle d'Obertura (\u00ba): 36\u00ba\r\nEfic\u00e0cia Diode LED Efic\u00e0cia Diode LED (Lm\/W): 160 Lm\/w\r\nEfic\u00e0cia lluminosa (Lm\/W): 130 Lm\/W\r\nCertificats: CE - ROHS\r\nGrau d'IP: IP44\r\nVida Estimada Diode LED (H): 35.000\r\nMides Mides (mm): 173x93xH25mm\r\nFreq\u00fc\u00e8ncia de Treball (Hz): 50\/60Hz\r\nRang Temperatura (\u00baC): -20\u00b0C ~ +55\u00b0C\r\nCicles d'encesos: 100.000\r\nTemps d'arrencada (s): 0,2s\r\nTall de Sostre (mm): \u00d880x160mm\r\n\u00cdndex d'enlluernament (UGR): 13\r\nClasse Energ\u00e8tica (2021-UE-2019\/2015): A+\r\nClasse Energ\u00e8tica (2023 - UE-2019\/2015): E\r\nGarantia anys: 3<\/p>","_et_gb_content_width":"","jetpack_post_was_ever_published":false},"product_brand":[],"product_cat":[5436],"product_tag":[],"class_list":{"0":"post-52724","1":"product","2":"type-product","3":"status-publish","4":"has-post-thumbnail","6":"product_cat-tall-de-sostre-mm173x93xh75mm","7":"product_shipping_class-enviament-factor","8":"pa_colors-blanc","9":"pa_colors-negre","10":"pa_colors-plata","11":"pa_temperatura-de-color-3000k","12":"pa_temperatura-de-color-4000k","14":"first","15":"instock","16":"taxable","17":"shipping-taxable","18":"purchasable","19":"product-type-variable"},"acf":[],"jetpack_likes_enabled":true,"jetpack_sharing_enabled":true,"tiered_pricing_type":"fixed","tiered_pricing_fixed_rules":[],"tiered_pricing_product_settings":{"layout":"default","base_unit_name":{"singular":null,"plural":null},"default_variation":null},"tiered_pricing_minimum_quantity":null,"tiered_pricing_roles_data":[],"tiered_pricing_percentage_rules":[],"_links":{"self":[{"href":"https:\/\/www.grupsagaro.net\/index.php?rest_route=\/wp\/v2\/product\/52724","targetHints":{"allow":["GET"]}}],"collection":[{"href":"https:\/\/www.grupsagaro.net\/index.php?rest_route=\/wp\/v2\/product"}],"about":[{"href":"https:\/\/www.grupsagaro.net\/index.php?rest_route=\/wp\/v2\/types\/product"}],"replies":[{"embeddable":true,"href":"https:\/\/www.grupsagaro.net\/index.php?rest_route=%2Fwp%2Fv2%2Fcomments&post=52724"}],"wp:featuredmedia":[{"embeddable":true,"href":"https:\/\/www.grupsagaro.net\/index.php?rest_route=\/wp\/v2\/media\/52728"}],"wp:attachment":[{"href":"https:\/\/www.grupsagaro.net\/index.php?rest_route=%2Fwp%2Fv2%2Fmedia&parent=52724"}],"wp:term":[{"taxonomy":"product_brand","embeddable":true,"href":"https:\/\/www.grupsagaro.net\/index.php?rest_route=%2Fwp%2Fv2%2Fproduct_brand&post=52724"},{"taxonomy":"product_cat","embeddable":true,"href":"https:\/\/www.grupsagaro.net\/index.php?rest_route=%2Fwp%2Fv2%2Fproduct_cat&post=52724"},{"taxonomy":"product_tag","embeddable":true,"href":"https:\/\/www.grupsagaro.net\/index.php?rest_route=%2Fwp%2Fv2%2Fproduct_tag&post=52724"}],"curies":[{"name":"wp","href":"https:\/\/api.w.org\/{rel}","templated":true}]}}