{"id":52476,"date":"2023-05-17T21:59:30","date_gmt":"2023-05-17T19:59:30","guid":{"rendered":"https:\/\/www.grupsagaro.net\/?post_type=product&#038;p=52476"},"modified":"2025-04-13T15:23:07","modified_gmt":"2025-04-13T13:23:07","slug":"fanal-led-solar-ruc-ufo-4000k-2-000-lumens","status":"publish","type":"product","link":"https:\/\/www.grupsagaro.net\/?product=fanal-led-solar-ruc-ufo-4000k-2-000-lumens","title":{"rendered":"Farola Solar LED 90W 9.000Lm IP67 Panel: 6V 18W Bater\u00eda: 3,2V 15000MaH"},"content":{"rendered":"<p>[et_pb_section fb_built=\u00bb1&#8243; _builder_version=\u00bb4.16&#8243; custom_padding=\u00bb0px||||false|false\u00bb global_colors_info=\u00bb{}\u00bb][et_pb_row _builder_version=\u00bb4.16&#8243; background_size=\u00bbinitial\u00bb background_position=\u00bbtop_left\u00bb background_repeat=\u00bbrepeat\u00bb width=\u00bb100%\u00bb custom_padding=\u00bb0px||0px||false|false\u00bb global_colors_info=\u00bb{}\u00bb][et_pb_column type=\u00bb4_4&#8243; _builder_version=\u00bb4.16&#8243; custom_padding=\u00bb|||\u00bb global_colors_info=\u00bb{}\u00bb custom_padding__hover=\u00bb|||\u00bb][et_pb_wc_breadcrumb _builder_version=\u00bb4.16&#8243; global_colors_info=\u00bb{}\u00bb][\/et_pb_wc_breadcrumb][et_pb_wc_cart_notice _builder_version=\u00bb4.16&#8243; global_colors_info=\u00bb{}\u00bb][\/et_pb_wc_cart_notice][\/et_pb_column][\/et_pb_row][et_pb_row column_structure=\u00bb1_2,1_2&#8243; _builder_version=\u00bb4.16&#8243; background_size=\u00bbinitial\u00bb background_position=\u00bbtop_left\u00bb background_repeat=\u00bbrepeat\u00bb width=\u00bb100%\u00bb custom_padding=\u00bb0px||||false|false\u00bb global_colors_info=\u00bb{}\u00bb][et_pb_column type=\u00bb1_2&#8243; _builder_version=\u00bb4.16&#8243; custom_padding=\u00bb|||\u00bb global_colors_info=\u00bb{}\u00bb custom_padding__hover=\u00bb|||\u00bb][et_pb_wc_images _builder_version=\u00bb4.16&#8243; global_colors_info=\u00bb{}\u00bb][\/et_pb_wc_images][\/et_pb_column][et_pb_column type=\u00bb1_2&#8243; _builder_version=\u00bb4.16&#8243; custom_padding=\u00bb|||\u00bb global_colors_info=\u00bb{}\u00bb custom_padding__hover=\u00bb|||\u00bb][et_pb_wc_title _builder_version=\u00bb4.16&#8243; global_colors_info=\u00bb{}\u00bb][\/et_pb_wc_title][et_pb_wc_rating _builder_version=\u00bb4.16&#8243; global_colors_info=\u00bb{}\u00bb][\/et_pb_wc_rating][et_pb_wc_price _builder_version=\u00bb4.16&#8243; global_colors_info=\u00bb{}\u00bb][\/et_pb_wc_price][et_pb_text _builder_version=\u00bb4.27.4&#8243; _dynamic_attributes=\u00bbcontent\u00bb _module_preset=\u00bbdefault\u00bb text_text_color=\u00bb#0C71C3&#8243; text_font_size=\u00bb19px\u00bb text_orientation=\u00bbcenter\u00bb global_colors_info=\u00bb{}\u00bb]@ET-DC@eyJkeW5hbWljIjp0cnVlLCJjb250ZW50IjoiY3VzdG9tX21ldGFfY2FwYWNpdGF0OiIsInNldHRpbmdzIjp7ImJlZm9yZSI6IiIsImFmdGVyIjoiIiwiZW5hYmxlX2h0bWwiOiJvZmYifX0=@[\/et_pb_text][et_pb_wc_description _builder_version=\u00bb4.16&#8243; global_colors_info=\u00bb{}\u00bb][\/et_pb_wc_description][et_pb_wc_add_to_cart _builder_version=\u00bb4.16&#8243; global_colors_info=\u00bb{}\u00bb][\/et_pb_wc_add_to_cart][et_pb_wc_meta _builder_version=\u00bb4.16&#8243; global_colors_info=\u00bb{}\u00bb][\/et_pb_wc_meta][\/et_pb_column][\/et_pb_row][et_pb_row _builder_version=\u00bb4.16&#8243; background_size=\u00bbinitial\u00bb background_position=\u00bbtop_left\u00bb background_repeat=\u00bbrepeat\u00bb width=\u00bb100%\u00bb global_colors_info=\u00bb{}\u00bb][et_pb_column type=\u00bb4_4&#8243; _builder_version=\u00bb4.16&#8243; custom_padding=\u00bb|||\u00bb global_colors_info=\u00bb{}\u00bb custom_padding__hover=\u00bb|||\u00bb][et_pb_wc_tabs _builder_version=\u00bb4.16&#8243; global_colors_info=\u00bb{}\u00bb] [\/et_pb_wc_tabs][et_pb_wc_upsells _builder_version=\u00bb4.16&#8243; global_colors_info=\u00bb{}\u00bb][\/et_pb_wc_upsells][et_pb_wc_related_products posts_number=\u00bb9&#8243; _builder_version=\u00bb4.18.0&#8243; product_title_font_size=\u00bb14px\u00bb global_colors_info=\u00bb{}\u00bb][\/et_pb_wc_related_products][\/et_pb_column][\/et_pb_row][\/et_pb_section]<\/p>\n","protected":false},"excerpt":{"rendered":"<ul class=\"featuresconent list-unstyled\">\n<li class=\"odd\" style=\"text-align: center;\">\u00a0Efi<span class=\"secondblock\">cacia Luminosa (Lm\/W)<\/span>\u00a0<span class=\"lastblock\">100<\/span><\/li>\n<li class=\"odd\" style=\"text-align: center;\">\n<div class=\"featureDetails_13\">\u00a0\u00a0<span class=\"secondblock\">Temperatura Luz<\/span>\u00a0<span class=\"lastblock\">B<\/span><\/div>\n<\/li>\n<li class=\"odd\" style=\"text-align: center;\">\n<div class=\"featureDetails_9\">\u00a0\u00a0<span class=\"secondblock\">Potencia (W)<\/span>\u00a0<span class=\"lastblock\">90.0<\/span> \u00a0<span class=\"secondblock\">Luminosidad (Lm)<\/span>\u00a0<span class=\"lastblock\">9000<br \/>\n<\/span>\u00a0\u00a0<span class=\"secondblock\">Medidas (mm)<\/span>\u00a0<span class=\"lastblock\">125x\u00d8425<\/span><\/div>\n<\/li>\n<li class=\"even\" style=\"text-align: center;\">\n<div class=\"featureDetails_74\">\u00a0\u00a0<span class=\"secondblock\">Alto<\/span>\u00a0<span class=\"lastblock\">125.0<\/span><\/div>\n<\/li>\n<li class=\"odd\" style=\"text-align: center;\">\n<div class=\"featureDetails_77\">\u00a0\u00a0<span class=\"secondblock\">Di\u00e1metro<\/span>\u00a0<span class=\"lastblock\">\u00d8425<\/span><\/div>\n<\/li>\n<li class=\"even\" style=\"text-align: center;\">\n<div class=\"featureDetails_8\">\u00a0\u00a0<span class=\"secondblock\">N\u00famero y Tipo de LEDs<\/span>\u00a0<span class=\"lastblock\">SMD5730<\/span><\/div>\n<\/li>\n<li class=\"even\" style=\"text-align: center;\">\n<div class=\"featureDetails_8\">\u00a0\u00a0<span class=\"secondblock\">Construcci\u00f3n<\/span>\u00a0<span class=\"lastblock\">ABS<\/span><\/div>\n<\/li>\n<li class=\"even\" style=\"text-align: center;\">\n<div class=\"featureDetails_10\">\u00a0\u00a0<span class=\"secondblock\">Angulo de Apertura (\u00ba)<\/span>\u00a0<span class=\"lastblock\">360<\/span><\/div>\n<\/li>\n<li class=\"odd\" style=\"text-align: center;\">\n<div class=\"featureDetails_14\">\u00a0\u00a0<span class=\"secondblock\">Instalaci\u00f3n<\/span>\u00a0<span class=\"lastblock\">IP67<\/span><\/div>\n<\/li>\n<li class=\"odd\" style=\"text-align: center;\">\n<div class=\"featureDetails_14\">\u00a0\u00a0<span class=\"secondblock\">Indice de Protecci\u00f3n IK<\/span>\u00a0<span class=\"lastblock\">IK08\u00a0<\/span><\/div>\n<\/li>\n<li class=\"odd\" style=\"text-align: center;\">\n<div class=\"featureDetails_15\">\u00a0\u00a0<span class=\"secondblock\">Tensi\u00f3n<\/span>\u00a0<span class=\"lastblock\">6V 3,2V 15000MaH\u00a0<\/span><\/div>\n<\/li>\n<li class=\"even\" style=\"text-align: center;\">\n<div class=\"featureDetails_16\">\u00a0\u00a0<span class=\"secondblock\">Vida Estimada (H)<\/span>\u00a0<span class=\"lastblock\">40000\u00a0<\/span><\/div>\n<\/li>\n<li class=\"odd\" style=\"text-align: center;\">\n<div class=\"featureDetails_27\">\u00a0\u00a0<span class=\"secondblock\">Frecuencia de Trabajo (Hz)<\/span>\u00a0<span class=\"lastblock\">50\/ 60\u00a0<\/span><\/div>\n<\/li>\n<li class=\"even\" style=\"text-align: center;\">\n<div class=\"featureDetails_28\">\u00a0\u00a0<span class=\"secondblock\">Tiempo de Arranque (s)<\/span>\u00a0<span class=\"lastblock\">0.1\u00a0<\/span><\/div>\n<\/li>\n<li class=\"odd\" style=\"text-align: center;\">\n<div class=\"featureDetails_18\">\u00a0\u00a0<span class=\"secondblock\">Certificados<\/span>\u00a0<span class=\"lastblock\">CE\/ROHS\/ISO9001\u00a0<\/span><\/div>\n<\/li>\n<li class=\"even\" style=\"text-align: center;\">\n<div class=\"featureDetails_30\">\u00a0\u00a0<span class=\"secondblock\">Rango Temperatura (\u00baC)<\/span>\u00a0<span class=\"lastblock\">-20 +65\u00a0<\/span><\/div>\n<\/li>\n<li class=\"odd\" style=\"text-align: center;\">\n<div class=\"featureDetails_31\">\u00a0\u00a0<span class=\"secondblock\">Casquillo<\/span>\u00a0<span class=\"lastblock\">Borna<\/span><\/div>\n<\/li>\n<li class=\"even\" style=\"text-align: center;\">\n<div class=\"featureDetails_33\">\u00a0\u00a0<span class=\"secondblock\">Ciclos de Encendidos<\/span>\u00a0<span class=\"lastblock\">80000\u00a0<\/span><\/div>\n<\/li>\n<li class=\"odd\" style=\"text-align: center;\">\n<div class=\"featureDetails_40\">\u00a0\u00a0<span class=\"secondblock\">Consumo de Energ\u00eda (kWh\/1000h)<\/span>\u00a0<span class=\"lastblock\">90.0\u00a0<\/span><\/div>\n<\/li>\n<li class=\"even\" style=\"text-align: center;\">\n<div class=\"featureDetails_45\">\u00a0\u00a0<span class=\"secondblock\">Conexi\u00f3n<\/span>\u00a0<span class=\"lastblock\">No de Red\u00a0<\/span><\/div>\n<\/li>\n<li class=\"odd\" style=\"text-align: center;\">\n<div class=\"featureDetails_49\">\u00a0\u00a0<span class=\"secondblock\">Vida \u00datil Media A\u00f1os (a 3 h\/d\u00eda)<\/span>\u00a0<span class=\"lastblock\">36.52\u00a0<\/span><\/div>\n<\/li>\n<li class=\"even\" style=\"text-align: center;\">\n<div class=\"featureDetails_50\">\u00a0\u00a0<span class=\"secondblock\">Vida \u00datil Media A\u00f1os (a 5 h\/d\u00eda)<\/span>\u00a0<span class=\"lastblock\">21.91\u00a0<\/span><\/div>\n<\/li>\n<li class=\"odd\" style=\"text-align: center;\">\n<div class=\"featureDetails_51\">\u00a0\u00a0<span class=\"secondblock\">Vida \u00datil Media A\u00f1os (a 8 h\/d\u00eda)<\/span>\u00a0<span class=\"lastblock\">13.69\u00a0<\/span><\/div>\n<\/li>\n<li class=\"even\" style=\"text-align: center;\">\n<div class=\"featureDetails_60\">\u00a0\u00a0<span class=\"secondblock\">Direccional<\/span>\u00a0<span class=\"lastblock\">Non Directional\u00a0<\/span><\/div>\n<\/li>\n<li class=\"odd\" style=\"text-align: center;\">\n<div class=\"featureDetails_62\" style=\"text-align: center;\">\u00a0\u00a0<span class=\"secondblock\">CCT \u00danico<\/span>\u00a0<span class=\"lastblock\">6000\u00a0<\/span><\/div>\n<\/li>\n<li class=\"even\">\n<div class=\"featureDetails_71\" style=\"text-align: center;\">\u00a0\u00a0<span class=\"secondblock\">Normas Aplicables<\/span>\u00a0<span class=\"lastblock\">EN 55015:2013; EN61547:2009; IEC 62321-3-1:2013; IEC 62321-5:2013; IEC 62321-4:2013; IEC 62321-6:2015; IEC 62321-7-1:2015; IEC 62321-7-2:2017<\/span><\/div>\n<\/li>\n<\/ul>\n","protected":false},"featured_media":72499,"comment_status":"open","ping_status":"closed","template":"","meta":{"_acf_changed":false,"_seopress_robots_primary_cat":"5791","_seopress_titles_title":"%%post_title%%","_seopress_titles_desc":"%%post_excerpt%% %%_category_description%%","_seopress_robots_index":"","_et_pb_use_builder":"on","_et_pb_old_content":"<h4>Farola Solar LED 90W 9000Lm 2700\/4000\u00baK IP67 Panel: 6V 18W Bater\u00eda: 3,2V 15000MaH<\/h4>\r\n<div class=\"fakeP\">\r\n\r\nFarola solar LED crepuscular y con sensor de movimiento, ideal para alumbrado p\u00fablico, las cargas m\u00e1ximas se alcanzan tras 6-8 horas de exposici\u00f3n al sol.\r\n\r\nTiene una protecci\u00f3n IP65.\r\n\r\nUna vez montada, no requiere ning\u00fan tipo de mantenimiento, salvo la limpieza superficial del panel en caso de suciedad excesiva.\r\n\r\nSu funcionamiento es autom\u00e1tico gracias a su sensor \u00f3ptico crepuscular que se activa al anochecer.\r\n\r\nTambi\u00e9n se incluye el mando a distancia para controlar la l\u00e1mpara.\r\n\r\nLa bater\u00eda es de 6V 3.2V 15000MaH\r\n\r\nEl di\u00e1metro de fijaci\u00f3n es de 90mm\r\n\r\nFuncionamiento:\r\n\r\nLa luz se enciende autom\u00e1ticamente al anochecer con un 50% de luminosidad reducida hasta la ma\u00f1ana.\r\n\r\nEl sensor integrado activa la luz con intensidad m\u00e1xima durante 30 segundos si detecta una presencia en un espacio de 7-8 metros hasta que deja de detectar movimientos.\r\n\r\nAtenci\u00f3n: el bast\u00f3n no est\u00e1 incluido en el precio. Altura de instalaci\u00f3n recomendada: 3-4 metros.\r\n\r\nIncorpora un bot\u00f3n en la parte frontal para el pago permanente o para activar su funcionamiento a trav\u00e9s del sensor.\r\n\r\nLa farola est\u00e1 disponible en blanco fr\u00edo (2700\u00b0K\/4000\u00b0K). La temperatura de color indicada puede sufrir fluctuaciones correspondientes a una tolerancia del 7%.\r\n\r\nTiempo de uso de 10 a 12 horas.\r\n\r\nMando a distancia:\r\n\r\nBot\u00f3n ON\/OFF: el proyector LED se enciende y pulsando de nuevo el mismo bot\u00f3n, el proyector se apaga. Independientemente de la luz ambiente.\r\n\r\nBot\u00f3n OFF: activa\/desactiva el modo sensor de luz.\r\n\r\nbot\u00f3n 2H: activa la l\u00e1mpara durante un periodo continuo de 2 horas, y repite el proceso en los d\u00edas siguientes.\r\n\r\nbot\u00f3n 4H: activa la l\u00e1mpara durante un periodo continuo de 4 horas, y repite el proceso en los d\u00edas siguientes.\r\n\r\nbot\u00f3n 6H: Activa la l\u00e1mpara durante un periodo continuo de 2 horas, y repite el proceso en los d\u00edas siguientes.\r\n\r\nSiempre: encendida constantemente.\r\n\r\n<\/div>","_et_gb_content_width":"","jetpack_post_was_ever_published":false},"product_brand":[],"product_cat":[5791],"product_tag":[],"class_list":{"0":"post-52476","1":"product","2":"type-product","3":"status-publish","4":"has-post-thumbnail","6":"product_cat-projector-i-fanals-led-solar","7":"product_shipping_class-lliurament-en-ruta","8":"pa_temperatura-de-color-2700k","9":"pa_temperatura-de-color-4000k","11":"first","12":"instock","13":"taxable","14":"shipping-taxable","15":"purchasable","16":"product-type-variable"},"acf":[],"jetpack_likes_enabled":true,"jetpack_sharing_enabled":true,"tiered_pricing_type":"fixed","tiered_pricing_fixed_rules":[],"tiered_pricing_product_settings":{"layout":"default","base_unit_name":{"singular":null,"plural":null},"default_variation":null},"tiered_pricing_minimum_quantity":null,"tiered_pricing_roles_data":[],"tiered_pricing_percentage_rules":[],"_links":{"self":[{"href":"https:\/\/www.grupsagaro.net\/index.php?rest_route=\/wp\/v2\/product\/52476","targetHints":{"allow":["GET"]}}],"collection":[{"href":"https:\/\/www.grupsagaro.net\/index.php?rest_route=\/wp\/v2\/product"}],"about":[{"href":"https:\/\/www.grupsagaro.net\/index.php?rest_route=\/wp\/v2\/types\/product"}],"replies":[{"embeddable":true,"href":"https:\/\/www.grupsagaro.net\/index.php?rest_route=%2Fwp%2Fv2%2Fcomments&post=52476"}],"wp:featuredmedia":[{"embeddable":true,"href":"https:\/\/www.grupsagaro.net\/index.php?rest_route=\/wp\/v2\/media\/72499"}],"wp:attachment":[{"href":"https:\/\/www.grupsagaro.net\/index.php?rest_route=%2Fwp%2Fv2%2Fmedia&parent=52476"}],"wp:term":[{"taxonomy":"product_brand","embeddable":true,"href":"https:\/\/www.grupsagaro.net\/index.php?rest_route=%2Fwp%2Fv2%2Fproduct_brand&post=52476"},{"taxonomy":"product_cat","embeddable":true,"href":"https:\/\/www.grupsagaro.net\/index.php?rest_route=%2Fwp%2Fv2%2Fproduct_cat&post=52476"},{"taxonomy":"product_tag","embeddable":true,"href":"https:\/\/www.grupsagaro.net\/index.php?rest_route=%2Fwp%2Fv2%2Fproduct_tag&post=52476"}],"curies":[{"name":"wp","href":"https:\/\/api.w.org\/{rel}","templated":true}]}}