{"id":52058,"date":"2023-05-03T08:52:28","date_gmt":"2023-05-03T06:52:28","guid":{"rendered":"https:\/\/www.grupsagaro.net\/?post_type=product&#038;p=52058"},"modified":"2024-02-02T14:54:19","modified_gmt":"2024-02-02T12:54:19","slug":"bombeta-led-modern-cristall-fum-suau-4w-e27-g125","status":"publish","type":"product","link":"https:\/\/www.grupsagaro.net\/?product=bombeta-led-modern-cristall-fum-suau-4w-e27-g125","title":{"rendered":"Bombeta LED Modern Cristall Fum Suau 4W-E27-G125"},"content":{"rendered":"<p>[et_pb_section fb_built=\u00bb1&#8243; _builder_version=\u00bb4.16&#8243; custom_padding=\u00bb0px||||false|false\u00bb global_colors_info=\u00bb{}\u00bb][et_pb_row _builder_version=\u00bb4.16&#8243; background_size=\u00bbinitial\u00bb background_position=\u00bbtop_left\u00bb background_repeat=\u00bbrepeat\u00bb width=\u00bb100%\u00bb custom_padding=\u00bb0px||0px||false|false\u00bb global_colors_info=\u00bb{}\u00bb][et_pb_column type=\u00bb4_4&#8243; _builder_version=\u00bb4.16&#8243; custom_padding=\u00bb|||\u00bb global_colors_info=\u00bb{}\u00bb custom_padding__hover=\u00bb|||\u00bb][et_pb_wc_breadcrumb _builder_version=\u00bb4.16&#8243; global_colors_info=\u00bb{}\u00bb][\/et_pb_wc_breadcrumb][et_pb_wc_cart_notice _builder_version=\u00bb4.16&#8243; global_colors_info=\u00bb{}\u00bb][\/et_pb_wc_cart_notice][\/et_pb_column][\/et_pb_row][et_pb_row column_structure=\u00bb1_2,1_2&#8243; _builder_version=\u00bb4.16&#8243; background_size=\u00bbinitial\u00bb background_position=\u00bbtop_left\u00bb background_repeat=\u00bbrepeat\u00bb width=\u00bb100%\u00bb custom_padding=\u00bb0px||||false|false\u00bb global_colors_info=\u00bb{}\u00bb][et_pb_column type=\u00bb1_2&#8243; _builder_version=\u00bb4.16&#8243; custom_padding=\u00bb|||\u00bb global_colors_info=\u00bb{}\u00bb custom_padding__hover=\u00bb|||\u00bb][et_pb_wc_images _builder_version=\u00bb4.16&#8243; global_colors_info=\u00bb{}\u00bb][\/et_pb_wc_images][\/et_pb_column][et_pb_column type=\u00bb1_2&#8243; _builder_version=\u00bb4.16&#8243; custom_padding=\u00bb|||\u00bb global_colors_info=\u00bb{}\u00bb custom_padding__hover=\u00bb|||\u00bb][et_pb_wc_title _builder_version=\u00bb4.16&#8243; global_colors_info=\u00bb{}\u00bb][\/et_pb_wc_title][et_pb_wc_rating _builder_version=\u00bb4.16&#8243; global_colors_info=\u00bb{}\u00bb][\/et_pb_wc_rating][et_pb_wc_price _builder_version=\u00bb4.16&#8243; global_colors_info=\u00bb{}\u00bb][\/et_pb_wc_price][et_pb_wc_description _builder_version=\u00bb4.16&#8243; global_colors_info=\u00bb{}\u00bb][\/et_pb_wc_description][et_pb_wc_add_to_cart _builder_version=\u00bb4.16&#8243; global_colors_info=\u00bb{}\u00bb][\/et_pb_wc_add_to_cart][et_pb_wc_meta _builder_version=\u00bb4.16&#8243; global_colors_info=\u00bb{}\u00bb][\/et_pb_wc_meta][\/et_pb_column][\/et_pb_row][et_pb_row _builder_version=\u00bb4.16&#8243; background_size=\u00bbinitial\u00bb background_position=\u00bbtop_left\u00bb background_repeat=\u00bbrepeat\u00bb width=\u00bb100%\u00bb global_colors_info=\u00bb{}\u00bb][et_pb_column type=\u00bb4_4&#8243; _builder_version=\u00bb4.16&#8243; custom_padding=\u00bb|||\u00bb global_colors_info=\u00bb{}\u00bb custom_padding__hover=\u00bb|||\u00bb][et_pb_wc_tabs _builder_version=\u00bb4.16&#8243; global_colors_info=\u00bb{}\u00bb]\t\t\t\t\t[\/et_pb_wc_tabs][et_pb_wc_upsells _builder_version=\u00bb4.16&#8243; global_colors_info=\u00bb{}\u00bb][\/et_pb_wc_upsells][et_pb_wc_related_products posts_number=\u00bb9&#8243; _builder_version=\u00bb4.20.4&#8243; product_title_font_size=\u00bb14px\u00bb global_colors_info=\u00bb{}\u00bb][\/et_pb_wc_related_products][\/et_pb_column][\/et_pb_row][\/et_pb_section]<\/p>\n","protected":false},"excerpt":{"rendered":"<p>Bombeta LED Modern Cristall &#8211; Fum Suau &#8211; 4W- E27 -G125<br \/>\nLa Bombilla LED Moderna de disseny amb vidre de color Humo Suave \u00e9s una opci\u00f3 d&#8217;il\u00b7luminaci\u00f3 elegant i eficient per a qualsevol espai. Amb un disseny modern i sofisticat, aquesta bombeta \u00e9s perfecta per als que busquen un toc d&#8217;estil a casa o lloc de treball.<\/p>\n<p>La tonalitat suau de fum del vidre afegeix un toc de misteri i sofisticaci\u00f3 a la il\u00b7luminaci\u00f3, mentre que la pot\u00e8ncia de 3W assegura una efici\u00e8ncia energ\u00e8tica que redueix el consum el\u00e8ctric i ajuda a protegir el medi ambient.<\/p>\n<p>A m\u00e9s, aquesta bombeta LED compta amb una rosca E27 G125, la qual cosa la fa compatible amb la majoria dels suports i llums disponibles al mercat. La seva f\u00e0cil instal\u00b7laci\u00f3 i \u00fas la converteixen en una excel\u00b7lent opci\u00f3 per a aquells que volen actualitzar la seva il\u00b7luminaci\u00f3 de forma r\u00e0pida i senzilla.<\/p>\n<p>No nom\u00e9s \u00e9s eficient en termes d&#8217;energia, sin\u00f3 que tamb\u00e9 t\u00e9 una llarga vida \u00fatil, cosa que significa que no t&#8217;has de preocupar per reempla\u00e7ar-la amb freq\u00fc\u00e8ncia. I el millor de tot, aquesta bombeta LED moderna est\u00e0 disponible al millor preu a la nostra botiga en l\u00ednia, i amb enviament r\u00e0pid perqu\u00e8 puguis gaudir-ne en poc temps. Actualitza la teva il\u00b7luminaci\u00f3 amb la Bombeta LED Moderna de disseny amb vidre de color Humo Suave!<\/p>\n<p>La Bombeta LED Modern Cristall &#8211; Fum Suau &#8211; 4W-E27-G125, \u00e9s adequada per a una \u00e0mplia varietat d&#8217;usos, alguns dels usos m\u00e9s comuns inclouen:<br \/>\nIl\u00b7luminaci\u00f3 general a llars, oficines i establiments comercials.<br \/>\nIl\u00b7luminaci\u00f3 decorativa a sales d&#8217;estar, dormitoris, menjadors i altres \u00e0rees comunes de la llar.<br \/>\nIl\u00b7luminaci\u00f3 d&#8217;accent als passadissos, escales, armaris i altres \u00e0rees de tr\u00e0nsit a la llar.<br \/>\nIl\u00b7luminaci\u00f3 de treball a \u00e0rees d&#8217;oficina, escriptoris i altres estacions de treball.<br \/>\nIl\u00b7luminaci\u00f3 en \u00e0rees de lectura, ja sigui a llars o biblioteques.<br \/>\nIl\u00b7luminaci\u00f3 de botigues i exposicions a botigues i salons d&#8217;exposici\u00f3.<\/p>\n","protected":false},"featured_media":52066,"comment_status":"open","ping_status":"closed","template":"","meta":{"_acf_changed":false,"_seopress_robots_primary_cat":"777","_seopress_titles_title":"%%post_title%%","_seopress_titles_desc":"%%post_excerpt%% %%tagline%%","_seopress_robots_index":"","_et_pb_use_builder":"on","_et_pb_old_content":"<p style=\"text-align: center\">REFER\u00c8NCIA :<\/p>\r\n<p style=\"text-align: center\">REFER\u00c8NCIA : 91066\r\nPot\u00e8ncia nominal: 4W\r\nTensi\u00f3 Nominal: 220-240 V AC\r\nTemperatura de Llum: 3000K\r\nCRI -\u00cdndex Reproducci\u00f3 Crom\u00e0tica: 80\r\nMaterial de Construcci\u00f3: PMMA + Steel\r\nLluminositat-Lm: 5\r\nAngle d'obertura (\u00ba): 360\u00ba\r\nDimable: TRIAC\r\nCasquet: E27\r\nCertificats: CE - ROHS\r\nGrau d'IP: IP20\r\nMides Mides (mm): \u00d8125x150mm\r\nFreq\u00fc\u00e8ncia de Treball (Hz): 50\/60Hz\r\nRang Temperatura (\u00baC): -20\u00baC ~ +55\u00baC\r\nCicles d'encesos: 100.000\r\nTemps d'arrencada (s): 0,2s\r\nInformaci\u00f3 Addicional: NO FLICK\r\nClasse Energ\u00e8tica (2021-UE-2019\/2015): A+\r\nClasse Energ\u00e8tica (2023 - UE-2019\/2015): F\r\nGarantia anys: 3<\/p>","_et_gb_content_width":"","jetpack_post_was_ever_published":false},"product_brand":[],"product_cat":[777],"product_tag":[],"class_list":{"0":"post-52058","1":"product","2":"type-product","3":"status-publish","4":"has-post-thumbnail","6":"product_cat-bombeta-filament-g125","7":"product_shipping_class-enviament-factor","9":"first","10":"onbackorder","11":"taxable","12":"shipping-taxable","13":"purchasable","14":"product-type-simple"},"acf":[],"jetpack_likes_enabled":true,"jetpack_sharing_enabled":true,"tiered_pricing_type":"fixed","tiered_pricing_fixed_rules":[],"tiered_pricing_product_settings":{"layout":"default","base_unit_name":{"singular":null,"plural":null},"default_variation":null},"tiered_pricing_minimum_quantity":null,"tiered_pricing_roles_data":[],"tiered_pricing_percentage_rules":[],"_links":{"self":[{"href":"https:\/\/www.grupsagaro.net\/index.php?rest_route=\/wp\/v2\/product\/52058","targetHints":{"allow":["GET"]}}],"collection":[{"href":"https:\/\/www.grupsagaro.net\/index.php?rest_route=\/wp\/v2\/product"}],"about":[{"href":"https:\/\/www.grupsagaro.net\/index.php?rest_route=\/wp\/v2\/types\/product"}],"replies":[{"embeddable":true,"href":"https:\/\/www.grupsagaro.net\/index.php?rest_route=%2Fwp%2Fv2%2Fcomments&post=52058"}],"wp:featuredmedia":[{"embeddable":true,"href":"https:\/\/www.grupsagaro.net\/index.php?rest_route=\/wp\/v2\/media\/52066"}],"wp:attachment":[{"href":"https:\/\/www.grupsagaro.net\/index.php?rest_route=%2Fwp%2Fv2%2Fmedia&parent=52058"}],"wp:term":[{"taxonomy":"product_brand","embeddable":true,"href":"https:\/\/www.grupsagaro.net\/index.php?rest_route=%2Fwp%2Fv2%2Fproduct_brand&post=52058"},{"taxonomy":"product_cat","embeddable":true,"href":"https:\/\/www.grupsagaro.net\/index.php?rest_route=%2Fwp%2Fv2%2Fproduct_cat&post=52058"},{"taxonomy":"product_tag","embeddable":true,"href":"https:\/\/www.grupsagaro.net\/index.php?rest_route=%2Fwp%2Fv2%2Fproduct_tag&post=52058"}],"curies":[{"name":"wp","href":"https:\/\/api.w.org\/{rel}","templated":true}]}}