{"id":51560,"date":"2023-03-31T10:13:26","date_gmt":"2023-03-31T08:13:26","guid":{"rendered":"https:\/\/www.grupsagaro.net\/?post_type=product&#038;p=51560"},"modified":"2023-11-24T09:48:53","modified_gmt":"2023-11-24T07:48:53","slug":"placa-slim-led-circular-18w-osram-xip-duris-e2835","status":"publish","type":"product","link":"https:\/\/www.grupsagaro.net\/?product=placa-slim-led-circular-18w-osram-xip-duris-e2835","title":{"rendered":"Placa Slim LED Circular 18W &#8211; OSRAM XIP DURIS E2835"},"content":{"rendered":"<p>[et_pb_section fb_built=\u00bb1&#8243; _builder_version=\u00bb4.16&#8243; custom_padding=\u00bb0px||||false|false\u00bb global_colors_info=\u00bb{}\u00bb][et_pb_row _builder_version=\u00bb4.16&#8243; background_size=\u00bbinitial\u00bb background_position=\u00bbtop_left\u00bb background_repeat=\u00bbrepeat\u00bb width=\u00bb100%\u00bb custom_padding=\u00bb0px||0px||false|false\u00bb global_colors_info=\u00bb{}\u00bb][et_pb_column type=\u00bb4_4&#8243; _builder_version=\u00bb4.16&#8243; custom_padding=\u00bb|||\u00bb global_colors_info=\u00bb{}\u00bb custom_padding__hover=\u00bb|||\u00bb][et_pb_wc_breadcrumb _builder_version=\u00bb4.18.0&#8243; body_font=\u00bb|600|||||||\u00bb global_colors_info=\u00bb{}\u00bb][\/et_pb_wc_breadcrumb][et_pb_wc_cart_notice _builder_version=\u00bb4.16&#8243; global_colors_info=\u00bb{}\u00bb][\/et_pb_wc_cart_notice][\/et_pb_column][\/et_pb_row][et_pb_row column_structure=\u00bb1_2,1_2&#8243; _builder_version=\u00bb4.16&#8243; background_size=\u00bbinitial\u00bb background_position=\u00bbtop_left\u00bb background_repeat=\u00bbrepeat\u00bb width=\u00bb100%\u00bb custom_padding=\u00bb0px||||false|false\u00bb global_colors_info=\u00bb{}\u00bb][et_pb_column type=\u00bb1_2&#8243; _builder_version=\u00bb4.16&#8243; custom_padding=\u00bb|||\u00bb global_colors_info=\u00bb{}\u00bb custom_padding__hover=\u00bb|||\u00bb][et_pb_wc_images _builder_version=\u00bb4.16&#8243; global_colors_info=\u00bb{}\u00bb][\/et_pb_wc_images][\/et_pb_column][et_pb_column type=\u00bb1_2&#8243; _builder_version=\u00bb4.16&#8243; custom_padding=\u00bb|||\u00bb global_colors_info=\u00bb{}\u00bb custom_padding__hover=\u00bb|||\u00bb][et_pb_wc_title _builder_version=\u00bb4.16&#8243; global_colors_info=\u00bb{}\u00bb][\/et_pb_wc_title][et_pb_wc_rating _builder_version=\u00bb4.16&#8243; global_colors_info=\u00bb{}\u00bb][\/et_pb_wc_rating][et_pb_wc_price _builder_version=\u00bb4.16&#8243; global_colors_info=\u00bb{}\u00bb][\/et_pb_wc_price][et_pb_text _builder_version=\u00bb4.23.1&#8243; _dynamic_attributes=\u00bbcontent\u00bb _module_preset=\u00bbdefault\u00bb text_font=\u00bb|700|||||||\u00bb text_text_color=\u00bb#E02B20&#8243; text_font_size=\u00bb20px\u00bb text_orientation=\u00bbcenter\u00bb global_colors_info=\u00bb{}\u00bb]@ET-DC@eyJkeW5hbWljIjp0cnVlLCJjb250ZW50IjoiY3VzdG9tX21ldGFfY2FwYWNpdGF0OiIsInNldHRpbmdzIjp7ImJlZm9yZSI6IiIsImFmdGVyIjoiIiwiZW5hYmxlX2h0bWwiOiJvZmYifX0=@[\/et_pb_text][et_pb_wc_description _builder_version=\u00bb4.16&#8243; global_colors_info=\u00bb{}\u00bb][\/et_pb_wc_description][et_pb_text _builder_version=\u00bb4.18.0&#8243; _dynamic_attributes=\u00bbcontent\u00bb _module_preset=\u00bbdefault\u00bb text_font=\u00bb|600|||||||\u00bb text_text_color=\u00bb#0C71C3&#8243; text_orientation=\u00bbcenter\u00bb global_colors_info=\u00bb{}\u00bb]@ET-DC@eyJkeW5hbWljIjp0cnVlLCJjb250ZW50IjoiY3VzdG9tX21ldGFfY2FwYWNpdGF0OiIsInNldHRpbmdzIjp7ImJlZm9yZSI6IiIsImFmdGVyIjoiIiwiZW5hYmxlX2h0bWwiOiJvZmYifX0=@[\/et_pb_text][et_pb_wc_add_to_cart _builder_version=\u00bb4.16&#8243; global_colors_info=\u00bb{}\u00bb][\/et_pb_wc_add_to_cart][et_pb_wc_meta _builder_version=\u00bb4.16&#8243; global_colors_info=\u00bb{}\u00bb][\/et_pb_wc_meta][\/et_pb_column][\/et_pb_row][et_pb_row _builder_version=\u00bb4.16&#8243; background_size=\u00bbinitial\u00bb background_position=\u00bbtop_left\u00bb background_repeat=\u00bbrepeat\u00bb width=\u00bb100%\u00bb global_colors_info=\u00bb{}\u00bb][et_pb_column type=\u00bb4_4&#8243; _builder_version=\u00bb4.16&#8243; custom_padding=\u00bb|||\u00bb global_colors_info=\u00bb{}\u00bb custom_padding__hover=\u00bb|||\u00bb][et_pb_wc_tabs _builder_version=\u00bb4.16&#8243; global_colors_info=\u00bb{}\u00bb] [\/et_pb_wc_tabs][et_pb_wc_upsells _builder_version=\u00bb4.16&#8243; global_colors_info=\u00bb{}\u00bb][\/et_pb_wc_upsells][et_pb_wc_related_products posts_number=\u00bb6&#8243; _builder_version=\u00bb4.18.0&#8243; product_title_font_size=\u00bb14px\u00bb global_colors_info=\u00bb{}\u00bb][\/et_pb_wc_related_products][\/et_pb_column][\/et_pb_row][\/et_pb_section]<\/p>\n","protected":false},"excerpt":{"rendered":"<p style=\"text-align: center;\">REFER\u00c8NCIA : PNOSR18W<br \/>\nPot\u00e8ncia nominal: 18w<br \/>\nTensi\u00f3 Nominal: 85V-265V<br \/>\nTemperatura de llum: 3000K &#8211; 4000K &#8211; 6000K<br \/>\nCRI -\u00cdndex Reproducci\u00f3 Crom\u00e0tica: 80<br \/>\nMaterial de Construcci\u00f3: Alumini +PC<br \/>\nLluminositat-Lm: 2500<br \/>\nTipus de LEDs: SMD 2835<br \/>\nAngle d&#8217;Obertura (\u00ba): 120\u00ba<br \/>\nEfic\u00e0cia Diode LED (Lm\/W): 120 Lm\/W<br \/>\nEfic\u00e0cia lluminosa (Lm\/W): 110 Lm\/W<br \/>\nDimable: NO<br \/>\nCertificats: CE &#8211; ROHS<br \/>\nGrau d&#8217;IP: IP20<br \/>\nVida Estimada Diode LED (H): 40.000<br \/>\nMides (mm): \u03a6 225mm<br \/>\nFreq\u00fc\u00e8ncia de Treball (Hz): 50\/60Hz<br \/>\nRang Temperatura (\u00baC): -20\u00b0C ~ +55\u00b0C<br \/>\nCicles d&#8217;encesos: 100.000<br \/>\nTemps d&#8217;arrencada (s): 0,2s<br \/>\nInformaci\u00f3 Addicional: Pes amb caixa: 530g<br \/>\nTall de Sostre (mm): \u03a6 205mm<br \/>\n\u00cdndex d&#8217;enlluernament (UGR): 19<br \/>\nDriver incl\u00f2s: SI<br \/>\nClasse Energ\u00e8tica (2021-UE-2019\/2015): A+<br \/>\nClasse Energ\u00e8tica (2023 &#8211; UE-2019\/2015): F<br \/>\nGarantia anys: 3<\/p>\n","protected":false},"featured_media":42167,"comment_status":"open","ping_status":"closed","template":"","meta":{"_acf_changed":false,"_seopress_robots_primary_cat":"5762","_seopress_titles_title":"%%post_title%%","_seopress_titles_desc":"%%post_excerpt%% %%_category_description%%","_seopress_robots_index":"","_et_pb_use_builder":"on","_et_pb_old_content":"<p style=\"text-align: justify\">Placa Slim LED Circular 18W - OSRAM XIP DURIS E 2835\r\nAquesta Placa LED Empotrable OSRAM Chip de 18W de pot\u00e8ncia, t\u00e9 un angle d'obertura de 120 \u00ba ideal per il\u00b7luminar tot tipus d'establiments comercials, tant a nivell particular com professional.<\/p>\r\n<p style=\"text-align: justify\">Est\u00e0 fabricada en alumini, cosa que contribueix a millorar la durabilitat de la llumin\u00e0ria. La gran efici\u00e8ncia lum\u00ednica ofereix un to de llum c\u00e0lid i acollidor.<\/p>\r\n<p style=\"text-align: justify\">Gr\u00e0cies al seu disseny modern i atractiu disposar\u00e0s de diferents tipus de decoraci\u00f3.<\/p>\r\n<p style=\"text-align: justify\">Alt nivell de reproducci\u00f3 crom\u00e0tica. alt nivell IRC.<\/p>\r\n<p style=\"text-align: justify\">Totes les Downlights Slim LED s\u00f3n d'encesa instant\u00e0nia, cosa que permet aprofitar la seva il\u00b7luminaci\u00f3 des del primer moment.<\/p>\r\n<p style=\"text-align: justify\">El disseny d'aquest tipus de panell permet instal\u00b7lar-lo en superf\u00edcies de poca profunditat, a m\u00e9s t\u00e9 unes Pestanyes de fixaci\u00f3 instal\u00b7lades a la Placa per estalviar temps a la seva instal\u00b7laci\u00f3.\r\nPaneles laterales<\/p>\r\n<img src=\"https:\/\/www.factorled.com\/img\/cms\/imagen%20presentacion%20producto\/DESCRIP%20LARGA%201.jpg\" \/>\r\n\r\n<img src=\"https:\/\/www.factorled.com\/img\/cms\/imagen%20presentacion%20producto\/DESCRIP%20LARGA.jpg\" \/>","_et_gb_content_width":"","jetpack_post_was_ever_published":false},"product_brand":[],"product_cat":[5762],"product_tag":[5280],"class_list":{"0":"post-51560","1":"product","2":"type-product","3":"status-publish","4":"has-post-thumbnail","6":"product_cat-tall-de-sostre-mm-o205mm","7":"product_tag-placa-slim-led-circular-osram-xip-duris-e-2835","8":"product_shipping_class-enviament-factor","9":"pa_cantitat-100-unitats","10":"pa_cantitat-20-unitats","11":"pa_cantitat-500-unitats","12":"pa_temperatura-de-color-4000k","13":"pa_temperatura-de-color-6000k","15":"first","16":"onbackorder","17":"taxable","18":"shipping-taxable","19":"purchasable","20":"product-type-variable"},"acf":[],"jetpack_likes_enabled":true,"jetpack_sharing_enabled":true,"tiered_pricing_type":"fixed","tiered_pricing_fixed_rules":[],"tiered_pricing_product_settings":{"layout":"default","base_unit_name":{"singular":null,"plural":null},"default_variation":null},"tiered_pricing_minimum_quantity":null,"tiered_pricing_roles_data":[],"tiered_pricing_percentage_rules":[],"_links":{"self":[{"href":"https:\/\/www.grupsagaro.net\/index.php?rest_route=\/wp\/v2\/product\/51560","targetHints":{"allow":["GET"]}}],"collection":[{"href":"https:\/\/www.grupsagaro.net\/index.php?rest_route=\/wp\/v2\/product"}],"about":[{"href":"https:\/\/www.grupsagaro.net\/index.php?rest_route=\/wp\/v2\/types\/product"}],"replies":[{"embeddable":true,"href":"https:\/\/www.grupsagaro.net\/index.php?rest_route=%2Fwp%2Fv2%2Fcomments&post=51560"}],"wp:featuredmedia":[{"embeddable":true,"href":"https:\/\/www.grupsagaro.net\/index.php?rest_route=\/wp\/v2\/media\/42167"}],"wp:attachment":[{"href":"https:\/\/www.grupsagaro.net\/index.php?rest_route=%2Fwp%2Fv2%2Fmedia&parent=51560"}],"wp:term":[{"taxonomy":"product_brand","embeddable":true,"href":"https:\/\/www.grupsagaro.net\/index.php?rest_route=%2Fwp%2Fv2%2Fproduct_brand&post=51560"},{"taxonomy":"product_cat","embeddable":true,"href":"https:\/\/www.grupsagaro.net\/index.php?rest_route=%2Fwp%2Fv2%2Fproduct_cat&post=51560"},{"taxonomy":"product_tag","embeddable":true,"href":"https:\/\/www.grupsagaro.net\/index.php?rest_route=%2Fwp%2Fv2%2Fproduct_tag&post=51560"}],"curies":[{"name":"wp","href":"https:\/\/api.w.org\/{rel}","templated":true}]}}