{"id":51377,"date":"2023-03-22T18:37:13","date_gmt":"2023-03-22T16:37:13","guid":{"rendered":"https:\/\/www.grupsagaro.net\/?post_type=product&#038;p=51377"},"modified":"2024-10-07T09:47:28","modified_gmt":"2024-10-07T07:47:28","slug":"bombeta-led-filament-e14-c35-4w-ambre","status":"publish","type":"product","link":"https:\/\/www.grupsagaro.net\/?product=bombeta-led-filament-e14-c35-4w-ambre","title":{"rendered":"Bombilla Filamento LED E14 4W 470 lm C35 Vela Gold 2200k"},"content":{"rendered":"<p>[et_pb_section fb_built=\u00bb1&#8243; _builder_version=\u00bb4.16&#8243; custom_padding=\u00bb0px||||false|false\u00bb global_colors_info=\u00bb{}\u00bb][et_pb_row _builder_version=\u00bb4.16&#8243; background_size=\u00bbinitial\u00bb background_position=\u00bbtop_left\u00bb background_repeat=\u00bbrepeat\u00bb width=\u00bb100%\u00bb custom_padding=\u00bb0px||0px||false|false\u00bb global_colors_info=\u00bb{}\u00bb][et_pb_column type=\u00bb4_4&#8243; _builder_version=\u00bb4.16&#8243; custom_padding=\u00bb|||\u00bb global_colors_info=\u00bb{}\u00bb custom_padding__hover=\u00bb|||\u00bb][et_pb_wc_breadcrumb _builder_version=\u00bb4.16&#8243; global_colors_info=\u00bb{}\u00bb][\/et_pb_wc_breadcrumb][et_pb_wc_cart_notice _builder_version=\u00bb4.16&#8243; global_colors_info=\u00bb{}\u00bb][\/et_pb_wc_cart_notice][et_pb_wc_cart_notice _builder_version=\u00bb4.16&#8243; global_colors_info=\u00bb{}\u00bb][\/et_pb_wc_cart_notice][\/et_pb_column][\/et_pb_row][et_pb_row column_structure=\u00bb1_2,1_2&#8243; _builder_version=\u00bb4.16&#8243; background_size=\u00bbinitial\u00bb background_position=\u00bbtop_left\u00bb background_repeat=\u00bbrepeat\u00bb width=\u00bb100%\u00bb custom_padding=\u00bb0px||||false|false\u00bb global_colors_info=\u00bb{}\u00bb][et_pb_column type=\u00bb1_2&#8243; _builder_version=\u00bb4.16&#8243; custom_padding=\u00bb|||\u00bb global_colors_info=\u00bb{}\u00bb custom_padding__hover=\u00bb|||\u00bb][et_pb_wc_images _builder_version=\u00bb4.16&#8243; global_colors_info=\u00bb{}\u00bb][\/et_pb_wc_images][\/et_pb_column][et_pb_column type=\u00bb1_2&#8243; _builder_version=\u00bb4.16&#8243; custom_padding=\u00bb|||\u00bb global_colors_info=\u00bb{}\u00bb custom_padding__hover=\u00bb|||\u00bb][et_pb_wc_title _builder_version=\u00bb4.16&#8243; global_colors_info=\u00bb{}\u00bb][\/et_pb_wc_title][et_pb_wc_rating _builder_version=\u00bb4.16&#8243; global_colors_info=\u00bb{}\u00bb][\/et_pb_wc_rating][et_pb_wc_price _builder_version=\u00bb4.16&#8243; global_colors_info=\u00bb{}\u00bb][\/et_pb_wc_price][et_pb_text _builder_version=\u00bb4.20.2&#8243; _dynamic_attributes=\u00bbcontent\u00bb _module_preset=\u00bbdefault\u00bb text_font=\u00bb|700|||||||\u00bb text_text_color=\u00bb#0C71C3&#8243; text_orientation=\u00bbcenter\u00bb global_colors_info=\u00bb{}\u00bb]@ET-DC@eyJkeW5hbWljIjp0cnVlLCJjb250ZW50IjoiY3VzdG9tX21ldGFfY2FwYWNpdGF0OiIsInNldHRpbmdzIjp7ImJlZm9yZSI6IiIsImFmdGVyIjoiIiwiZW5hYmxlX2h0bWwiOiJvZmYifX0=@[\/et_pb_text][et_pb_wc_description _builder_version=\u00bb4.16&#8243; global_colors_info=\u00bb{}\u00bb][\/et_pb_wc_description][et_pb_wc_add_to_cart _builder_version=\u00bb4.16&#8243; global_colors_info=\u00bb{}\u00bb][\/et_pb_wc_add_to_cart][et_pb_wc_meta _builder_version=\u00bb4.16&#8243; global_colors_info=\u00bb{}\u00bb][\/et_pb_wc_meta][\/et_pb_column][\/et_pb_row][et_pb_row _builder_version=\u00bb4.16&#8243; background_size=\u00bbinitial\u00bb background_position=\u00bbtop_left\u00bb background_repeat=\u00bbrepeat\u00bb width=\u00bb100%\u00bb global_colors_info=\u00bb{}\u00bb][et_pb_column type=\u00bb4_4&#8243; _builder_version=\u00bb4.16&#8243; custom_padding=\u00bb|||\u00bb global_colors_info=\u00bb{}\u00bb custom_padding__hover=\u00bb|||\u00bb][et_pb_wc_tabs _builder_version=\u00bb4.16&#8243; global_colors_info=\u00bb{}\u00bb] [\/et_pb_wc_tabs][et_pb_wc_upsells _builder_version=\u00bb4.16&#8243; global_colors_info=\u00bb{}\u00bb][\/et_pb_wc_upsells][et_pb_wc_related_products posts_number=\u00bb6&#8243; _builder_version=\u00bb4.22.2&#8243; product_title_font_size=\u00bb14px\u00bb global_colors_info=\u00bb{}\u00bb][\/et_pb_wc_related_products][\/et_pb_column][\/et_pb_row][\/et_pb_section]<\/p>\n","protected":false},"excerpt":{"rendered":"<p style=\"text-align: center;\">POT\u00c8NCIA: 4 W<br \/>\nTENSI\u00d3: 220-240V AC<br \/>\nFREQ\u00dc\u00c8NCIA: 50-60 Hz<br \/>\nCASQUET: E14<br \/>\n\u00cdNDEX REP. CROM\u00c0TICA (CRI): 80<br \/>\nLLUMINOSITAT: 470 lm<br \/>\nEFICI\u00c8NCIA LUM\u00cdNICA: 117 lm\/W<br \/>\nEFICI\u00c8NCIA ENERG\u00c8TICA 2023 (UE-2019\/2015): E<br \/>\nANGLE D&#8217;OBERTURA: 300\u00b0<br \/>\n\u00daS: Interior<br \/>\nPROTECCI\u00d3 IP: IP20<br \/>\nMATERIAL: Cristall<br \/>\nDIMENSIONS: \u00d835&#215;97 mm<br \/>\nALT: 97 mm<br \/>\nDI\u00c0METRE: \u00d835 mm<br \/>\nT\u00aa AMBIENT TREBALL: -20\u00b0C ~ +40\u00b0C<br \/>\nVIDA \u00daTIL: 40.000 Hores<br \/>\nGARANTIA: 3 Anys<br \/>\nCERTIFICATS: UKCA, CE &amp; RoHS<\/p>\n","protected":false},"featured_media":51381,"comment_status":"open","ping_status":"closed","template":"","meta":{"_acf_changed":false,"_seopress_robots_primary_cat":"458","_seopress_titles_title":"%%post_title%%","_seopress_titles_desc":"%%post_excerpt%% %%tagline%%","_seopress_robots_index":"","_et_pb_use_builder":"on","_et_pb_old_content":"La Bombeta Filament LED E14 4W 470 lm C35 Vela amb acabat daurat \u00e9s una elecci\u00f3 ideal per actualitzar les nostres bombetes sense perdre l'est\u00e8tica retro, especialment dissenyada en una forma de vela.\r\n\r\nEls filaments que componen la seva font de llum ofereixen una lluminositat de 470 l\u00famens, cosa que \u00e9s m\u00e9s que suficient per reempla\u00e7ar les bombetes incandescents de fins a 40W. La llum que emet es distribueix de manera molt uniforme amb un angle d'obertura de 360\u00ba, fet que la fa excel\u00b7lent per a la il\u00b7luminaci\u00f3 general.\r\n\r\nAquesta bombeta est\u00e0 fabricada amb vidre resistent, cosa que no nom\u00e9s proporciona una major durabilitat, sin\u00f3 que tamb\u00e9 ens permet estalviar en la compra de noves bombetes, ja que no cal reempla\u00e7ar-les amb tanta freq\u00fc\u00e8ncia a causa de la seva llarga vida \u00fatil.\r\n\r\nL\u00b4acabat daurat de la Bombeta Filament LED E14 4W 470 lm C35 Vela afegeix un toc d\u00b4eleg\u00e0ncia i sofisticaci\u00f3 al\u00b4est\u00e8tica retro d\u00b4aquesta bombeta, convertint-la en una elecci\u00f3 estilitzada i funcional per a les teves necessitats d\u00b4il\u00b7luminaci\u00f3.","_et_gb_content_width":"","jetpack_post_was_ever_published":false},"product_brand":[],"product_cat":[458],"product_tag":[5808],"class_list":{"0":"post-51377","1":"product","2":"type-product","3":"status-publish","4":"has-post-thumbnail","6":"product_cat-bombeta-filament-c35","7":"product_tag-bombeta-filament","8":"product_shipping_class-enviament-efecto","10":"first","11":"outofstock","12":"taxable","13":"shipping-taxable","14":"purchasable","15":"product-type-simple"},"acf":[],"jetpack_likes_enabled":true,"jetpack_sharing_enabled":true,"tiered_pricing_type":"fixed","tiered_pricing_fixed_rules":[],"tiered_pricing_product_settings":{"layout":"default","base_unit_name":{"singular":null,"plural":null},"default_variation":null},"tiered_pricing_minimum_quantity":null,"tiered_pricing_roles_data":[],"tiered_pricing_percentage_rules":[],"_links":{"self":[{"href":"https:\/\/www.grupsagaro.net\/index.php?rest_route=\/wp\/v2\/product\/51377","targetHints":{"allow":["GET"]}}],"collection":[{"href":"https:\/\/www.grupsagaro.net\/index.php?rest_route=\/wp\/v2\/product"}],"about":[{"href":"https:\/\/www.grupsagaro.net\/index.php?rest_route=\/wp\/v2\/types\/product"}],"replies":[{"embeddable":true,"href":"https:\/\/www.grupsagaro.net\/index.php?rest_route=%2Fwp%2Fv2%2Fcomments&post=51377"}],"wp:featuredmedia":[{"embeddable":true,"href":"https:\/\/www.grupsagaro.net\/index.php?rest_route=\/wp\/v2\/media\/51381"}],"wp:attachment":[{"href":"https:\/\/www.grupsagaro.net\/index.php?rest_route=%2Fwp%2Fv2%2Fmedia&parent=51377"}],"wp:term":[{"taxonomy":"product_brand","embeddable":true,"href":"https:\/\/www.grupsagaro.net\/index.php?rest_route=%2Fwp%2Fv2%2Fproduct_brand&post=51377"},{"taxonomy":"product_cat","embeddable":true,"href":"https:\/\/www.grupsagaro.net\/index.php?rest_route=%2Fwp%2Fv2%2Fproduct_cat&post=51377"},{"taxonomy":"product_tag","embeddable":true,"href":"https:\/\/www.grupsagaro.net\/index.php?rest_route=%2Fwp%2Fv2%2Fproduct_tag&post=51377"}],"curies":[{"name":"wp","href":"https:\/\/api.w.org\/{rel}","templated":true}]}}