{"id":50676,"date":"2023-01-26T09:48:46","date_gmt":"2023-01-26T07:48:46","guid":{"rendered":"https:\/\/www.grupsagaro.net\/?post_type=product&#038;p=50676"},"modified":"2025-02-07T16:45:41","modified_gmt":"2025-02-07T14:45:41","slug":"projector-led-xip-osram-150w-3000k-regulable-napoli-2","status":"publish","type":"product","link":"https:\/\/www.grupsagaro.net\/?product=projector-led-xip-osram-150w-3000k-regulable-napoli-2","title":{"rendered":"Projector Led Xip Osram 150W 3000k Regulable Napoli"},"content":{"rendered":"<p>[et_pb_section fb_built=\u00bb1&#8243; _builder_version=\u00bb4.16&#8243; custom_padding=\u00bb0px||||false|false\u00bb global_colors_info=\u00bb{}\u00bb][et_pb_row _builder_version=\u00bb4.16&#8243; background_size=\u00bbinitial\u00bb background_position=\u00bbtop_left\u00bb background_repeat=\u00bbrepeat\u00bb width=\u00bb100%\u00bb custom_padding=\u00bb0px||0px||false|false\u00bb global_colors_info=\u00bb{}\u00bb][et_pb_column type=\u00bb4_4&#8243; _builder_version=\u00bb4.16&#8243; custom_padding=\u00bb|||\u00bb global_colors_info=\u00bb{}\u00bb custom_padding__hover=\u00bb|||\u00bb][et_pb_wc_breadcrumb _builder_version=\u00bb4.16&#8243; body_font=\u00bb|600|||||||\u00bb global_colors_info=\u00bb{}\u00bb][\/et_pb_wc_breadcrumb][et_pb_wc_cart_notice _builder_version=\u00bb4.16&#8243; global_colors_info=\u00bb{}\u00bb][\/et_pb_wc_cart_notice][\/et_pb_column][\/et_pb_row][et_pb_row column_structure=\u00bb1_2,1_2&#8243; _builder_version=\u00bb4.16&#8243; background_size=\u00bbinitial\u00bb background_position=\u00bbtop_left\u00bb background_repeat=\u00bbrepeat\u00bb width=\u00bb100%\u00bb custom_padding=\u00bb0px||||false|false\u00bb global_colors_info=\u00bb{}\u00bb][et_pb_column type=\u00bb1_2&#8243; _builder_version=\u00bb4.16&#8243; custom_padding=\u00bb|||\u00bb global_colors_info=\u00bb{}\u00bb custom_padding__hover=\u00bb|||\u00bb][et_pb_wc_images _builder_version=\u00bb4.16&#8243; global_colors_info=\u00bb{}\u00bb][\/et_pb_wc_images][\/et_pb_column][et_pb_column type=\u00bb1_2&#8243; _builder_version=\u00bb4.16&#8243; custom_padding=\u00bb|||\u00bb global_colors_info=\u00bb{}\u00bb custom_padding__hover=\u00bb|||\u00bb][et_pb_wc_title _builder_version=\u00bb4.16&#8243; global_colors_info=\u00bb{}\u00bb][\/et_pb_wc_title][et_pb_wc_rating _builder_version=\u00bb4.16&#8243; global_colors_info=\u00bb{}\u00bb][\/et_pb_wc_rating][et_pb_wc_price _builder_version=\u00bb4.16&#8243; global_colors_info=\u00bb{}\u00bb][\/et_pb_wc_price][et_pb_text _builder_version=\u00bb4.23.1&#8243; _dynamic_attributes=\u00bbcontent\u00bb _module_preset=\u00bbdefault\u00bb text_font=\u00bb|700|||||||\u00bb text_font_size=\u00bb20px\u00bb text_orientation=\u00bbcenter\u00bb global_colors_info=\u00bb{}\u00bb]@ET-DC@eyJkeW5hbWljIjp0cnVlLCJjb250ZW50IjoiY3VzdG9tX21ldGFfY2FwYWNpdGF0OiIsInNldHRpbmdzIjp7ImJlZm9yZSI6IiIsImFmdGVyIjoiIiwiZW5hYmxlX2h0bWwiOiJvZmYifX0=@[\/et_pb_text][et_pb_wc_description _builder_version=\u00bb4.16&#8243; global_colors_info=\u00bb{}\u00bb][\/et_pb_wc_description][et_pb_wc_add_to_cart _builder_version=\u00bb4.16&#8243; global_colors_info=\u00bb{}\u00bb][\/et_pb_wc_add_to_cart][et_pb_wc_meta _builder_version=\u00bb4.16&#8243; global_colors_info=\u00bb{}\u00bb][\/et_pb_wc_meta][\/et_pb_column][\/et_pb_row][et_pb_row _builder_version=\u00bb4.16&#8243; background_size=\u00bbinitial\u00bb background_position=\u00bbtop_left\u00bb background_repeat=\u00bbrepeat\u00bb width=\u00bb100%\u00bb global_colors_info=\u00bb{}\u00bb][et_pb_column type=\u00bb4_4&#8243; _builder_version=\u00bb4.16&#8243; custom_padding=\u00bb|||\u00bb global_colors_info=\u00bb{}\u00bb custom_padding__hover=\u00bb|||\u00bb][et_pb_wc_tabs _builder_version=\u00bb4.16&#8243; global_colors_info=\u00bb{}\u00bb] [\/et_pb_wc_tabs][et_pb_wc_upsells posts_number=\u00bb9&#8243; _builder_version=\u00bb4.16&#8243; global_colors_info=\u00bb{}\u00bb][\/et_pb_wc_upsells][et_pb_wc_related_products posts_number=\u00bb6&#8243; _builder_version=\u00bb4.16&#8243; product_title_font_size=\u00bb14px\u00bb global_colors_info=\u00bb{}\u00bb][\/et_pb_wc_related_products][\/et_pb_column][\/et_pb_row][\/et_pb_section]<\/p>\n","protected":false},"excerpt":{"rendered":"","protected":false},"featured_media":20205,"comment_status":"open","ping_status":"closed","template":"","meta":{"_acf_changed":false,"_seopress_robots_primary_cat":"30","_seopress_titles_title":"%%post_title%%","_seopress_titles_desc":"%%post_excerpt%% %%_category_description%%","_seopress_robots_index":"","_et_pb_use_builder":"on","_et_pb_old_content":"<p style=\"text-align: justify\">Watts 150 Font de llum d'Osram Acabat negre Lluminositat 21000 Angle 120\u00ba Vida \u00fatil 50000 Protecci\u00f3 IP65 Alimentaci\u00f3 180-265V AC Dimensi\u00f3 229.6X33X267.2H mm Material d'alumini\/vidre CRI 80 Tr\u00edquia dimmable Garantia 3 [button link=\"https:\/\/youtu.be\/t3N4QdpBhe0\" newwindow=\"yes\"] VIDEO[\/button]<\/p>","_et_gb_content_width":"","jetpack_post_was_ever_published":false},"product_brand":[],"product_cat":[30],"product_tag":[5330,4172],"class_list":{"0":"post-50676","1":"product","2":"type-product","3":"status-publish","4":"has-post-thumbnail","6":"product_cat-projector-led-rgb-sensor-de-moviment","7":"product_tag-projector-led-connector-de-corrent-150w","8":"product_tag-projector-led-xip-osram-napoli","9":"product_shipping_class-enviament-ledme","11":"first","12":"onbackorder","13":"taxable","14":"shipping-taxable","15":"purchasable","16":"product-type-simple"},"acf":[],"jetpack_likes_enabled":true,"jetpack_sharing_enabled":true,"tiered_pricing_type":"fixed","tiered_pricing_fixed_rules":[],"tiered_pricing_product_settings":{"layout":"default","base_unit_name":{"singular":null,"plural":null},"default_variation":null},"tiered_pricing_minimum_quantity":null,"tiered_pricing_roles_data":[],"tiered_pricing_percentage_rules":[],"_links":{"self":[{"href":"https:\/\/www.grupsagaro.net\/index.php?rest_route=\/wp\/v2\/product\/50676","targetHints":{"allow":["GET"]}}],"collection":[{"href":"https:\/\/www.grupsagaro.net\/index.php?rest_route=\/wp\/v2\/product"}],"about":[{"href":"https:\/\/www.grupsagaro.net\/index.php?rest_route=\/wp\/v2\/types\/product"}],"replies":[{"embeddable":true,"href":"https:\/\/www.grupsagaro.net\/index.php?rest_route=%2Fwp%2Fv2%2Fcomments&post=50676"}],"wp:featuredmedia":[{"embeddable":true,"href":"https:\/\/www.grupsagaro.net\/index.php?rest_route=\/wp\/v2\/media\/20205"}],"wp:attachment":[{"href":"https:\/\/www.grupsagaro.net\/index.php?rest_route=%2Fwp%2Fv2%2Fmedia&parent=50676"}],"wp:term":[{"taxonomy":"product_brand","embeddable":true,"href":"https:\/\/www.grupsagaro.net\/index.php?rest_route=%2Fwp%2Fv2%2Fproduct_brand&post=50676"},{"taxonomy":"product_cat","embeddable":true,"href":"https:\/\/www.grupsagaro.net\/index.php?rest_route=%2Fwp%2Fv2%2Fproduct_cat&post=50676"},{"taxonomy":"product_tag","embeddable":true,"href":"https:\/\/www.grupsagaro.net\/index.php?rest_route=%2Fwp%2Fv2%2Fproduct_tag&post=50676"}],"curies":[{"name":"wp","href":"https:\/\/api.w.org\/{rel}","templated":true}]}}