{"id":50577,"date":"2023-01-24T17:46:55","date_gmt":"2023-01-24T15:46:55","guid":{"rendered":"https:\/\/www.grupsagaro.net\/?post_type=product&#038;p=50577"},"modified":"2023-01-24T17:49:29","modified_gmt":"2023-01-24T15:49:29","slug":"brother-dcpl2550dn-impresora-multifuncion-laser-monocromo-34ppm-duplex","status":"publish","type":"product","link":"https:\/\/www.grupsagaro.net\/?product=brother-dcpl2550dn-impresora-multifuncion-laser-monocromo-34ppm-duplex","title":{"rendered":"Brother DCPL2550DN Impresora Multifuncion Laser Monocromo 34ppm Duplex"},"content":{"rendered":"<p>[et_pb_section fb_built=\u00bb1&#8243; _builder_version=\u00bb4.16&#8243; custom_padding=\u00bb0px||||false|false\u00bb global_colors_info=\u00bb{}\u00bb][et_pb_row _builder_version=\u00bb4.16&#8243; background_size=\u00bbinitial\u00bb background_position=\u00bbtop_left\u00bb background_repeat=\u00bbrepeat\u00bb width=\u00bb100%\u00bb custom_padding=\u00bb0px||0px||false|false\u00bb global_colors_info=\u00bb{}\u00bb][et_pb_column type=\u00bb4_4&#8243; _builder_version=\u00bb4.16&#8243; custom_padding=\u00bb|||\u00bb global_colors_info=\u00bb{}\u00bb custom_padding__hover=\u00bb|||\u00bb][et_pb_wc_breadcrumb _builder_version=\u00bb4.16&#8243; global_colors_info=\u00bb{}\u00bb][\/et_pb_wc_breadcrumb][et_pb_wc_cart_notice _builder_version=\u00bb4.16&#8243; global_colors_info=\u00bb{}\u00bb][\/et_pb_wc_cart_notice][\/et_pb_column][\/et_pb_row][et_pb_row column_structure=\u00bb1_2,1_2&#8243; _builder_version=\u00bb4.16&#8243; background_size=\u00bbinitial\u00bb background_position=\u00bbtop_left\u00bb background_repeat=\u00bbrepeat\u00bb width=\u00bb100%\u00bb custom_padding=\u00bb0px||||false|false\u00bb global_colors_info=\u00bb{}\u00bb][et_pb_column type=\u00bb1_2&#8243; _builder_version=\u00bb4.16&#8243; custom_padding=\u00bb|||\u00bb global_colors_info=\u00bb{}\u00bb custom_padding__hover=\u00bb|||\u00bb][et_pb_wc_images _builder_version=\u00bb4.16&#8243; global_colors_info=\u00bb{}\u00bb][\/et_pb_wc_images][\/et_pb_column][et_pb_column type=\u00bb1_2&#8243; _builder_version=\u00bb4.16&#8243; custom_padding=\u00bb|||\u00bb global_colors_info=\u00bb{}\u00bb custom_padding__hover=\u00bb|||\u00bb][et_pb_wc_title _builder_version=\u00bb4.16&#8243; global_colors_info=\u00bb{}\u00bb][\/et_pb_wc_title][et_pb_wc_rating _builder_version=\u00bb4.16&#8243; global_colors_info=\u00bb{}\u00bb][\/et_pb_wc_rating][et_pb_wc_price _builder_version=\u00bb4.16&#8243; global_colors_info=\u00bb{}\u00bb][\/et_pb_wc_price][et_pb_wc_description _builder_version=\u00bb4.19.4&#8243; text_orientation=\u00bbcenter\u00bb global_colors_info=\u00bb{}\u00bb][\/et_pb_wc_description][et_pb_wc_add_to_cart _builder_version=\u00bb4.16&#8243; global_colors_info=\u00bb{}\u00bb][\/et_pb_wc_add_to_cart][et_pb_wc_meta _builder_version=\u00bb4.16&#8243; global_colors_info=\u00bb{}\u00bb][\/et_pb_wc_meta][\/et_pb_column][\/et_pb_row][et_pb_row _builder_version=\u00bb4.16&#8243; background_size=\u00bbinitial\u00bb background_position=\u00bbtop_left\u00bb background_repeat=\u00bbrepeat\u00bb width=\u00bb100%\u00bb global_colors_info=\u00bb{}\u00bb][et_pb_column type=\u00bb4_4&#8243; _builder_version=\u00bb4.16&#8243; custom_padding=\u00bb|||\u00bb global_colors_info=\u00bb{}\u00bb custom_padding__hover=\u00bb|||\u00bb][et_pb_wc_tabs _builder_version=\u00bb4.16&#8243; global_colors_info=\u00bb{}\u00bb]\t\t\t\t\t[\/et_pb_wc_tabs][et_pb_wc_upsells _builder_version=\u00bb4.16&#8243; global_colors_info=\u00bb{}\u00bb][\/et_pb_wc_upsells][et_pb_wc_related_products posts_number=\u00bb9&#8243; orderby=\u00bbprice\u00bb _builder_version=\u00bb4.19.4&#8243; product_title_font_size=\u00bb14px\u00bb global_colors_info=\u00bb{}\u00bb][\/et_pb_wc_related_products][\/et_pb_column][\/et_pb_row][\/et_pb_section]<\/p>\n","protected":false},"excerpt":{"rendered":"<p>Impressora 3 en 1 (impressora, copiadora i esc\u00e0ner) amb alimentador autom\u00e0tic de documents per estalviar temps en els treballs de c\u00f2pia i escanejat.<\/p>\n<p>Caracter\u00edstiques:<\/p>\n<p>\u2022 Velocitat d&#8217;impressi\u00f3 i c\u00f2pia fins a 34ppm<br \/>\n\u2022 Impressi\u00f3 autom\u00e0tica a doble cara<br \/>\n\u2022 PCL6 \/BR-Script3 \/ PDF versi\u00f3 1.7<br \/>\n\u2022 Xarxa cablejada i connexi\u00f3 m\u00f2bil<br \/>\n\u2022 Inclou t\u00f2ner amb capacitat per a 1.200 p\u00e0gines<br \/>\n\u2022 T\u00f2ner XL de 3.000 p\u00e0gines<\/p>\n<p>Especificacions:<\/p>\n<p>\u2022 General<br \/>\no Tipus d&#8217;impressora Monocrom<br \/>\no Functions Imprimir, C\u00f2pia i escanejat<br \/>\no Pantalla Pantalla LCD<br \/>\no Classificaci\u00f3 de l\u00e0ser Producte Laser Classe 1 (IEC60825-1:2007)<br \/>\no Grand\u00e0ria m\u00e0xima del paper A4<br \/>\no Mem\u00f2ria 128MB<br \/>\no Processador 600MHz<br \/>\no Tecnologia L\u00e0ser<br \/>\n\u2022 Connectivitat<br \/>\no Connectivitat Xarxa cablejada<br \/>\no Interf\u00edcie local USB 2.0 Hi-Speed<br \/>\no NFC No<br \/>\no Interf\u00edcie de xarxa cablejada Ethernet 10Base-T\/100Base-TX<br \/>\n\u2022 Connectivitat m\u00f2bil<br \/>\no Compatible AirPrint, Google Cloud Print, iPrint&amp;Scan, Mopria, Brother Print Service Plugin per a Android<br \/>\n\u2022 C\u00f2pia<br \/>\no C\u00f2pia a doble cara autom\u00e0tica No<br \/>\no Resoluci\u00f3 Fins a 600 x 600 ppp<br \/>\no Velocitat Fins a 34 cpm<br \/>\no R\u00e0tio d&#8217;ampliaci\u00f3\/reducci\u00f3 Redueix o amplia documents des del 25% al 400% en increments de l&#8217;1%<br \/>\no C\u00f2pia N en 1 S\u00ed<br \/>\n\u2022 Dimensions i pesos<br \/>\no Amb caixa 580 (An) x 517 (F) x 434 (Al) mm<br \/>\no Amb caixa 14.4 kg<br \/>\no Sense caixa 410 (An) x 398.5 (F) x 318.5 (Al) mm<br \/>\no Pes 11.6 kg<br \/>\n\u2022 Consum d&#8217;energia<br \/>\no Funcionament 475 watts<br \/>\no Mode silenci\u00f3s 260 watts<br \/>\no Mode llista 42 watts<br \/>\no Hibernaci\u00f3 0.9 watts<br \/>\no Apagat 0.03 watts<br \/>\no Estalvi d&#8217;energia S\u00ed<br \/>\no Nivell de pot\u00e8ncia sonora 6.59 dB<br \/>\no Nivell de pressi\u00f3 sonora 49 dBA<br \/>\no Estalvi de t\u00f2ner S\u00ed<br \/>\no Consum el\u00e8ctric 1.348 Vats<br \/>\n\u2022 Medi Ambient<br \/>\no Humitat de funcionament 20 &#8211; 80 %<br \/>\no Temperatura de funcionament 10 &#8211; 32\u00ba<br \/>\no Humitat d&#8217;emmagatzematge 35-85%<br \/>\no Temperatura d&#8217;emmagatzematge 0-40\u00ba<br \/>\n\u2022 Medi Ambient<br \/>\no Certificaci\u00f3 mediambiental Blue Angel S\u00ed<br \/>\no Acreditaci\u00f3 mediambiental Energy Star S\u00ed<br \/>\n\u2022 Inclou<br \/>\no Contingut Cartutx de t\u00f2ner, tambor, cable d&#8217;alimentaci\u00f3 el\u00e8ctrica, programari i controladors per a Windows\u00ae, guia de configuraci\u00f3 r\u00e0pida. Cable de connexi\u00f3 al PC no incl\u00f2s<br \/>\n\u2022 Especificacions dels suports<br \/>\no Tipus i gramatges Safata est\u00e0ndard: A4, Letter, A5, A5(costat llarg), A6, Executive. Ranura manual: Ample (76,2mm a 215,9mm) x Llarg (127mm a 355,6mm) Sobres (COM-10, DL, C5, Monarca). D\u00faplex: A4. ADF: Ample (105-215,9mm) \/ Llarg (147,3-355,6mm)<br \/>\no Grand\u00e0ries Safata est\u00e0ndard: Normal, fi, gruixut i reciclat (60 &#8211; 163g\/m2). Ranura manual: Normal, fi, gruixut, reciclat, bond, etiquetes i sobres (60 &#8211; 230g\/m2) D\u00faplex: Normal, fi i reciclat (60 &#8211; 105g\/m2). ADF: Normal i reciclat (60 &#8211; 105g\/m2)<br \/>\n\u2022 Xarxa<br \/>\no Xarxa cablejada Ethernet 10Base-T\/100Base-TX<br \/>\no Seguretat de xarxa cablejada SMTP-AUTH, SSL\/TLS (SMTP, HTTP, IPP), SNMP v3<br \/>\n\u2022 Sistemes operatius i programari<br \/>\no Programari incl\u00f2s &#8211; Mac MacOS 10.10.5 o superior<br \/>\no Compatible Windows\u00ae 10 (32 &amp; 64 bit), Windows\u00ae 8.1 (32 &amp; 64 bit), Windows\u00ae 8 (32 &amp; 64 bit), Windows\u00ae 7(32 &amp; 64 bit), Windows\u00ae Server 2016, 2012, 2012R2 , 2008 &amp; 2008R2<br \/>\n\u2022 Maneig de paper<br \/>\no Entrada de paper Safata de 250 fulls. Ranura manual d&#8217;1 full<br \/>\no Sortida de paper Cara baix &#8211; 120 fulls. Cara amunt (sortida directa del paper) &#8211; 1 full<br \/>\no Capacitat de paper de la safata est\u00e0ndard 250 fulls<br \/>\n\u2022 Impressi\u00f3<br \/>\no Velocitat d&#8217;impressi\u00f3 A4 Fins a 34 p\u00e0gines per minut<br \/>\no Resoluci\u00f3 600 x 600 ppp \/ 1.200 x 1.200 ppp\/ HQ1200 (2.400 x 600 ppp)<br \/>\no Velocitat d&#8217;impressi\u00f3 monocrom a doble cara A4 Fins a 8 p\u00e0gines per minut<br \/>\no Velocitat d&#8217;impressi\u00f3 monocrom A4 34 p\u00e0gines per minut<br \/>\no Impressi\u00f3 autom\u00e0tica a doble cara S\u00ed<br \/>\no Temps d&#8217;impressi\u00f3 1a p\u00e0gina Menys de 8.5 segons<br \/>\no Volum mensual recomanat Fins a 2.000 impressions mensuals<br \/>\n\u2022 Escanejat<br \/>\no Escanejat a doble cara autom\u00e0tic No<br \/>\no Resoluci\u00f3 Des del vidre &#8211; fins a 1.200 x 1.200ppp. Des de l&#8217;ADF \u2013 fins a 600 x 600ppp<br \/>\no Escaneja a E-mail, OCR, imatge, arxiu i SharePoint<br \/>\no Velocitat 22,5\/7,5 ipm A4 (mono\/color)<br \/>\no Tipus d&#8217;esc\u00e0ner CIS<br \/>\n\u2022 Funcions de seguretat<br \/>\no Filtre d&#8217;IP S\u00ed<br \/>\n\u2022 Solucions<br \/>\no Compatible AirPrint, Android Print Service Plugin, Google Cloud Print, iPrint&amp;Scan, Mopria.<br \/>\n\u2022 Consumibles i accessoris<br \/>\no T\u00f2ner de llarga durada T\u00f2ner negre (TN2420) &#8211; 3.000 p\u00e0gines<br \/>\no T\u00f2ner incl\u00f2s T\u00f2ner negre &#8211; 1.200 p\u00e0gines<br \/>\no T\u00f2ner est\u00e0ndard T\u00f2ner negre (TN2410) &#8211; 1.200 p\u00e0gines<br \/>\no Consumibles Tambor (DR2400): Aprox. 12.000 p\u00e0gines<\/p>\n","protected":false},"featured_media":50578,"comment_status":"open","ping_status":"closed","template":"","meta":{"_acf_changed":false,"_seopress_robots_primary_cat":"5326","_seopress_titles_title":"%%post_title%%","_seopress_titles_desc":"%%post_excerpt%% %%tagline%%","_seopress_robots_index":"","_et_pb_use_builder":"on","_et_pb_old_content":"","_et_gb_content_width":"","jetpack_post_was_ever_published":false},"product_brand":[],"product_cat":[5326],"product_tag":[],"class_list":{"0":"post-50577","1":"product","2":"type-product","3":"status-publish","4":"has-post-thumbnail","6":"product_cat-multifuncions-laser","7":"product_shipping_class-enviament-muchocartucho","9":"first","10":"onbackorder","11":"taxable","12":"shipping-taxable","13":"purchasable","14":"product-type-simple"},"acf":[],"jetpack_likes_enabled":true,"jetpack_sharing_enabled":true,"tiered_pricing_type":"fixed","tiered_pricing_fixed_rules":[],"tiered_pricing_product_settings":{"layout":"default","base_unit_name":{"singular":null,"plural":null},"default_variation":null},"tiered_pricing_minimum_quantity":null,"tiered_pricing_roles_data":[],"tiered_pricing_percentage_rules":[],"_links":{"self":[{"href":"https:\/\/www.grupsagaro.net\/index.php?rest_route=\/wp\/v2\/product\/50577","targetHints":{"allow":["GET"]}}],"collection":[{"href":"https:\/\/www.grupsagaro.net\/index.php?rest_route=\/wp\/v2\/product"}],"about":[{"href":"https:\/\/www.grupsagaro.net\/index.php?rest_route=\/wp\/v2\/types\/product"}],"replies":[{"embeddable":true,"href":"https:\/\/www.grupsagaro.net\/index.php?rest_route=%2Fwp%2Fv2%2Fcomments&post=50577"}],"wp:featuredmedia":[{"embeddable":true,"href":"https:\/\/www.grupsagaro.net\/index.php?rest_route=\/wp\/v2\/media\/50578"}],"wp:attachment":[{"href":"https:\/\/www.grupsagaro.net\/index.php?rest_route=%2Fwp%2Fv2%2Fmedia&parent=50577"}],"wp:term":[{"taxonomy":"product_brand","embeddable":true,"href":"https:\/\/www.grupsagaro.net\/index.php?rest_route=%2Fwp%2Fv2%2Fproduct_brand&post=50577"},{"taxonomy":"product_cat","embeddable":true,"href":"https:\/\/www.grupsagaro.net\/index.php?rest_route=%2Fwp%2Fv2%2Fproduct_cat&post=50577"},{"taxonomy":"product_tag","embeddable":true,"href":"https:\/\/www.grupsagaro.net\/index.php?rest_route=%2Fwp%2Fv2%2Fproduct_tag&post=50577"}],"curies":[{"name":"wp","href":"https:\/\/api.w.org\/{rel}","templated":true}]}}