{"id":5005,"date":"2020-03-17T06:44:19","date_gmt":"2020-03-17T04:44:19","guid":{"rendered":"https:\/\/www.grupsagaro.net\/?post_type=product&#038;p=5005"},"modified":"2024-05-09T08:53:51","modified_gmt":"2024-05-09T06:53:51","slug":"cable-amb-interruptor","status":"publish","type":"product","link":"https:\/\/www.grupsagaro.net\/?product=cable-amb-interruptor","title":{"rendered":"Cable amb Interruptor Negre"},"content":{"rendered":"<p>[et_pb_section fb_built=\u00bb1&#8243; _builder_version=\u00bb4.16&#8243; custom_padding=\u00bb0px||||false|false\u00bb global_colors_info=\u00bb{}\u00bb][et_pb_row _builder_version=\u00bb4.16&#8243; background_size=\u00bbinitial\u00bb background_position=\u00bbtop_left\u00bb background_repeat=\u00bbrepeat\u00bb width=\u00bb100%\u00bb custom_padding=\u00bb0px||0px||false|false\u00bb global_colors_info=\u00bb{}\u00bb][et_pb_column type=\u00bb4_4&#8243; _builder_version=\u00bb4.16&#8243; custom_padding=\u00bb|||\u00bb global_colors_info=\u00bb{}\u00bb custom_padding__hover=\u00bb|||\u00bb][et_pb_wc_breadcrumb _builder_version=\u00bb4.16&#8243; global_colors_info=\u00bb{}\u00bb][\/et_pb_wc_breadcrumb][et_pb_wc_cart_notice _builder_version=\u00bb4.16&#8243; global_colors_info=\u00bb{}\u00bb][\/et_pb_wc_cart_notice][\/et_pb_column][\/et_pb_row][et_pb_row column_structure=\u00bb1_2,1_2&#8243; _builder_version=\u00bb4.16&#8243; background_size=\u00bbinitial\u00bb background_position=\u00bbtop_left\u00bb background_repeat=\u00bbrepeat\u00bb width=\u00bb100%\u00bb custom_padding=\u00bb0px||||false|false\u00bb global_colors_info=\u00bb{}\u00bb][et_pb_column type=\u00bb1_2&#8243; _builder_version=\u00bb4.16&#8243; custom_padding=\u00bb|||\u00bb global_colors_info=\u00bb{}\u00bb custom_padding__hover=\u00bb|||\u00bb][et_pb_wc_images _builder_version=\u00bb4.16&#8243; global_colors_info=\u00bb{}\u00bb][\/et_pb_wc_images][\/et_pb_column][et_pb_column type=\u00bb1_2&#8243; _builder_version=\u00bb4.16&#8243; custom_padding=\u00bb|||\u00bb global_colors_info=\u00bb{}\u00bb custom_padding__hover=\u00bb|||\u00bb][et_pb_wc_title _builder_version=\u00bb4.16&#8243; global_colors_info=\u00bb{}\u00bb][\/et_pb_wc_title][et_pb_wc_rating _builder_version=\u00bb4.16&#8243; global_colors_info=\u00bb{}\u00bb][\/et_pb_wc_rating][et_pb_wc_price _builder_version=\u00bb4.16&#8243; global_colors_info=\u00bb{}\u00bb][\/et_pb_wc_price][et_pb_wc_description _builder_version=\u00bb4.16&#8243; global_colors_info=\u00bb{}\u00bb][\/et_pb_wc_description][et_pb_wc_add_to_cart _builder_version=\u00bb4.16&#8243; global_colors_info=\u00bb{}\u00bb][\/et_pb_wc_add_to_cart][et_pb_wc_meta _builder_version=\u00bb4.16&#8243; global_colors_info=\u00bb{}\u00bb][\/et_pb_wc_meta][\/et_pb_column][\/et_pb_row][et_pb_row _builder_version=\u00bb4.16&#8243; background_size=\u00bbinitial\u00bb background_position=\u00bbtop_left\u00bb background_repeat=\u00bbrepeat\u00bb width=\u00bb100%\u00bb global_colors_info=\u00bb{}\u00bb][et_pb_column type=\u00bb4_4&#8243; _builder_version=\u00bb4.16&#8243; custom_padding=\u00bb|||\u00bb global_colors_info=\u00bb{}\u00bb custom_padding__hover=\u00bb|||\u00bb][et_pb_wc_tabs _builder_version=\u00bb4.16&#8243; global_colors_info=\u00bb{}\u00bb]\t\t\t\t\t[\/et_pb_wc_tabs][et_pb_wc_upsells _builder_version=\u00bb4.16&#8243; global_colors_info=\u00bb{}\u00bb][\/et_pb_wc_upsells][et_pb_wc_related_products posts_number=\u00bb9&#8243; _builder_version=\u00bb4.16&#8243; product_title_font_size=\u00bb14px\u00bb global_colors_info=\u00bb{}\u00bb][\/et_pb_wc_related_products][\/et_pb_column][\/et_pb_row][\/et_pb_section]<\/p>\n","protected":false},"excerpt":{"rendered":"<div class=\"row spec_cans\">\n<h1>Caracter\u00edsticas<\/h1>\n<ul>\n<li class=\"col-md-4 col-xs-4 \">Color\uff1aNegro<\/li>\n<li class=\"col-md-4 col-xs-4 \">Funci\u00f3n del producto\uff1aCon el interruptor ;Con protecci\u00f3n infantil<\/li>\n<\/ul>\n<\/div>\n<div class=\"row spec_cans\">\n<h1>Especificaci\u00f3n<\/h1>\n<ul>\n<li class=\"col-md-4 col-xs-4 \">Cable\uff1aH05VV-F 2X0.75mm\u00b2<\/li>\n<li class=\"col-md-4 col-xs-4 \">Longitud de cable\uff1a1.5m<\/li>\n<\/ul>\n<\/div>\n<div class=\"row spec_cans\">\n<h1>Potencia<\/h1>\n<ul>\n<li class=\"col-md-4 col-xs-4\">Max 1500W<\/li>\n<\/ul>\n<\/div>\n","protected":false},"featured_media":5006,"comment_status":"open","ping_status":"closed","template":"","meta":{"_acf_changed":false,"_seopress_robots_primary_cat":"4452","_seopress_titles_title":"%%post_title%%","_seopress_titles_desc":"%%post_excerpt%% %%_category_description%%","_seopress_robots_index":"","_et_pb_use_builder":"on","_et_pb_old_content":"<div class=\"row\">\r\n<div class=\"col-md-6 miaosubox\">\r\n<div class=\"col-sm-4 col-md-4 col-ss-12 tedi\"><img src=\"http:\/\/arc.nobleza.eu\/goodimg\/original\/201707\/fec5a778552eeb8df59ee988d5744b38.jpg\" \/><\/div>\r\n<div class=\"col-sm-8 col-md-8 col-ss-12 lights\">\r\n<div class=\"light lightleft\">\r\n<h1>Bot\u00f3n de alta calidad<\/h1>\r\nEl interruptor es de PC, seguro, duradero y sensible al tacto.\r\n\r\n<\/div>\r\n<\/div>\r\n<\/div>\r\n<div class=\"col-md-6 miaosubox\">\r\n<div class=\"col-sm-4 col-md-4 col-ss-12 tedi\"><img src=\"http:\/\/arc.nobleza.eu\/goodimg\/original\/201508\/e202d81d65a5d729688df2709b65113b.png\" \/><\/div>\r\n<div class=\"col-sm-8 col-md-8 col-ss-12 lights\">\r\n<div class=\"light lightleft\">\r\n<h1>Protecci\u00f3n para ni\u00f1os para prevenir descargas el\u00e9ctricas<\/h1>\r\nCada conector tiene una puerta de seguridad independiente, evita de manera efectiva la inserci\u00f3n de los dedos de los ni\u00f1os u objetos met\u00e1licos, reduce el riesgo de descarga el\u00e9ctrica y protege completamente a los ni\u00f1os.\r\n\r\n<\/div>\r\n<\/div>\r\n<\/div>\r\n<\/div>\r\n<div><\/div>\r\n<div class=\"row\">\r\n<div class=\"col-md-6 miaosubox\">\r\n<div class=\"col-sm-4 col-md-4 col-ss-12 tedi\"><img src=\"http:\/\/arc.nobleza.eu\/goodimg\/original\/201508\/cdca64593af20aea959da5da5df423e0.png\" \/><\/div>\r\n<div class=\"col-sm-8 col-md-8 col-ss-12 lights\">\r\n<div class=\"light lightleft\">\r\n<h1>Duradero<\/h1>\r\nEficacia garantizada durante 5000 usos\r\n\r\n<\/div>\r\n<\/div>\r\n<\/div>\r\n<div class=\"col-md-6 miaosubox\">\r\n<div class=\"col-sm-4 col-md-4 col-ss-12 tedi\"><img src=\"http:\/\/arc.nobleza.eu\/goodimg\/original\/201508\/e0c7ad1e2a489c02b706747150c988f0.png\" \/><\/div>\r\n<div class=\"col-sm-8 col-md-8 col-ss-12 lights\">\r\n<div class=\"light lightleft\">\r\n<h1>Enchufe con pl\u00e1stico de alta resistencia<\/h1>\r\nResiste la m\u00e1xima torsi\u00f3n sin resentirse y se adapta a lo m\u00e1s altos est\u00e1ndares europeos.\r\n\r\n<\/div>\r\n<\/div>\r\n<\/div>\r\n<\/div>\r\n<div><\/div>\r\n<div class=\"row\">\r\n<div class=\"col-md-6 miaosubox\">\r\n<div class=\"col-sm-4 col-md-4 col-ss-12 tedi\"><img src=\"http:\/\/arc.nobleza.eu\/goodimg\/original\/201508\/03e9f46854ec542c5da9f4f246d59e60.png\" \/><\/div>\r\n<div class=\"col-sm-8 col-md-8 col-ss-12 lights\">\r\n<div class=\"light lightleft\">\r\n<h1>Rigurosos certificados europeos asegurando su seguridad, calidad, resistencia y rendimiento,<\/h1>\r\nAlta calidad que cuenta con tres n\u00facleos de cobre, cada uno cuenta por lo menos 32 hilos, buena conductividad el\u00e9ctrica de las cables, no sobrecalienta, con el fin de cumplir con el uso prolongado.\r\n\r\n<\/div>\r\n<\/div>\r\n<\/div>\r\n<\/div>","_et_gb_content_width":"","jetpack_post_was_ever_published":false},"product_brand":[],"product_cat":[4452],"product_tag":[351],"class_list":{"0":"post-5005","1":"product","2":"type-product","3":"status-publish","4":"has-post-thumbnail","6":"product_cat-adaptador-i-cables-corrent","7":"product_tag-cable-amb-interruptor","9":"first","10":"outofstock","11":"taxable","12":"shipping-taxable","13":"purchasable","14":"product-type-simple"},"acf":[],"jetpack_likes_enabled":true,"jetpack_sharing_enabled":true,"tiered_pricing_type":"fixed","tiered_pricing_fixed_rules":[],"tiered_pricing_product_settings":{"layout":"default","base_unit_name":{"singular":null,"plural":null},"default_variation":null},"tiered_pricing_minimum_quantity":null,"tiered_pricing_roles_data":[],"tiered_pricing_percentage_rules":[],"_links":{"self":[{"href":"https:\/\/www.grupsagaro.net\/index.php?rest_route=\/wp\/v2\/product\/5005","targetHints":{"allow":["GET"]}}],"collection":[{"href":"https:\/\/www.grupsagaro.net\/index.php?rest_route=\/wp\/v2\/product"}],"about":[{"href":"https:\/\/www.grupsagaro.net\/index.php?rest_route=\/wp\/v2\/types\/product"}],"replies":[{"embeddable":true,"href":"https:\/\/www.grupsagaro.net\/index.php?rest_route=%2Fwp%2Fv2%2Fcomments&post=5005"}],"wp:featuredmedia":[{"embeddable":true,"href":"https:\/\/www.grupsagaro.net\/index.php?rest_route=\/wp\/v2\/media\/5006"}],"wp:attachment":[{"href":"https:\/\/www.grupsagaro.net\/index.php?rest_route=%2Fwp%2Fv2%2Fmedia&parent=5005"}],"wp:term":[{"taxonomy":"product_brand","embeddable":true,"href":"https:\/\/www.grupsagaro.net\/index.php?rest_route=%2Fwp%2Fv2%2Fproduct_brand&post=5005"},{"taxonomy":"product_cat","embeddable":true,"href":"https:\/\/www.grupsagaro.net\/index.php?rest_route=%2Fwp%2Fv2%2Fproduct_cat&post=5005"},{"taxonomy":"product_tag","embeddable":true,"href":"https:\/\/www.grupsagaro.net\/index.php?rest_route=%2Fwp%2Fv2%2Fproduct_tag&post=5005"}],"curies":[{"name":"wp","href":"https:\/\/api.w.org\/{rel}","templated":true}]}}