{"id":4737,"date":"2020-03-10T16:15:15","date_gmt":"2020-03-10T14:15:15","guid":{"rendered":"https:\/\/www.grupsagaro.net\/?post_type=product&#038;p=4737"},"modified":"2024-05-09T08:55:41","modified_gmt":"2024-05-09T06:55:41","slug":"bombeta-led-filament-g80-6w-vidre-ambar-2700k","status":"publish","type":"product","link":"https:\/\/www.grupsagaro.net\/?product=bombeta-led-filament-g80-6w-vidre-ambar-2700k","title":{"rendered":"Bombeta Led Filament G80 6W Vidre Ambar 2200k"},"content":{"rendered":"<p>[et_pb_section fb_built=\u00bb1&#8243; _builder_version=\u00bb4.16&#8243; custom_padding=\u00bb0px||||false|false\u00bb global_colors_info=\u00bb{}\u00bb][et_pb_row _builder_version=\u00bb4.16&#8243; background_size=\u00bbinitial\u00bb background_position=\u00bbtop_left\u00bb background_repeat=\u00bbrepeat\u00bb width=\u00bb100%\u00bb custom_padding=\u00bb0px||0px||false|false\u00bb global_colors_info=\u00bb{}\u00bb][et_pb_column type=\u00bb4_4&#8243; _builder_version=\u00bb4.16&#8243; custom_padding=\u00bb|||\u00bb global_colors_info=\u00bb{}\u00bb custom_padding__hover=\u00bb|||\u00bb][et_pb_wc_breadcrumb _builder_version=\u00bb4.16&#8243; body_font=\u00bb|600|||||||\u00bb global_colors_info=\u00bb{}\u00bb][\/et_pb_wc_breadcrumb][et_pb_wc_cart_notice _builder_version=\u00bb4.16&#8243; global_colors_info=\u00bb{}\u00bb][\/et_pb_wc_cart_notice][\/et_pb_column][\/et_pb_row][et_pb_row column_structure=\u00bb1_2,1_2&#8243; _builder_version=\u00bb4.16&#8243; background_size=\u00bbinitial\u00bb background_position=\u00bbtop_left\u00bb background_repeat=\u00bbrepeat\u00bb width=\u00bb100%\u00bb custom_padding=\u00bb0px||||false|false\u00bb global_colors_info=\u00bb{}\u00bb][et_pb_column type=\u00bb1_2&#8243; _builder_version=\u00bb4.16&#8243; custom_padding=\u00bb|||\u00bb global_colors_info=\u00bb{}\u00bb custom_padding__hover=\u00bb|||\u00bb][et_pb_wc_images _builder_version=\u00bb4.16&#8243; global_colors_info=\u00bb{}\u00bb][\/et_pb_wc_images][\/et_pb_column][et_pb_column type=\u00bb1_2&#8243; _builder_version=\u00bb4.16&#8243; custom_padding=\u00bb|||\u00bb global_colors_info=\u00bb{}\u00bb custom_padding__hover=\u00bb|||\u00bb][et_pb_wc_title _builder_version=\u00bb4.16&#8243; global_colors_info=\u00bb{}\u00bb][\/et_pb_wc_title][et_pb_wc_rating _builder_version=\u00bb4.16&#8243; global_colors_info=\u00bb{}\u00bb][\/et_pb_wc_rating][et_pb_wc_price _builder_version=\u00bb4.16&#8243; global_colors_info=\u00bb{}\u00bb][\/et_pb_wc_price][et_pb_text _builder_version=\u00bb4.22.2&#8243; _dynamic_attributes=\u00bbcontent\u00bb _module_preset=\u00bbdefault\u00bb hover_enabled=\u00bb0&#8243; global_colors_info=\u00bb{}\u00bb text_text_color=\u00bb#000000&#8243; text_font=\u00bb|700|||||||\u00bb text_orientation=\u00bbcenter\u00bb sticky_enabled=\u00bb0&#8243;]@ET-DC@eyJkeW5hbWljIjp0cnVlLCJjb250ZW50IjoiY3VzdG9tX21ldGFfY2FwYWNpdGF0OiIsInNldHRpbmdzIjp7ImJlZm9yZSI6IiIsImFmdGVyIjoiIiwiZW5hYmxlX2h0bWwiOiJvZmYifX0=@[\/et_pb_text][et_pb_wc_description _builder_version=\u00bb4.16&#8243; global_colors_info=\u00bb{}\u00bb][\/et_pb_wc_description][et_pb_wc_add_to_cart _builder_version=\u00bb4.16&#8243; global_colors_info=\u00bb{}\u00bb][\/et_pb_wc_add_to_cart][et_pb_wc_meta _builder_version=\u00bb4.16&#8243; global_colors_info=\u00bb{}\u00bb][\/et_pb_wc_meta][\/et_pb_column][\/et_pb_row][et_pb_row _builder_version=\u00bb4.16&#8243; background_size=\u00bbinitial\u00bb background_position=\u00bbtop_left\u00bb background_repeat=\u00bbrepeat\u00bb width=\u00bb100%\u00bb global_colors_info=\u00bb{}\u00bb][et_pb_column type=\u00bb4_4&#8243; _builder_version=\u00bb4.16&#8243; custom_padding=\u00bb|||\u00bb global_colors_info=\u00bb{}\u00bb custom_padding__hover=\u00bb|||\u00bb][et_pb_wc_tabs _builder_version=\u00bb4.16&#8243; global_colors_info=\u00bb{}\u00bb]\t\t\t\t\t[\/et_pb_wc_tabs][et_pb_wc_upsells _builder_version=\u00bb4.16&#8243; global_colors_info=\u00bb{}\u00bb][\/et_pb_wc_upsells][et_pb_wc_related_products posts_number=\u00bb6&#8243; _builder_version=\u00bb4.16&#8243; product_title_font_size=\u00bb14px\u00bb global_colors_info=\u00bb{}\u00bb][\/et_pb_wc_related_products][\/et_pb_column][\/et_pb_row][\/et_pb_section]<\/p>\n","protected":false},"excerpt":{"rendered":"<p style=\"text-align: center;\">caracter\u00edstiques<br \/>\nColor\uff1aambre Model : G80 Color de la llum\uff1aLuz C\u00e0lida Descripci\u00f3 producte\uff1aForma del llum de filament tradicional &amp; xip LED ; Llum tridimensional de 360 graus; paquet de distribuci\u00f3<br \/>\nEspecificacions<br \/>\ntipus\uff1aBombeta de filament.Mida : D80*H120mmCasquillo\uff1aE27<br \/>\nPar\u00e0metres t\u00e8cnics<br \/>\nPot\u00e8ncia m\u00e0xima : 6WVoltatge\uff1a220 &#8211; 240V Corrent : 35mA Freq\u00fc\u00e8ncia\uff1a50 \/ 60 HzTCC : 2200K Cabal llumin\u00f3s : 550lmIRC : \u2265 80raPF : \uff1e0.5 Angle de feix\uff1a3 0 :0 0:0 en bombeta incandescent\uff1a45WIEE : A +<br \/>\nAplicaci\u00f3 de medi ambient<br \/>\nEntorn d&#8217;\u00fas\uff1aInterior Temperatura: &#8211; 10 \u2103 ~ 40 \u2103<br \/>\nVida<br \/>\nVida \u00fatil: 25000 H. Freq\u00fc\u00e8ncia de commutaci\u00f3: 12.500<br \/>\nMaterials principals<br \/>\nCristall<\/p>\n","protected":false},"featured_media":51351,"comment_status":"open","ping_status":"closed","template":"","meta":{"_acf_changed":false,"_seopress_robots_primary_cat":"461","_seopress_titles_title":"%%post_title%%","_seopress_titles_desc":"%%post_excerpt%% %%_category_description%%","_seopress_robots_index":"","_et_pb_use_builder":"on","_et_pb_old_content":"<p style=\"text-align: left\"><strong>Aparen\u00e7a cl\u00e0ssica, decoraci\u00f3 amb estil<\/strong>\r\nEl llum de filament cl\u00e0ssic evoluciona amb els anys, aportant llum a la innovaci\u00f3. Forma tradicional, elegant i bonica, per conservar l'aparen\u00e7a de la l\u00e0mpada de filament i la seva eleg\u00e0ncia, adaptant-se a l'est\u00e8tica d'aquesta era. Disseny cuidat per a una decoraci\u00f3 que s'adapti a les diferents formes i textures<\/p>\r\n<img src=\"https:\/\/aigo-oss-mall.oss-accelerate.aliyuncs.com\/b2b\/goods\/images\/1465160445970223111_1638359109381_769.jpg\" \/>\r\n\r\nAlta efici\u00e8ncia lluminosa, alta reproducci\u00f3 crom\u00e0tica\r\nXip LED brillant d'alta qualitat, utilitza la tecnologia de dispensador, \u00edndex de reproducci\u00f3 crom\u00e0tica\uff1e80Ra, ofereix una millor experi\u00e8ncia visual als clients.\r\n\r\n<img src=\"https:\/\/aigo-oss-mall.oss-accelerate.aliyuncs.com\/b2b\/goods\/images\/1465160445970223111_1638359109484_579.jpg\" \/>\r\n\r\nBarra de llum LED tridimensional\r\nLlum tridimensional de 360 graus que no deixa \u00e0rees fosques, efecte d'il\u00b7luminaci\u00f3 de l\u00e0mpada incandescent, satisf\u00e0 la necessitat d'il\u00b7luminaci\u00f3 tridimensional del client, d\u00f3na una millor experi\u00e8ncia visual.\r\n\r\n<img src=\"https:\/\/aigo-oss-mall.oss-accelerate.aliyuncs.com\/b2b\/goods\/images\/1465160445970223111_1638359109586_344.jpg\" \/>\r\n\r\nIl\u00b7luminaci\u00f3 d'alta qualitat\r\nPantalla de vidre de gran transpar\u00e8ncia i qualitat, alta velocitat de transmissi\u00f3, il\u00b7luminaci\u00f3 m\u00e9s uniforme, crea una il\u00b7luminaci\u00f3 natural.\r\n\r\n<img src=\"https:\/\/aigo-oss-mall.oss-accelerate.aliyuncs.com\/b2b\/goods\/images\/1465160445970223111_1638359109685_586.jpg\" \/>\r\n\r\nfont de llum estable\r\nSense t\u00edtol, usant una font d'alimentaci\u00f3 de corrent constant, sempre de corrent, gran capacitat antiinterfer\u00e8ncies.\r\n\r\n<img src=\"https:\/\/aigo-oss-mall.oss-accelerate.aliyuncs.com\/b2b\/goods\/images\/1465160445970223111_1638359109774_083.jpg\" \/>\r\n\r\nEstalvi d'energia i reducci\u00f3 de consum.\r\nDisseny destalvi energ\u00e8tic, baix consum amb alt nivell de brillantor. El consum energ\u00e8tic equival a una desena part del consum d'un llum incandescent tradicional, per estalviar diners sense preocupacions.\r\n\r\n<img src=\"https:\/\/aigo-oss-mall.oss-accelerate.aliyuncs.com\/b2b\/goods\/images\/1465160445970223111_1638359109860_012.jpg\" \/>\r\n\r\nAmpli rang d'aplicaci\u00f3\r\n\u00c0mpliament utilitzat en il\u00b7luminaci\u00f3 familiar, hotelera, de bar i altres fonts de llum interior, \u00e9s una altra font de llum alternativa ideal, com a llum de sostre, de paret, de taula i de peu.\r\n\r\n<img src=\"https:\/\/aigo-oss-mall.oss-accelerate.aliyuncs.com\/b2b\/goods\/images\/1465160445970223111_1638359109951_552.jpg\" \/>","_et_gb_content_width":"","jetpack_post_was_ever_published":false},"product_brand":[],"product_cat":[461],"product_tag":[755],"class_list":{"0":"post-4737","1":"product","2":"type-product","3":"status-publish","4":"has-post-thumbnail","6":"product_cat-bombeta-filament-g80","7":"product_tag-bombeta-led-vintage","8":"product_shipping_class-enviament-ledme","10":"first","11":"outofstock","12":"taxable","13":"shipping-taxable","14":"purchasable","15":"product-type-simple"},"acf":[],"jetpack_likes_enabled":true,"jetpack_sharing_enabled":true,"tiered_pricing_type":"fixed","tiered_pricing_fixed_rules":[],"tiered_pricing_product_settings":{"layout":"default","base_unit_name":{"singular":null,"plural":null},"default_variation":null},"tiered_pricing_minimum_quantity":null,"tiered_pricing_roles_data":[],"tiered_pricing_percentage_rules":[],"_links":{"self":[{"href":"https:\/\/www.grupsagaro.net\/index.php?rest_route=\/wp\/v2\/product\/4737","targetHints":{"allow":["GET"]}}],"collection":[{"href":"https:\/\/www.grupsagaro.net\/index.php?rest_route=\/wp\/v2\/product"}],"about":[{"href":"https:\/\/www.grupsagaro.net\/index.php?rest_route=\/wp\/v2\/types\/product"}],"replies":[{"embeddable":true,"href":"https:\/\/www.grupsagaro.net\/index.php?rest_route=%2Fwp%2Fv2%2Fcomments&post=4737"}],"wp:featuredmedia":[{"embeddable":true,"href":"https:\/\/www.grupsagaro.net\/index.php?rest_route=\/wp\/v2\/media\/51351"}],"wp:attachment":[{"href":"https:\/\/www.grupsagaro.net\/index.php?rest_route=%2Fwp%2Fv2%2Fmedia&parent=4737"}],"wp:term":[{"taxonomy":"product_brand","embeddable":true,"href":"https:\/\/www.grupsagaro.net\/index.php?rest_route=%2Fwp%2Fv2%2Fproduct_brand&post=4737"},{"taxonomy":"product_cat","embeddable":true,"href":"https:\/\/www.grupsagaro.net\/index.php?rest_route=%2Fwp%2Fv2%2Fproduct_cat&post=4737"},{"taxonomy":"product_tag","embeddable":true,"href":"https:\/\/www.grupsagaro.net\/index.php?rest_route=%2Fwp%2Fv2%2Fproduct_tag&post=4737"}],"curies":[{"name":"wp","href":"https:\/\/api.w.org\/{rel}","templated":true}]}}