{"id":44501,"date":"2022-10-27T09:59:48","date_gmt":"2022-10-27T07:59:48","guid":{"rendered":"https:\/\/www.grupsagaro.net\/?post_type=product&#038;p=44501"},"modified":"2023-01-16T11:42:47","modified_gmt":"2023-01-16T09:42:47","slug":"epson-114-botella-de-tinta-pigmentada-original","status":"publish","type":"product","link":"https:\/\/www.grupsagaro.net\/?product=epson-114-botella-de-tinta-pigmentada-original","title":{"rendered":"Epson 114 Botella de Tinta Pigmentada Original"},"content":{"rendered":"<p>[et_pb_section fb_built=\u00bb1&#8243; _builder_version=\u00bb4.16&#8243; custom_padding=\u00bb0px||||false|false\u00bb global_colors_info=\u00bb{}\u00bb][et_pb_row _builder_version=\u00bb4.16&#8243; background_size=\u00bbinitial\u00bb background_position=\u00bbtop_left\u00bb background_repeat=\u00bbrepeat\u00bb width=\u00bb100%\u00bb custom_padding=\u00bb0px||0px||false|false\u00bb global_colors_info=\u00bb{}\u00bb][et_pb_column type=\u00bb4_4&#8243; _builder_version=\u00bb4.16&#8243; custom_padding=\u00bb|||\u00bb global_colors_info=\u00bb{}\u00bb custom_padding__hover=\u00bb|||\u00bb][et_pb_wc_breadcrumb _builder_version=\u00bb4.18.0&#8243; body_font=\u00bb|600|||||||\u00bb global_colors_info=\u00bb{}\u00bb][\/et_pb_wc_breadcrumb][et_pb_wc_cart_notice _builder_version=\u00bb4.16&#8243; global_colors_info=\u00bb{}\u00bb][\/et_pb_wc_cart_notice][\/et_pb_column][\/et_pb_row][et_pb_row column_structure=\u00bb1_2,1_2&#8243; _builder_version=\u00bb4.16&#8243; background_size=\u00bbinitial\u00bb background_position=\u00bbtop_left\u00bb background_repeat=\u00bbrepeat\u00bb width=\u00bb100%\u00bb custom_padding=\u00bb0px||||false|false\u00bb global_colors_info=\u00bb{}\u00bb][et_pb_column type=\u00bb1_2&#8243; _builder_version=\u00bb4.16&#8243; custom_padding=\u00bb|||\u00bb global_colors_info=\u00bb{}\u00bb custom_padding__hover=\u00bb|||\u00bb][et_pb_wc_images _builder_version=\u00bb4.16&#8243; global_colors_info=\u00bb{}\u00bb][\/et_pb_wc_images][\/et_pb_column][et_pb_column type=\u00bb1_2&#8243; _builder_version=\u00bb4.16&#8243; custom_padding=\u00bb|||\u00bb global_colors_info=\u00bb{}\u00bb custom_padding__hover=\u00bb|||\u00bb][et_pb_wc_title _builder_version=\u00bb4.16&#8243; global_colors_info=\u00bb{}\u00bb][\/et_pb_wc_title][et_pb_wc_rating _builder_version=\u00bb4.16&#8243; global_colors_info=\u00bb{}\u00bb][\/et_pb_wc_rating][et_pb_wc_price _builder_version=\u00bb4.16&#8243; global_colors_info=\u00bb{}\u00bb][\/et_pb_wc_price][et_pb_text _builder_version=\u00bb4.18.0&#8243; _dynamic_attributes=\u00bbcontent\u00bb _module_preset=\u00bbdefault\u00bb text_font=\u00bb|600|||||||\u00bb text_text_color=\u00bb#7CDA24&#8243; text_font_size=\u00bb20px\u00bb text_orientation=\u00bbcenter\u00bb global_colors_info=\u00bb{}\u00bb]@ET-DC@eyJkeW5hbWljIjp0cnVlLCJjb250ZW50IjoiY3VzdG9tX21ldGFfY2FwYWNpdGF0OiIsInNldHRpbmdzIjp7ImJlZm9yZSI6IiIsImFmdGVyIjoiIiwiZW5hYmxlX2h0bWwiOiJvZmYifX0=@[\/et_pb_text][et_pb_wc_description _builder_version=\u00bb4.16&#8243; global_colors_info=\u00bb{}\u00bb][\/et_pb_wc_description][et_pb_wc_add_to_cart _builder_version=\u00bb4.16&#8243; global_colors_info=\u00bb{}\u00bb][\/et_pb_wc_add_to_cart][et_pb_wc_meta _builder_version=\u00bb4.16&#8243; global_colors_info=\u00bb{}\u00bb][\/et_pb_wc_meta][\/et_pb_column][\/et_pb_row][et_pb_row _builder_version=\u00bb4.16&#8243; background_size=\u00bbinitial\u00bb background_position=\u00bbtop_left\u00bb background_repeat=\u00bbrepeat\u00bb width=\u00bb100%\u00bb global_colors_info=\u00bb{}\u00bb][et_pb_column type=\u00bb4_4&#8243; _builder_version=\u00bb4.16&#8243; custom_padding=\u00bb|||\u00bb global_colors_info=\u00bb{}\u00bb custom_padding__hover=\u00bb|||\u00bb][et_pb_wc_tabs _builder_version=\u00bb4.16&#8243; global_colors_info=\u00bb{}\u00bb]\t\t\t\t\t[\/et_pb_wc_tabs][et_pb_wc_upsells _builder_version=\u00bb4.16&#8243; global_colors_info=\u00bb{}\u00bb][\/et_pb_wc_upsells][et_pb_wc_related_products _builder_version=\u00bb4.16&#8243; global_colors_info=\u00bb{}\u00bb][\/et_pb_wc_related_products][\/et_pb_column][\/et_pb_row][\/et_pb_section]<\/p>\n","protected":false},"excerpt":{"rendered":"<p>Compatibilidades: EcoTank ET-8500; EcoTank ET-8550; ET 8500; ET 8550.<\/p>\n","protected":false},"featured_media":44513,"comment_status":"open","ping_status":"closed","template":"","meta":{"_acf_changed":false,"_seopress_robots_primary_cat":"5175","_seopress_titles_title":"%%post_title%%","_seopress_titles_desc":"%%post_excerpt%% %%tagline%% ","_seopress_robots_index":"","_et_pb_use_builder":"on","_et_pb_old_content":"<p style=\"text-align: justify\">Presentem la tinta de 6 colors Claria ET Premium d'Epson. La nova tinta grisa aconsegueix fotos en blanc i negre excepcionals, i la tinta negra pigmentada garanteix textos n\u00edtids en imprimir documents a doble cara sobre paper normal; aquesta vers\u00e0til impressora cobreix totes les necessitats dimpressi\u00f3 a casa.<\/p>\r\n<p style=\"text-align: justify\">Impressi\u00f3 de baix cost\r\nBaix cost per p\u00e0gina gr\u00e0cies a l'innovador sistema sense cartutxos de les EcoTank, que utilitza ampolles per emplenar la tinta de forma neta i senzilla. Imprimeix fins a 2300 fotografies d'alta qualitat amb un sol joc d'ampolles de tinta\u00b9.<\/p>\r\n<p style=\"text-align: justify\">Fotos que duren generacions\r\nQueda't tranquil: les fotos impreses amb la tinta Claria ET Premium duraran fins a 300 anys en un \u00e0lbum de fotos.<\/p>\r\n<p style=\"text-align: justify\">L'article original\r\nGaudeix d\u00b4una impressi\u00f3 fiable i sense complicacions amb les tintes originals d\u00b4Epson. Invertim en exhaustives investigacions, en instal\u00b7lacions de producci\u00f3 d'alta tecnologia i fem que els nostres productes se sotmetin a proves rigoroses per oferir-te la millor qualitat. A m\u00e9s, les ampolles de tinta d'Epson s\u00f3n m\u00e9s f\u00e0cils de fer servir que mai gr\u00e0cies a un disseny de nova generaci\u00f3. Aquestes ampolles redissenyades faciliten la rec\u00e0rrega sense molestos i permeten que nom\u00e9s el color correcte s'introdueixi al dip\u00f2sit corresponent.<\/p>","_et_gb_content_width":"","jetpack_post_was_ever_published":false},"product_brand":[],"product_cat":[5175],"product_tag":[5176],"class_list":{"0":"post-44501","1":"product","2":"type-product","3":"status-publish","4":"has-post-thumbnail","6":"product_cat-epson-114","7":"product_tag-epson-114","8":"product_shipping_class-enviament-muchocartucho","9":"pa_toner-color-cyan","10":"pa_toner-color-gris","11":"pa_toner-color-magenta","12":"pa_toner-color-negre","13":"pa_toner-color-negre-photo","14":"pa_toner-color-yellow","16":"first","17":"onbackorder","18":"taxable","19":"shipping-taxable","20":"purchasable","21":"product-type-variable"},"acf":[],"jetpack_likes_enabled":true,"jetpack_sharing_enabled":true,"tiered_pricing_type":"fixed","tiered_pricing_fixed_rules":[],"tiered_pricing_product_settings":{"layout":"default","base_unit_name":{"singular":null,"plural":null},"default_variation":null},"tiered_pricing_minimum_quantity":null,"tiered_pricing_roles_data":[],"tiered_pricing_percentage_rules":[],"_links":{"self":[{"href":"https:\/\/www.grupsagaro.net\/index.php?rest_route=\/wp\/v2\/product\/44501","targetHints":{"allow":["GET"]}}],"collection":[{"href":"https:\/\/www.grupsagaro.net\/index.php?rest_route=\/wp\/v2\/product"}],"about":[{"href":"https:\/\/www.grupsagaro.net\/index.php?rest_route=\/wp\/v2\/types\/product"}],"replies":[{"embeddable":true,"href":"https:\/\/www.grupsagaro.net\/index.php?rest_route=%2Fwp%2Fv2%2Fcomments&post=44501"}],"wp:featuredmedia":[{"embeddable":true,"href":"https:\/\/www.grupsagaro.net\/index.php?rest_route=\/wp\/v2\/media\/44513"}],"wp:attachment":[{"href":"https:\/\/www.grupsagaro.net\/index.php?rest_route=%2Fwp%2Fv2%2Fmedia&parent=44501"}],"wp:term":[{"taxonomy":"product_brand","embeddable":true,"href":"https:\/\/www.grupsagaro.net\/index.php?rest_route=%2Fwp%2Fv2%2Fproduct_brand&post=44501"},{"taxonomy":"product_cat","embeddable":true,"href":"https:\/\/www.grupsagaro.net\/index.php?rest_route=%2Fwp%2Fv2%2Fproduct_cat&post=44501"},{"taxonomy":"product_tag","embeddable":true,"href":"https:\/\/www.grupsagaro.net\/index.php?rest_route=%2Fwp%2Fv2%2Fproduct_tag&post=44501"}],"curies":[{"name":"wp","href":"https:\/\/api.w.org\/{rel}","templated":true}]}}