{"id":41405,"date":"2022-08-18T10:24:31","date_gmt":"2022-08-18T08:24:31","guid":{"rendered":"https:\/\/www.grupsagaro.net\/?post_type=product&#038;p=41405"},"modified":"2023-04-14T09:42:55","modified_gmt":"2023-04-14T07:42:55","slug":"tp-link-chasis-bastidor-de-14-slots-2-ventiladores","status":"publish","type":"product","link":"https:\/\/www.grupsagaro.net\/?product=tp-link-chasis-bastidor-de-14-slots-2-ventiladores","title":{"rendered":"TP-Link Chasis Bastidor de 14 Slots &#8211; 2 Ventiladores"},"content":{"rendered":"<p>[et_pb_section fb_built=\u00bb1&#8243; _builder_version=\u00bb4.16&#8243; custom_padding=\u00bb0px||||false|false\u00bb global_colors_info=\u00bb{}\u00bb][et_pb_row _builder_version=\u00bb4.16&#8243; background_size=\u00bbinitial\u00bb background_position=\u00bbtop_left\u00bb background_repeat=\u00bbrepeat\u00bb width=\u00bb100%\u00bb custom_padding=\u00bb0px||0px||false|false\u00bb global_colors_info=\u00bb{}\u00bb][et_pb_column type=\u00bb4_4&#8243; _builder_version=\u00bb4.16&#8243; custom_padding=\u00bb|||\u00bb global_colors_info=\u00bb{}\u00bb custom_padding__hover=\u00bb|||\u00bb][et_pb_wc_breadcrumb _builder_version=\u00bb4.18.0&#8243; body_font=\u00bb|600|||||||\u00bb global_colors_info=\u00bb{}\u00bb][\/et_pb_wc_breadcrumb][et_pb_wc_cart_notice _builder_version=\u00bb4.16&#8243; global_colors_info=\u00bb{}\u00bb][\/et_pb_wc_cart_notice][\/et_pb_column][\/et_pb_row][et_pb_row column_structure=\u00bb1_2,1_2&#8243; _builder_version=\u00bb4.16&#8243; background_size=\u00bbinitial\u00bb background_position=\u00bbtop_left\u00bb background_repeat=\u00bbrepeat\u00bb width=\u00bb100%\u00bb custom_padding=\u00bb0px||||false|false\u00bb global_colors_info=\u00bb{}\u00bb][et_pb_column type=\u00bb1_2&#8243; _builder_version=\u00bb4.16&#8243; custom_padding=\u00bb|||\u00bb global_colors_info=\u00bb{}\u00bb custom_padding__hover=\u00bb|||\u00bb][et_pb_wc_images _builder_version=\u00bb4.16&#8243; global_colors_info=\u00bb{}\u00bb][\/et_pb_wc_images][\/et_pb_column][et_pb_column type=\u00bb1_2&#8243; _builder_version=\u00bb4.16&#8243; custom_padding=\u00bb|||\u00bb global_colors_info=\u00bb{}\u00bb custom_padding__hover=\u00bb|||\u00bb][et_pb_wc_title _builder_version=\u00bb4.16&#8243; global_colors_info=\u00bb{}\u00bb][\/et_pb_wc_title][et_pb_wc_rating _builder_version=\u00bb4.16&#8243; global_colors_info=\u00bb{}\u00bb][\/et_pb_wc_rating][et_pb_wc_price _builder_version=\u00bb4.16&#8243; global_colors_info=\u00bb{}\u00bb][\/et_pb_wc_price][et_pb_wc_description _builder_version=\u00bb4.16&#8243; global_colors_info=\u00bb{}\u00bb][\/et_pb_wc_description][et_pb_wc_add_to_cart _builder_version=\u00bb4.16&#8243; global_colors_info=\u00bb{}\u00bb][\/et_pb_wc_add_to_cart][et_pb_wc_meta _builder_version=\u00bb4.16&#8243; global_colors_info=\u00bb{}\u00bb][\/et_pb_wc_meta][\/et_pb_column][\/et_pb_row][et_pb_row _builder_version=\u00bb4.16&#8243; background_size=\u00bbinitial\u00bb background_position=\u00bbtop_left\u00bb background_repeat=\u00bbrepeat\u00bb width=\u00bb100%\u00bb global_colors_info=\u00bb{}\u00bb][et_pb_column type=\u00bb4_4&#8243; _builder_version=\u00bb4.16&#8243; custom_padding=\u00bb|||\u00bb global_colors_info=\u00bb{}\u00bb custom_padding__hover=\u00bb|||\u00bb][et_pb_wc_tabs _builder_version=\u00bb4.16&#8243; global_colors_info=\u00bb{}\u00bb]\t\t\t\t\t[\/et_pb_wc_tabs][et_pb_wc_upsells posts_number=\u00bb6&#8243; _builder_version=\u00bb4.18.0&#8243; global_colors_info=\u00bb{}\u00bb][\/et_pb_wc_upsells][et_pb_wc_related_products _builder_version=\u00bb4.18.0&#8243; product_title_font_size=\u00bb14px\u00bb global_colors_info=\u00bb{}\u00bb][\/et_pb_wc_related_products][\/et_pb_column][\/et_pb_row][\/et_pb_section]<\/p>\n","protected":false},"excerpt":{"rendered":"","protected":false},"featured_media":41407,"comment_status":"open","ping_status":"closed","template":"","meta":{"_acf_changed":false,"_seopress_robots_primary_cat":"4936","_seopress_titles_title":"%%post_title%%","_seopress_titles_desc":"%%post_excerpt%% %%_category_description%%","_seopress_robots_index":"","_et_pb_use_builder":"on","_et_pb_old_content":"Xass\u00eds bastidor de 14 slots\r\n<p style=\"text-align: justify\">Per qu\u00e8 serveix aquest producte?\r\nEl xass\u00eds bastidor de 14 slots TL-MC1400 est\u00e0 especialment dissenyat per allotjar 14 convertidors de mitjans de TP-LINK. Gr\u00e0cies a ell, podreu centralitzar el subministrament d'alimentaci\u00f3 i estalviar tant espai com cables d'alimentaci\u00f3. Un funcionament sense interrupcions \u00e9s crucial per a les comunicacions per fibra. Per aix\u00f2, el xass\u00eds est\u00e0 equipat amb una font d'alimentaci\u00f3 redundant opcional i permet la instal\u00b7laci\u00f3 i l'extracci\u00f3 dels convertidors i la font d'alimentaci\u00f3 sense necessitat d'apagar-lo. Addicionalment, per tal d'estabilitzar el rendiment i augmentar la vida \u00fatil de l'equip, el xass\u00eds incorpora dos ventiladors de refrigeraci\u00f3 a l'interior. El TL-MC1400, combinat amb la s\u00e8rie MC Gigabit\/Fast Ethernet de convertidors de mitjans, \u00e9s la soluci\u00f3 ideal per satisfer les necessitats de conversi\u00f3 de mitjans a la seva xarxa. *En relaci\u00f3 amb els convertidors de mitjans de TP-LINK, el TL-MC1400 suporta nom\u00e9s la versi\u00f3 2.0 dels equips TL-MCXXX, no la versi\u00f3 1.0<\/p>\r\nCaracter\u00edstiques:\r\n\r\n-14 badies per allotjar fins a 14 convertidors de mitjans.\r\n-Font dalimentaci\u00f3 redundant opcional: funcionament continu i fiable.\r\n-Intercanviable en calent: substituci\u00f3 r\u00e0pida i senzilla del convertidor i la font dalimentaci\u00f3.\r\n-Incorpora dos ventiladors per aconseguir una millor refrigeraci\u00f3.\r\n\r\nEspecificacions:\r\n\r\nCaracter\u00edstiques del maquinari:\r\n\r\n-Quantitat de Ventiladors: 2 Ventiladors\r\n\r\nCovertidor de Mitjans i M\u00f2dul:\r\n\r\n-Font d'Alimentaci\u00f3 AC: 100-240VAC, 50\/60Hz\r\n-Power Output: 14\u00d7 9VDC\/0.6A\r\n-Dimensions: (482 x 358 x 86mm)\r\n\r\nFactors Ambientals:\r\n\r\n-Temperatura de funcionament: 0\u2103~40\u2103 (32\u2109~104\u2109)\r\n-Temperatura d'emmagatzematge: -40\u2103~70\u2103 (-40\u2109~158\u2109)\r\n-Humitat de funcionament: 10%~90% sense condensaci\u00f3\r\n-Humitat d'emmagatzematge: 5%~90% sense condensaci\u00f3","_et_gb_content_width":"","jetpack_post_was_ever_published":false},"product_brand":[],"product_cat":[4936],"product_tag":[],"class_list":{"0":"post-41405","1":"product","2":"type-product","3":"status-publish","4":"has-post-thumbnail","6":"product_cat-convertidores-de-red","7":"product_shipping_class-enviament-muchocartucho","9":"first","10":"onbackorder","11":"taxable","12":"shipping-taxable","13":"purchasable","14":"product-type-simple"},"acf":[],"jetpack_likes_enabled":true,"jetpack_sharing_enabled":true,"tiered_pricing_type":"fixed","tiered_pricing_fixed_rules":[],"tiered_pricing_product_settings":{"layout":"default","base_unit_name":{"singular":null,"plural":null},"default_variation":null},"tiered_pricing_minimum_quantity":null,"tiered_pricing_roles_data":[],"tiered_pricing_percentage_rules":[],"_links":{"self":[{"href":"https:\/\/www.grupsagaro.net\/index.php?rest_route=\/wp\/v2\/product\/41405","targetHints":{"allow":["GET"]}}],"collection":[{"href":"https:\/\/www.grupsagaro.net\/index.php?rest_route=\/wp\/v2\/product"}],"about":[{"href":"https:\/\/www.grupsagaro.net\/index.php?rest_route=\/wp\/v2\/types\/product"}],"replies":[{"embeddable":true,"href":"https:\/\/www.grupsagaro.net\/index.php?rest_route=%2Fwp%2Fv2%2Fcomments&post=41405"}],"wp:featuredmedia":[{"embeddable":true,"href":"https:\/\/www.grupsagaro.net\/index.php?rest_route=\/wp\/v2\/media\/41407"}],"wp:attachment":[{"href":"https:\/\/www.grupsagaro.net\/index.php?rest_route=%2Fwp%2Fv2%2Fmedia&parent=41405"}],"wp:term":[{"taxonomy":"product_brand","embeddable":true,"href":"https:\/\/www.grupsagaro.net\/index.php?rest_route=%2Fwp%2Fv2%2Fproduct_brand&post=41405"},{"taxonomy":"product_cat","embeddable":true,"href":"https:\/\/www.grupsagaro.net\/index.php?rest_route=%2Fwp%2Fv2%2Fproduct_cat&post=41405"},{"taxonomy":"product_tag","embeddable":true,"href":"https:\/\/www.grupsagaro.net\/index.php?rest_route=%2Fwp%2Fv2%2Fproduct_tag&post=41405"}],"curies":[{"name":"wp","href":"https:\/\/api.w.org\/{rel}","templated":true}]}}