{"id":3914,"date":"2020-02-19T05:24:03","date_gmt":"2020-02-19T03:24:03","guid":{"rendered":"https:\/\/www.grupsagaro.net\/?post_type=product&#038;p=3914"},"modified":"2023-11-30T12:27:30","modified_gmt":"2023-11-30T10:27:30","slug":"projector-led-20w-ip65-4000k-2","status":"publish","type":"product","link":"https:\/\/www.grupsagaro.net\/?product=projector-led-20w-ip65-4000k-2","title":{"rendered":"Projector Led 20W IP65 4000k"},"content":{"rendered":"<p>[et_pb_section fb_built=\u00bb1&#8243; _builder_version=\u00bb4.16&#8243; custom_padding=\u00bb0px||||false|false\u00bb global_colors_info=\u00bb{}\u00bb][et_pb_row _builder_version=\u00bb4.16&#8243; background_size=\u00bbinitial\u00bb background_position=\u00bbtop_left\u00bb background_repeat=\u00bbrepeat\u00bb width=\u00bb100%\u00bb custom_padding=\u00bb0px||0px||false|false\u00bb global_colors_info=\u00bb{}\u00bb][et_pb_column type=\u00bb4_4&#8243; _builder_version=\u00bb4.16&#8243; custom_padding=\u00bb|||\u00bb global_colors_info=\u00bb{}\u00bb custom_padding__hover=\u00bb|||\u00bb][et_pb_wc_breadcrumb _builder_version=\u00bb4.16&#8243; body_font=\u00bb|600|||||||\u00bb global_colors_info=\u00bb{}\u00bb][\/et_pb_wc_breadcrumb][et_pb_wc_cart_notice _builder_version=\u00bb4.16&#8243; global_colors_info=\u00bb{}\u00bb][\/et_pb_wc_cart_notice][\/et_pb_column][\/et_pb_row][et_pb_row column_structure=\u00bb1_2,1_2&#8243; _builder_version=\u00bb4.16&#8243; background_size=\u00bbinitial\u00bb background_position=\u00bbtop_left\u00bb background_repeat=\u00bbrepeat\u00bb width=\u00bb100%\u00bb custom_padding=\u00bb0px||||false|false\u00bb global_colors_info=\u00bb{}\u00bb][et_pb_column type=\u00bb1_2&#8243; _builder_version=\u00bb4.16&#8243; custom_padding=\u00bb|||\u00bb global_colors_info=\u00bb{}\u00bb custom_padding__hover=\u00bb|||\u00bb][et_pb_wc_images _builder_version=\u00bb4.16&#8243; global_colors_info=\u00bb{}\u00bb][\/et_pb_wc_images][\/et_pb_column][et_pb_column type=\u00bb1_2&#8243; _builder_version=\u00bb4.16&#8243; custom_padding=\u00bb|||\u00bb global_colors_info=\u00bb{}\u00bb custom_padding__hover=\u00bb|||\u00bb][et_pb_wc_title _builder_version=\u00bb4.16&#8243; global_colors_info=\u00bb{}\u00bb][\/et_pb_wc_title][et_pb_wc_rating _builder_version=\u00bb4.16&#8243; global_colors_info=\u00bb{}\u00bb][\/et_pb_wc_rating][et_pb_wc_price _builder_version=\u00bb4.16&#8243; global_colors_info=\u00bb{}\u00bb][\/et_pb_wc_price][et_pb_text _builder_version=\u00bb4.23.1&#8243; _dynamic_attributes=\u00bbcontent\u00bb _module_preset=\u00bbdefault\u00bb hover_enabled=\u00bb0&#8243; global_colors_info=\u00bb{}\u00bb text_text_color=\u00bb#E02B20&#8243; text_font_size=\u00bb20px\u00bb text_orientation=\u00bbcenter\u00bb sticky_enabled=\u00bb0&#8243; text_font=\u00bb|700|||||||\u00bb]@ET-DC@eyJkeW5hbWljIjp0cnVlLCJjb250ZW50IjoiY3VzdG9tX21ldGFfY2FwYWNpdGF0OiIsInNldHRpbmdzIjp7ImJlZm9yZSI6IiIsImFmdGVyIjoiIiwiZW5hYmxlX2h0bWwiOiJvZmYifX0=@[\/et_pb_text][et_pb_wc_description _builder_version=\u00bb4.16&#8243; global_colors_info=\u00bb{}\u00bb][\/et_pb_wc_description][et_pb_wc_add_to_cart _builder_version=\u00bb4.16&#8243; global_colors_info=\u00bb{}\u00bb][\/et_pb_wc_add_to_cart][et_pb_wc_meta _builder_version=\u00bb4.16&#8243; global_colors_info=\u00bb{}\u00bb][\/et_pb_wc_meta][\/et_pb_column][\/et_pb_row][et_pb_row _builder_version=\u00bb4.16&#8243; background_size=\u00bbinitial\u00bb background_position=\u00bbtop_left\u00bb background_repeat=\u00bbrepeat\u00bb width=\u00bb100%\u00bb global_colors_info=\u00bb{}\u00bb][et_pb_column type=\u00bb4_4&#8243; _builder_version=\u00bb4.16&#8243; custom_padding=\u00bb|||\u00bb global_colors_info=\u00bb{}\u00bb custom_padding__hover=\u00bb|||\u00bb][et_pb_wc_tabs _builder_version=\u00bb4.16&#8243; global_colors_info=\u00bb{}\u00bb]\t\t\t\t\t[\/et_pb_wc_tabs][et_pb_wc_upsells _builder_version=\u00bb4.16&#8243; global_colors_info=\u00bb{}\u00bb][\/et_pb_wc_upsells][et_pb_wc_related_products _builder_version=\u00bb4.16&#8243; product_title_font_size=\u00bb14px\u00bb global_colors_info=\u00bb{}\u00bb][\/et_pb_wc_related_products][\/et_pb_column][\/et_pb_row][\/et_pb_section]<\/p>\n","protected":false},"excerpt":{"rendered":"<div class=\"row spec_cans\">\n<h1>Caracteristicas<\/h1>\n<ul>\n<li class=\"col-md-4 col-xs-4 \">Color del producto\u00a0: negro<\/li>\n<li class=\"col-md-4 col-xs-4 \">Color de luz\u00a0: luz del d\u00eda<\/li>\n<\/ul>\n<\/div>\n<div class=\"row spec_cans\">\n<h1>Especificaci\u00f3n<\/h1>\n<ul>\n<li class=\"col-md-4 col-xs-4 \">Tipo\u00a0: delgado<\/li>\n<li class=\"col-md-4 col-xs-4 \">Tama\u00f1o\u00a0: L160 * W134.5 * H29.8mm<\/li>\n<\/ul>\n<\/div>\n<div class=\"row spec_cans\">\n<h1>Par\u00e1metros t\u00e9cnicos<\/h1>\n<ul>\n<li class=\"col-md-4 col-xs-4 \">Poder\u00a0: 20W<\/li>\n<li class=\"col-md-4 col-xs-4 \">Voltaje\u00a0: AC200-240V<\/li>\n<li class=\"col-md-4 col-xs-4 \">Corriente\uff1a 100mA<\/li>\n<li class=\"col-md-4 col-xs-4 \">Frecuencia\uff1a 50hz<\/li>\n<li class=\"col-md-4 col-xs-4 \">Flujo luminoso\u00a0: 1800lm<\/li>\n<li class=\"col-md-4 col-xs-4 \">CRI\u00a0: \u226570Ra<\/li>\n<li class=\"col-md-4 col-xs-4 \">PF\uff1a \uff1e 0.9<\/li>\n<li class=\"col-md-4 col-xs-4 \">\u00c1ngulo de haz\u00a0: 120 \u00b0<\/li>\n<li class=\"col-md-4 col-xs-4 \">Hg%\uff1a Cero<\/li>\n<li class=\"col-md-4 col-xs-4 \">Consumo de energ\u00eda por 1,000 horas\u00a0: 20kwh \/ 1000h<\/li>\n<li class=\"col-md-4 col-xs-4 \">Potencia de la l\u00e1mpara incandescente\u00a0: 180W<\/li>\n<li class=\"col-md-4 col-xs-4 \">EEI\u00a0: A +<\/li>\n<\/ul>\n<\/div>\n","protected":false},"featured_media":1416,"comment_status":"open","ping_status":"closed","template":"","meta":{"_acf_changed":false,"_seopress_robots_primary_cat":"30","_seopress_titles_title":"%%post_title%%","_seopress_titles_desc":"%%post_excerpt%% %%_category_description%%","_seopress_robots_index":"","_et_pb_use_builder":"on","_et_pb_old_content":"<div class=\"row\">\r\n<div class=\"Feature\">\r\n<div class=\"text\">\r\n<h1>Exquisito y delgado;\u00a0Experiencia de la moda<\/h1>\r\nRomper las l\u00e1mparas de ingenier\u00eda tradicionales, utilizando un dise\u00f1o exterior integrado, producci\u00f3n de precisi\u00f3n y el cuerpo de la l\u00e1mpara es exquisito y compacto, ligero y f\u00e1cil de ocultar, lo que brinda m\u00e1s experiencia de moda a la iluminaci\u00f3n.\r\n\r\n<\/div>\r\n<img src=\"http:\/\/arc.nobleza.eu\/goodimg\/original\/201807\/0186db6e4580bea31cfc37659e8ee00d.jpg\" \/>\r\n\r\n<\/div>\r\n<\/div>\r\n<div><\/div>\r\n<div class=\"row\">\r\n<div class=\"Feature\">\r\n<div class=\"text\">\r\n<h1>Carcasa de aluminio fundido a presi\u00f3n de alta calidad.<\/h1>\r\nHecho de aleaci\u00f3n de aluminio reforzada y resistente, es antidesgaste y anticorrosi\u00f3n, lo que puede soportar el clima como fuertes lluvias y tormentas de arena, y extiende la vida \u00fatil de la luz.\r\n\r\n<\/div>\r\n<img src=\"http:\/\/arc.nobleza.eu\/goodimg\/original\/201807\/a6909929cf6204789222953d6058dd02.jpg\" \/>\r\n\r\n<\/div>\r\n<\/div>\r\n<div><span style=\"color: var(--global-palette3);font-family: Lato, var(--global-fallback-font);font-size: 32px;font-weight: bold\">Chip LED<\/span><\/div>\r\n<div class=\"row\">\r\n<div class=\"Feature\">\r\n<div class=\"text\">\r\n\r\nCuentas de l\u00e1mpara de alto brillo;\u00a0salida duradera y estable de efecto de luz;\u00a0l\u00famenes de alta eficiencia;\u00a0menos desintegraci\u00f3n de la luz;\u00a0buena consistencia de temperatura de color;\u00a0el ahorro de energ\u00eda.\r\n\r\n<\/div>\r\n<img src=\"http:\/\/arc.nobleza.eu\/goodimg\/original\/201807\/9e22e12e2b727672bda709a3cc245b50.jpg\" \/>\r\n\r\n<\/div>\r\n<\/div>\r\n<div><\/div>\r\n<div class=\"row\">\r\n<div class=\"Feature\">\r\n<div class=\"text\">\r\n<h1>Larga vida \u00fatil.<\/h1>\r\nLa vida \u00fatil normal es de hasta 20,000 horas, que es 10 veces m\u00e1s larga que la vida \u00fatil de la l\u00e1mpara tradicional.\u00a0No es necesario cambiar las l\u00e1mparas con frecuencia y no se requiere mantenimiento de rutina.\r\n\r\n<\/div>\r\n<img src=\"http:\/\/arc.nobleza.eu\/goodimg\/original\/201807\/3b69d260ca1cbb1b3be97168c4d4fb50.jpg\" \/>\r\n\r\n<\/div>\r\n<\/div>\r\n<div><\/div>\r\n<div class=\"row\">\r\n<div class=\"Feature\">\r\n<div class=\"text\">\r\n<h1>M\u00e1scara de vidrio templado de alta resistencia.<\/h1>\r\nSe aplica vidrio templado reforzado de alta transmisi\u00f3n, que tiene buena transmisi\u00f3n de luz, luz uniforme y transparente, resistente al agua y no es f\u00e1cil de romper.\r\n\r\n<\/div>\r\n<img src=\"http:\/\/arc.nobleza.eu\/goodimg\/original\/201807\/f1dc53698af0d03d48084e8f9a30fa9a.jpg\" \/>\r\n\r\n<\/div>\r\n<\/div>\r\n<div><span style=\"color: var(--global-palette3);font-family: Lato, var(--global-fallback-font);font-size: 32px;font-weight: bold\">Protecci\u00f3n profesional; Calidad de ingenieria<\/span><\/div>\r\n<div class=\"row\">\r\n<div class=\"Feature\">\r\n<div class=\"text\">\r\n\r\nGrado de protecci\u00f3n IP65, a prueba de polvo, impermeable, resistente a la corrosi\u00f3n, para evitar da\u00f1os por fugas causados \u200b\u200bpor la penetraci\u00f3n de gotas de agua.\u00a0Se puede usar durante mucho tiempo en entornos hostiles con alta temperatura y humedad, adecuado para paisajes al aire libre, piezas interiores, iluminaci\u00f3n de carteles y otras instalaciones especiales.\r\n\r\n<\/div>\r\n<img src=\"http:\/\/arc.nobleza.eu\/goodimg\/original\/201807\/4fd33f014d6ebec67aeda1abdf023809.jpg\" \/>\r\n\r\n<\/div>\r\n<\/div>\r\n<div><span style=\"color: var(--global-palette3);font-family: Lato, var(--global-fallback-font);font-size: 32px;font-weight: bold\">Certificaci\u00f3n autorizada de RAEE; Seguridad y respetuoso del medio ambiente<\/span><\/div>\r\n<div class=\"row\">\r\n<div class=\"Feature\">\r\n<div class=\"text\">\r\n\r\nLa fuente de luz es radiaci\u00f3n ultravioleta libre, luz roja y otras radiaciones.\u00a0Sin contaminaci\u00f3n por mercurio, las l\u00e1mparas de desecho pueden reciclarse y reutilizarse y no presentan riesgo \u00f3ptico.\r\n\r\n<\/div>\r\n<\/div>\r\n<\/div>","_et_gb_content_width":"","jetpack_post_was_ever_published":false},"product_brand":[],"product_cat":[48],"product_tag":[2680],"class_list":{"0":"post-3914","1":"product","2":"type-product","3":"status-publish","4":"has-post-thumbnail","6":"product_cat-panell-encastable","7":"product_tag-projector-led-20w","9":"first","10":"outofstock","11":"taxable","12":"shipping-taxable","13":"purchasable","14":"product-type-simple"},"acf":[],"jetpack_likes_enabled":true,"jetpack_sharing_enabled":true,"tiered_pricing_type":"fixed","tiered_pricing_fixed_rules":[],"tiered_pricing_product_settings":{"layout":"default","base_unit_name":{"singular":null,"plural":null},"default_variation":null},"tiered_pricing_minimum_quantity":null,"tiered_pricing_roles_data":[],"tiered_pricing_percentage_rules":[],"_links":{"self":[{"href":"https:\/\/www.grupsagaro.net\/index.php?rest_route=\/wp\/v2\/product\/3914","targetHints":{"allow":["GET"]}}],"collection":[{"href":"https:\/\/www.grupsagaro.net\/index.php?rest_route=\/wp\/v2\/product"}],"about":[{"href":"https:\/\/www.grupsagaro.net\/index.php?rest_route=\/wp\/v2\/types\/product"}],"replies":[{"embeddable":true,"href":"https:\/\/www.grupsagaro.net\/index.php?rest_route=%2Fwp%2Fv2%2Fcomments&post=3914"}],"wp:featuredmedia":[{"embeddable":true,"href":"https:\/\/www.grupsagaro.net\/index.php?rest_route=\/wp\/v2\/media\/1416"}],"wp:attachment":[{"href":"https:\/\/www.grupsagaro.net\/index.php?rest_route=%2Fwp%2Fv2%2Fmedia&parent=3914"}],"wp:term":[{"taxonomy":"product_brand","embeddable":true,"href":"https:\/\/www.grupsagaro.net\/index.php?rest_route=%2Fwp%2Fv2%2Fproduct_brand&post=3914"},{"taxonomy":"product_cat","embeddable":true,"href":"https:\/\/www.grupsagaro.net\/index.php?rest_route=%2Fwp%2Fv2%2Fproduct_cat&post=3914"},{"taxonomy":"product_tag","embeddable":true,"href":"https:\/\/www.grupsagaro.net\/index.php?rest_route=%2Fwp%2Fv2%2Fproduct_tag&post=3914"}],"curies":[{"name":"wp","href":"https:\/\/api.w.org\/{rel}","templated":true}]}}