{"id":3881,"date":"2020-02-18T15:56:46","date_gmt":"2020-02-18T13:56:46","guid":{"rendered":"https:\/\/www.grupsagaro.net\/?post_type=product&#038;p=3881"},"modified":"2023-11-23T16:38:23","modified_gmt":"2023-11-23T14:38:23","slug":"panell-led-encastable-i-ajustable-7w-75o-80o-3000k","status":"publish","type":"product","link":"https:\/\/www.grupsagaro.net\/?product=panell-led-encastable-i-ajustable-7w-75o-80o-3000k","title":{"rendered":"Panell Led Encastable i Ajustable 7W 75\u00d8-80\u00d8 3000k"},"content":{"rendered":"<p>[et_pb_section fb_built=\u00bb1&#8243; _builder_version=\u00bb4.16&#8243; custom_padding=\u00bb0px||||false|false\u00bb global_colors_info=\u00bb{}\u00bb][et_pb_row _builder_version=\u00bb4.16&#8243; background_size=\u00bbinitial\u00bb background_position=\u00bbtop_left\u00bb background_repeat=\u00bbrepeat\u00bb width=\u00bb100%\u00bb custom_padding=\u00bb0px||0px||false|false\u00bb global_colors_info=\u00bb{}\u00bb][et_pb_column type=\u00bb4_4&#8243; _builder_version=\u00bb4.16&#8243; custom_padding=\u00bb|||\u00bb global_colors_info=\u00bb{}\u00bb custom_padding__hover=\u00bb|||\u00bb][et_pb_wc_breadcrumb _builder_version=\u00bb4.16&#8243; body_font=\u00bb|600|||||||\u00bb global_colors_info=\u00bb{}\u00bb][\/et_pb_wc_breadcrumb][et_pb_wc_cart_notice _builder_version=\u00bb4.16&#8243; global_colors_info=\u00bb{}\u00bb][\/et_pb_wc_cart_notice][\/et_pb_column][\/et_pb_row][et_pb_row column_structure=\u00bb1_2,1_2&#8243; _builder_version=\u00bb4.16&#8243; background_size=\u00bbinitial\u00bb background_position=\u00bbtop_left\u00bb background_repeat=\u00bbrepeat\u00bb width=\u00bb100%\u00bb custom_padding=\u00bb0px||||false|false\u00bb global_colors_info=\u00bb{}\u00bb][et_pb_column type=\u00bb1_2&#8243; _builder_version=\u00bb4.16&#8243; custom_padding=\u00bb|||\u00bb global_colors_info=\u00bb{}\u00bb custom_padding__hover=\u00bb|||\u00bb][et_pb_wc_images _builder_version=\u00bb4.16&#8243; global_colors_info=\u00bb{}\u00bb][\/et_pb_wc_images][\/et_pb_column][et_pb_column type=\u00bb1_2&#8243; _builder_version=\u00bb4.16&#8243; custom_padding=\u00bb|||\u00bb global_colors_info=\u00bb{}\u00bb custom_padding__hover=\u00bb|||\u00bb][et_pb_wc_title _builder_version=\u00bb4.16&#8243; global_colors_info=\u00bb{}\u00bb][\/et_pb_wc_title][et_pb_wc_rating _builder_version=\u00bb4.16&#8243; global_colors_info=\u00bb{}\u00bb][\/et_pb_wc_rating][et_pb_wc_price _builder_version=\u00bb4.16&#8243; global_colors_info=\u00bb{}\u00bb][\/et_pb_wc_price][et_pb_text _builder_version=\u00bb4.23.1&#8243; _dynamic_attributes=\u00bbcontent\u00bb _module_preset=\u00bbdefault\u00bb text_font=\u00bb|700|||||||\u00bb text_text_color=\u00bb#E02B20&#8243; text_font_size=\u00bb20px\u00bb text_orientation=\u00bbcenter\u00bb global_colors_info=\u00bb{}\u00bb]@ET-DC@eyJkeW5hbWljIjp0cnVlLCJjb250ZW50IjoiY3VzdG9tX21ldGFfY2FwYWNpdGF0OiIsInNldHRpbmdzIjp7ImJlZm9yZSI6IiIsImFmdGVyIjoiIiwiZW5hYmxlX2h0bWwiOiJvZmYifX0=@[\/et_pb_text][et_pb_wc_description _builder_version=\u00bb4.16&#8243; global_colors_info=\u00bb{}\u00bb][\/et_pb_wc_description][et_pb_wc_add_to_cart _builder_version=\u00bb4.16&#8243; global_colors_info=\u00bb{}\u00bb][\/et_pb_wc_add_to_cart][et_pb_wc_meta _builder_version=\u00bb4.16&#8243; global_colors_info=\u00bb{}\u00bb][\/et_pb_wc_meta][\/et_pb_column][\/et_pb_row][et_pb_row _builder_version=\u00bb4.16&#8243; background_size=\u00bbinitial\u00bb background_position=\u00bbtop_left\u00bb background_repeat=\u00bbrepeat\u00bb width=\u00bb100%\u00bb global_colors_info=\u00bb{}\u00bb][et_pb_column type=\u00bb4_4&#8243; _builder_version=\u00bb4.16&#8243; custom_padding=\u00bb|||\u00bb global_colors_info=\u00bb{}\u00bb custom_padding__hover=\u00bb|||\u00bb][et_pb_wc_tabs _builder_version=\u00bb4.16&#8243; global_colors_info=\u00bb{}\u00bb]\t\t\t\t\t[\/et_pb_wc_tabs][et_pb_wc_upsells _builder_version=\u00bb4.16&#8243; global_colors_info=\u00bb{}\u00bb][\/et_pb_wc_upsells][et_pb_wc_related_products posts_number=\u00bb6&#8243; _builder_version=\u00bb4.16&#8243; product_title_font_size=\u00bb14px\u00bb global_colors_info=\u00bb{}\u00bb][\/et_pb_wc_related_products][\/et_pb_column][\/et_pb_row][\/et_pb_section]<\/p>\n","protected":false},"excerpt":{"rendered":"<div class=\"row spec_cans\">\n<h1>Caracteristicas<\/h1>\n<ul>\n<li class=\"col-md-4 col-xs-4 \">Color del producto\u00a0: blanco<\/li>\n<li class=\"col-md-4 col-xs-4 \">Modelo\u00a0: Circular<\/li>\n<li class=\"col-md-4 col-xs-4 \">Color claro\u00a0: luz c\u00e1lida<\/li>\n<li class=\"col-md-4 col-xs-4 \">Descripci\u00f3n\uff1a La\u00a0taza de la l\u00e1mpara puede ajustar 60 \u00e1ngulos<\/li>\n<\/ul>\n<\/div>\n<div class=\"row spec_cans\">\n<h1>Especificaci\u00f3n<\/h1>\n<ul>\n<li class=\"col-md-4 col-xs-4 \">Tipo\u00a0: Downlights con \u00e1ngulo ajustable<\/li>\n<li class=\"col-md-4 col-xs-4 \">Tama\u00f1o\u00a0: D90 * H44mm<\/li>\n<li class=\"col-md-4 col-xs-4 \">Tama\u00f1o de corte\u00a0: \u03a675-80mm<\/li>\n<li class=\"col-md-4 col-xs-4 \">Longitud del cable\u00a0: 1,5 m<\/li>\n<\/ul>\n<\/div>\n<div class=\"row spec_cans\">\n<h1>Par\u00e1metros t\u00e9cnicos<\/h1>\n<ul>\n<li class=\"col-md-4 col-xs-4 \">Poder\u00a0: 7W<\/li>\n<li class=\"col-md-4 col-xs-4 \">Voltaje\u00a0: 220 &#8211; 240v<\/li>\n<li class=\"col-md-4 col-xs-4 \">Corriente\uff1a 65mA<\/li>\n<li class=\"col-md-4 col-xs-4 \">Frecuencia\uff1a 50hz<\/li>\n<li class=\"col-md-4 col-xs-4 \">CCT\u00a0: 3000K<\/li>\n<li class=\"col-md-4 col-xs-4 \">Flujo luminoso\u00a0: 490lm<\/li>\n<li class=\"col-md-4 col-xs-4 \">CRI\u00a0: \u226580Ra<\/li>\n<li class=\"col-md-4 col-xs-4 \">PF\u00a0: \uff1e 0.5<\/li>\n<li class=\"col-md-4 col-xs-4 \">\u00c1ngulo de haz\u00a0: 60 \u00b0<\/li>\n<li class=\"col-md-4 col-xs-4 \">Hg%\uff1a Cero<\/li>\n<li class=\"col-md-4 col-xs-4 \">Consumo de energ\u00eda por 1,000 horas\u00a0: 7kwh \/ 1000h<\/li>\n<li class=\"col-md-4 col-xs-4 \">Potencia de la l\u00e1mpara incandescente\u00a0: 41W<\/li>\n<li class=\"col-md-4 col-xs-4 \">EEI\u00a0: A +<\/li>\n<\/ul>\n<\/div>\n<div class=\"row spec_cans\">\n<h1>Entorno de aplicaci\u00f3n<\/h1>\n<ul>\n<li class=\"col-md-4 col-xs-4 \">Entorno\uff1a Interior<\/li>\n<li class=\"col-md-4 col-xs-4 \">Temperatura de trabajo\u00a0: -10 \u2103 \uff5e 40 \u2103<\/li>\n<li class=\"col-md-4 col-xs-4 \">M\u00e9todos de instalaci\u00f3n\u00a0: empotrado<\/li>\n<\/ul>\n<\/div>\n","protected":false},"featured_media":3560,"comment_status":"open","ping_status":"closed","template":"","meta":{"_acf_changed":false,"_seopress_robots_primary_cat":"5761","_seopress_titles_title":"%%post_title%%","_seopress_titles_desc":"%%post_excerpt%% %%_category_description%%","_seopress_robots_index":"","_et_pb_use_builder":"on","_et_pb_old_content":"Una llum crea un espai bonic\r\n\r\nCom que la funci\u00f3 interior de cada \u00e0rea \u00e9s diferent tamb\u00e9 necessita un entorn dil\u00b7luminaci\u00f3 diferent, la llum descendent ajustable de m\u00faltiples angles LED es converteix en la millor opci\u00f3. La millor il\u00b7luminaci\u00f3, moda i disseny simple i flexible per ajustar l'angle, que integrava llum i espai c\u00f2modes i creava un espai de bellesa.\r\n\r\nUltraf\u00ed i lleuger\r\nTot el llum t\u00e9 un gruix de nom\u00e9s 44 mm, disseny de cos de llum ultraf\u00ed, delicat i lleuger, atractiu i f\u00e0cil instal\u00b7laci\u00f3. La l\u00ednia de visi\u00f3 \u00e9s fluida, afegeix espai suau atmosfera.\r\n\r\nXip LED d'alta qualitat\r\n\u00das de xip LED d'alta qualitat, sense parpelleig, sense enlluernament, experi\u00e8ncia de visi\u00f3 bona i c\u00f2moda; \u00edndex de reproducci\u00f3 del color de la llum \u226580, a prop de fruites i verdures naturals i acolorides, el bell maquillatge ser\u00e0 m\u00e9s impressionant en la brillant il\u00b7luminaci\u00f3.\r\n\r\nLent \u00f2ptica professional, control prec\u00eds de la llum, m\u00faltiples antienlluernadors\r\n\r\nMulti-angle per ajustar\r\nL'angle d'ajust de la copa del llum cap a l'esquerra i cap a la dreta \u00e9s de 30\u00b0, m\u00e9s opcions visuals, afegir productes practicables\r\n\r\nAngle de fesol \u00e9s 60 \u00b0\r\n\r\nF\u00e0cil d'instal\u00b7lar\r\nDisseny integrat, el vestit el\u00e0stic per a molts tipus de material de sostre, f\u00e0cil dinstal lar en diverses ocasions, flexible i convenient.\r\n\r\nVestit per a diverses ocasions\r\nVestit d\u00b4il\u00b7luminaci\u00f3 per a sala d\u00b4estar, paret, dormitori, balc\u00f3, supermercat, oficines i altres llocs.","_et_gb_content_width":"","jetpack_post_was_ever_published":false},"product_brand":[],"product_cat":[5761],"product_tag":[283,5416],"class_list":{"0":"post-3881","1":"product","2":"type-product","3":"status-publish","4":"has-post-thumbnail","6":"product_cat-tall-de-sostre-mm-75o-80o","7":"product_tag-panell-encastable-i-ajustable-7w-75o-80o","8":"product_tag-panell-orientable","10":"first","11":"instock","12":"taxable","13":"shipping-taxable","14":"purchasable","15":"product-type-simple"},"acf":[],"jetpack_likes_enabled":true,"jetpack_sharing_enabled":true,"tiered_pricing_type":"fixed","tiered_pricing_fixed_rules":[],"tiered_pricing_product_settings":{"layout":"default","base_unit_name":{"singular":null,"plural":null},"default_variation":null},"tiered_pricing_minimum_quantity":null,"tiered_pricing_roles_data":[],"tiered_pricing_percentage_rules":[],"_links":{"self":[{"href":"https:\/\/www.grupsagaro.net\/index.php?rest_route=\/wp\/v2\/product\/3881","targetHints":{"allow":["GET"]}}],"collection":[{"href":"https:\/\/www.grupsagaro.net\/index.php?rest_route=\/wp\/v2\/product"}],"about":[{"href":"https:\/\/www.grupsagaro.net\/index.php?rest_route=\/wp\/v2\/types\/product"}],"replies":[{"embeddable":true,"href":"https:\/\/www.grupsagaro.net\/index.php?rest_route=%2Fwp%2Fv2%2Fcomments&post=3881"}],"wp:featuredmedia":[{"embeddable":true,"href":"https:\/\/www.grupsagaro.net\/index.php?rest_route=\/wp\/v2\/media\/3560"}],"wp:attachment":[{"href":"https:\/\/www.grupsagaro.net\/index.php?rest_route=%2Fwp%2Fv2%2Fmedia&parent=3881"}],"wp:term":[{"taxonomy":"product_brand","embeddable":true,"href":"https:\/\/www.grupsagaro.net\/index.php?rest_route=%2Fwp%2Fv2%2Fproduct_brand&post=3881"},{"taxonomy":"product_cat","embeddable":true,"href":"https:\/\/www.grupsagaro.net\/index.php?rest_route=%2Fwp%2Fv2%2Fproduct_cat&post=3881"},{"taxonomy":"product_tag","embeddable":true,"href":"https:\/\/www.grupsagaro.net\/index.php?rest_route=%2Fwp%2Fv2%2Fproduct_tag&post=3881"}],"curies":[{"name":"wp","href":"https:\/\/api.w.org\/{rel}","templated":true}]}}