{"id":3826,"date":"2020-02-17T06:29:04","date_gmt":"2020-02-17T04:29:04","guid":{"rendered":"https:\/\/www.grupsagaro.net\/?post_type=product&#038;p=3826"},"modified":"2024-05-09T08:52:22","modified_gmt":"2024-05-09T06:52:22","slug":"bombeta-led-r7s-milan-10w-118mm-4500k","status":"publish","type":"product","link":"https:\/\/www.grupsagaro.net\/?product=bombeta-led-r7s-milan-10w-118mm-4500k","title":{"rendered":"Bombeta Led R7S Milan 10W 118mm 4500k"},"content":{"rendered":"<p>[et_pb_section fb_built=\u00bb1&#8243; _builder_version=\u00bb3.22&#8243; custom_padding=\u00bb0px||||false|false\u00bb global_colors_info=\u00bb{}\u00bb][et_pb_row _builder_version=\u00bb3.25&#8243; background_size=\u00bbinitial\u00bb background_position=\u00bbtop_left\u00bb background_repeat=\u00bbrepeat\u00bb width=\u00bb100%\u00bb custom_padding=\u00bb0px||0px||false|false\u00bb global_colors_info=\u00bb{}\u00bb][et_pb_column type=\u00bb4_4&#8243; _builder_version=\u00bb3.25&#8243; custom_padding=\u00bb|||\u00bb global_colors_info=\u00bb{}\u00bb custom_padding__hover=\u00bb|||\u00bb][et_pb_wc_breadcrumb _builder_version=\u00bb4.14.4&#8243; body_font=\u00bb|600|||||||\u00bb global_colors_info=\u00bb{}\u00bb][\/et_pb_wc_breadcrumb][et_pb_wc_cart_notice global_colors_info=\u00bb{}\u00bb][\/et_pb_wc_cart_notice][\/et_pb_column][\/et_pb_row][et_pb_row column_structure=\u00bb1_2,1_2&#8243; _builder_version=\u00bb3.25&#8243; background_size=\u00bbinitial\u00bb background_position=\u00bbtop_left\u00bb background_repeat=\u00bbrepeat\u00bb width=\u00bb100%\u00bb custom_padding=\u00bb0px||||false|false\u00bb global_colors_info=\u00bb{}\u00bb][et_pb_column type=\u00bb1_2&#8243; _builder_version=\u00bb3.25&#8243; custom_padding=\u00bb|||\u00bb global_colors_info=\u00bb{}\u00bb custom_padding__hover=\u00bb|||\u00bb][et_pb_wc_images _builder_version=\u00bb3.0.47&#8243; global_colors_info=\u00bb{}\u00bb][\/et_pb_wc_images][\/et_pb_column][et_pb_column type=\u00bb1_2&#8243; _builder_version=\u00bb3.25&#8243; custom_padding=\u00bb|||\u00bb global_colors_info=\u00bb{}\u00bb custom_padding__hover=\u00bb|||\u00bb][et_pb_wc_title _builder_version=\u00bb3.0.47&#8243; global_colors_info=\u00bb{}\u00bb][\/et_pb_wc_title][et_pb_wc_rating _builder_version=\u00bb3.0.47&#8243; global_colors_info=\u00bb{}\u00bb][\/et_pb_wc_rating][et_pb_wc_price _builder_version=\u00bb3.0.47&#8243; global_colors_info=\u00bb{}\u00bb][\/et_pb_wc_price][et_pb_text _builder_version=\u00bb4.14.4&#8243; _dynamic_attributes=\u00bbcontent\u00bb _module_preset=\u00bbdefault\u00bb global_colors_info=\u00bb{}\u00bb]@ET-DC@eyJkeW5hbWljIjp0cnVlLCJjb250ZW50IjoiY3VzdG9tX21ldGFfY2FwYWNpdGF0OiIsInNldHRpbmdzIjp7ImJlZm9yZSI6IiIsImFmdGVyIjoiIiwiZW5hYmxlX2h0bWwiOiJvZmYifX0=@[\/et_pb_text][et_pb_wc_description _builder_version=\u00bb3.0.47&#8243; global_colors_info=\u00bb{}\u00bb][\/et_pb_wc_description][et_pb_wc_add_to_cart global_colors_info=\u00bb{}\u00bb][\/et_pb_wc_add_to_cart][et_pb_wc_meta _builder_version=\u00bb3.0.47&#8243; global_colors_info=\u00bb{}\u00bb][\/et_pb_wc_meta][\/et_pb_column][\/et_pb_row][et_pb_row _builder_version=\u00bb3.25&#8243; background_size=\u00bbinitial\u00bb background_position=\u00bbtop_left\u00bb background_repeat=\u00bbrepeat\u00bb width=\u00bb100%\u00bb global_colors_info=\u00bb{}\u00bb][et_pb_column type=\u00bb4_4&#8243; _builder_version=\u00bb3.25&#8243; custom_padding=\u00bb|||\u00bb global_colors_info=\u00bb{}\u00bb custom_padding__hover=\u00bb|||\u00bb][et_pb_wc_tabs _builder_version=\u00bb3.0.47&#8243; global_colors_info=\u00bb{}\u00bb]\t\t\t\t\t[\/et_pb_wc_tabs][et_pb_wc_upsells _builder_version=\u00bb3.0.47&#8243; global_colors_info=\u00bb{}\u00bb][\/et_pb_wc_upsells][et_pb_wc_related_products _builder_version=\u00bb3.0.47&#8243; global_colors_info=\u00bb{}\u00bb][\/et_pb_wc_related_products][\/et_pb_column][\/et_pb_row][\/et_pb_section]<\/p>\n","protected":false},"excerpt":{"rendered":"<p style=\"text-align: center;\">CARACTER\u00cdSTIQUES T\u00c8CNIQUES<\/p>\n<p style=\"text-align: center;\">Color: Blanc.<br \/>\nLluminositat: 1200 l\u00famens.<br \/>\nConnectors: Cer\u00e0mics tipus R7S.<br \/>\nPot\u00e8ncia: 10W.<br \/>\nForma: Tubular Cil\u00edndrica.<br \/>\nAbs\u00e8ncia de radiaci\u00f3 UV i IR, protegeix els objectes il\u00b7luminats.<br \/>\nVoltatge: AC180 &#8211; 265V &#8211; 50Hz.<br \/>\nProtecci\u00f3: IP20.<br \/>\nFactor de Pot\u00e8ncia:&gt; 0,5<br \/>\nAngle d&#8217;obertura de llum: 360\u00ba.<br \/>\n\u00cdndex de reproducci\u00f3 crom\u00e0tica: Ra80.<br \/>\nClasse energ\u00e8tica: A ++<br \/>\nPes: 52gr.<br \/>\nFabricada en Cer\u00e0mica i termopl\u00e0stic.<br \/>\nMida de la bombeta: 20mm \u00d8 x 118mm.<br \/>\nMarca: Leadersson TM.<br \/>\nCONTINGUT DEL PAQUET<\/p>\n<p style=\"text-align: center;\">1 x Bombeta de LED lineal amb connectors R7S cer\u00e0mics 10W i 1200 Lm S\u00e8rie Mil\u00e0<\/p>\n","protected":false},"featured_media":1699,"comment_status":"open","ping_status":"closed","template":"","meta":{"_acf_changed":false,"_seopress_robots_primary_cat":"162","_seopress_titles_title":"Bombeta Led R7S Milan 10W 118mm 4500k","_seopress_titles_desc":"CARACTER\u00cdSTIQUES T\u00c8CNIQUES Color: Blanc. Lluminositat: 1200 l\u00famens. Connectors: Cer\u00e0mics tipus R7S. Pot\u00e8ncia: 10W. Forma: Tubular Cil\u00edndrica. Abs\u00e8ncia de radiaci\u00f3 UV i IR, protegeix els objectes il\u00b7luminats. Voltatge: AC180 - 265V - 50Hz. Protecci\u00f3: IP20. Factor de Pot\u00e8ncia:&gt; 0,5 Angle d&#039;obertura de llum: 360\u00ba. \u00cdndex de reproducci\u00f3 crom\u00e0tica: Ra80. Classe energ\u00e8tica:\u2026 Compatibilidades: ML 5510; ML 5510 Series; ML 5510N; ML 5510ND; ML 5515ND; ML 6510; ML 6510 Series; ML 6510N; ML 6510ND; ML 6515ND.","_seopress_robots_index":"","_et_pb_use_builder":"on","_et_pb_old_content":"<p id=\"tw-target-text\" class=\"tw-data-text tw-text-large tw-ta\" dir=\"ltr\" style=\"text-align: justify\" data-placeholder=\"Traducci\u00f3n\"><span class=\"Y2IQFc\" lang=\"ca\">BOMBETA LED R7S 10W AMB GARANTIA DE 2 ANYS Bombeta de LED tubular\u00a0de 10W, 1200lm, amb connectors cer\u00e0mics R7S,\u00a0S\u00e8rie Mil\u00e0. L\u00e0mpada Bombeta LED tubular de la s\u00e8rie Mil\u00e0 amb connectors cer\u00e0mics R7S de Leadersson TM. \u00c9s una bombeta de LED lineal d'intensitat d'alta efici\u00e8ncia energ\u00e8tica, baixa generaci\u00f3 de calor i alta brillantor. \u00c9s la substituta actual dels ineficients l\u00e0mpades hal\u00f2genes de fins a 100W instal\u00b7lades en multitud de l\u00e0mpades, focus de peu de sal\u00f3 i aplics. \u00c9s respectuosa amb el medi ambient i de llarga durada, amb la qual gaudir\u00e0s de m\u00e9s de 50.000 hores de funcionament. Est\u00e0 disponible en tres temperatures de color a escollir al desplegable superior: llum c\u00e0lida 3000K, llum blanca neutra 4500K o llum blanca freda 6000K. Consumeix tan sols 10W, encara que il\u00b7lumina com un llum hal\u00f2gen tradicional de 100W, amb el seu \u00fas estar\u00e0s estalviant un 90% de la factura de la llum, a m\u00e9s t\u00e9 una encesa instant\u00e0nia, mai parpelleja, manca de manteniment i gr\u00e0cies a la seva llarga durada, tot just haur\u00e0s de substituir-la. CARACTER\u00cdSTIQUES T\u00c8CNIQUES Color:\u00a0Blanc. Lluminositat:\u00a01200 l\u00famens. Connectors:\u00a0Cer\u00e0mics tipus R7S. Pot\u00e8ncia:\u00a010W. Forma: Tubular\u00a0Cil\u00edndrica. Abs\u00e8ncia de radiaci\u00f3 UV i IR, protegeix els objectes il\u00b7luminats. Voltatge: AC180 \u2013 265V \u2013 50Hz. Protecci\u00f3: IP20. Factor de Pot\u00e8ncia:\u00a0&gt; 0,5 Angle d'obertura de llum: 360\u00ba. \u00cdndex de reproducci\u00f3 crom\u00e0tica: Ra80. Classe energ\u00e8tica: A++ Pes:\u00a052gr. Fabricada amb\u00a0Cer\u00e0mica i termopl\u00e0stic. Grand\u00e0ria de la bombeta:\u00a020mm \u00d8 x 118mm. Marca:\u00a0Leadersson TM. CONTINGUT DEL PAQUET 1 x Bombeta de LED lineal amb connectors R7S cer\u00e0mics 10W i 1200 Lm S\u00e8rie Mil\u00e0. Regulable Segons aparell<\/span><\/p>","_et_gb_content_width":"","jetpack_post_was_ever_published":false},"product_brand":[],"product_cat":[162],"product_tag":[3477],"class_list":{"0":"post-3826","1":"product","2":"type-product","3":"status-publish","4":"has-post-thumbnail","6":"product_cat-bombeta-led-r7s","7":"product_tag-bombeta-led-r7s-10w","9":"first","10":"outofstock","11":"taxable","12":"shipping-taxable","13":"purchasable","14":"product-type-simple"},"acf":[],"jetpack_likes_enabled":true,"jetpack_sharing_enabled":true,"tiered_pricing_type":"fixed","tiered_pricing_fixed_rules":[],"tiered_pricing_product_settings":{"layout":"default","base_unit_name":{"singular":null,"plural":null},"default_variation":null},"tiered_pricing_minimum_quantity":null,"tiered_pricing_roles_data":[],"tiered_pricing_percentage_rules":[],"_links":{"self":[{"href":"https:\/\/www.grupsagaro.net\/index.php?rest_route=\/wp\/v2\/product\/3826","targetHints":{"allow":["GET"]}}],"collection":[{"href":"https:\/\/www.grupsagaro.net\/index.php?rest_route=\/wp\/v2\/product"}],"about":[{"href":"https:\/\/www.grupsagaro.net\/index.php?rest_route=\/wp\/v2\/types\/product"}],"replies":[{"embeddable":true,"href":"https:\/\/www.grupsagaro.net\/index.php?rest_route=%2Fwp%2Fv2%2Fcomments&post=3826"}],"wp:featuredmedia":[{"embeddable":true,"href":"https:\/\/www.grupsagaro.net\/index.php?rest_route=\/wp\/v2\/media\/1699"}],"wp:attachment":[{"href":"https:\/\/www.grupsagaro.net\/index.php?rest_route=%2Fwp%2Fv2%2Fmedia&parent=3826"}],"wp:term":[{"taxonomy":"product_brand","embeddable":true,"href":"https:\/\/www.grupsagaro.net\/index.php?rest_route=%2Fwp%2Fv2%2Fproduct_brand&post=3826"},{"taxonomy":"product_cat","embeddable":true,"href":"https:\/\/www.grupsagaro.net\/index.php?rest_route=%2Fwp%2Fv2%2Fproduct_cat&post=3826"},{"taxonomy":"product_tag","embeddable":true,"href":"https:\/\/www.grupsagaro.net\/index.php?rest_route=%2Fwp%2Fv2%2Fproduct_tag&post=3826"}],"curies":[{"name":"wp","href":"https:\/\/api.w.org\/{rel}","templated":true}]}}