{"id":3714,"date":"2020-02-16T08:04:44","date_gmt":"2020-02-16T06:04:44","guid":{"rendered":"http:\/\/www.grupsagaro.net\/?post_type=product&#038;p=3714"},"modified":"2023-11-29T10:11:07","modified_gmt":"2023-11-29T08:11:07","slug":"panell-superficie-rodo-led-xic-osram-aries-12w-4000k-170o","status":"publish","type":"product","link":"https:\/\/www.grupsagaro.net\/?product=panell-superficie-rodo-led-xic-osram-aries-12w-4000k-170o","title":{"rendered":"Panell Superficie Rod\u00f2 Led Xip Osram Aries 12W 4000k 170\u00d8"},"content":{"rendered":"<p>[et_pb_section fb_built=\u00bb1&#8243; _builder_version=\u00bb4.16&#8243; custom_padding=\u00bb0px||||false|false\u00bb global_colors_info=\u00bb{}\u00bb][et_pb_row _builder_version=\u00bb4.16&#8243; background_size=\u00bbinitial\u00bb background_position=\u00bbtop_left\u00bb background_repeat=\u00bbrepeat\u00bb width=\u00bb100%\u00bb custom_padding=\u00bb0px||0px||false|false\u00bb global_colors_info=\u00bb{}\u00bb][et_pb_column type=\u00bb4_4&#8243; _builder_version=\u00bb4.16&#8243; custom_padding=\u00bb|||\u00bb global_colors_info=\u00bb{}\u00bb custom_padding__hover=\u00bb|||\u00bb][et_pb_wc_breadcrumb _builder_version=\u00bb4.16&#8243; body_font=\u00bb|600|||||||\u00bb global_colors_info=\u00bb{}\u00bb][\/et_pb_wc_breadcrumb][et_pb_wc_cart_notice _builder_version=\u00bb4.16&#8243; global_colors_info=\u00bb{}\u00bb][\/et_pb_wc_cart_notice][\/et_pb_column][\/et_pb_row][et_pb_row column_structure=\u00bb1_2,1_2&#8243; _builder_version=\u00bb4.16&#8243; background_size=\u00bbinitial\u00bb background_position=\u00bbtop_left\u00bb background_repeat=\u00bbrepeat\u00bb width=\u00bb100%\u00bb custom_padding=\u00bb0px||||false|false\u00bb global_colors_info=\u00bb{}\u00bb][et_pb_column type=\u00bb1_2&#8243; _builder_version=\u00bb4.16&#8243; custom_padding=\u00bb|||\u00bb global_colors_info=\u00bb{}\u00bb custom_padding__hover=\u00bb|||\u00bb][et_pb_wc_images _builder_version=\u00bb4.16&#8243; global_colors_info=\u00bb{}\u00bb][\/et_pb_wc_images][\/et_pb_column][et_pb_column type=\u00bb1_2&#8243; _builder_version=\u00bb4.16&#8243; custom_padding=\u00bb|||\u00bb global_colors_info=\u00bb{}\u00bb custom_padding__hover=\u00bb|||\u00bb][et_pb_wc_title _builder_version=\u00bb4.16&#8243; global_colors_info=\u00bb{}\u00bb][\/et_pb_wc_title][et_pb_wc_rating _builder_version=\u00bb4.16&#8243; global_colors_info=\u00bb{}\u00bb][\/et_pb_wc_rating][et_pb_wc_price _builder_version=\u00bb4.16&#8243; global_colors_info=\u00bb{}\u00bb][\/et_pb_wc_price][et_pb_text _builder_version=\u00bb4.23.1&#8243; _dynamic_attributes=\u00bbcontent\u00bb _module_preset=\u00bbdefault\u00bb hover_enabled=\u00bb0&#8243; global_colors_info=\u00bb{}\u00bb text_font=\u00bb|700|||||||\u00bb text_text_color=\u00bb#0C71C3&#8243; text_font_size=\u00bb20px\u00bb text_orientation=\u00bbcenter\u00bb sticky_enabled=\u00bb0&#8243;]@ET-DC@eyJkeW5hbWljIjp0cnVlLCJjb250ZW50IjoiY3VzdG9tX21ldGFfY2FwYWNpdGF0OiIsInNldHRpbmdzIjp7ImJlZm9yZSI6IiIsImFmdGVyIjoiIiwiZW5hYmxlX2h0bWwiOiJvZmYifX0=@[\/et_pb_text][et_pb_wc_description _builder_version=\u00bb4.16&#8243; global_colors_info=\u00bb{}\u00bb][\/et_pb_wc_description][et_pb_wc_add_to_cart _builder_version=\u00bb4.16&#8243; global_colors_info=\u00bb{}\u00bb][\/et_pb_wc_add_to_cart][et_pb_wc_meta _builder_version=\u00bb4.16&#8243; global_colors_info=\u00bb{}\u00bb][\/et_pb_wc_meta][\/et_pb_column][\/et_pb_row][et_pb_row _builder_version=\u00bb4.16&#8243; background_size=\u00bbinitial\u00bb background_position=\u00bbtop_left\u00bb background_repeat=\u00bbrepeat\u00bb width=\u00bb100%\u00bb global_colors_info=\u00bb{}\u00bb][et_pb_column type=\u00bb4_4&#8243; _builder_version=\u00bb4.16&#8243; custom_padding=\u00bb|||\u00bb global_colors_info=\u00bb{}\u00bb custom_padding__hover=\u00bb|||\u00bb][et_pb_wc_tabs _builder_version=\u00bb4.16&#8243; global_colors_info=\u00bb{}\u00bb] [\/et_pb_wc_tabs][et_pb_wc_upsells _builder_version=\u00bb4.16&#8243; global_colors_info=\u00bb{}\u00bb][\/et_pb_wc_upsells][et_pb_wc_related_products posts_number=\u00bb6&#8243; _builder_version=\u00bb4.16&#8243; product_title_font_size=\u00bb14px\u00bb global_colors_info=\u00bb{}\u00bb][\/et_pb_wc_related_products][\/et_pb_column][\/et_pb_row][\/et_pb_section]<\/p>\n","protected":false},"excerpt":{"rendered":"<p style=\"text-align: center;\">CARACTER\u00cdSTIQUES T\u00c8CNIQUES<\/p>\n<p style=\"text-align: center;\">Color: Blanc.<br \/>\nLluminositat: 1440 l\u00famens.<br \/>\nPot\u00e8ncia: 12W.<br \/>\nDriver incorporat.<br \/>\nForma: Rod\u00f3.<\/p>\n<p style=\"text-align: center;\">Abs\u00e8ncia de radiaci\u00f3 UV i IR, protegeix els objectes il\u00b7luminats.<br \/>\nVoltatge: AC85 &#8211; 265V &#8211; 50Hz.<br \/>\nProtecci\u00f3: IP20.<br \/>\nFactor de Pot\u00e8ncia:&gt; 0,5<br \/>\nProtecci\u00f3 contra impactes: IK08.<br \/>\nAngle d&#8217;obertura: 120\u00ba.<br \/>\n\u00cdndex de reproducci\u00f3 crom\u00e0tica: Ra85.<br \/>\nClasse energ\u00e8tica: A ++<br \/>\nFabricat en Alumini d&#8217;injecci\u00f3.<br \/>\nMida de l&#8217;Plaf\u00f3 LED de superf\u00edcie: 170mm \u00d8.<br \/>\nMarca: Leadersson amb Xip LED OSRAM (SMD) d&#8217;alta qualitat.<\/p>\n<p style=\"text-align: center;\">CONTINGUT DEL PAQUET<\/p>\n<p style=\"text-align: center;\">1 x Plaf\u00f3 LED Circular de superf\u00edcie color blanc, 16cm i 12W amb driver + Tacs i cargols per a la seva instal\u00b7laci\u00f3.<\/p>\n","protected":false},"featured_media":1395,"comment_status":"open","ping_status":"closed","template":"","meta":{"_acf_changed":false,"_seopress_robots_primary_cat":"none","_seopress_titles_title":"%%post_title%%","_seopress_titles_desc":"%%post_excerpt%% %%tagline%%","_seopress_robots_index":"","_et_pb_use_builder":"on","_et_pb_old_content":"<p style=\"text-align: justify\">PLAF\u00d3 LED ROD\u00d3 DE SUPERF\u00cdCIE AMB GARANTIA DE 3 ANYS<\/p>\r\n<p style=\"text-align: justify\">Elegant Plaf\u00f3 LED de Superf\u00edcie de 17cm \u00d8, 12W, f\u00e0cil instal\u00b7laci\u00f3 1440 Lm amb Xip LED OSRAM<\/p>\r\n<p style=\"text-align: justify\">Plaf\u00f3 circular de superf\u00edcie de color blanc, s\u00e8rie \u00c0ries, downlight amb llumin\u00e0ria LED i driver incorporat, fabricat en alumini d'injecci\u00f3, de f\u00e0cil instal\u00b7laci\u00f3, no cal efectuar forats en el fals sostre per instal\u00b7lar-lo.<\/p>\r\n<p style=\"text-align: justify\">El plaf\u00f3 circular de superf\u00edcie emet llum homog\u00e8nia amb un angle d'obertura de llum de 120 \u00b0 i est\u00e0 equipat amb una coberta de nano pl\u00e0stic esmerilat per reduir l'enlluernament.<\/p>\r\n<p style=\"text-align: justify\">\u00c9s de baix consum, nom\u00e9s 12W, encara que il\u00b7lumina com un focus halogen tradicional de 120W, amb el seu \u00fas estar\u00e0s estalviant un 90%, t\u00e9 un enc\u00e8s instantani, mai parpelleja i no t\u00e9 manteniment.<\/p>\r\n<p style=\"text-align: justify\">Presenta un disseny extrapl\u00e0 que li confereix un pes i grand\u00e0ria optimitzats, \u00e9s molt eficient i respectu\u00f3s amb el medi ambient i gr\u00e0cies a l'Xip LED integrat OSRAM t\u00e9 llarga durada, un substitut perfecte per als antics i ineficients focus hal\u00f2gens.<\/p>","_et_gb_content_width":"","jetpack_post_was_ever_published":false},"product_brand":[],"product_cat":[5287],"product_tag":[191],"class_list":{"0":"post-3714","1":"product","2":"type-product","3":"status-publish","4":"has-post-thumbnail","6":"product_cat-panell-superficie-interior","7":"product_tag-panell-superficie-rodo-led","8":"product_shipping_class-recogida-local","10":"first","11":"instock","12":"taxable","13":"shipping-taxable","14":"purchasable","15":"product-type-simple"},"acf":[],"jetpack_likes_enabled":true,"jetpack_sharing_enabled":true,"tiered_pricing_type":"fixed","tiered_pricing_fixed_rules":[],"tiered_pricing_product_settings":{"layout":"default","base_unit_name":{"singular":null,"plural":null},"default_variation":null},"tiered_pricing_minimum_quantity":null,"tiered_pricing_roles_data":[],"tiered_pricing_percentage_rules":[],"_links":{"self":[{"href":"https:\/\/www.grupsagaro.net\/index.php?rest_route=\/wp\/v2\/product\/3714","targetHints":{"allow":["GET"]}}],"collection":[{"href":"https:\/\/www.grupsagaro.net\/index.php?rest_route=\/wp\/v2\/product"}],"about":[{"href":"https:\/\/www.grupsagaro.net\/index.php?rest_route=\/wp\/v2\/types\/product"}],"replies":[{"embeddable":true,"href":"https:\/\/www.grupsagaro.net\/index.php?rest_route=%2Fwp%2Fv2%2Fcomments&post=3714"}],"wp:featuredmedia":[{"embeddable":true,"href":"https:\/\/www.grupsagaro.net\/index.php?rest_route=\/wp\/v2\/media\/1395"}],"wp:attachment":[{"href":"https:\/\/www.grupsagaro.net\/index.php?rest_route=%2Fwp%2Fv2%2Fmedia&parent=3714"}],"wp:term":[{"taxonomy":"product_brand","embeddable":true,"href":"https:\/\/www.grupsagaro.net\/index.php?rest_route=%2Fwp%2Fv2%2Fproduct_brand&post=3714"},{"taxonomy":"product_cat","embeddable":true,"href":"https:\/\/www.grupsagaro.net\/index.php?rest_route=%2Fwp%2Fv2%2Fproduct_cat&post=3714"},{"taxonomy":"product_tag","embeddable":true,"href":"https:\/\/www.grupsagaro.net\/index.php?rest_route=%2Fwp%2Fv2%2Fproduct_tag&post=3714"}],"curies":[{"name":"wp","href":"https:\/\/api.w.org\/{rel}","templated":true}]}}