{"id":3683,"date":"2020-02-15T15:24:47","date_gmt":"2020-02-15T13:24:47","guid":{"rendered":"http:\/\/www.grupsagaro.net\/?post_type=product&#038;p=3683"},"modified":"2025-04-04T17:38:02","modified_gmt":"2025-04-04T15:38:02","slug":"panell-superficie-rodo-led-aries-20w-4500k-210o","status":"publish","type":"product","link":"https:\/\/www.grupsagaro.net\/?product=panell-superficie-rodo-led-aries-20w-4500k-210o","title":{"rendered":"Panell Superficie Rod\u00f2 Led Aries + 20W 4500k 210\u00d8"},"content":{"rendered":"<p>[et_pb_section fb_built=\u00bb1&#8243; _builder_version=\u00bb4.16&#8243; custom_padding=\u00bb0px||||false|false\u00bb global_colors_info=\u00bb{}\u00bb][et_pb_row _builder_version=\u00bb4.16&#8243; background_size=\u00bbinitial\u00bb background_position=\u00bbtop_left\u00bb background_repeat=\u00bbrepeat\u00bb width=\u00bb100%\u00bb custom_padding=\u00bb0px||0px||false|false\u00bb global_colors_info=\u00bb{}\u00bb][et_pb_column type=\u00bb4_4&#8243; _builder_version=\u00bb4.16&#8243; custom_padding=\u00bb|||\u00bb global_colors_info=\u00bb{}\u00bb custom_padding__hover=\u00bb|||\u00bb][et_pb_wc_breadcrumb _builder_version=\u00bb4.16&#8243; body_font=\u00bb|600|||||||\u00bb global_colors_info=\u00bb{}\u00bb][\/et_pb_wc_breadcrumb][et_pb_wc_cart_notice _builder_version=\u00bb4.16&#8243; global_colors_info=\u00bb{}\u00bb][\/et_pb_wc_cart_notice][\/et_pb_column][\/et_pb_row][et_pb_row column_structure=\u00bb1_2,1_2&#8243; _builder_version=\u00bb4.16&#8243; background_size=\u00bbinitial\u00bb background_position=\u00bbtop_left\u00bb background_repeat=\u00bbrepeat\u00bb width=\u00bb100%\u00bb custom_padding=\u00bb0px||||false|false\u00bb global_colors_info=\u00bb{}\u00bb][et_pb_column type=\u00bb1_2&#8243; _builder_version=\u00bb4.16&#8243; custom_padding=\u00bb|||\u00bb global_colors_info=\u00bb{}\u00bb custom_padding__hover=\u00bb|||\u00bb][et_pb_wc_images _builder_version=\u00bb4.16&#8243; global_colors_info=\u00bb{}\u00bb][\/et_pb_wc_images][\/et_pb_column][et_pb_column type=\u00bb1_2&#8243; _builder_version=\u00bb4.16&#8243; custom_padding=\u00bb|||\u00bb global_colors_info=\u00bb{}\u00bb custom_padding__hover=\u00bb|||\u00bb][et_pb_wc_title _builder_version=\u00bb4.16&#8243; global_colors_info=\u00bb{}\u00bb][\/et_pb_wc_title][et_pb_wc_rating _builder_version=\u00bb4.16&#8243; global_colors_info=\u00bb{}\u00bb][\/et_pb_wc_rating][et_pb_wc_price _builder_version=\u00bb4.16&#8243; global_colors_info=\u00bb{}\u00bb][\/et_pb_wc_price][et_pb_text _builder_version=\u00bb4.23.1&#8243; _dynamic_attributes=\u00bbcontent\u00bb _module_preset=\u00bbdefault\u00bb text_font=\u00bb|700|||||||\u00bb text_text_color=\u00bb#000000&#8243; text_font_size=\u00bb20px\u00bb text_orientation=\u00bbcenter\u00bb global_colors_info=\u00bb{}\u00bb]@ET-DC@eyJkeW5hbWljIjp0cnVlLCJjb250ZW50IjoiY3VzdG9tX21ldGFfY2FwYWNpdGF0OiIsInNldHRpbmdzIjp7ImJlZm9yZSI6IiIsImFmdGVyIjoiIiwiZW5hYmxlX2h0bWwiOiJvZmYifX0=@[\/et_pb_text][et_pb_wc_description _builder_version=\u00bb4.16&#8243; global_colors_info=\u00bb{}\u00bb][\/et_pb_wc_description][et_pb_wc_add_to_cart _builder_version=\u00bb4.16&#8243; global_colors_info=\u00bb{}\u00bb][\/et_pb_wc_add_to_cart][et_pb_wc_meta _builder_version=\u00bb4.16&#8243; global_colors_info=\u00bb{}\u00bb][\/et_pb_wc_meta][\/et_pb_column][\/et_pb_row][et_pb_row _builder_version=\u00bb4.16&#8243; background_size=\u00bbinitial\u00bb background_position=\u00bbtop_left\u00bb background_repeat=\u00bbrepeat\u00bb width=\u00bb100%\u00bb global_colors_info=\u00bb{}\u00bb][et_pb_column type=\u00bb4_4&#8243; _builder_version=\u00bb4.16&#8243; custom_padding=\u00bb|||\u00bb global_colors_info=\u00bb{}\u00bb custom_padding__hover=\u00bb|||\u00bb][et_pb_wc_tabs _builder_version=\u00bb4.16&#8243; global_colors_info=\u00bb{}\u00bb] [\/et_pb_wc_tabs][et_pb_wc_upsells _builder_version=\u00bb4.16&#8243; global_colors_info=\u00bb{}\u00bb][\/et_pb_wc_upsells][et_pb_wc_related_products posts_number=\u00bb6&#8243; _builder_version=\u00bb4.16&#8243; product_title_font_size=\u00bb14px\u00bb global_colors_info=\u00bb{}\u00bb][\/et_pb_wc_related_products][\/et_pb_column][\/et_pb_row][\/et_pb_section]<\/p>\n","protected":false},"excerpt":{"rendered":"<p style=\"text-align: center;\">CARACTER\u00cdSTIQUES T\u00c8CNIQUES<\/p>\n<p style=\"text-align: center;\">Color: Blanc.<br \/>\nLluminositat: 2400 l\u00famens.<br \/>\nPot\u00e8ncia: 20W.<br \/>\nDriver incorporat.<br \/>\nForma: Rod\u00f3.<\/p>\n<p style=\"text-align: center;\">Abs\u00e8ncia de radiaci\u00f3 UV i IR, protegeix els objectes il\u00b7luminats.<br \/>\nVoltatge: AC85 &#8211; 265V &#8211; 50Hz.<br \/>\nProtecci\u00f3: IP20.<br \/>\nFactor de Pot\u00e8ncia:&gt; 0,5<br \/>\nProtecci\u00f3 contra impactes: IK08.<br \/>\nAngle d&#8217;obertura de llum: 120\u00ba.<br \/>\n\u00cdndex de reproducci\u00f3 crom\u00e0tica: Ra85.<br \/>\nClasse energ\u00e8tica: A ++<br \/>\nFabricat en Alumini d&#8217;injecci\u00f3.<br \/>\nPes: 560 gr.<br \/>\nMida de l&#8217;Plaf\u00f3 LED de superf\u00edcie: 210mm \u00d8 x 28mm.<br \/>\nMarca: Leadersson amb Xip LED EPISTAR (SMD) d&#8217;alta qualitat.<\/p>\n<p style=\"text-align: center;\">CONTINGUT DEL PAQUET<\/p>\n<p style=\"text-align: center;\">1 Plaf\u00f3 LED Circular de superf\u00edcie color blanc, 21cm i 20W + Driver + barra de subjecci\u00f3 + Tacs i cargols per a la seva fixaci\u00f3.<\/p>\n","protected":false},"featured_media":1398,"comment_status":"open","ping_status":"closed","template":"","meta":{"_acf_changed":false,"_seopress_robots_primary_cat":"5287","_seopress_titles_title":"%%post_title%%","_seopress_titles_desc":"%%post_excerpt%% %%_category_description%%","_seopress_robots_index":"","_et_pb_use_builder":"on","_et_pb_old_content":"<div class=\"electro-description clearfix\">\r\n<div class=\"FFpbKc\">\r\n<div class=\"ZTPlmc\">\r\n<p style=\"text-align: justify\">DOWNLIGHT ROD\u00d3 DE SUPERF\u00cdCIE AMB GARANTIA DE 2 ANYS\r\nPlaf\u00f3 LED color blanc de Superf\u00edcie 21 CMO, 20W, f\u00e0cil instal\u00b7laci\u00f3 2400Lm amb Xip LED Epistar<\/p>\r\n<p style=\"text-align: justify\">Plaf\u00f3 de sostre circular de superf\u00edcie i color blanc amb xip LED Epistar de m\u00e0xima qualitat i driver incorporat. Est\u00e0 fabricat en alumini d'injecci\u00f3 lacat en blanc; \u00e9s de f\u00e0cil instal\u00b7laci\u00f3 ja que no cal fer forats en el fals sostre per instal\u00b7lar-lo. Presenta un disseny elegant que li confereix un pes i grand\u00e0ria optimitzats, per la qual cosa \u00e9s gaireb\u00e9 imperceptible al sostre i gr\u00e0cies a l'Xip LED integrat OSRAM t\u00e9 llarga durada, els plafons LED downlight amb il\u00b7luminaci\u00f3 integrada s\u00f3n el substitut perfecte per als antics i ineficients focus hal\u00f2gens i gr\u00e0cies a la seva llarga durada, una alternativa per a les l\u00e0mpades amb bombetes.<\/p>\r\n<p style=\"text-align: justify\">Aquest plaf\u00f3 LED de superf\u00edcie emet llum potent i homog\u00e8nia amb un angle d'obertura de llum de 120 \u00b0 i est\u00e0 equipat amb una coberta de nanopl\u00e1stico esmerilat per reduir l'enlluernament.<\/p>\r\n<p style=\"text-align: justify\">Estalvi en la factura<\/p>\r\n<p style=\"text-align: justify\">Aquest producte \u00e9s de baix consum, tot just 20W per\u00f2 il\u00b7lumina com un focus halogen tradicional de 200W, amb el seu \u00fas estar\u00e0s estalviant un 90%, a m\u00e9s t\u00e9 un enc\u00e8s instantani, mai parpelleja i no t\u00e9 manteniment. \u00c9s molt eficient i respectu\u00f3s amb el medi ambient<\/p>\r\n\r\n<\/div>\r\n<\/div>\r\n<\/div>","_et_gb_content_width":"","jetpack_post_was_ever_published":false},"product_brand":[],"product_cat":[5287],"product_tag":[191],"class_list":{"0":"post-3683","1":"product","2":"type-product","3":"status-publish","4":"has-post-thumbnail","6":"product_cat-panell-superficie-interior","7":"product_tag-panell-superficie-rodo-led","9":"first","10":"instock","11":"taxable","12":"shipping-taxable","13":"purchasable","14":"product-type-simple"},"acf":[],"jetpack_likes_enabled":true,"jetpack_sharing_enabled":true,"tiered_pricing_type":"fixed","tiered_pricing_fixed_rules":[],"tiered_pricing_product_settings":{"layout":"default","base_unit_name":{"singular":null,"plural":null},"default_variation":null},"tiered_pricing_minimum_quantity":null,"tiered_pricing_roles_data":[],"tiered_pricing_percentage_rules":[],"_links":{"self":[{"href":"https:\/\/www.grupsagaro.net\/index.php?rest_route=\/wp\/v2\/product\/3683","targetHints":{"allow":["GET"]}}],"collection":[{"href":"https:\/\/www.grupsagaro.net\/index.php?rest_route=\/wp\/v2\/product"}],"about":[{"href":"https:\/\/www.grupsagaro.net\/index.php?rest_route=\/wp\/v2\/types\/product"}],"replies":[{"embeddable":true,"href":"https:\/\/www.grupsagaro.net\/index.php?rest_route=%2Fwp%2Fv2%2Fcomments&post=3683"}],"wp:featuredmedia":[{"embeddable":true,"href":"https:\/\/www.grupsagaro.net\/index.php?rest_route=\/wp\/v2\/media\/1398"}],"wp:attachment":[{"href":"https:\/\/www.grupsagaro.net\/index.php?rest_route=%2Fwp%2Fv2%2Fmedia&parent=3683"}],"wp:term":[{"taxonomy":"product_brand","embeddable":true,"href":"https:\/\/www.grupsagaro.net\/index.php?rest_route=%2Fwp%2Fv2%2Fproduct_brand&post=3683"},{"taxonomy":"product_cat","embeddable":true,"href":"https:\/\/www.grupsagaro.net\/index.php?rest_route=%2Fwp%2Fv2%2Fproduct_cat&post=3683"},{"taxonomy":"product_tag","embeddable":true,"href":"https:\/\/www.grupsagaro.net\/index.php?rest_route=%2Fwp%2Fv2%2Fproduct_tag&post=3683"}],"curies":[{"name":"wp","href":"https:\/\/api.w.org\/{rel}","templated":true}]}}