{"id":35846,"date":"2022-06-20T08:09:49","date_gmt":"2022-06-20T06:09:49","guid":{"rendered":"https:\/\/www.grupsagaro.net\/?post_type=product&#038;p=35846"},"modified":"2024-02-02T12:07:49","modified_gmt":"2024-02-02T10:07:49","slug":"regleta-led-20w-park-60cm-ip65","status":"publish","type":"product","link":"https:\/\/www.grupsagaro.net\/?product=regleta-led-20w-park-60cm-ip65","title":{"rendered":"Regleta Led 18W Park 60cm IP65"},"content":{"rendered":"<p>[et_pb_section fb_built=\u00bb1&#8243; _builder_version=\u00bb4.16&#8243; custom_padding=\u00bb0px||||false|false\u00bb global_colors_info=\u00bb{}\u00bb][et_pb_row _builder_version=\u00bb4.16&#8243; background_size=\u00bbinitial\u00bb background_position=\u00bbtop_left\u00bb background_repeat=\u00bbrepeat\u00bb width=\u00bb100%\u00bb custom_padding=\u00bb0px||0px||false|false\u00bb global_colors_info=\u00bb{}\u00bb][et_pb_column type=\u00bb4_4&#8243; _builder_version=\u00bb4.16&#8243; custom_padding=\u00bb|||\u00bb global_colors_info=\u00bb{}\u00bb custom_padding__hover=\u00bb|||\u00bb][et_pb_wc_breadcrumb _builder_version=\u00bb4.17.4&#8243; body_font=\u00bb|600|||||||\u00bb global_colors_info=\u00bb{}\u00bb][\/et_pb_wc_breadcrumb][et_pb_wc_cart_notice _builder_version=\u00bb4.16&#8243; global_colors_info=\u00bb{}\u00bb][\/et_pb_wc_cart_notice][\/et_pb_column][\/et_pb_row][et_pb_row column_structure=\u00bb1_2,1_2&#8243; _builder_version=\u00bb4.16&#8243; background_size=\u00bbinitial\u00bb background_position=\u00bbtop_left\u00bb background_repeat=\u00bbrepeat\u00bb width=\u00bb100%\u00bb custom_padding=\u00bb0px||||false|false\u00bb global_colors_info=\u00bb{}\u00bb][et_pb_column type=\u00bb1_2&#8243; _builder_version=\u00bb4.16&#8243; custom_padding=\u00bb|||\u00bb global_colors_info=\u00bb{}\u00bb custom_padding__hover=\u00bb|||\u00bb][et_pb_wc_images _builder_version=\u00bb4.16&#8243; global_colors_info=\u00bb{}\u00bb][\/et_pb_wc_images][\/et_pb_column][et_pb_column type=\u00bb1_2&#8243; _builder_version=\u00bb4.16&#8243; custom_padding=\u00bb|||\u00bb global_colors_info=\u00bb{}\u00bb custom_padding__hover=\u00bb|||\u00bb][et_pb_wc_title _builder_version=\u00bb4.16&#8243; global_colors_info=\u00bb{}\u00bb][\/et_pb_wc_title][et_pb_wc_rating _builder_version=\u00bb4.16&#8243; global_colors_info=\u00bb{}\u00bb][\/et_pb_wc_rating][et_pb_wc_price _builder_version=\u00bb4.16&#8243; global_colors_info=\u00bb{}\u00bb][\/et_pb_wc_price][et_pb_text _builder_version=\u00bb4.24.0&#8243; _dynamic_attributes=\u00bbcontent\u00bb _module_preset=\u00bbdefault\u00bb hover_enabled=\u00bb0&#8243; global_colors_info=\u00bb{}\u00bb text_font=\u00bb|700|||||||\u00bb text_text_color=\u00bb#0C71C3&#8243; text_orientation=\u00bbcenter\u00bb text_font_size=\u00bb20px\u00bb sticky_enabled=\u00bb0&#8243;]@ET-DC@eyJkeW5hbWljIjp0cnVlLCJjb250ZW50IjoiY3VzdG9tX21ldGFfY2FwYWNpdGF0OiIsInNldHRpbmdzIjp7ImJlZm9yZSI6IiIsImFmdGVyIjoiIiwiZW5hYmxlX2h0bWwiOiJvZmYifX0=@[\/et_pb_text][et_pb_wc_description _builder_version=\u00bb4.16&#8243; global_colors_info=\u00bb{}\u00bb][\/et_pb_wc_description][et_pb_wc_add_to_cart _builder_version=\u00bb4.16&#8243; global_colors_info=\u00bb{}\u00bb][\/et_pb_wc_add_to_cart][et_pb_wc_meta _builder_version=\u00bb4.16&#8243; global_colors_info=\u00bb{}\u00bb][\/et_pb_wc_meta][\/et_pb_column][\/et_pb_row][et_pb_row _builder_version=\u00bb4.16&#8243; background_size=\u00bbinitial\u00bb background_position=\u00bbtop_left\u00bb background_repeat=\u00bbrepeat\u00bb width=\u00bb100%\u00bb global_colors_info=\u00bb{}\u00bb][et_pb_column type=\u00bb4_4&#8243; _builder_version=\u00bb4.16&#8243; custom_padding=\u00bb|||\u00bb global_colors_info=\u00bb{}\u00bb custom_padding__hover=\u00bb|||\u00bb][et_pb_wc_tabs _builder_version=\u00bb4.16&#8243; global_colors_info=\u00bb{}\u00bb] [\/et_pb_wc_tabs][et_pb_wc_upsells _builder_version=\u00bb4.16&#8243; global_colors_info=\u00bb{}\u00bb][\/et_pb_wc_upsells][et_pb_wc_related_products posts_number=\u00bb9&#8243; _builder_version=\u00bb4.17.4&#8243; product_title_font_size=\u00bb14px\u00bb global_colors_info=\u00bb{}\u00bb][\/et_pb_wc_related_products][\/et_pb_column][\/et_pb_row][\/et_pb_section]<\/p>\n","protected":false},"excerpt":{"rendered":"<p style=\"text-align: center;\">CARACTER\u00cdSTIQUES T\u00c8CNIQUES<\/p>\n<p style=\"text-align: center;\">Lluminositat: 1800 l\u00famens.<br \/>\nPot\u00e8ncia: 18W.<br \/>\nVoltatge: AC85 &#8211; 265V &#8211; 50 Hz.<br \/>\nProtecci\u00f3: IP65 Resistent a la pols i a l&#8217;aigua<br \/>\nFactor de Pot\u00e8ncia:&gt; 0,9<br \/>\nProtecci\u00f3 contra impactes: IK04.<br \/>\nAngle d&#8217;obertura: 120\u00ba.<br \/>\n\u00cdndex de reproducci\u00f3 crom\u00e0tica: Ra85.<br \/>\nClasse energ\u00e8tica: A + F<br \/>\nFabricada en PVC, Nanopl\u00e1stico<br \/>\nMida de la pantalla LED: 600 mm x 38 mm 25 mm<br \/>\nCONTINGUT DEL PAQUET<\/p>\n<p style=\"text-align: center;\">1 x Pantalla LED Estanca de 60cm, amb tacs, cargols i suports met\u00e0l\u00b7lics per penjar.<\/p>\n","protected":false},"featured_media":35852,"comment_status":"open","ping_status":"closed","template":"","meta":{"_acf_changed":false,"_seopress_robots_primary_cat":"5598","_seopress_titles_title":"%%post_title%%","_seopress_titles_desc":"%%post_excerpt%% %%_category_description%%","_seopress_robots_index":"","_et_pb_use_builder":"on","_et_pb_old_content":"<p style=\"text-align: justify\">Pantalla LED Estanca amb Garantia de 3 anys<\/p>\r\n<p style=\"text-align: justify\">Regleta LED, S\u00e8rie Park pantalla LED Estanca de 60cm amb llumin\u00e0ria integrada<\/p>\r\n<p style=\"text-align: justify\">De baix consum amb 18W de pot\u00e8ncia i alt rendiment lum\u00ednic 1800Lm, de gran durada.<\/p>\r\n<p style=\"text-align: justify\">Pantalla LED impermeable amb llumin\u00e0ria inclosa (model Park), regleta LED estanca, amb IP65, de llarga durada (40.000 h aprox.), Encesa instantani, sense parpelleigs i respectuosa amb el medi ambient.<\/p>\r\n<p style=\"text-align: justify\">Posseeix una pantalla difusora de nanopl\u00e1stico esmerilat que evita enlluernaments i brillantors indesitjats sobre les superf\u00edcies i objectes il\u00b7luminats. Les pantalles LED Park estan dissenyades per suportar entorns de treball i exteriors amb pols i esquitxades d'aigua, t\u00e9 protecci\u00f3 IP65.<\/p>\r\n<p style=\"text-align: justify\">Poden instal\u00b7lar-se al sostre oa la paret i usar-se tant per a exteriors com interiors.<\/p>\r\n<p style=\"text-align: justify\">Pantalla LED IP65 per a interior i exterior<\/p>\r\n<p style=\"text-align: justify\">Aquesta pantalla LED estanca de superf\u00edcie, \u00e9s ideal per usar-se tant en interior com exterior per aix\u00f2 pot instal\u00b7lar-se en f\u00e0briques, tallers, garatges, patis, terrasses i exteriors.<\/p>\r\n<p style=\"text-align: justify\">Estan disponible amb tres temperatures de color de llum, 2700K llum blanca c\u00e0lida, 4000K llum blanca neutra i 6500K llum blanca freda, perqu\u00e8 escullis la llum blanca que millor s'adapti al teu ambient.<\/p>\r\n<p style=\"text-align: justify\">La pantalla LED consumeix nom\u00e9s 18 W, la seva pot\u00e8ncia de llum equival a la d'una pantalla hal\u00f2gena convencional de 180W. Amb el seu \u00fas estar\u00e0s estalviant un 90%.<\/p>","_et_gb_content_width":"","jetpack_post_was_ever_published":false},"product_brand":[],"product_cat":[5598],"product_tag":[5684],"class_list":{"0":"post-35846","1":"product","2":"type-product","3":"status-publish","4":"has-post-thumbnail","6":"product_cat-regletes-led-ip65","7":"product_tag-regletes-led-ip65","8":"product_shipping_class-enviament-efecto","9":"pa_temperatura-de-color-2700k","10":"pa_temperatura-de-color-4000k","11":"pa_temperatura-de-color-6500k","13":"first","14":"instock","15":"taxable","16":"shipping-taxable","17":"purchasable","18":"product-type-variable"},"acf":[],"jetpack_likes_enabled":true,"jetpack_sharing_enabled":true,"tiered_pricing_type":"fixed","tiered_pricing_fixed_rules":[],"tiered_pricing_product_settings":{"layout":"default","base_unit_name":{"singular":null,"plural":null},"default_variation":null},"tiered_pricing_minimum_quantity":null,"tiered_pricing_roles_data":[],"tiered_pricing_percentage_rules":[],"_links":{"self":[{"href":"https:\/\/www.grupsagaro.net\/index.php?rest_route=\/wp\/v2\/product\/35846","targetHints":{"allow":["GET"]}}],"collection":[{"href":"https:\/\/www.grupsagaro.net\/index.php?rest_route=\/wp\/v2\/product"}],"about":[{"href":"https:\/\/www.grupsagaro.net\/index.php?rest_route=\/wp\/v2\/types\/product"}],"replies":[{"embeddable":true,"href":"https:\/\/www.grupsagaro.net\/index.php?rest_route=%2Fwp%2Fv2%2Fcomments&post=35846"}],"wp:featuredmedia":[{"embeddable":true,"href":"https:\/\/www.grupsagaro.net\/index.php?rest_route=\/wp\/v2\/media\/35852"}],"wp:attachment":[{"href":"https:\/\/www.grupsagaro.net\/index.php?rest_route=%2Fwp%2Fv2%2Fmedia&parent=35846"}],"wp:term":[{"taxonomy":"product_brand","embeddable":true,"href":"https:\/\/www.grupsagaro.net\/index.php?rest_route=%2Fwp%2Fv2%2Fproduct_brand&post=35846"},{"taxonomy":"product_cat","embeddable":true,"href":"https:\/\/www.grupsagaro.net\/index.php?rest_route=%2Fwp%2Fv2%2Fproduct_cat&post=35846"},{"taxonomy":"product_tag","embeddable":true,"href":"https:\/\/www.grupsagaro.net\/index.php?rest_route=%2Fwp%2Fv2%2Fproduct_tag&post=35846"}],"curies":[{"name":"wp","href":"https:\/\/api.w.org\/{rel}","templated":true}]}}