{"id":35147,"date":"2022-05-28T06:36:08","date_gmt":"2022-05-28T04:36:08","guid":{"rendered":"https:\/\/www.grupsagaro.net\/?post_type=product&#038;p=35147"},"modified":"2025-06-16T09:38:11","modified_gmt":"2025-06-16T07:38:11","slug":"focus-projector-led-solar-100w-170lm-w-ip65-avant-5000k","status":"publish","type":"product","link":"https:\/\/www.grupsagaro.net\/?product=focus-projector-led-solar-100w-170lm-w-ip65-avant-5000k","title":{"rendered":"Focus Projector LED Solar 100W 170lm\/W IP65 AVANT &#8211; 5000K"},"content":{"rendered":"<p>[et_pb_section fb_built=\u00bb1&#8243; theme_builder_area=\u00bbpost_content\u00bb _builder_version=\u00bb4.27.4&#8243; _module_preset=\u00bbdefault\u00bb][\/et_pb_section]<\/p>\n","protected":false},"excerpt":{"rendered":"<p style=\"text-align: center;\">REFER\u00c8NCIA : SFL100W-90727<br \/>\nPot\u00e8ncia nominal : 100w Xip LUMILEDS<br \/>\nTensi\u00f3 Nominal: DC 3.2V &#8211; 10.000mA<br \/>\nTemperatura de Llum Temperatura de Llum: 5000K<br \/>\nCRI CRI -\u00cdndex Reproducci\u00f3 Crom\u00e0tica: 70<br \/>\nMaterial de Construcci\u00f3: Alumini +Cristal<br \/>\nLluminositat-Lm: 17.000<br \/>\nTipus de LEDs: SMD 2835<br \/>\nAngle d&#8217;Obertura (\u00ba): 90\u00b0<br \/>\nEfic\u00e0cia Diode LED (Lm\/W): 170Lm\/W<br \/>\nDimable: SI<br \/>\nCertificats: CE &#8211; ROHS<br \/>\nGrau d&#8217;IP: IP65-Exterior<br \/>\nRang Temperatura (\u00baC): -10\u00baC ~ +45\u00baC<br \/>\nInformaci\u00f3 Addicional: Panell 10w 5V Polycristaline: 450x350mm<br \/>\nMaterial de la Bateria : LiFePO4 &#8211; Litio-Ferrofosfat -LPF &#8211; Battery 30Ah &#8211; (10.000mA). Charge&amp;Discharge: 1500 Times<br \/>\nTemps baixada (h): 13H<br \/>\nManeres de control: COMANDAMENT DE CONTROL + INFRARROJOS<br \/>\nClasse Energ\u00e8tica Classe Energ\u00e8tica (2021-UE-2019\/2015): A++<br \/>\nGarantia anys: 3<br \/>\nTemps d&#8217;encesa : Automatic: 100% 1a h.- 80% 2a h. -60% 3ah.- 50% 4ah- 30% 5a-8ah.<\/p>\n","protected":false},"featured_media":34866,"comment_status":"open","ping_status":"closed","template":"","meta":{"_acf_changed":false,"_seopress_robots_primary_cat":"30","_seopress_titles_title":"%%post_title%%","_seopress_titles_desc":"%%post_excerpt%% %%_category_description%%","_seopress_robots_index":"","_et_pb_use_builder":"on","_et_pb_old_content":"<p style=\"text-align: justify\">Focus Projector Exterior SOLAR LED 100W AVANT - 5000K\r\nFocus LED Solar 100W amb llum color blanc fred 5000k, sense necessitat de corrent el\u00e8ctric, totalment aut\u00f2nom amb panell solar policristal\u00b7l\u00ed i amb cable de connexi\u00f3 de 90cm. El contingut de la caixa \u00e9s: Suport per a panell solar, Projector LED solar, control remot i ferramentes per a la subjecci\u00f3 del projector i panell solar.<\/p>\r\n<p style=\"text-align: justify\">La bateria \u00e9s de Litio d'alta capacitat i durabilitat.<\/p>\r\n<p style=\"text-align: justify\">F\u00e0cil Funcionament: Podeu utilitzar el projector LED connectat al panell solar o de forma independent, en aquest darrer cas no funciona en mode autom\u00e0tic, i s'apaga o s'enc\u00e9n des del comandament a dist\u00e0ncia.<\/p>\r\n<p style=\"text-align: justify\">Mode autom\u00e0tic: Aquest mode nom\u00e9s \u00e9s possible amb el panell solar connectat permanentment, aix\u00ed nom\u00e9s s'enc\u00e9n el projector LED quan detecta una lluminositat inferior a 50lux, en cas contrari s'apagar\u00e0. D'aquesta manera s'enc\u00e9n autom\u00e0ticament de nit i s'apaga el dia.\r\nMode manual: Prement el bot\u00f3 ON\/OFF, el projector LED s'enc\u00e9n i polsant novament sobre el mateix bot\u00f3, el projector s'apaga. Independentment de la lluminositat ambient.\r\nComandament a dist\u00e0ncia:\r\nBot\u00f3 ON\/OFF: el projector LED s'enc\u00e9n i prement novament sobre el mateix bot\u00f3, el projector s'apaga. Independentment de la lluminositat ambient.\r\nBot\u00f3 OFF: activa\/desactiva el mode de sensor de llum.\r\nBot\u00f3 3H: activa el projector LED durant un per\u00edode continu de 3 hores, i repeteix el proc\u00e9s els dies successius.\r\nBot\u00f3 5H: activa el projector LED durant un per\u00edode continu de 5 hores, i repeteix el proc\u00e9s els dies successius.\r\nBot\u00f3 8H: activa el projector LED durant un per\u00edode continu de 8 hores, i repeteix el proc\u00e9s els dies successius.\r\nBot\u00f3 m\u00e0xima lluminositat: Augmenta la lluminositat en intervals de 20% fins a arribar al 100%.\r\nBot\u00f3 m\u00ednima lluminositat: Disminueix la lluminositat en intervals de 20% fins a arribar al 20%.<\/p>\r\n<p style=\"text-align: justify\">Es recomana la instal\u00b7laci\u00f3 a 3-4 metres dal\u00e7ada.<\/p>","_et_gb_content_width":"","jetpack_post_was_ever_published":false},"product_brand":[],"product_cat":[30],"product_tag":[4636],"class_list":{"0":"post-35147","1":"product","2":"type-product","3":"status-publish","4":"has-post-thumbnail","6":"product_cat-projector-led-rgb-sensor-de-moviment","7":"product_tag-projector-led-solar-xip-lumileds-de-philips","8":"product_shipping_class-enviament-factor","10":"first","11":"instock","12":"taxable","13":"shipping-taxable","14":"purchasable","15":"product-type-simple"},"acf":[],"jetpack_likes_enabled":true,"jetpack_sharing_enabled":true,"tiered_pricing_type":"fixed","tiered_pricing_fixed_rules":[],"tiered_pricing_product_settings":{"layout":"default","base_unit_name":{"singular":null,"plural":null},"default_variation":null},"tiered_pricing_minimum_quantity":null,"tiered_pricing_roles_data":[],"tiered_pricing_percentage_rules":[],"_links":{"self":[{"href":"https:\/\/www.grupsagaro.net\/index.php?rest_route=\/wp\/v2\/product\/35147","targetHints":{"allow":["GET"]}}],"collection":[{"href":"https:\/\/www.grupsagaro.net\/index.php?rest_route=\/wp\/v2\/product"}],"about":[{"href":"https:\/\/www.grupsagaro.net\/index.php?rest_route=\/wp\/v2\/types\/product"}],"replies":[{"embeddable":true,"href":"https:\/\/www.grupsagaro.net\/index.php?rest_route=%2Fwp%2Fv2%2Fcomments&post=35147"}],"wp:featuredmedia":[{"embeddable":true,"href":"https:\/\/www.grupsagaro.net\/index.php?rest_route=\/wp\/v2\/media\/34866"}],"wp:attachment":[{"href":"https:\/\/www.grupsagaro.net\/index.php?rest_route=%2Fwp%2Fv2%2Fmedia&parent=35147"}],"wp:term":[{"taxonomy":"product_brand","embeddable":true,"href":"https:\/\/www.grupsagaro.net\/index.php?rest_route=%2Fwp%2Fv2%2Fproduct_brand&post=35147"},{"taxonomy":"product_cat","embeddable":true,"href":"https:\/\/www.grupsagaro.net\/index.php?rest_route=%2Fwp%2Fv2%2Fproduct_cat&post=35147"},{"taxonomy":"product_tag","embeddable":true,"href":"https:\/\/www.grupsagaro.net\/index.php?rest_route=%2Fwp%2Fv2%2Fproduct_tag&post=35147"}],"curies":[{"name":"wp","href":"https:\/\/api.w.org\/{rel}","templated":true}]}}