{"id":34849,"date":"2022-05-23T16:57:16","date_gmt":"2022-05-23T15:57:16","guid":{"rendered":"https:\/\/www.grupsagaro.net\/?post_type=product&#038;p=34849"},"modified":"2023-11-24T12:19:17","modified_gmt":"2023-11-24T10:19:17","slug":"empotrable-led-6w-negre-crom-bridgelux-xip-40-ugr11-cct","status":"publish","type":"product","link":"https:\/\/www.grupsagaro.net\/?product=empotrable-led-6w-negre-crom-bridgelux-xip-40-ugr11-cct","title":{"rendered":"Empotrable LED 6W Negre Crom Bridgelux Xip &#8211; 40\u00b0 &#8211; UGR11- CCT"},"content":{"rendered":"<p>[et_pb_section fb_built=\u00bb1&#8243; _builder_version=\u00bb4.16&#8243; custom_padding=\u00bb0px||||false|false\u00bb global_colors_info=\u00bb{}\u00bb][et_pb_row _builder_version=\u00bb4.16&#8243; background_size=\u00bbinitial\u00bb background_position=\u00bbtop_left\u00bb background_repeat=\u00bbrepeat\u00bb width=\u00bb100%\u00bb custom_padding=\u00bb0px||0px||false|false\u00bb global_colors_info=\u00bb{}\u00bb][et_pb_column type=\u00bb4_4&#8243; _builder_version=\u00bb4.16&#8243; custom_padding=\u00bb|||\u00bb global_colors_info=\u00bb{}\u00bb custom_padding__hover=\u00bb|||\u00bb][et_pb_wc_breadcrumb _builder_version=\u00bb4.17.4&#8243; body_font=\u00bb|600|||||||\u00bb global_colors_info=\u00bb{}\u00bb][\/et_pb_wc_breadcrumb][et_pb_wc_cart_notice _builder_version=\u00bb4.16&#8243; global_colors_info=\u00bb{}\u00bb][\/et_pb_wc_cart_notice][et_pb_wc_cart_notice _builder_version=\u00bb4.16&#8243; global_colors_info=\u00bb{}\u00bb][\/et_pb_wc_cart_notice][\/et_pb_column][\/et_pb_row][et_pb_row column_structure=\u00bb1_2,1_2&#8243; _builder_version=\u00bb4.16&#8243; background_size=\u00bbinitial\u00bb background_position=\u00bbtop_left\u00bb background_repeat=\u00bbrepeat\u00bb width=\u00bb100%\u00bb custom_padding=\u00bb0px||||false|false\u00bb global_colors_info=\u00bb{}\u00bb][et_pb_column type=\u00bb1_2&#8243; _builder_version=\u00bb4.16&#8243; custom_padding=\u00bb|||\u00bb global_colors_info=\u00bb{}\u00bb custom_padding__hover=\u00bb|||\u00bb][et_pb_wc_images _builder_version=\u00bb4.16&#8243; global_colors_info=\u00bb{}\u00bb][\/et_pb_wc_images][\/et_pb_column][et_pb_column type=\u00bb1_2&#8243; _builder_version=\u00bb4.16&#8243; custom_padding=\u00bb|||\u00bb global_colors_info=\u00bb{}\u00bb custom_padding__hover=\u00bb|||\u00bb][et_pb_wc_title _builder_version=\u00bb4.16&#8243; global_colors_info=\u00bb{}\u00bb][\/et_pb_wc_title][et_pb_wc_rating _builder_version=\u00bb4.16&#8243; global_colors_info=\u00bb{}\u00bb][\/et_pb_wc_rating][et_pb_wc_price _builder_version=\u00bb4.16&#8243; global_colors_info=\u00bb{}\u00bb][\/et_pb_wc_price][et_pb_text _builder_version=\u00bb4.23.1&#8243; _dynamic_attributes=\u00bbcontent\u00bb _module_preset=\u00bbdefault\u00bb text_font=\u00bb|700|||||||\u00bb text_text_color=\u00bb#000000&#8243; text_font_size=\u00bb20px\u00bb text_orientation=\u00bbcenter\u00bb global_colors_info=\u00bb{}\u00bb]@ET-DC@eyJkeW5hbWljIjp0cnVlLCJjb250ZW50IjoiY3VzdG9tX21ldGFfY2FwYWNpdGF0OiIsInNldHRpbmdzIjp7ImJlZm9yZSI6IiIsImFmdGVyIjoiIiwiZW5hYmxlX2h0bWwiOiJvZmYifX0=@[\/et_pb_text][et_pb_wc_description _builder_version=\u00bb4.16&#8243; global_colors_info=\u00bb{}\u00bb][\/et_pb_wc_description][et_pb_wc_add_to_cart _builder_version=\u00bb4.16&#8243; global_colors_info=\u00bb{}\u00bb][\/et_pb_wc_add_to_cart][et_pb_wc_meta _builder_version=\u00bb4.16&#8243; global_colors_info=\u00bb{}\u00bb][\/et_pb_wc_meta][\/et_pb_column][\/et_pb_row][et_pb_row _builder_version=\u00bb4.16&#8243; background_size=\u00bbinitial\u00bb background_position=\u00bbtop_left\u00bb background_repeat=\u00bbrepeat\u00bb width=\u00bb100%\u00bb global_colors_info=\u00bb{}\u00bb][et_pb_column type=\u00bb4_4&#8243; _builder_version=\u00bb4.16&#8243; custom_padding=\u00bb|||\u00bb global_colors_info=\u00bb{}\u00bb custom_padding__hover=\u00bb|||\u00bb][et_pb_wc_tabs _builder_version=\u00bb4.16&#8243; global_colors_info=\u00bb{}\u00bb] [\/et_pb_wc_tabs][et_pb_wc_upsells _builder_version=\u00bb4.16&#8243; global_colors_info=\u00bb{}\u00bb][\/et_pb_wc_upsells][et_pb_wc_related_products posts_number=\u00bb12&#8243; _builder_version=\u00bb4.17.4&#8243; product_title_font_size=\u00bb14px\u00bb global_colors_info=\u00bb{}\u00bb][\/et_pb_wc_related_products][\/et_pb_column][\/et_pb_row][\/et_pb_section]<\/p>\n","protected":false},"excerpt":{"rendered":"<p style=\"text-align: center;\">REFER\u00c8NCIA : 8051BLACKGOLD<br \/>\nPot\u00e8ncia nominal : 6w<br \/>\nTensi\u00f3 Nominal: 85V-265V<br \/>\nTemperatura de llum: 3000K &#8211; 4000K &#8211; 6000K<br \/>\nCRI -\u00cdndex Reproducci\u00f3 Crom\u00e0tica: 95<br \/>\nMaterial de Construcci\u00f3: Alumini<br \/>\nLluminositat-Lm: 690 Lm<br \/>\nTipus de LEDs: COB Bridgelux Chip 2630 DS-C30<br \/>\nAngle d&#8217;Obertura (\u00ba): 40\u00ba<br \/>\nEfic\u00e0cia Diode LED (Lm\/W): 130Lm\/W<br \/>\nEfic\u00e0cia lluminosa (Lm\/W): 115 Lm\/W<br \/>\nCertificats: CE &#8211; ROHS<br \/>\nGrau d&#8217;IP: IP40<br \/>\nVida Estimada D\u00edode LED (H): 35.000<br \/>\nMides (mm): \u00d840x55mm<br \/>\nFreq\u00fc\u00e8ncia de Treball (Hz): 50\/60Hz<br \/>\nRang Temperatura (\u00baC): -20\u00b0C ~ +55\u00b0C<br \/>\nCicles d&#8217;encesos: 100.000<br \/>\nTemps d&#8217;arrencada (s): 0,2s<br \/>\nTall de Sostre (mm): \u00d8 35mm<br \/>\nDriver incl\u00f2s: SI<br \/>\nClasse Energ\u00e8tica (2021-UE-2019\/2015): A+<br \/>\nGarantia anys: 3<\/p>\n","protected":false},"featured_media":34861,"comment_status":"open","ping_status":"closed","template":"","meta":{"_acf_changed":false,"_seopress_robots_primary_cat":"5759","_seopress_titles_title":"%%post_title%%","_seopress_titles_desc":"%%post_excerpt%% %%_category_description%%","_seopress_robots_index":"","_et_pb_use_builder":"on","_et_pb_old_content":"Empotrable LED 6W Circular Negre Crom 40\u00b0 Bridgelux Xip - UGR11 - CCT: COLOR SELECCIONABLE: 3000K-4000K-6000K.\r\nEl nostre nou empotrable led 6w circular 40\u00ba est\u00e0 fabricat amb Alumini, t\u00e9 un disseny molt modern amb un acabat d'alta qualitat. T\u00e9 un angle d'obertura de 40\u00ba i el converteixen en una llumin\u00e0ria id\u00f2nia per focalitzar zones molt determinades per a il\u00b7luminaci\u00f3 professional.\r\n\r\nLa seva mat\u00e8ria d'alumini t\u00e9 grans avantatges, ja que evita l'oxidaci\u00f3 a llarg termini, \u00e9s molt resistent a les zones humides o ambients salins.\r\n\r\nLa llumin\u00e0ria LED munta un COB amb Bridgelux Chips 2630 DS-C30 d'alta lluminositat.\r\n\r\nDestaca l'alt\u00edssim nivell de CRI (\u00edndex de rendiment crom\u00e0tic) superior a 95, per tant resulta una qualitat de llum amb una reproducci\u00f3 dels colors perfecta.\r\n\r\nDecora els teus espais interiors i comen\u00e7a a estalviar a la teva factura de la llum, amb la tecnologia LED pots reduir fins a un 80% en energia. A m\u00e9s, ajudes a cuidar el planeta ja que s\u00f3n productes no contaminants.\r\n\r\nUsos Empotrable LED 6W Circular Negre Crom Bridgelux Xip - 40\u00b0 - UGR11 - CCT: COLOR SELECCIONABLE: 3000K-4000K-6000K.","_et_gb_content_width":"","jetpack_post_was_ever_published":false},"product_brand":[],"product_cat":[5759],"product_tag":[],"class_list":{"0":"post-34849","1":"product","2":"type-product","3":"status-publish","4":"has-post-thumbnail","6":"product_cat-downlights-encastable","7":"product_shipping_class-enviament-factor","9":"first","10":"onbackorder","11":"taxable","12":"shipping-taxable","13":"purchasable","14":"product-type-simple"},"acf":[],"jetpack_likes_enabled":true,"jetpack_sharing_enabled":true,"tiered_pricing_type":"fixed","tiered_pricing_fixed_rules":[],"tiered_pricing_product_settings":{"layout":"default","base_unit_name":{"singular":null,"plural":null},"default_variation":null},"tiered_pricing_minimum_quantity":null,"tiered_pricing_roles_data":[],"tiered_pricing_percentage_rules":[],"_links":{"self":[{"href":"https:\/\/www.grupsagaro.net\/index.php?rest_route=\/wp\/v2\/product\/34849","targetHints":{"allow":["GET"]}}],"collection":[{"href":"https:\/\/www.grupsagaro.net\/index.php?rest_route=\/wp\/v2\/product"}],"about":[{"href":"https:\/\/www.grupsagaro.net\/index.php?rest_route=\/wp\/v2\/types\/product"}],"replies":[{"embeddable":true,"href":"https:\/\/www.grupsagaro.net\/index.php?rest_route=%2Fwp%2Fv2%2Fcomments&post=34849"}],"wp:featuredmedia":[{"embeddable":true,"href":"https:\/\/www.grupsagaro.net\/index.php?rest_route=\/wp\/v2\/media\/34861"}],"wp:attachment":[{"href":"https:\/\/www.grupsagaro.net\/index.php?rest_route=%2Fwp%2Fv2%2Fmedia&parent=34849"}],"wp:term":[{"taxonomy":"product_brand","embeddable":true,"href":"https:\/\/www.grupsagaro.net\/index.php?rest_route=%2Fwp%2Fv2%2Fproduct_brand&post=34849"},{"taxonomy":"product_cat","embeddable":true,"href":"https:\/\/www.grupsagaro.net\/index.php?rest_route=%2Fwp%2Fv2%2Fproduct_cat&post=34849"},{"taxonomy":"product_tag","embeddable":true,"href":"https:\/\/www.grupsagaro.net\/index.php?rest_route=%2Fwp%2Fv2%2Fproduct_tag&post=34849"}],"curies":[{"name":"wp","href":"https:\/\/api.w.org\/{rel}","templated":true}]}}