{"id":33976,"date":"2022-05-03T07:25:39","date_gmt":"2022-05-03T06:25:39","guid":{"rendered":"https:\/\/www.grupsagaro.net\/?post_type=product&#038;p=33976"},"modified":"2023-11-23T17:25:38","modified_gmt":"2023-11-23T15:25:38","slug":"empotrable-led-7w-quadrat-blanc-osram-chip-cct","status":"publish","type":"product","link":"https:\/\/www.grupsagaro.net\/?product=empotrable-led-7w-quadrat-blanc-osram-chip-cct","title":{"rendered":"Empotrable LED 7W Quadrat Blanc &#8211; OSRAM CHIP &#8211; CCT"},"content":{"rendered":"<p>[et_pb_section fb_built=\u00bb1&#8243; _builder_version=\u00bb4.16&#8243; custom_padding=\u00bb0px||||false|false\u00bb global_colors_info=\u00bb{}\u00bb][et_pb_row _builder_version=\u00bb4.16&#8243; background_size=\u00bbinitial\u00bb background_position=\u00bbtop_left\u00bb background_repeat=\u00bbrepeat\u00bb width=\u00bb100%\u00bb custom_padding=\u00bb0px||0px||false|false\u00bb global_colors_info=\u00bb{}\u00bb][et_pb_column type=\u00bb4_4&#8243; _builder_version=\u00bb4.16&#8243; custom_padding=\u00bb|||\u00bb global_colors_info=\u00bb{}\u00bb custom_padding__hover=\u00bb|||\u00bb][et_pb_wc_breadcrumb _builder_version=\u00bb4.17.3&#8243; body_font=\u00bb|600|||||||\u00bb global_colors_info=\u00bb{}\u00bb][\/et_pb_wc_breadcrumb][et_pb_wc_cart_notice _builder_version=\u00bb4.16&#8243; global_colors_info=\u00bb{}\u00bb][\/et_pb_wc_cart_notice][\/et_pb_column][\/et_pb_row][et_pb_row column_structure=\u00bb1_2,1_2&#8243; _builder_version=\u00bb4.16&#8243; background_size=\u00bbinitial\u00bb background_position=\u00bbtop_left\u00bb background_repeat=\u00bbrepeat\u00bb width=\u00bb100%\u00bb custom_padding=\u00bb0px||||false|false\u00bb global_colors_info=\u00bb{}\u00bb][et_pb_column type=\u00bb1_2&#8243; _builder_version=\u00bb4.16&#8243; custom_padding=\u00bb|||\u00bb global_colors_info=\u00bb{}\u00bb custom_padding__hover=\u00bb|||\u00bb][et_pb_wc_images _builder_version=\u00bb4.16&#8243; global_colors_info=\u00bb{}\u00bb][\/et_pb_wc_images][\/et_pb_column][et_pb_column type=\u00bb1_2&#8243; _builder_version=\u00bb4.16&#8243; custom_padding=\u00bb|||\u00bb global_colors_info=\u00bb{}\u00bb custom_padding__hover=\u00bb|||\u00bb][et_pb_wc_title _builder_version=\u00bb4.16&#8243; global_colors_info=\u00bb{}\u00bb][\/et_pb_wc_title][et_pb_wc_rating _builder_version=\u00bb4.16&#8243; global_colors_info=\u00bb{}\u00bb][\/et_pb_wc_rating][et_pb_wc_price _builder_version=\u00bb4.16&#8243; global_colors_info=\u00bb{}\u00bb][\/et_pb_wc_price][et_pb_text _builder_version=\u00bb4.23.1&#8243; _dynamic_attributes=\u00bbcontent\u00bb _module_preset=\u00bbdefault\u00bb text_font=\u00bb|700|||||||\u00bb text_text_color=\u00bb#8300E9&#8243; text_font_size=\u00bb20px\u00bb text_orientation=\u00bbcenter\u00bb global_colors_info=\u00bb{}\u00bb]@ET-DC@eyJkeW5hbWljIjp0cnVlLCJjb250ZW50IjoiY3VzdG9tX21ldGFfY2FwYWNpdGF0OiIsInNldHRpbmdzIjp7ImJlZm9yZSI6IiIsImFmdGVyIjoiIiwiZW5hYmxlX2h0bWwiOiJvZmYifX0=@[\/et_pb_text][et_pb_wc_description _builder_version=\u00bb4.16&#8243; global_colors_info=\u00bb{}\u00bb][\/et_pb_wc_description][et_pb_wc_add_to_cart _builder_version=\u00bb4.16&#8243; global_colors_info=\u00bb{}\u00bb][\/et_pb_wc_add_to_cart][et_pb_wc_meta _builder_version=\u00bb4.16&#8243; global_colors_info=\u00bb{}\u00bb][\/et_pb_wc_meta][\/et_pb_column][\/et_pb_row][et_pb_row _builder_version=\u00bb4.16&#8243; background_size=\u00bbinitial\u00bb background_position=\u00bbtop_left\u00bb background_repeat=\u00bbrepeat\u00bb width=\u00bb100%\u00bb global_colors_info=\u00bb{}\u00bb][et_pb_column type=\u00bb4_4&#8243; _builder_version=\u00bb4.16&#8243; custom_padding=\u00bb|||\u00bb global_colors_info=\u00bb{}\u00bb custom_padding__hover=\u00bb|||\u00bb][et_pb_wc_tabs _builder_version=\u00bb4.16&#8243; global_colors_info=\u00bb{}\u00bb] [\/et_pb_wc_tabs][et_pb_wc_upsells _builder_version=\u00bb4.16&#8243; global_colors_info=\u00bb{}\u00bb][\/et_pb_wc_upsells][et_pb_wc_related_products posts_number=\u00bb6&#8243; _builder_version=\u00bb4.17.3&#8243; product_title_font_size=\u00bb14px\u00bb global_colors_info=\u00bb{}\u00bb][\/et_pb_wc_related_products][\/et_pb_column][\/et_pb_row][\/et_pb_section]<\/p>\n","protected":false},"excerpt":{"rendered":"<p style=\"text-align: center;\"><span style=\"vertical-align: inherit;\"><span style=\"vertical-align: inherit;\">REFER\u00c8NCIA : 8081 <\/span><\/span><br \/>\n<span style=\"vertical-align: inherit;\"><span style=\"vertical-align: inherit;\">Potencia nominal : 7W <\/span><\/span><br \/>\n<span style=\"vertical-align: inherit;\"><span style=\"vertical-align: inherit;\">Tensi\u00f3n Nominal: 100v-240v <\/span><\/span><br \/>\n<span style=\"vertical-align: inherit;\"><span style=\"vertical-align: inherit;\">Temperatura de Llum: COLOR SELECCIONABLE: 3000K-4000K-6000K <\/span><\/span><br \/>\n<span style=\"vertical-align: inherit;\"><span style=\"vertical-align: inherit;\">CRI -\u00cdndex Reproducci\u00f3 Crom\u00e0tica: 80 <\/span><\/span><br \/>\n<span style=\"vertical-align: inherit;\"><span style=\"vertical-align: inherit;\">Material de Construcci\u00f3n: Termoplastico <\/span><\/span><br \/>\n<span style=\"vertical-align: inherit;\"><span style=\"vertical-align: inherit;\">Lluminositat-Lm: 500 Lm <\/span><\/span><br \/>\n<span style=\"vertical-align: inherit;\"><span style=\"vertical-align: inherit;\">Tipus de LEDs: SMD 2835 <\/span><\/span><br \/>\n<span style=\"vertical-align: inherit;\"><span style=\"vertical-align: inherit;\">Angle d&#8217;Obertura (\u00ba): 45\u00ba <\/span><\/span><br \/>\n<span style=\"vertical-align: inherit;\"><span style=\"vertical-align: inherit;\">Dimable: No <\/span><\/span><br \/>\n<span style=\"vertical-align: inherit;\"><span style=\"vertical-align: inherit;\">Certificados: CE &#8211; ROHS <\/span><\/span><br \/>\n<span style=\"vertical-align: inherit;\"><span style=\"vertical-align: inherit;\">Grau d&#8217;IP: IP20 <\/span><\/span><br \/>\n<span style=\"vertical-align: inherit;\"><span style=\"vertical-align: inherit;\">Vida Estimada D\u00edode LED (H): 25000 <\/span><\/span><br \/>\n<span style=\"vertical-align: inherit;\"><span style=\"vertical-align: inherit;\">Mides (mm): \u00d8 85mm x H 40mm <\/span><\/span><br \/>\n<span style=\"vertical-align: inherit;\"><span style=\"vertical-align: inherit;\">Freq\u00fc\u00e8ncia de Treball (Hz): 50\/ 60Hz <\/span><\/span><br \/>\n<span style=\"vertical-align: inherit;\"><span style=\"vertical-align: inherit;\">Rang Temperatura (\u00baC): 25\u00baC ~ 45\u00baC <\/span><\/span><br \/>\n<span style=\"vertical-align: inherit;\"><span style=\"vertical-align: inherit;\">Ciclos de encendido: 100.000 <\/span><\/span><br \/>\n<span style=\"vertical-align: inherit;\"><span style=\"vertical-align: inherit;\">Temps d&#8217;arrencada (s): 0,2s <\/span><\/span><br \/>\n<span style=\"vertical-align: inherit;\"><span style=\"vertical-align: inherit;\">Alto de Sostre (mm): \u00d8 70mm <\/span><\/span><br \/>\n<span style=\"vertical-align: inherit;\"><span style=\"vertical-align: inherit;\">Driver incl\u00f2s: SI <\/span><\/span><br \/>\n<span style=\"vertical-align: inherit;\"><span style=\"vertical-align: inherit;\">Classe Energ\u00e8tica (2021-UE-2019\/2015 ): A+<\/span><\/span><br \/>\n<span style=\"vertical-align: inherit;\"><span style=\"vertical-align: inherit;\">Garant\u00eda cualquiera: 3<\/span><\/span><\/p>\n","protected":false},"featured_media":33988,"comment_status":"open","ping_status":"closed","template":"","meta":{"_acf_changed":false,"_seopress_robots_primary_cat":"5765","_seopress_titles_title":"%%post_title%%","_seopress_titles_desc":"%%post_excerpt%% %%post_category%% %%_category_description%%","_seopress_robots_index":"","_et_pb_use_builder":"on","_et_pb_old_content":"<p style=\"text-align: justify\">Empotrable LED 7W Quadrat Blanc - OSRAM CHIP - CCT\r\nEl nostre nou encastable led 7w circular CCT est\u00e0 fabricat en termopl\u00e0stic, t\u00e9 un disseny molt modern amb un acabat Gris Raspallat d'alta qualitat. T\u00e9 un angle d'obertura de 45\u00ba i el converteixen en una llumin\u00e0ria id\u00f2nia per focalitzar zones molt determinades.<\/p>\r\n<p style=\"text-align: justify\">La seva mat\u00e8ria de termopl\u00e0stic t\u00e9 grans avantatges, ja que evita l'oxidaci\u00f3 a llarg termini, \u00e9s molt resistent a les zones humides o ambients salins. Tamb\u00e9 es caracteritza per ser un tipus de producte lleuger, flexible i no t\u00f2xic, per la qual cosa el transport \u00e9s senzill i lleuger. Fins i tot ajuda a estalviar energia per diverses raons:<\/p>\r\n<p style=\"text-align: justify\">- \u00c9s m\u00e9s senzill el transport gr\u00e0cies a la lleugeresa<\/p>\r\n<p style=\"text-align: justify\">- Pot reduir l'energia calor\u00edfica i de refrigeraci\u00f3 gr\u00e0cies al poder a\u00efllant<\/p>\r\n<p style=\"text-align: justify\"><span style=\"vertical-align: inherit\"><span style=\"vertical-align: inherit\">- Per la seva resist\u00e8ncia i versatilitat \u00e9s capa\u00e7 de substituir otros materiales evitando la deforestaci\u00f3n, la contaminaci\u00f3n i la matan\u00e7a danimals.<\/span><\/span><\/p>\r\n<p style=\"text-align: justify\"><span style=\"vertical-align: inherit\"><span style=\"vertical-align: inherit\">Decora els teus espais interiors i comen\u00e7a estalviar a la teva factura de la llum, amb la tecnologia led pots reduir fins a un 80% en energia. <\/span><span style=\"vertical-align: inherit\">A m\u00e1s, ajudes a cuidar el planeta ja que son productos no contaminantes.<\/span><\/span><\/p>\r\n<p style=\"text-align: justify\"><span style=\"vertical-align: inherit\"><span style=\"vertical-align: inherit\">Empotrable LED 7W Quadrat Blanc - OSRAM CHIP - CCT<\/span><\/span><\/p>","_et_gb_content_width":"","jetpack_post_was_ever_published":false},"product_brand":[],"product_cat":[5765],"product_tag":[283,5416],"class_list":{"0":"post-33976","1":"product","2":"type-product","3":"status-publish","4":"has-post-thumbnail","6":"product_cat-tall-de-sostre-mm-o85mm","7":"product_tag-panell-encastable-i-ajustable-7w-75o-80o","8":"product_tag-panell-orientable","9":"product_shipping_class-enviament-factor","11":"first","12":"outofstock","13":"taxable","14":"shipping-taxable","15":"purchasable","16":"product-type-simple"},"acf":[],"jetpack_likes_enabled":true,"jetpack_sharing_enabled":true,"tiered_pricing_type":"fixed","tiered_pricing_fixed_rules":[],"tiered_pricing_product_settings":{"layout":"default","base_unit_name":{"singular":null,"plural":null},"default_variation":null},"tiered_pricing_minimum_quantity":null,"tiered_pricing_roles_data":[],"tiered_pricing_percentage_rules":[],"_links":{"self":[{"href":"https:\/\/www.grupsagaro.net\/index.php?rest_route=\/wp\/v2\/product\/33976","targetHints":{"allow":["GET"]}}],"collection":[{"href":"https:\/\/www.grupsagaro.net\/index.php?rest_route=\/wp\/v2\/product"}],"about":[{"href":"https:\/\/www.grupsagaro.net\/index.php?rest_route=\/wp\/v2\/types\/product"}],"replies":[{"embeddable":true,"href":"https:\/\/www.grupsagaro.net\/index.php?rest_route=%2Fwp%2Fv2%2Fcomments&post=33976"}],"wp:featuredmedia":[{"embeddable":true,"href":"https:\/\/www.grupsagaro.net\/index.php?rest_route=\/wp\/v2\/media\/33988"}],"wp:attachment":[{"href":"https:\/\/www.grupsagaro.net\/index.php?rest_route=%2Fwp%2Fv2%2Fmedia&parent=33976"}],"wp:term":[{"taxonomy":"product_brand","embeddable":true,"href":"https:\/\/www.grupsagaro.net\/index.php?rest_route=%2Fwp%2Fv2%2Fproduct_brand&post=33976"},{"taxonomy":"product_cat","embeddable":true,"href":"https:\/\/www.grupsagaro.net\/index.php?rest_route=%2Fwp%2Fv2%2Fproduct_cat&post=33976"},{"taxonomy":"product_tag","embeddable":true,"href":"https:\/\/www.grupsagaro.net\/index.php?rest_route=%2Fwp%2Fv2%2Fproduct_tag&post=33976"}],"curies":[{"name":"wp","href":"https:\/\/api.w.org\/{rel}","templated":true}]}}