{"id":33531,"date":"2022-04-25T08:02:36","date_gmt":"2022-04-25T07:02:36","guid":{"rendered":"https:\/\/www.grupsagaro.net\/?post_type=product&#038;p=33531"},"modified":"2023-11-24T12:27:03","modified_gmt":"2023-11-24T10:27:03","slug":"downlight-led-44w-circular-philips-certadrive-cct-ugr17-cri90-ip54","status":"publish","type":"product","link":"https:\/\/www.grupsagaro.net\/?product=downlight-led-44w-circular-philips-certadrive-cct-ugr17-cri90-ip54","title":{"rendered":"Downlight LED 44W Circular &#8211; Philips CertaDrive &#8211; CCT &#8211; UGR17- CRI+90 -IP54"},"content":{"rendered":"<p>[et_pb_section fb_built=\u00bb1&#8243; _builder_version=\u00bb4.16&#8243; custom_padding=\u00bb0px||||false|false\u00bb global_colors_info=\u00bb{}\u00bb][et_pb_row _builder_version=\u00bb4.16&#8243; background_size=\u00bbinitial\u00bb background_position=\u00bbtop_left\u00bb background_repeat=\u00bbrepeat\u00bb width=\u00bb100%\u00bb custom_padding=\u00bb0px||0px||false|false\u00bb global_colors_info=\u00bb{}\u00bb][et_pb_column type=\u00bb4_4&#8243; _builder_version=\u00bb4.16&#8243; custom_padding=\u00bb|||\u00bb global_colors_info=\u00bb{}\u00bb custom_padding__hover=\u00bb|||\u00bb][et_pb_wc_breadcrumb _builder_version=\u00bb4.17.3&#8243; body_font=\u00bb|600|||||||\u00bb global_colors_info=\u00bb{}\u00bb][\/et_pb_wc_breadcrumb][et_pb_wc_cart_notice _builder_version=\u00bb4.16&#8243; global_colors_info=\u00bb{}\u00bb][\/et_pb_wc_cart_notice][\/et_pb_column][\/et_pb_row][et_pb_row column_structure=\u00bb1_2,1_2&#8243; _builder_version=\u00bb4.16&#8243; background_size=\u00bbinitial\u00bb background_position=\u00bbtop_left\u00bb background_repeat=\u00bbrepeat\u00bb width=\u00bb100%\u00bb custom_padding=\u00bb0px||||false|false\u00bb global_colors_info=\u00bb{}\u00bb][et_pb_column type=\u00bb1_2&#8243; _builder_version=\u00bb4.16&#8243; custom_padding=\u00bb|||\u00bb global_colors_info=\u00bb{}\u00bb custom_padding__hover=\u00bb|||\u00bb][et_pb_wc_images _builder_version=\u00bb4.16&#8243; global_colors_info=\u00bb{}\u00bb][\/et_pb_wc_images][\/et_pb_column][et_pb_column type=\u00bb1_2&#8243; _builder_version=\u00bb4.16&#8243; custom_padding=\u00bb|||\u00bb global_colors_info=\u00bb{}\u00bb custom_padding__hover=\u00bb|||\u00bb][et_pb_wc_title _builder_version=\u00bb4.16&#8243; global_colors_info=\u00bb{}\u00bb][\/et_pb_wc_title][et_pb_wc_rating _builder_version=\u00bb4.16&#8243; global_colors_info=\u00bb{}\u00bb][\/et_pb_wc_rating][et_pb_wc_price _builder_version=\u00bb4.16&#8243; global_colors_info=\u00bb{}\u00bb][\/et_pb_wc_price][et_pb_text _builder_version=\u00bb4.17.3&#8243; _dynamic_attributes=\u00bbcontent\u00bb _module_preset=\u00bbdefault\u00bb global_colors_info=\u00bb{}\u00bb]@ET-DC@eyJkeW5hbWljIjp0cnVlLCJjb250ZW50IjoiY3VzdG9tX21ldGFfY2FwYWNpdGF0OiIsInNldHRpbmdzIjp7ImJlZm9yZSI6IiIsImFmdGVyIjoiIiwiZW5hYmxlX2h0bWwiOiJvZmYifX0=@[\/et_pb_text][et_pb_wc_description _builder_version=\u00bb4.16&#8243; global_colors_info=\u00bb{}\u00bb][\/et_pb_wc_description][et_pb_wc_add_to_cart _builder_version=\u00bb4.16&#8243; global_colors_info=\u00bb{}\u00bb][\/et_pb_wc_add_to_cart][et_pb_wc_meta _builder_version=\u00bb4.16&#8243; global_colors_info=\u00bb{}\u00bb][\/et_pb_wc_meta][\/et_pb_column][\/et_pb_row][et_pb_row _builder_version=\u00bb4.16&#8243; background_size=\u00bbinitial\u00bb background_position=\u00bbtop_left\u00bb background_repeat=\u00bbrepeat\u00bb width=\u00bb100%\u00bb global_colors_info=\u00bb{}\u00bb][et_pb_column type=\u00bb4_4&#8243; _builder_version=\u00bb4.16&#8243; custom_padding=\u00bb|||\u00bb global_colors_info=\u00bb{}\u00bb custom_padding__hover=\u00bb|||\u00bb][et_pb_wc_tabs _builder_version=\u00bb4.16&#8243; global_colors_info=\u00bb{}\u00bb] [\/et_pb_wc_tabs][et_pb_wc_upsells _builder_version=\u00bb4.16&#8243; global_colors_info=\u00bb{}\u00bb][\/et_pb_wc_upsells][et_pb_wc_related_products posts_number=\u00bb6&#8243; _builder_version=\u00bb4.17.3&#8243; product_title_font_size=\u00bb14px\u00bb global_colors_info=\u00bb{}\u00bb][\/et_pb_wc_related_products][\/et_pb_column][\/et_pb_row][\/et_pb_section]<\/p>\n","protected":false},"excerpt":{"rendered":"<p style=\"text-align: center;\">Pot\u00e8ncia nominal: 44W<br \/>\nTensi\u00f3 Nominal: 175-265V<br \/>\nTemperatura de Llum: COLOR SELECCIONABLE: 3000K-4000K-6000K<br \/>\nCRI -\u00cdndex Reproducci\u00f3 Crom\u00e0tica: 90<br \/>\nMaterial de Construcci\u00f3: Alumini +PC<br \/>\nLluminositat-Lm: 4840<br \/>\nTipus de LEDs: SMD 2835<br \/>\nAngle d&#8217;Obertura (\u00ba): 120\u00ba<br \/>\nEfic\u00e0cia Diode LED (Lm\/W): 140 Lm\/W<br \/>\nEfic\u00e0cia lluminosa (Lm\/W): 110 Lm\/W<br \/>\nCertificats: CE &#8211; ROHS<br \/>\nGrau d&#8217;IP: IP54<br \/>\nVida Estimada D\u00edode LED (H): 40.000<br \/>\nMides (mm): \u00d8225mm * H35mm<br \/>\nFactor de Pot\u00e8ncia (PF): 0,95<br \/>\nFreq\u00fc\u00e8ncia de Treball (Hz): 50\/60Hz<br \/>\nRang Temperatura (\u00baC): -20\u00b0C ~ +55\u00b0C<br \/>\nCicles d&#8217;encesos: 100.000<br \/>\nTemps d&#8217;arrencada (s): 0,2s<br \/>\nTall de Sostre (mm): \u00d8205mm<br \/>\n\u00cdndex d&#8217;enlluernament (UGR): 17<br \/>\nDriver incl\u00f2s: PHILIPS CertaDrive<br \/>\nClasse Energ\u00e8tica (2021-UE-2019\/2015): A+<br \/>\nGarantia anys: 3<\/p>\n","protected":false},"featured_media":33540,"comment_status":"open","ping_status":"closed","template":"","meta":{"_acf_changed":false,"_seopress_robots_primary_cat":"none","_seopress_titles_title":"%%post_title%%","_seopress_titles_desc":"%%post_excerpt%% %%_category_description%%","_seopress_robots_index":"","_et_pb_use_builder":"on","_et_pb_old_content":"Downlight LED 44W - Philips Certa Drive- CCT - UGR17 - IP54 - Circular\r\n\r\nEl nostre Downlight Philips CertaDrive amb pot\u00e8ncia de 44W es caracteritza pel seu maneig senzill aconseguint una il\u00b7luminaci\u00f3 precisa i personalitzada a qualsevol espai interior.\r\n\r\nA m\u00e9s, amb el seu elevat UGR no tindr\u00e0s problemes amb l'enlluernament, ja que disposa d'un baix \u00edndex d'enlluernament UGR17.\r\n\r\nCOLOR SELECCIONABLE: El nostre Downlight disposa de selector de temperatura de color, podent escollir entre el blanc fred -6000K-, blanc neutre-4000K- i blanc c\u00e0lid-3000K-.\r\n\r\nGr\u00e0cies al seu sistema de selecci\u00f3 de color podr\u00e0s adaptar-lo a les necessitats del teu negoci o casa teva, podent escollir el color desitjat per a cada habitaci\u00f3 o sala.\r\n\r\nLa font lum\u00ednica d'alta efici\u00e8ncia amb tecnologia SMD2835 que lliura una alta lluminositat amb la qual cosa reempla\u00e7ar\u00e0 a la perfecci\u00f3 focus tradicionals aportant un estalvi superior al 80%.\r\n\r\nAmb el seu funcional disseny, la seva instal\u00b7laci\u00f3 \u00e9s r\u00e0pida i senzilla.\r\n\r\nEl seu elevat \u00edndex de reproducci\u00f3 crom\u00e0tica +92 garanteix una reproducci\u00f3 dels colors de manera natural.\r\n\r\nEl seu cos dalumini est\u00e0 dissenyat espec\u00edficament perqu\u00e8 la temperatura del led sigui l\u00f2ptima i aconseguir el millor rendiment i durabilitat.\r\n\r\nLa part frontal de la llumin\u00e0ria \u00e9s IP54 pel que pot ser usada tamb\u00e9 en zones humides com a banys i en zones exteriors sota sostre.\r\n\r\nEl reflector, fabricat en policarbonat t\u00e8cnic, crea una llum d'alta qualitat, uniforme i sense taques.\r\n\r\nUsos: Downlight LED 44W - Philips Certa Drive- CCT - UGR17 - IP54 - Circular\r\nBotigues\r\nRestaurants\r\nMuseus\r\nGaleries comercials\r\nCentres comercials\r\nBanys\r\nOficines\r\nPassadissos\r\nAparadors","_et_gb_content_width":"","jetpack_post_was_ever_published":false},"product_brand":[],"product_cat":[5762],"product_tag":[],"class_list":{"0":"post-33531","1":"product","2":"type-product","3":"status-publish","4":"has-post-thumbnail","6":"product_cat-tall-de-sostre-mm-o205mm","7":"product_shipping_class-enviament-factor","9":"first","10":"onbackorder","11":"taxable","12":"shipping-taxable","13":"purchasable","14":"product-type-simple"},"acf":[],"jetpack_likes_enabled":true,"jetpack_sharing_enabled":true,"tiered_pricing_type":"fixed","tiered_pricing_fixed_rules":[],"tiered_pricing_product_settings":{"layout":"default","base_unit_name":{"singular":null,"plural":null},"default_variation":null},"tiered_pricing_minimum_quantity":null,"tiered_pricing_roles_data":[],"tiered_pricing_percentage_rules":[],"_links":{"self":[{"href":"https:\/\/www.grupsagaro.net\/index.php?rest_route=\/wp\/v2\/product\/33531","targetHints":{"allow":["GET"]}}],"collection":[{"href":"https:\/\/www.grupsagaro.net\/index.php?rest_route=\/wp\/v2\/product"}],"about":[{"href":"https:\/\/www.grupsagaro.net\/index.php?rest_route=\/wp\/v2\/types\/product"}],"replies":[{"embeddable":true,"href":"https:\/\/www.grupsagaro.net\/index.php?rest_route=%2Fwp%2Fv2%2Fcomments&post=33531"}],"wp:featuredmedia":[{"embeddable":true,"href":"https:\/\/www.grupsagaro.net\/index.php?rest_route=\/wp\/v2\/media\/33540"}],"wp:attachment":[{"href":"https:\/\/www.grupsagaro.net\/index.php?rest_route=%2Fwp%2Fv2%2Fmedia&parent=33531"}],"wp:term":[{"taxonomy":"product_brand","embeddable":true,"href":"https:\/\/www.grupsagaro.net\/index.php?rest_route=%2Fwp%2Fv2%2Fproduct_brand&post=33531"},{"taxonomy":"product_cat","embeddable":true,"href":"https:\/\/www.grupsagaro.net\/index.php?rest_route=%2Fwp%2Fv2%2Fproduct_cat&post=33531"},{"taxonomy":"product_tag","embeddable":true,"href":"https:\/\/www.grupsagaro.net\/index.php?rest_route=%2Fwp%2Fv2%2Fproduct_tag&post=33531"}],"curies":[{"name":"wp","href":"https:\/\/api.w.org\/{rel}","templated":true}]}}