{"id":32495,"date":"2022-04-05T09:40:56","date_gmt":"2022-04-05T07:40:56","guid":{"rendered":"https:\/\/www.grupsagaro.net\/?post_type=product&#038;p=32495"},"modified":"2023-11-29T09:42:07","modified_gmt":"2023-11-29T07:42:07","slug":"plafo-led-superficie-24w-osram-xip-drammen-plata-4000k","status":"publish","type":"product","link":"https:\/\/www.grupsagaro.net\/?product=plafo-led-superficie-24w-osram-xip-drammen-plata-4000k","title":{"rendered":"Plaf\u00f3 LED Superf\u00edcie 24W OSRAM Xip &#8211; DRAMMEN &#8211; Plata 4000k"},"content":{"rendered":"<p>[et_pb_section fb_built=\u00bb1&#8243; _builder_version=\u00bb4.16&#8243; custom_padding=\u00bb0px||||false|false\u00bb global_colors_info=\u00bb{}\u00bb][et_pb_row _builder_version=\u00bb4.16&#8243; background_size=\u00bbinitial\u00bb background_position=\u00bbtop_left\u00bb background_repeat=\u00bbrepeat\u00bb width=\u00bb100%\u00bb custom_padding=\u00bb0px||0px||false|false\u00bb global_colors_info=\u00bb{}\u00bb][et_pb_column type=\u00bb4_4&#8243; _builder_version=\u00bb4.16&#8243; custom_padding=\u00bb|||\u00bb global_colors_info=\u00bb{}\u00bb custom_padding__hover=\u00bb|||\u00bb][et_pb_wc_breadcrumb _builder_version=\u00bb4.16.1&#8243; body_font=\u00bb|600|||||||\u00bb global_colors_info=\u00bb{}\u00bb][\/et_pb_wc_breadcrumb][et_pb_wc_cart_notice _builder_version=\u00bb4.16&#8243; global_colors_info=\u00bb{}\u00bb][\/et_pb_wc_cart_notice][\/et_pb_column][\/et_pb_row][et_pb_row column_structure=\u00bb1_2,1_2&#8243; _builder_version=\u00bb4.16&#8243; background_size=\u00bbinitial\u00bb background_position=\u00bbtop_left\u00bb background_repeat=\u00bbrepeat\u00bb width=\u00bb100%\u00bb custom_padding=\u00bb0px||||false|false\u00bb global_colors_info=\u00bb{}\u00bb][et_pb_column type=\u00bb1_2&#8243; _builder_version=\u00bb4.16&#8243; custom_padding=\u00bb|||\u00bb global_colors_info=\u00bb{}\u00bb custom_padding__hover=\u00bb|||\u00bb][et_pb_wc_images _builder_version=\u00bb4.16&#8243; global_colors_info=\u00bb{}\u00bb][\/et_pb_wc_images][\/et_pb_column][et_pb_column type=\u00bb1_2&#8243; _builder_version=\u00bb4.16&#8243; custom_padding=\u00bb|||\u00bb global_colors_info=\u00bb{}\u00bb custom_padding__hover=\u00bb|||\u00bb][et_pb_wc_title _builder_version=\u00bb4.16&#8243; global_colors_info=\u00bb{}\u00bb][\/et_pb_wc_title][et_pb_wc_rating _builder_version=\u00bb4.16&#8243; global_colors_info=\u00bb{}\u00bb][\/et_pb_wc_rating][et_pb_wc_price _builder_version=\u00bb4.16&#8243; global_colors_info=\u00bb{}\u00bb][\/et_pb_wc_price][et_pb_text _builder_version=\u00bb4.23.1&#8243; _dynamic_attributes=\u00bbcontent\u00bb _module_preset=\u00bbdefault\u00bb hover_enabled=\u00bb0&#8243; global_colors_info=\u00bb{}\u00bb text_font=\u00bb|700|||||||\u00bb text_text_color=\u00bb#E02B20&#8243; text_font_size=\u00bb20px\u00bb text_orientation=\u00bbcenter\u00bb sticky_enabled=\u00bb0&#8243;]@ET-DC@eyJkeW5hbWljIjp0cnVlLCJjb250ZW50IjoiY3VzdG9tX21ldGFfY2FwYWNpdGF0OiIsInNldHRpbmdzIjp7ImJlZm9yZSI6IiIsImFmdGVyIjoiIiwiZW5hYmxlX2h0bWwiOiJvZmYifX0=@[\/et_pb_text][et_pb_wc_description _builder_version=\u00bb4.16&#8243; global_colors_info=\u00bb{}\u00bb][\/et_pb_wc_description][et_pb_wc_add_to_cart _builder_version=\u00bb4.16&#8243; global_colors_info=\u00bb{}\u00bb][\/et_pb_wc_add_to_cart][et_pb_wc_meta _builder_version=\u00bb4.16&#8243; global_colors_info=\u00bb{}\u00bb][\/et_pb_wc_meta][\/et_pb_column][\/et_pb_row][et_pb_row _builder_version=\u00bb4.16&#8243; background_size=\u00bbinitial\u00bb background_position=\u00bbtop_left\u00bb background_repeat=\u00bbrepeat\u00bb width=\u00bb100%\u00bb global_colors_info=\u00bb{}\u00bb][et_pb_column type=\u00bb4_4&#8243; _builder_version=\u00bb4.16&#8243; custom_padding=\u00bb|||\u00bb global_colors_info=\u00bb{}\u00bb custom_padding__hover=\u00bb|||\u00bb][et_pb_wc_tabs _builder_version=\u00bb4.16&#8243; global_colors_info=\u00bb{}\u00bb] [\/et_pb_wc_tabs][et_pb_wc_upsells _builder_version=\u00bb4.16&#8243; global_colors_info=\u00bb{}\u00bb][\/et_pb_wc_upsells][et_pb_wc_related_products posts_number=\u00bb12&#8243; orderby=\u00bbprice-desc\u00bb _builder_version=\u00bb4.16.1&#8243; product_title_font_size=\u00bb14px\u00bb global_colors_info=\u00bb{}\u00bb][\/et_pb_wc_related_products][\/et_pb_column][\/et_pb_row][\/et_pb_section]<\/p>\n","protected":false},"excerpt":{"rendered":"<p style=\"text-align: center;\">REFER\u00c8NCIA : PF24W-S<br \/>\nPot\u00e8ncia nominal : 24w<br \/>\nTensi\u00f3 Nominal: 220-240V<br \/>\nTemperatura de llum: 3000K &#8211; 4000K<br \/>\nCRI -\u00cdndex Reproducci\u00f3 Crom\u00e0tica: 80<br \/>\nMaterial de Construcci\u00f3 Material de Construcci\u00f3: Alumini +PC<br \/>\nLluminositat-Lm: 2640<br \/>\nTipus de LEDs: SMD 2835 OSRAM XIP<br \/>\nAngle d&#8217;Obertura (\u00ba): 120\u00ba<br \/>\nEfic\u00e0cia Diode LED (Lm\/W): 120 Lm\/W<br \/>\nEfic\u00e0cia lluminosa (Lm\/W): 110Lm\/W<br \/>\nCertificats: CE &#8211; ROHS<br \/>\nIP Grau d&#8217;IP: IP44<br \/>\nVida Estimada D\u00edode LED (H): 50.000<br \/>\nMides (mm): \u00f8230mm * H20mm<br \/>\nFactor de Pot\u00e8ncia (PF): 0,91<br \/>\nFreq\u00fc\u00e8ncia de Treball (Hz): 50\/60Hz<br \/>\nRang Temperatura (\u00baC): -20\u00b0C ~ +55\u00b0C<br \/>\nCicles d&#8217;encesos: 100.000<br \/>\nTemps d&#8217;arrencada (s): 0,2s<br \/>\nClasse Energ\u00e8tica (2021-UE-2019\/2015): A+<br \/>\nGarantia anys: 5<\/p>\n","protected":false},"featured_media":32493,"comment_status":"open","ping_status":"closed","template":"","meta":{"_acf_changed":false,"_seopress_robots_primary_cat":"5287","_seopress_titles_title":"%%post_title%%","_seopress_titles_desc":"%%post_excerpt%% %%_category_description%%","_seopress_robots_index":"","_et_pb_use_builder":"on","_et_pb_old_content":"Plaf\u00f3 LED Superf\u00edcie 24W OSRAM Xip - DRAMMEN - Plata\r\nEl nostre plaf\u00f3 o downlight circular destaca pel seu aspecte elegant i modern. T\u00e9 una pot\u00e8ncia de 24W, \u00e9s un producte especialment indicat per destacar espais arquitect\u00f2nics de disseny espectacular.\r\n\r\nReprodueix ambients idonis amb una il\u00b7luminaci\u00f3 d'alta brillantor, des de fred a c\u00e0lids. \u00c9s una Llumin\u00e0ria amb IP44.\r\n\r\ncct\r\n\r\nAmb aquest llum de sostre pot reduir un estalvi denergia de fins a un 80%. Es considera un producte no contaminant, ja que te una classe energ\u00e8tica A+.\r\n\r\nLa llum es distribueix per tota la zona de forma homog\u00e8nia ja que inclou una carcassa opal i un angle de 120 \u00ba. Gr\u00e0cies al seu disseny avantguardista i selecte podeu crear ambients sofisticats i una il\u00b7luminaci\u00f3 notable.\r\n\r\nF\u00e0cil d'instal\u00b7lar i amb garantia de qualitat. Ara la instal\u00b7laci\u00f3 i el maneig del producte \u00e9s m\u00e9s c\u00f2mode, aconseguint que ladaptaci\u00f3 a les superf\u00edcies sigui m\u00e9s precisa i en un menor temps.\r\n\r\nUsos del Plaf\u00f3 LED Superf\u00edcie 24W OSRAM Chip - DRAMMEN - Plata\r\n\r\n<img src=\"https:\/\/www.factorled.com\/img\/cms\/color%20led%203000k-4000-6000k-jpg.jpg\" alt=\"cct\" \/>","_et_gb_content_width":"","jetpack_post_was_ever_published":false},"product_brand":[],"product_cat":[5287],"product_tag":[4335],"class_list":{"0":"post-32495","1":"product","2":"type-product","3":"status-publish","4":"has-post-thumbnail","6":"product_cat-panell-superficie-interior","7":"product_tag-plafo-led-superficie-osram-xip-duris-e-2835","8":"product_shipping_class-enviament-factor","10":"first","11":"onbackorder","12":"taxable","13":"shipping-taxable","14":"purchasable","15":"product-type-simple"},"acf":[],"jetpack_likes_enabled":true,"jetpack_sharing_enabled":true,"tiered_pricing_type":"fixed","tiered_pricing_fixed_rules":[],"tiered_pricing_product_settings":{"layout":"default","base_unit_name":{"singular":null,"plural":null},"default_variation":null},"tiered_pricing_minimum_quantity":null,"tiered_pricing_roles_data":[],"tiered_pricing_percentage_rules":[],"_links":{"self":[{"href":"https:\/\/www.grupsagaro.net\/index.php?rest_route=\/wp\/v2\/product\/32495","targetHints":{"allow":["GET"]}}],"collection":[{"href":"https:\/\/www.grupsagaro.net\/index.php?rest_route=\/wp\/v2\/product"}],"about":[{"href":"https:\/\/www.grupsagaro.net\/index.php?rest_route=\/wp\/v2\/types\/product"}],"replies":[{"embeddable":true,"href":"https:\/\/www.grupsagaro.net\/index.php?rest_route=%2Fwp%2Fv2%2Fcomments&post=32495"}],"wp:featuredmedia":[{"embeddable":true,"href":"https:\/\/www.grupsagaro.net\/index.php?rest_route=\/wp\/v2\/media\/32493"}],"wp:attachment":[{"href":"https:\/\/www.grupsagaro.net\/index.php?rest_route=%2Fwp%2Fv2%2Fmedia&parent=32495"}],"wp:term":[{"taxonomy":"product_brand","embeddable":true,"href":"https:\/\/www.grupsagaro.net\/index.php?rest_route=%2Fwp%2Fv2%2Fproduct_brand&post=32495"},{"taxonomy":"product_cat","embeddable":true,"href":"https:\/\/www.grupsagaro.net\/index.php?rest_route=%2Fwp%2Fv2%2Fproduct_cat&post=32495"},{"taxonomy":"product_tag","embeddable":true,"href":"https:\/\/www.grupsagaro.net\/index.php?rest_route=%2Fwp%2Fv2%2Fproduct_tag&post=32495"}],"curies":[{"name":"wp","href":"https:\/\/api.w.org\/{rel}","templated":true}]}}