{"id":32328,"date":"2022-04-01T12:42:51","date_gmt":"2022-04-01T11:42:51","guid":{"rendered":"https:\/\/www.grupsagaro.net\/?post_type=product&#038;p=32328"},"modified":"2023-11-29T10:11:46","modified_gmt":"2023-11-29T08:11:46","slug":"plafo-led-18w-wifi-smart-rgbcct-regulable","status":"publish","type":"product","link":"https:\/\/www.grupsagaro.net\/?product=plafo-led-18w-wifi-smart-rgbcct-regulable","title":{"rendered":"Plaf\u00f3 LED 18W WiFi SMART RGB+CCT &#8211; Regulable"},"content":{"rendered":"<p>[et_pb_section fb_built=\u00bb1&#8243; _builder_version=\u00bb4.16&#8243; custom_padding=\u00bb0px||||false|false\u00bb global_colors_info=\u00bb{}\u00bb][et_pb_row _builder_version=\u00bb4.16&#8243; background_size=\u00bbinitial\u00bb background_position=\u00bbtop_left\u00bb background_repeat=\u00bbrepeat\u00bb width=\u00bb100%\u00bb custom_padding=\u00bb0px||0px||false|false\u00bb global_colors_info=\u00bb{}\u00bb][et_pb_column type=\u00bb4_4&#8243; _builder_version=\u00bb4.16&#8243; custom_padding=\u00bb|||\u00bb global_colors_info=\u00bb{}\u00bb custom_padding__hover=\u00bb|||\u00bb][et_pb_wc_breadcrumb _builder_version=\u00bb4.16.0&#8243; body_font=\u00bb|600|||||||\u00bb global_colors_info=\u00bb{}\u00bb][\/et_pb_wc_breadcrumb][et_pb_wc_cart_notice _builder_version=\u00bb4.16&#8243; global_colors_info=\u00bb{}\u00bb][\/et_pb_wc_cart_notice][\/et_pb_column][\/et_pb_row][et_pb_row column_structure=\u00bb1_2,1_2&#8243; _builder_version=\u00bb4.16&#8243; background_size=\u00bbinitial\u00bb background_position=\u00bbtop_left\u00bb background_repeat=\u00bbrepeat\u00bb width=\u00bb100%\u00bb custom_padding=\u00bb0px||||false|false\u00bb global_colors_info=\u00bb{}\u00bb][et_pb_column type=\u00bb1_2&#8243; _builder_version=\u00bb4.16&#8243; custom_padding=\u00bb|||\u00bb global_colors_info=\u00bb{}\u00bb custom_padding__hover=\u00bb|||\u00bb][et_pb_wc_images _builder_version=\u00bb4.16&#8243; global_colors_info=\u00bb{}\u00bb][\/et_pb_wc_images][\/et_pb_column][et_pb_column type=\u00bb1_2&#8243; _builder_version=\u00bb4.16&#8243; custom_padding=\u00bb|||\u00bb global_colors_info=\u00bb{}\u00bb custom_padding__hover=\u00bb|||\u00bb][et_pb_wc_title _builder_version=\u00bb4.16&#8243; global_colors_info=\u00bb{}\u00bb][\/et_pb_wc_title][et_pb_wc_rating _builder_version=\u00bb4.16&#8243; global_colors_info=\u00bb{}\u00bb][\/et_pb_wc_rating][et_pb_wc_price _builder_version=\u00bb4.16&#8243; global_colors_info=\u00bb{}\u00bb][\/et_pb_wc_price][et_pb_text _builder_version=\u00bb4.23.1&#8243; _dynamic_attributes=\u00bbcontent\u00bb _module_preset=\u00bbdefault\u00bb text_font=\u00bb|700|||||||\u00bb text_text_color=\u00bb#8300E9&#8243; text_font_size=\u00bb20px\u00bb text_orientation=\u00bbcenter\u00bb global_colors_info=\u00bb{}\u00bb]@ET-DC@eyJkeW5hbWljIjp0cnVlLCJjb250ZW50IjoiY3VzdG9tX21ldGFfY2FwYWNpdGF0OiIsInNldHRpbmdzIjp7ImJlZm9yZSI6IiIsImFmdGVyIjoiIiwiZW5hYmxlX2h0bWwiOiJvZmYifX0=@[\/et_pb_text][et_pb_wc_description _builder_version=\u00bb4.16&#8243; global_colors_info=\u00bb{}\u00bb][\/et_pb_wc_description][et_pb_wc_add_to_cart _builder_version=\u00bb4.16&#8243; global_colors_info=\u00bb{}\u00bb][\/et_pb_wc_add_to_cart][et_pb_wc_meta _builder_version=\u00bb4.16&#8243; global_colors_info=\u00bb{}\u00bb][\/et_pb_wc_meta][\/et_pb_column][\/et_pb_row][et_pb_row _builder_version=\u00bb4.16&#8243; background_size=\u00bbinitial\u00bb background_position=\u00bbtop_left\u00bb background_repeat=\u00bbrepeat\u00bb width=\u00bb100%\u00bb global_colors_info=\u00bb{}\u00bb][et_pb_column type=\u00bb4_4&#8243; _builder_version=\u00bb4.16&#8243; custom_padding=\u00bb|||\u00bb global_colors_info=\u00bb{}\u00bb custom_padding__hover=\u00bb|||\u00bb][et_pb_wc_tabs _builder_version=\u00bb4.16&#8243; global_colors_info=\u00bb{}\u00bb] [\/et_pb_wc_tabs][et_pb_wc_upsells _builder_version=\u00bb4.16&#8243; global_colors_info=\u00bb{}\u00bb][\/et_pb_wc_upsells][et_pb_wc_related_products posts_number=\u00bb9&#8243; _builder_version=\u00bb4.16.0&#8243; product_title_font_size=\u00bb14px\u00bb global_colors_info=\u00bb{}\u00bb][\/et_pb_wc_related_products][\/et_pb_column][\/et_pb_row][\/et_pb_section]<\/p>\n","protected":false},"excerpt":{"rendered":"<p>Configuraci\u00f3 Plaf\u00f3 LED 18W WiFi SMART RGB+CCT:<br \/>\nConnectar el plaf\u00f3 al corrent.<br \/>\nEncendre&#8217;l durant 1 segon<br \/>\nApagar-lo durant 4 segons<br \/>\nRepetiu aquesta seq\u00fc\u00e8ncia 3 vegades.<br \/>\nUn cop repetida la seq\u00fc\u00e8ncia 3 vegades, el plaf\u00f3 ha de comen\u00e7ar a parpellejar.<br \/>\nA partir d&#8217;aquest moment ja el podeu vincular amb l&#8217;APP<\/p>\n<p>T\u00e9 una total compatibilitat amb Amazon Alexa, Google Home i Smart life aix\u00ed com amb els sistemes operatius IOS i Android. La seva posada en marxa \u00e9s molt senzilla i intu\u00eftiva a trav\u00e9s de la nostra app gratu\u00efta IWIIK. Pots trobar-la als market place Apple Store i Google Play.<\/p>\n<p>Transforma casa teva en intel\u00b7ligent gr\u00e0cies als productes Smart WIFI IWIIK que podr\u00e0s trobar a la nostra botiga online.<\/p>\n<p>La configuraci\u00f3 i el maneig es realitzar\u00e0 mitjan\u00e7ant laplicaci\u00f3 IWIIK o TUYA que es troba disponible per als sistemes operatius iOS i Android.<\/p>\n<p>A FactorLED assegurem que els nostres productes tenen garantia de QUALITAT i ofereixen tots els elements necessaris per a la DISTRIBUCI\u00d3, IMPORTACI\u00d3 o VENDA al per MAJOR, incloent la fitxa t\u00e8cnica de cada producte LED.<\/p>\n<p>CROMOTER\u00c0PIA, COLOR TER\u00c0PIA I LA SEVA INFLU\u00c8NCIA A LA MELATONINA DEL COS<\/p>\n<p>Qu\u00e8 \u00e9s la melatonina?<\/p>\n<p>\u00c9s una hormona que es troba de forma natural al nostre cos. Es produeix a partir de l&#8217;amino\u00e0cid essencial Tript\u00f2fan, mitjan\u00e7ant la transformaci\u00f3 a la gl\u00e0ndula pineal (la qual \u00e9s a la base del cervell) de serotonina en melatonina.<\/p>\n<p>Quines funcions t\u00e9?<\/p>\n<p>-Regula el nostre rellotge biol\u00f2gic. La regulaci\u00f3 de la secreci\u00f3 de melatonina es veu afectada per la llum, ens provoca somni a la nit, quan augmenta la quantitat de melatonina al nostre cos, i ens fa despertar quan disminueix.<\/p>\n<p>-La melatonina estimula la secreci\u00f3 de lhormona del creixement.<\/p>\n<p>-La melatonina sembla intervenir regulant la nostra gana i modulant la producci\u00f3 de gonadotropines (s&#8217;encarreguen del desenvolupament i funcionament d&#8217;ovaris i testicles)<\/p>\n<p>-La melatonina actua com un potent antioxidant combatent els radicals lliures.<\/p>\n<p>-La melatonina millora el sistema immunol\u00f2gic ajudant a inhibir algunes infeccions, ja que augmenta les nostres defenses naturals.<\/p>\n<p>Els colors poden tenir gran impacte a la nostra ment i al nostre cos, modificant el nostre estat d&#8217;\u00e0nim. Amb la cromoter\u00e0pia, i les diferents freq\u00fc\u00e8ncies de colors usats que t\u00e9 diferents freq\u00fc\u00e8ncies de llum, es pot controlar les a la gl\u00e0ndula pineal perqu\u00e8 produeixi melatonina. Una subst\u00e0ncia encarregada de regular el nostre rellotge biol\u00f2gic, \u00e9s a dir, els nostres patrons de vig\u00edlia i somni.<\/p>\n<p>La melatonina tamb\u00e9 estimula l&#8217;hipot\u00e0lem. Una zona del cervell que controla el sistema endocr\u00ed i nervi\u00f3s, aportant aix\u00ed salut a l&#8217;organisme. I per tant hi ha un menor risc de patir malalties.<\/p>\n<p>Has observat mai estar ple d&#8217;energia, optimisme i felicitat gr\u00e0cies a un dia clar i amb cel blau brillant? Aix\u00f2 \u00e9s perqu\u00e8 hi ha una resposta hormonal satisfact\u00f2ria quan ens exposem a la llum adequada. Aix\u00ed, quan arriba la tardor i l&#8217;hivern, les hores de llum disminueixen afectant el nostre estat d&#8217;\u00e0nim i les nostres funcions vitals. Treballar, estudiar o viure amb una il\u00b7luminaci\u00f3 inapropiada requereix un esfor\u00e7 m\u00e9s gran del cervell i del teu cos. La cromoter\u00e0pia busca establir un equilibri al nostre cos.<\/p>\n<p>Com funciona?<\/p>\n<p>A cromoter\u00e0pia cada color t\u00e9 un significat determinat i definit. I no nom\u00e9s importa el to que s&#8217;utilitzi, sin\u00f3 tamb\u00e9 la part del cos on es projecta o on s&#8217;usa, ja que cada color afecta de manera diferent la ment i el cos.<\/p>\n<p>L\u00fas de la ter\u00e0pia de la llum per a la curaci\u00f3 \u00e9s una alternativa no invasiva que pot ser molt beneficiosa. Aix\u00ed mateix, s&#8217;ha demostrat que \u00e9s totalment segura tant per a nens com a adults i fins i tot per a animals.<\/p>\n<p>El poder dels colors:<\/p>\n<p>Vermell: \u00c9s estimulant, fort, vigor\u00f3s. Aquesta llum s&#8217;associa al poder i la vitalitat. No \u00e9s aconsellable fer-la servir quan s&#8217;est\u00e0 enfadat, massa excitat o amb qualsevol situaci\u00f3 o condici\u00f3 que no hagi de ser estimulada. \u00c9s la llum m\u00e9s apropiada per combatre l&#8217;apatia i millorar-ne el metabolisme.<\/p>\n<p>Taronja: \u00c9s un color c\u00e0lid, amb efecte estimulant. Igual que el vermell, no \u00e9s aconsellable fer-lo servir en moments d&#8217;ansietat o excitaci\u00f3. \u00c9s una llum que estimula la funci\u00f3 immune, tamb\u00e9 estimula la gl\u00e0ndula tiroide.<\/p>\n<p>Groc: De nou, un altre color c\u00e0lid i amb efecte estimulant. \u00c9s un color que desperta alegria, felicitat i que ens mant\u00e9 alerta. Per tant, \u00e9s aconsellable evitar-ho en moments de nervis, tensi\u00f3 o quan es pateix de neur\u00e0lgia.<\/p>\n<p>Verd: \u00c9s el color de la joia, l&#8217;esperan\u00e7a i la confian\u00e7a. Normalment s&#8217;aplica abans i despr\u00e9s d&#8217;altres colors per donar equilibri. Estimula la funci\u00f3 immunol\u00f2gica, millora la funci\u00f3 sexual.<\/p>\n<p>Blau: \u00c9s un color ideal per despertar i iniciar les activitats. \u00c9s el color del cel, per la qual cosa t\u00e9 una gran influ\u00e8ncia en els nostres ritmes diaris, aix\u00ed com en els nostres patrons de descans i de treball. Aquesta llum ajusta el rellotge<\/p>\n<p>biol\u00f2gic a l&#8217;alba. El color blau no \u00e9s indicat per dormir, sin\u00f3 en despertar-se.<\/p>\n<p>Anyil: \u00c9s el color m\u00e9s fred de tots, de manera que t\u00e9 un efecte relaxant sobre la ment i el cos. \u00c9s la llum apropiada per millorar la intu\u00efci\u00f3 i enfortir la imaginaci\u00f3. Calma els nervis i millora els problemes daprenentatge.<\/p>\n<p>Violeta: Tamb\u00e9 \u00e9s un color fred, per la qual cosa t\u00e9 un efecte tranquil\u00b7litzador. \u00c9s el color m\u00e9s espiritual perqu\u00e8 ajuda a promoure la sensaci\u00f3 d&#8217;unitat amb el m\u00f3n. Calma l&#8217;estr\u00e8s mental.<\/p>\n","protected":false},"featured_media":32326,"comment_status":"open","ping_status":"closed","template":"","meta":{"_acf_changed":false,"_seopress_robots_primary_cat":"5287","_seopress_titles_title":"%%post_title%%","_seopress_titles_desc":"%%post_excerpt%% %%_category_description%%","_seopress_robots_index":"","_et_pb_use_builder":"on","_et_pb_old_content":"<p style=\"text-align: justify\">Plaf\u00f3 LED 18W WiFi SMART RGB+CCT - Regulable\r\nEl Plaf\u00f3 LED 18W WiFi SMART, aquesta l\u00e0mpada ofereix la possibilitat d'ajustar tant el color de cada d\u00edode de la tira RGB aix\u00ed com la brillantor d'aquesta i la seva temperatura de color, i \u00e9s possible l'ajust des de colors c\u00e0lids (2700K) a colors m\u00e9s freds (6500K) adaptant-se aix\u00ed a les necessitats de tots usuaris. Agrupa-la amb altres dispositius SMART i crea moments \u00fanics a casa teva.<\/p>\r\n<img src=\"https:\/\/www.factorled.com\/img\/cms\/Ambientadas\/Plaf%C3%B3n-LED-24W-WiFi-SMART.jpg\" \/>\r\n\r\n&nbsp;","_et_gb_content_width":"","jetpack_post_was_ever_published":false},"product_brand":[],"product_cat":[5287],"product_tag":[4534],"class_list":{"0":"post-32328","1":"product","2":"type-product","3":"status-publish","4":"has-post-thumbnail","6":"product_cat-panell-superficie-interior","7":"product_tag-tuya","8":"product_shipping_class-enviament-factor","10":"first","11":"onbackorder","12":"taxable","13":"shipping-taxable","14":"purchasable","15":"product-type-simple"},"acf":[],"jetpack_likes_enabled":true,"jetpack_sharing_enabled":true,"tiered_pricing_type":"fixed","tiered_pricing_fixed_rules":[],"tiered_pricing_product_settings":{"layout":"default","base_unit_name":{"singular":null,"plural":null},"default_variation":null},"tiered_pricing_minimum_quantity":null,"tiered_pricing_roles_data":[],"tiered_pricing_percentage_rules":[],"_links":{"self":[{"href":"https:\/\/www.grupsagaro.net\/index.php?rest_route=\/wp\/v2\/product\/32328","targetHints":{"allow":["GET"]}}],"collection":[{"href":"https:\/\/www.grupsagaro.net\/index.php?rest_route=\/wp\/v2\/product"}],"about":[{"href":"https:\/\/www.grupsagaro.net\/index.php?rest_route=\/wp\/v2\/types\/product"}],"replies":[{"embeddable":true,"href":"https:\/\/www.grupsagaro.net\/index.php?rest_route=%2Fwp%2Fv2%2Fcomments&post=32328"}],"wp:featuredmedia":[{"embeddable":true,"href":"https:\/\/www.grupsagaro.net\/index.php?rest_route=\/wp\/v2\/media\/32326"}],"wp:attachment":[{"href":"https:\/\/www.grupsagaro.net\/index.php?rest_route=%2Fwp%2Fv2%2Fmedia&parent=32328"}],"wp:term":[{"taxonomy":"product_brand","embeddable":true,"href":"https:\/\/www.grupsagaro.net\/index.php?rest_route=%2Fwp%2Fv2%2Fproduct_brand&post=32328"},{"taxonomy":"product_cat","embeddable":true,"href":"https:\/\/www.grupsagaro.net\/index.php?rest_route=%2Fwp%2Fv2%2Fproduct_cat&post=32328"},{"taxonomy":"product_tag","embeddable":true,"href":"https:\/\/www.grupsagaro.net\/index.php?rest_route=%2Fwp%2Fv2%2Fproduct_tag&post=32328"}],"curies":[{"name":"wp","href":"https:\/\/api.w.org\/{rel}","templated":true}]}}