{"id":30970,"date":"2022-03-10T16:54:46","date_gmt":"2022-03-10T14:54:46","guid":{"rendered":"https:\/\/www.grupsagaro.net\/?post_type=product&#038;p=30970"},"modified":"2023-11-20T08:39:19","modified_gmt":"2023-11-20T06:39:19","slug":"camera-ip-hd-1080p-2mp-audio-sd-moviment-control-teva","status":"publish","type":"product","link":"https:\/\/www.grupsagaro.net\/?product=camera-ip-hd-1080p-2mp-audio-sd-moviment-control-teva","title":{"rendered":"C\u00e0mera IP HD 1080P 2mp \u00e0udio SD moviment control TEVA"},"content":{"rendered":"<p>[et_pb_section fb_built=\u00bb1&#8243; _builder_version=\u00bb4.16&#8243; custom_padding=\u00bb0px||||false|false\u00bb global_colors_info=\u00bb{}\u00bb][et_pb_row _builder_version=\u00bb4.16&#8243; background_size=\u00bbinitial\u00bb background_position=\u00bbtop_left\u00bb background_repeat=\u00bbrepeat\u00bb width=\u00bb100%\u00bb custom_padding=\u00bb0px||0px||false|false\u00bb global_colors_info=\u00bb{}\u00bb][et_pb_column type=\u00bb4_4&#8243; _builder_version=\u00bb4.16&#8243; custom_padding=\u00bb|||\u00bb global_colors_info=\u00bb{}\u00bb custom_padding__hover=\u00bb|||\u00bb][et_pb_wc_breadcrumb _builder_version=\u00bb4.16&#8243; body_font=\u00bb|600|||||||\u00bb global_colors_info=\u00bb{}\u00bb][\/et_pb_wc_breadcrumb][et_pb_wc_cart_notice _builder_version=\u00bb4.16&#8243; global_colors_info=\u00bb{}\u00bb][\/et_pb_wc_cart_notice][\/et_pb_column][\/et_pb_row][et_pb_row column_structure=\u00bb1_2,1_2&#8243; _builder_version=\u00bb4.16&#8243; background_size=\u00bbinitial\u00bb background_position=\u00bbtop_left\u00bb background_repeat=\u00bbrepeat\u00bb width=\u00bb100%\u00bb custom_padding=\u00bb0px||||false|false\u00bb global_colors_info=\u00bb{}\u00bb][et_pb_column type=\u00bb1_2&#8243; _builder_version=\u00bb4.16&#8243; custom_padding=\u00bb|||\u00bb global_colors_info=\u00bb{}\u00bb custom_padding__hover=\u00bb|||\u00bb][et_pb_wc_images _builder_version=\u00bb4.16&#8243; global_colors_info=\u00bb{}\u00bb][\/et_pb_wc_images][\/et_pb_column][et_pb_column type=\u00bb1_2&#8243; _builder_version=\u00bb4.16&#8243; custom_padding=\u00bb|||\u00bb global_colors_info=\u00bb{}\u00bb custom_padding__hover=\u00bb|||\u00bb][et_pb_wc_title _builder_version=\u00bb4.16&#8243; global_colors_info=\u00bb{}\u00bb][\/et_pb_wc_title][et_pb_wc_rating _builder_version=\u00bb4.16&#8243; global_colors_info=\u00bb{}\u00bb][\/et_pb_wc_rating][et_pb_wc_price _builder_version=\u00bb4.16&#8243; global_colors_info=\u00bb{}\u00bb][\/et_pb_wc_price][et_pb_wc_description _builder_version=\u00bb4.16&#8243; global_colors_info=\u00bb{}\u00bb][\/et_pb_wc_description][et_pb_wc_add_to_cart _builder_version=\u00bb4.16&#8243; global_colors_info=\u00bb{}\u00bb][\/et_pb_wc_add_to_cart][et_pb_wc_meta _builder_version=\u00bb4.16&#8243; global_colors_info=\u00bb{}\u00bb][\/et_pb_wc_meta][\/et_pb_column][\/et_pb_row][et_pb_row _builder_version=\u00bb4.16&#8243; background_size=\u00bbinitial\u00bb background_position=\u00bbtop_left\u00bb background_repeat=\u00bbrepeat\u00bb width=\u00bb100%\u00bb global_colors_info=\u00bb{}\u00bb][et_pb_column type=\u00bb4_4&#8243; _builder_version=\u00bb4.16&#8243; custom_padding=\u00bb|||\u00bb global_colors_info=\u00bb{}\u00bb custom_padding__hover=\u00bb|||\u00bb][et_pb_wc_tabs _builder_version=\u00bb4.16&#8243; global_colors_info=\u00bb{}\u00bb] [\/et_pb_wc_tabs][et_pb_wc_upsells _builder_version=\u00bb4.16&#8243; global_colors_info=\u00bb{}\u00bb][\/et_pb_wc_upsells][et_pb_wc_related_products posts_number=\u00bb9&#8243; _builder_version=\u00bb4.17.3&#8243; product_title_font_size=\u00bb14px\u00bb global_colors_info=\u00bb{}\u00bb][\/et_pb_wc_related_products][\/et_pb_column][\/et_pb_row][\/et_pb_section]<\/p>\n","protected":false},"excerpt":{"rendered":"<p style=\"text-align: center;\">Accessori incl\u00f2s Font alimentaci\u00f3<br \/>\nComunicacio WIFI 2,4Ghz<br \/>\nAngle gir de 350 \u00ba<br \/>\nCarcassa Blanca<br \/>\nEst\u00e0ndard IP<br \/>\nGarantia 2 Anys<br \/>\n\u00d2ptica 3.6 mm<br \/>\nProtecci\u00f3 Interior<br \/>\nResoluci\u00f3 1080P<br \/>\nTipus Camara IP WIFI<\/p>\n","protected":false},"featured_media":30976,"comment_status":"open","ping_status":"closed","template":"","meta":{"_acf_changed":false,"_seopress_robots_primary_cat":"4458","_seopress_titles_title":"C\u00e0mera IP HD 1080P 2mp \u00e0udio SD moviment control TEVA","_seopress_titles_desc":"%%post_excerpt%% %%_category_description%% ","_seopress_robots_index":"","_et_pb_use_builder":"on","_et_pb_old_content":"<p style=\"text-align: justify\">Camara IP HD 1080P control remto APP TUYA, girat\u00f2ria vision nocturna, SD i \u00e0udio\r\nCamara IP interior amb resoluci\u00f3 HD 1080P, control remot amb APP Tuya. Gir de 350 \u00ba, \u00e0udio, seguiment, targeta SD<\/p>\r\n<p style=\"text-align: justify\">Cambra IP control remot APP Tuya\r\nAquesta c\u00e0mera IP HD 1080P es controla i veu en temps real des de l'aplicaci\u00f3 vida intel\u00b7ligent TUYA. L'APP teva us permet controlar centenars de dispositius de tots els car\u00e0cters, c\u00e0meres, alarmes, llums, detectors, aire condicionat, etc., des d'una sola aplicaci\u00f3 i sense fer servir res m\u00e9s. Podr\u00e0 tenir centralitzada casa intel\u00b7ligent en una \u00faniac APP amb control total des del m\u00f2bil no importi on estigui.<\/p>\r\n<p style=\"text-align: justify\">Enviament d'alarmes de moviment i de manca de coneixen\u00e7a a l'APP Tuya<\/p>\r\n<p style=\"text-align: justify\">Podr\u00e0 crear cases i habitacions amb la possibilitat de compartir amb la seva, fam\u00edlia, empleats, clients etc. perqu\u00e8 puguin veure en temps real en cas de necessitat.<\/p>\r\n<p style=\"text-align: justify\">Altres equips compatibles APP Tuya<\/p>\r\n<p style=\"text-align: justify\">Cambra IP P2P i PnP\r\nCambra s\u00faper senzilla dinstal\u00b7lar, nom\u00e9s necessita un endoll, una WIFI i un tel\u00e8fon m\u00f2bil.\r\nLa c\u00e0mera s'autoconfigura amb la WIFI de casa, negoci, oficina, etc. a trav\u00e9s d'un codi QR que us mostrar\u00e0 a la c\u00e0mera quan estigui en mode configuraci\u00f3.\r\nA partir d'aqu\u00ed els ajustaments per posar la c\u00e0mera en funci\u00f3 de les vostres necessitats es far\u00e0 des del m\u00f2bil senzillament i r\u00e0pidament.<\/p>\r\n<p style=\"text-align: justify\">C\u00e0mera IP HD 1080P\r\nCambra HD d'alta resoluci\u00f3. 2 MegaPixel de resoluci\u00f3 1080P per a una imatge nitida i clara.\r\nDisposa d'una \u00f2ptica d'alta qualitat amb obertura de 65\u00ba (3.6mm) a l'horitzontal i uns 40\u00ba a la vertical. Format d'imatge 16:9\r\nLa c\u00e0mera IP HD 1080P disposa de gir a l'eix X i Y (motoritzada) amb un recorregut complet de gir de 350 \u00ba.<\/p>\r\n<p style=\"text-align: justify\">Perfectra per al control de:<\/p>\r\n<p style=\"text-align: justify\">Habitatge particular i segones<\/p>\r\n<p style=\"text-align: justify\">Detecci\u00f3 i seguiment del moviment\r\nCaracter\u00edstiques intel\u00b7ligents avan\u00e7ades\r\nLa c\u00e0mera disposa de for\u00e7a funcionalitats d'\u00faltima generaci\u00f3 que us permetran treure el m\u00e0xim benefici d'aquesta:<\/p>\r\n<p style=\"text-align: justify\">\u00c0udio bi-direccional\r\nEnregistrament en targeta MicroSd (no inclosa) de fins a 128G\r\nDetecci\u00f3 i seguiment del moviment\r\nVisi\u00f3 nocturna per infrarojos amb filtre mec\u00e0nic\r\nEnregistrament per detecci\u00f3 de moviment\r\nProgramaci\u00f3 d'horaris d'enregistrament<\/p>","_et_gb_content_width":"","jetpack_post_was_ever_published":false},"product_brand":[],"product_cat":[4458],"product_tag":[4534],"class_list":{"0":"post-30970","1":"product","2":"type-product","3":"status-publish","4":"has-post-thumbnail","6":"product_cat-camera-de-vigilancia-solar-tuya-controlador-de-presencia","7":"product_tag-tuya","9":"first","10":"instock","11":"taxable","12":"shipping-taxable","13":"purchasable","14":"product-type-simple"},"acf":[],"jetpack_likes_enabled":true,"jetpack_sharing_enabled":true,"tiered_pricing_type":"fixed","tiered_pricing_fixed_rules":[],"tiered_pricing_product_settings":{"layout":"default","base_unit_name":{"singular":null,"plural":null},"default_variation":null},"tiered_pricing_minimum_quantity":null,"tiered_pricing_roles_data":[],"tiered_pricing_percentage_rules":[],"_links":{"self":[{"href":"https:\/\/www.grupsagaro.net\/index.php?rest_route=\/wp\/v2\/product\/30970","targetHints":{"allow":["GET"]}}],"collection":[{"href":"https:\/\/www.grupsagaro.net\/index.php?rest_route=\/wp\/v2\/product"}],"about":[{"href":"https:\/\/www.grupsagaro.net\/index.php?rest_route=\/wp\/v2\/types\/product"}],"replies":[{"embeddable":true,"href":"https:\/\/www.grupsagaro.net\/index.php?rest_route=%2Fwp%2Fv2%2Fcomments&post=30970"}],"wp:featuredmedia":[{"embeddable":true,"href":"https:\/\/www.grupsagaro.net\/index.php?rest_route=\/wp\/v2\/media\/30976"}],"wp:attachment":[{"href":"https:\/\/www.grupsagaro.net\/index.php?rest_route=%2Fwp%2Fv2%2Fmedia&parent=30970"}],"wp:term":[{"taxonomy":"product_brand","embeddable":true,"href":"https:\/\/www.grupsagaro.net\/index.php?rest_route=%2Fwp%2Fv2%2Fproduct_brand&post=30970"},{"taxonomy":"product_cat","embeddable":true,"href":"https:\/\/www.grupsagaro.net\/index.php?rest_route=%2Fwp%2Fv2%2Fproduct_cat&post=30970"},{"taxonomy":"product_tag","embeddable":true,"href":"https:\/\/www.grupsagaro.net\/index.php?rest_route=%2Fwp%2Fv2%2Fproduct_tag&post=30970"}],"curies":[{"name":"wp","href":"https:\/\/api.w.org\/{rel}","templated":true}]}}