{"id":2228,"date":"2020-01-23T10:51:53","date_gmt":"2020-01-23T09:51:53","guid":{"rendered":"http:\/\/www.grupsagaro.net\/?post_type=product&#038;p=2228"},"modified":"2023-12-21T16:27:18","modified_gmt":"2023-12-21T14:27:18","slug":"tires-led-12v-24w-5-metres-ip65-2","status":"publish","type":"product","link":"https:\/\/www.grupsagaro.net\/?product=tires-led-12v-24w-5-metres-ip65-2","title":{"rendered":"Tira Led 12V 24W 5 metres IP65"},"content":{"rendered":"<p>[et_pb_section fb_built=\u00bb1&#8243; _builder_version=\u00bb4.16&#8243; custom_padding=\u00bb0px||||false|false\u00bb global_colors_info=\u00bb{}\u00bb][et_pb_row _builder_version=\u00bb4.16&#8243; background_size=\u00bbinitial\u00bb background_position=\u00bbtop_left\u00bb background_repeat=\u00bbrepeat\u00bb width=\u00bb100%\u00bb custom_padding=\u00bb0px||0px||false|false\u00bb global_colors_info=\u00bb{}\u00bb][et_pb_column type=\u00bb4_4&#8243; _builder_version=\u00bb4.16&#8243; custom_padding=\u00bb|||\u00bb global_colors_info=\u00bb{}\u00bb custom_padding__hover=\u00bb|||\u00bb][et_pb_wc_breadcrumb _builder_version=\u00bb4.16&#8243; global_colors_info=\u00bb{}\u00bb][\/et_pb_wc_breadcrumb][et_pb_wc_cart_notice _builder_version=\u00bb4.16&#8243; global_colors_info=\u00bb{}\u00bb][\/et_pb_wc_cart_notice][\/et_pb_column][\/et_pb_row][et_pb_row column_structure=\u00bb1_2,1_2&#8243; _builder_version=\u00bb4.16&#8243; background_size=\u00bbinitial\u00bb background_position=\u00bbtop_left\u00bb background_repeat=\u00bbrepeat\u00bb width=\u00bb100%\u00bb custom_padding=\u00bb0px||||false|false\u00bb global_colors_info=\u00bb{}\u00bb][et_pb_column type=\u00bb1_2&#8243; _builder_version=\u00bb4.16&#8243; custom_padding=\u00bb|||\u00bb global_colors_info=\u00bb{}\u00bb custom_padding__hover=\u00bb|||\u00bb][et_pb_wc_images _builder_version=\u00bb4.16&#8243; global_colors_info=\u00bb{}\u00bb][\/et_pb_wc_images][\/et_pb_column][et_pb_column type=\u00bb1_2&#8243; _builder_version=\u00bb4.16&#8243; custom_padding=\u00bb|||\u00bb global_colors_info=\u00bb{}\u00bb custom_padding__hover=\u00bb|||\u00bb][et_pb_wc_title _builder_version=\u00bb4.16&#8243; global_colors_info=\u00bb{}\u00bb][\/et_pb_wc_title][et_pb_wc_rating _builder_version=\u00bb4.16&#8243; global_colors_info=\u00bb{}\u00bb][\/et_pb_wc_rating][et_pb_wc_price _builder_version=\u00bb4.16&#8243; global_colors_info=\u00bb{}\u00bb][\/et_pb_wc_price][et_pb_text _builder_version=\u00bb4.19.2&#8243; _dynamic_attributes=\u00bbcontent\u00bb _module_preset=\u00bbdefault\u00bb text_font=\u00bb|600|||||||\u00bb text_text_color=\u00bb#8300E9&#8243; text_orientation=\u00bbcenter\u00bb global_colors_info=\u00bb{}\u00bb]@ET-DC@eyJkeW5hbWljIjp0cnVlLCJjb250ZW50IjoiY3VzdG9tX21ldGFfY2FwYWNpdGF0OiIsInNldHRpbmdzIjp7ImJlZm9yZSI6IiIsImFmdGVyIjoiIiwiZW5hYmxlX2h0bWwiOiJvZmYifX0=@[\/et_pb_text][et_pb_wc_description _builder_version=\u00bb4.16&#8243; global_colors_info=\u00bb{}\u00bb][\/et_pb_wc_description][et_pb_wc_add_to_cart _builder_version=\u00bb4.16&#8243; global_colors_info=\u00bb{}\u00bb][\/et_pb_wc_add_to_cart][et_pb_wc_meta _builder_version=\u00bb4.16&#8243; global_colors_info=\u00bb{}\u00bb][\/et_pb_wc_meta][\/et_pb_column][\/et_pb_row][et_pb_row _builder_version=\u00bb4.16&#8243; background_size=\u00bbinitial\u00bb background_position=\u00bbtop_left\u00bb background_repeat=\u00bbrepeat\u00bb width=\u00bb100%\u00bb global_colors_info=\u00bb{}\u00bb][et_pb_column type=\u00bb4_4&#8243; _builder_version=\u00bb4.16&#8243; custom_padding=\u00bb|||\u00bb global_colors_info=\u00bb{}\u00bb custom_padding__hover=\u00bb|||\u00bb][et_pb_wc_tabs _builder_version=\u00bb4.16&#8243; global_colors_info=\u00bb{}\u00bb] [\/et_pb_wc_tabs][et_pb_wc_upsells _builder_version=\u00bb4.16&#8243; global_colors_info=\u00bb{}\u00bb][\/et_pb_wc_upsells][et_pb_wc_related_products _builder_version=\u00bb4.16&#8243; global_colors_info=\u00bb{}\u00bb][\/et_pb_wc_related_products][\/et_pb_column][\/et_pb_row][\/et_pb_section]<\/p>\n","protected":false},"excerpt":{"rendered":"<div class=\"QcsUad BDJ8fb BLojaf\" role=\"region\" aria-labelledby=\"ucj-5\">\n<div class=\"usGWQd\" aria-live=\"polite\">\n<div class=\"KkbLmb\">\n<div class=\"lRu31\">\n<p style=\"text-align: justify;\">Aplicacions de la Tira LED 12V<br \/>\nGr\u00e0cies al seu disseny extra pla, aquest tipus d&#8217;il\u00b7luminaci\u00f3 LED aconsegueix fa que sigui molt utilitzada com a il\u00b7luminaci\u00f3 secund\u00e0ria i\/o element decoratiu a terrasses, sostres, vitrines i armaris, prestatgeries, aparadors, quadres i miralls i, fins i tot, per a l&#8217;abalisament de escales i passadissos. Les opcions s\u00f3n infinites.<\/p>\n<p style=\"text-align: justify;\">NO inclou el controlador ni la font d&#8217;alimentaci\u00f3 necess\u00e0ries per al funcionament.<\/p>\n<p style=\"text-align: justify;\">*No s&#8217;han d&#8217;encendre mai les tires LED quan estiguin enrotllades, aix\u00f2 podria causar un sobreescalfament i cremar els leds.<\/p>\n<p style=\"text-align: justify;\">CARACTER\u00cdSTIQUES T\u00c8CNIQUES<\/p>\n<p style=\"text-align: justify;\">Pot\u00e8ncia: 24W\/m<br \/>\nTall: Cada 5cm per la zona habilitada<br \/>\nTensi\u00f3: 12V DC<br \/>\nFont lum\u00ednica: SMD2835<br \/>\nNumero de leds: 120leds\/m<br \/>\nColor de llum: Monocolor<br \/>\nLluminositat: 2880lm\/m<br \/>\nEfici\u00e8ncia energ\u00e8tica: A+<br \/>\nAngle d&#8217;obertura: 120 \u00ba<br \/>\n\u00das: Interior i Exterior<br \/>\nProtecci\u00f3 IP: IP65<br \/>\nDimensions: Ample 8 mm<br \/>\nPes rotllo de 5 metres: 190gr.<br \/>\nVida \u00fatil: 50.000 hores<br \/>\nCONTINGUT DEL PAQUET<\/p>\n<p style=\"text-align: justify;\">1 Rotlle de 5 metres de Tira LED de 12V 24W 120leds\/m IP65<\/p>\n<\/div>\n<\/div>\n<\/div>\n<\/div>\n","protected":false},"featured_media":20145,"comment_status":"open","ping_status":"closed","template":"","meta":{"_acf_changed":false,"_seopress_robots_primary_cat":"5782","_seopress_titles_title":"%%post_title%%","_seopress_titles_desc":"%%post_excerpt%% %%_category_description%%","_seopress_robots_index":"","_et_pb_use_builder":"on","_et_pb_old_content":"<p style=\"text-align: justify\">Tira led amb xip SMD2835, 120 led \/ metre, 12V i una pot\u00e8ncia de 24W disponible en 3 temperatures: C\u00e0lid, neutre o fred. IP 65 PER A EXTERIOR I INTERIOR.<\/p>\r\n<p style=\"text-align: justify\">\u00c9s molt flexible i s'ajusta a les corbes, a m\u00e9s inclou una cinta adhesiva de manera que pots fixar-la en sostres, parets o superf\u00edcies amb facilitat.<\/p>\r\n<p style=\"text-align: justify\">Aquesta tira amb tecnologia LED \u00e9s de baix consum, a l'voltant d'un 80% menys respecte a les seves predecessores, les hal\u00f2genes. Aprofita a l'm\u00e0xim la il\u00b7luminaci\u00f3 i a el mateix temps estalvia en consum de llum amb una llarga vida \u00fatil.<\/p>","_et_gb_content_width":"","jetpack_post_was_ever_published":false},"product_brand":[],"product_cat":[5782],"product_tag":[4170],"class_list":{"0":"post-2228","1":"product","2":"type-product","3":"status-publish","4":"has-post-thumbnail","6":"product_cat-tires-led-12v","7":"product_tag-tires-led-12v-24w-ip65","8":"pa_temperatura-de-color-3000k","9":"pa_temperatura-de-color-4500k","10":"pa_temperatura-de-color-6000k","12":"first","13":"onbackorder","14":"taxable","15":"shipping-taxable","16":"purchasable","17":"product-type-variable"},"acf":[],"jetpack_likes_enabled":true,"jetpack_sharing_enabled":true,"tiered_pricing_type":"fixed","tiered_pricing_fixed_rules":[],"tiered_pricing_product_settings":{"layout":"default","base_unit_name":{"singular":null,"plural":null},"default_variation":null},"tiered_pricing_minimum_quantity":null,"tiered_pricing_roles_data":[],"tiered_pricing_percentage_rules":[],"_links":{"self":[{"href":"https:\/\/www.grupsagaro.net\/index.php?rest_route=\/wp\/v2\/product\/2228","targetHints":{"allow":["GET"]}}],"collection":[{"href":"https:\/\/www.grupsagaro.net\/index.php?rest_route=\/wp\/v2\/product"}],"about":[{"href":"https:\/\/www.grupsagaro.net\/index.php?rest_route=\/wp\/v2\/types\/product"}],"replies":[{"embeddable":true,"href":"https:\/\/www.grupsagaro.net\/index.php?rest_route=%2Fwp%2Fv2%2Fcomments&post=2228"}],"wp:featuredmedia":[{"embeddable":true,"href":"https:\/\/www.grupsagaro.net\/index.php?rest_route=\/wp\/v2\/media\/20145"}],"wp:attachment":[{"href":"https:\/\/www.grupsagaro.net\/index.php?rest_route=%2Fwp%2Fv2%2Fmedia&parent=2228"}],"wp:term":[{"taxonomy":"product_brand","embeddable":true,"href":"https:\/\/www.grupsagaro.net\/index.php?rest_route=%2Fwp%2Fv2%2Fproduct_brand&post=2228"},{"taxonomy":"product_cat","embeddable":true,"href":"https:\/\/www.grupsagaro.net\/index.php?rest_route=%2Fwp%2Fv2%2Fproduct_cat&post=2228"},{"taxonomy":"product_tag","embeddable":true,"href":"https:\/\/www.grupsagaro.net\/index.php?rest_route=%2Fwp%2Fv2%2Fproduct_tag&post=2228"}],"curies":[{"name":"wp","href":"https:\/\/api.w.org\/{rel}","templated":true}]}}