{"id":16795,"date":"2021-07-27T08:23:01","date_gmt":"2021-07-27T07:23:01","guid":{"rendered":"https:\/\/www.grupsagaro.net\/?post_type=product&#038;p=16795"},"modified":"2022-01-02T10:14:10","modified_gmt":"2022-01-02T09:14:10","slug":"epson-405xl-pack-de-4-cartuchos-de-tinta-originales-c13t05h64010","status":"publish","type":"product","link":"https:\/\/www.grupsagaro.net\/?product=epson-405xl-pack-de-4-cartuchos-de-tinta-originales-c13t05h64010","title":{"rendered":"Epson 405XL Pack de 4 Cartuchos de Tinta Originales &#8211; C13T05H64010"},"content":{"rendered":"<p>[et_pb_section fb_built=\u00bb1&#8243; _builder_version=\u00bb3.22&#8243; custom_padding=\u00bb0px||||false|false\u00bb global_colors_info=\u00bb{}\u00bb][et_pb_row _builder_version=\u00bb3.25&#8243; background_size=\u00bbinitial\u00bb background_position=\u00bbtop_left\u00bb background_repeat=\u00bbrepeat\u00bb width=\u00bb100%\u00bb custom_padding=\u00bb0px||0px||false|false\u00bb global_colors_info=\u00bb{}\u00bb][et_pb_column type=\u00bb4_4&#8243; _builder_version=\u00bb3.25&#8243; custom_padding=\u00bb|||\u00bb global_colors_info=\u00bb{}\u00bb custom_padding__hover=\u00bb|||\u00bb][et_pb_wc_breadcrumb _builder_version=\u00bb4.14.4&#8243; hover_enabled=\u00bb0&#8243; global_colors_info=\u00bb{}\u00bb body_font=\u00bb|600|||||||\u00bb sticky_enabled=\u00bb0&#8243;][\/et_pb_wc_breadcrumb][et_pb_wc_cart_notice global_colors_info=\u00bb{}\u00bb][\/et_pb_wc_cart_notice][\/et_pb_column][\/et_pb_row][et_pb_row _builder_version=\u00bb3.25&#8243; background_size=\u00bbinitial\u00bb background_position=\u00bbtop_left\u00bb background_repeat=\u00bbrepeat\u00bb width=\u00bb100%\u00bb custom_padding=\u00bb0px||||false|false\u00bb global_colors_info=\u00bb{}\u00bb column_structure=\u00bb1_2,1_2&#8243;][et_pb_column type=\u00bb1_2&#8243; _builder_version=\u00bb3.25&#8243; custom_padding=\u00bb|||\u00bb global_colors_info=\u00bb{}\u00bb custom_padding__hover=\u00bb|||\u00bb][et_pb_wc_images _builder_version=\u00bb3.0.47&#8243; global_colors_info=\u00bb{}\u00bb][\/et_pb_wc_images][\/et_pb_column][et_pb_column type=\u00bb1_2&#8243; _builder_version=\u00bb3.25&#8243; custom_padding=\u00bb|||\u00bb global_colors_info=\u00bb{}\u00bb custom_padding__hover=\u00bb|||\u00bb][et_pb_wc_title _builder_version=\u00bb3.0.47&#8243; global_colors_info=\u00bb{}\u00bb][\/et_pb_wc_title][et_pb_wc_rating _builder_version=\u00bb3.0.47&#8243; global_colors_info=\u00bb{}\u00bb][\/et_pb_wc_rating][et_pb_wc_price _builder_version=\u00bb3.0.47&#8243; global_colors_info=\u00bb{}\u00bb][\/et_pb_wc_price][et_pb_text _builder_version=\u00bb4.14.4&#8243; _module_preset=\u00bbdefault\u00bb _dynamic_attributes=\u00bbcontent\u00bb hover_enabled=\u00bb0&#8243; sticky_enabled=\u00bb0&#8243;]@ET-DC@eyJkeW5hbWljIjp0cnVlLCJjb250ZW50IjoiY3VzdG9tX21ldGFfY2FwYWNpdGF0OiIsInNldHRpbmdzIjp7ImJlZm9yZSI6IiIsImFmdGVyIjoiIiwiZW5hYmxlX2h0bWwiOiJvZmYifX0=@[\/et_pb_text][et_pb_wc_description _builder_version=\u00bb3.0.47&#8243; global_colors_info=\u00bb{}\u00bb][\/et_pb_wc_description][et_pb_wc_add_to_cart global_colors_info=\u00bb{}\u00bb][\/et_pb_wc_add_to_cart][et_pb_wc_meta _builder_version=\u00bb3.0.47&#8243; global_colors_info=\u00bb{}\u00bb][\/et_pb_wc_meta][\/et_pb_column][\/et_pb_row][et_pb_row _builder_version=\u00bb3.25&#8243; background_size=\u00bbinitial\u00bb background_position=\u00bbtop_left\u00bb background_repeat=\u00bbrepeat\u00bb width=\u00bb100%\u00bb global_colors_info=\u00bb{}\u00bb][et_pb_column type=\u00bb4_4&#8243; _builder_version=\u00bb3.25&#8243; custom_padding=\u00bb|||\u00bb global_colors_info=\u00bb{}\u00bb custom_padding__hover=\u00bb|||\u00bb][et_pb_wc_tabs _builder_version=\u00bb3.0.47&#8243; global_colors_info=\u00bb{}\u00bb]\t\t\t\t\t[\/et_pb_wc_tabs][et_pb_wc_upsells _builder_version=\u00bb4.14.4&#8243; hover_enabled=\u00bb0&#8243; global_colors_info=\u00bb{}\u00bb posts_number=\u00bb6&#8243; sticky_enabled=\u00bb0&#8243;][\/et_pb_wc_upsells][et_pb_wc_related_products _builder_version=\u00bb4.14.4&#8243; hover_enabled=\u00bb0&#8243; global_colors_info=\u00bb{}\u00bb product_title_font_size=\u00bb14px\u00bb posts_number=\u00bb6&#8243; sticky_enabled=\u00bb0&#8243;][\/et_pb_wc_related_products][\/et_pb_column][\/et_pb_row][\/et_pb_section]<\/p>\n","protected":false},"excerpt":{"rendered":"<p style=\"text-align: justify;\">La tinta Epson DURABrite Ultra \u00e9s ideal per produir documents professionals de qualitat l\u00e0ser. El seu sistema de tintes pigmentades produeix documents resistents a l&#8217;aigua, a les taques ia la tinta de retolador, i les seves propietats d&#8217;assecat r\u00e0pid la fan perfecta per a la impressi\u00f3 d\u00faplex. Per si fos poc, hi ha un cartutx assequible per a cada tipus d&#8217;usuari, tant en grand\u00e0ria est\u00e0ndard com XL. Troba-f\u00e0cilment a la botiga buscant la imatge de la maleta.<\/p>\n<p style=\"text-align: justify;\">Redueix els costos d&#8217;impressi\u00f3 amb cartutxos de tinta XL<br \/>\nAprofita els avantatges de les econ\u00f2miques tintes DURABrite Ultra. Aquestes tintes d&#8217;alta qualitat es subministren de forma individual, de manera que nom\u00e9s has de substituir el color esgotat. A m\u00e9s, amb els cartutxos XL pots imprimir fins a 1100 p\u00e0gines en negre i 1100 en color1. Els cartutxos de tinta negra XXL tamb\u00e9 estan disponibles per a models d&#8217;impressora A3 amb un rendiment de 2200 p\u00e0gines.<\/p>\n<p style=\"text-align: justify;\">Descobreix la gamma<br \/>\nLa nostra tinta DURABrite Ultra Ink de tots els pigments crea documents n\u00edtids, duradors i robustos que s\u00f3n resistents a l&#8217;aigua, les taques i els retoladors. Tamb\u00e9 s&#8217;assequen amb rapidesa, el que redueix el risc de taques a l&#8217;imprimir per les dues cares.<\/p>\n<p style=\"text-align: justify;\">Optimitzat per a impressores Epson<br \/>\nEls papers i tintes originals s&#8217;han desenvolupat per funcionar a la perfecci\u00f3 amb les impressores Epson, per produir els millors resultats cop i un altre.<\/p>\n<p style=\"text-align: justify;\">L&#8217;article original<br \/>\nGaudeix d&#8217;una impressi\u00f3 fiable i sense complicacions amb les tintes originals d&#8217;Epson. Invertim en exhaustives investigacions, en instal\u00b7lacions de producci\u00f3 d&#8217;alta tecnologia i fem que els nostres productes se sotmetin a proves rigoroses per a oferir-te la millor qualitat.<\/p>\n","protected":false},"featured_media":16721,"comment_status":"open","ping_status":"closed","template":"","meta":{"_acf_changed":false,"_seopress_robots_primary_cat":"2370","_seopress_titles_title":"%%post_title%%","_seopress_titles_desc":"%%post_excerpt%% %%_category_description%%","_seopress_robots_index":"","_et_pb_use_builder":"on","_et_pb_old_content":"<p style=\"text-align: justify\">Compatibilidades: WF 3820DWF; WF 3825DWF; WF 4820DWF; WF 4825DWF; WF 4830DTWF; WF 7310DTW; WF 7830DTWF; WF 7835DTWF; WF 7840DTWF; WorkForce Pro WF-3820DWF; WorkForce Pro WF-3825DWF; WorkForce Pro WF-4820DWF; WorkForce Pro WF-4825DWF; WorkForce Pro WF-4830DTWF; WorkForce Pro WF-7310DTW; WorkForce Pro WF-7830DTWF; WorkForce Pro WF-7835DTWF; WorkForce Pro WF-7840DTWF.<\/p>","_et_gb_content_width":"","jetpack_post_was_ever_published":false},"product_brand":[],"product_cat":[2370],"product_tag":[2371],"class_list":{"0":"post-16795","1":"product","2":"type-product","3":"status-publish","4":"has-post-thumbnail","6":"product_cat-epson-405xl","7":"product_tag-epson-405xl","8":"product_shipping_class-enviament-muchocartucho","10":"first","11":"onbackorder","12":"taxable","13":"shipping-taxable","14":"purchasable","15":"product-type-simple"},"acf":[],"jetpack_likes_enabled":true,"jetpack_sharing_enabled":true,"tiered_pricing_type":"fixed","tiered_pricing_fixed_rules":[],"tiered_pricing_product_settings":{"layout":"default","base_unit_name":{"singular":null,"plural":null},"default_variation":null},"tiered_pricing_minimum_quantity":null,"tiered_pricing_roles_data":[],"tiered_pricing_percentage_rules":[],"_links":{"self":[{"href":"https:\/\/www.grupsagaro.net\/index.php?rest_route=\/wp\/v2\/product\/16795","targetHints":{"allow":["GET"]}}],"collection":[{"href":"https:\/\/www.grupsagaro.net\/index.php?rest_route=\/wp\/v2\/product"}],"about":[{"href":"https:\/\/www.grupsagaro.net\/index.php?rest_route=\/wp\/v2\/types\/product"}],"replies":[{"embeddable":true,"href":"https:\/\/www.grupsagaro.net\/index.php?rest_route=%2Fwp%2Fv2%2Fcomments&post=16795"}],"wp:featuredmedia":[{"embeddable":true,"href":"https:\/\/www.grupsagaro.net\/index.php?rest_route=\/wp\/v2\/media\/16721"}],"wp:attachment":[{"href":"https:\/\/www.grupsagaro.net\/index.php?rest_route=%2Fwp%2Fv2%2Fmedia&parent=16795"}],"wp:term":[{"taxonomy":"product_brand","embeddable":true,"href":"https:\/\/www.grupsagaro.net\/index.php?rest_route=%2Fwp%2Fv2%2Fproduct_brand&post=16795"},{"taxonomy":"product_cat","embeddable":true,"href":"https:\/\/www.grupsagaro.net\/index.php?rest_route=%2Fwp%2Fv2%2Fproduct_cat&post=16795"},{"taxonomy":"product_tag","embeddable":true,"href":"https:\/\/www.grupsagaro.net\/index.php?rest_route=%2Fwp%2Fv2%2Fproduct_tag&post=16795"}],"curies":[{"name":"wp","href":"https:\/\/api.w.org\/{rel}","templated":true}]}}