{"id":15118,"date":"2021-05-15T10:59:00","date_gmt":"2021-05-15T08:59:00","guid":{"rendered":"https:\/\/www.grupsagaro.net\/?post_type=product&#038;p=15118"},"modified":"2023-01-16T10:23:06","modified_gmt":"2023-01-16T08:23:06","slug":"regleta-led-40w-xip-osram-unicox-120cm-ip20-2700k","status":"publish","type":"product","link":"https:\/\/www.grupsagaro.net\/?product=regleta-led-40w-xip-osram-unicox-120cm-ip20-2700k","title":{"rendered":"Regleta Led 40W Xip Osram Unicox 120cm IP20 2700K"},"content":{"rendered":"<p>[et_pb_section fb_built=\u00bb1&#8243; _builder_version=\u00bb4.16&#8243; custom_padding=\u00bb0px||||false|false\u00bb global_colors_info=\u00bb{}\u00bb][et_pb_row _builder_version=\u00bb4.16&#8243; background_size=\u00bbinitial\u00bb background_position=\u00bbtop_left\u00bb background_repeat=\u00bbrepeat\u00bb width=\u00bb100%\u00bb custom_padding=\u00bb0px||0px||false|false\u00bb global_colors_info=\u00bb{}\u00bb][et_pb_column type=\u00bb4_4&#8243; _builder_version=\u00bb4.16&#8243; custom_padding=\u00bb|||\u00bb global_colors_info=\u00bb{}\u00bb custom_padding__hover=\u00bb|||\u00bb][et_pb_wc_breadcrumb _builder_version=\u00bb4.16&#8243; body_font=\u00bb|600|||||||\u00bb global_colors_info=\u00bb{}\u00bb][\/et_pb_wc_breadcrumb][et_pb_wc_cart_notice _builder_version=\u00bb4.16&#8243; global_colors_info=\u00bb{}\u00bb][\/et_pb_wc_cart_notice][\/et_pb_column][\/et_pb_row][et_pb_row column_structure=\u00bb1_2,1_2&#8243; _builder_version=\u00bb4.16&#8243; background_size=\u00bbinitial\u00bb background_position=\u00bbtop_left\u00bb background_repeat=\u00bbrepeat\u00bb width=\u00bb100%\u00bb custom_padding=\u00bb0px||||false|false\u00bb global_colors_info=\u00bb{}\u00bb][et_pb_column type=\u00bb1_2&#8243; _builder_version=\u00bb4.16&#8243; custom_padding=\u00bb|||\u00bb global_colors_info=\u00bb{}\u00bb custom_padding__hover=\u00bb|||\u00bb][et_pb_wc_images _builder_version=\u00bb4.16&#8243; global_colors_info=\u00bb{}\u00bb][\/et_pb_wc_images][\/et_pb_column][et_pb_column type=\u00bb1_2&#8243; _builder_version=\u00bb4.16&#8243; custom_padding=\u00bb|||\u00bb global_colors_info=\u00bb{}\u00bb custom_padding__hover=\u00bb|||\u00bb][et_pb_wc_title _builder_version=\u00bb4.16&#8243; global_colors_info=\u00bb{}\u00bb][\/et_pb_wc_title][et_pb_wc_rating _builder_version=\u00bb4.16&#8243; global_colors_info=\u00bb{}\u00bb][\/et_pb_wc_rating][et_pb_wc_price _builder_version=\u00bb4.16&#8243; global_colors_info=\u00bb{}\u00bb][\/et_pb_wc_price][et_pb_text _builder_version=\u00bb4.16&#8243; _dynamic_attributes=\u00bbcontent\u00bb _module_preset=\u00bbdefault\u00bb global_colors_info=\u00bb{}\u00bb]@ET-DC@eyJkeW5hbWljIjp0cnVlLCJjb250ZW50IjoiY3VzdG9tX21ldGFfY2FwYWNpdGF0OiIsInNldHRpbmdzIjp7ImJlZm9yZSI6IiIsImFmdGVyIjoiIiwiZW5hYmxlX2h0bWwiOiJvZmYifX0=@[\/et_pb_text][et_pb_wc_description _builder_version=\u00bb4.16&#8243; global_colors_info=\u00bb{}\u00bb][\/et_pb_wc_description][et_pb_wc_add_to_cart _builder_version=\u00bb4.16&#8243; global_colors_info=\u00bb{}\u00bb][\/et_pb_wc_add_to_cart][et_pb_wc_meta _builder_version=\u00bb4.16&#8243; global_colors_info=\u00bb{}\u00bb][\/et_pb_wc_meta][\/et_pb_column][\/et_pb_row][et_pb_row _builder_version=\u00bb4.16&#8243; background_size=\u00bbinitial\u00bb background_position=\u00bbtop_left\u00bb background_repeat=\u00bbrepeat\u00bb width=\u00bb100%\u00bb global_colors_info=\u00bb{}\u00bb][et_pb_column type=\u00bb4_4&#8243; _builder_version=\u00bb4.16&#8243; custom_padding=\u00bb|||\u00bb global_colors_info=\u00bb{}\u00bb custom_padding__hover=\u00bb|||\u00bb][et_pb_wc_tabs _builder_version=\u00bb4.16&#8243; global_colors_info=\u00bb{}\u00bb]\t\t\t\t\t[\/et_pb_wc_tabs][et_pb_wc_upsells _builder_version=\u00bb4.16&#8243; global_colors_info=\u00bb{}\u00bb][\/et_pb_wc_upsells][et_pb_wc_related_products posts_number=\u00bb12&#8243; orderby=\u00bbprice\u00bb _builder_version=\u00bb4.16&#8243; product_title_font_size=\u00bb14px\u00bb global_colors_info=\u00bb{}\u00bb][\/et_pb_wc_related_products][\/et_pb_column][\/et_pb_row][\/et_pb_section]<\/p>\n","protected":false},"excerpt":{"rendered":"<p style=\"text-align: center;\">CARACTER\u00cdSTIQUES T\u00c8CNIQUES<\/p>\n<p style=\"text-align: center;\">20 Pantalles ultra primes, nom\u00e9s 25mm.<br \/>\nLluminositat: 4800 l\u00famens.<br \/>\nPot\u00e8ncia: 40W.<br \/>\nVoltatge: AC85 &#8211; 265V &#8211; 50 Hz.<br \/>\nProtecci\u00f3 IP: 20<br \/>\nProtecci\u00f3 contra impactes: IK08.<br \/>\nFactor de Pot\u00e8ncia:&gt; 0.9<br \/>\nAngle d&#8217;obertura: 120\u00ba.<br \/>\n\u00cdndex de Reproducci\u00f3 Crom\u00e0tica: Ra85<br \/>\nFabricada en: PVC, Nano plastic (Nano PC) amb interior d&#8217;alumini.<br \/>\nMida de la pantalla LED Slim: 120 cm x 7,5 cm x 2,5 cm.<br \/>\nPes: 448 gr.<br \/>\nClasse energ\u00e8tica: A ++.<br \/>\nMarca: Leadersson amb Xip LED OSRAM d&#8217;alta qualitat.<\/p>\n<p style=\"text-align: center;\">CONTINGUT DEL PAQUET<\/p>\n<p style=\"text-align: center;\">1 x 20 Regletes LED Slim Pantalla ultrafi mod .: Unicox, amb suports met\u00e0l\u00b7lics per penjar.<\/p>\n","protected":false},"featured_media":40304,"comment_status":"open","ping_status":"closed","template":"","meta":{"_acf_changed":false,"_seopress_robots_primary_cat":"465","_seopress_titles_title":"%%post_title%%","_seopress_titles_desc":"%%post_excerpt%% %%_category_description%%","_seopress_robots_index":"","_seopress_analysis_target_kw":"Regleta Led 40W Xip Osram Unicox 120cm IP20 4000K,Llist\u00f3 Led 40W 120cm,Tub led integrat 40W 120cm","_et_pb_use_builder":"on","_et_pb_old_content":"<p style=\"text-align: justify\">Pantalla LED ultrafina amb Garantia de 3 anys<\/p>\r\n<p style=\"text-align: justify\">Pack de 20 Regletes LED Unicox ultrafines de superf\u00edcie per a sostres\r\nLot de 20 Regletes Pantalles extrafines (25 mm) 120cm 40W 4800Lm amb LED incl\u00f2s i Xip LED OSRAM<\/p>\r\n<p style=\"text-align: justify\">La S\u00e8rie Unicox es presenta en tres tons de llum blanca; c\u00e0lida 2700K, llum blanca neutra 4000K o llum blanca freda 6500 K<\/p>\r\n<p style=\"text-align: justify\">La Regleta LED Unicox \u00e9s una pantalla extrafina amb llumin\u00e0ria inclosa de llarga durada (20.000 h aprox), encesa instantani, sense parpelleigs i respectu\u00f3s amb el medi ambient.<\/p>\r\n<p style=\"text-align: justify\">Aquesta regleta o pantalla LED \u00e9s molt prima amb un gruix de nom\u00e9s 2,5 cm, \u00e9s elegant i ideal per al seu \u00fas en habitatges, oficines, tallers, comer\u00e7os.<\/p>\r\n<p style=\"text-align: justify\">Pot instal\u00b7lar-se al sostre oa la paret i usar-se en interiors.<\/p>\r\n<p style=\"text-align: justify\">Es ven en packs de 20 regletes LED.<\/p>\r\n<p style=\"text-align: justify\">Regleta de llum LED Unicox 120cm Ultraslim<\/p>\r\n<p style=\"text-align: justify\">Aquest tipus de llumin\u00e0ria LED ultraSlim (extrafina) de superf\u00edcie pot usar-se com a pantalla led per sota moble de cuines o senzillament per instal\u00b7lar al sostre.<\/p>\r\n<p style=\"text-align: justify\">La pantalla LED \u00e9s d'alta lluminositat i baix consum, nom\u00e9s 40W, encara que la seva pot\u00e8ncia de llum equival a la d'una pantalla hal\u00f2gena convencional de 400W. Amb el seu \u00fas estar\u00e0s estalviant un 90%.<\/p>","_et_gb_content_width":""},"product_brand":[],"product_cat":[465],"product_tag":[3461],"class_list":{"0":"post-15118","1":"product","2":"type-product","3":"status-publish","4":"has-post-thumbnail","6":"product_cat-regleta-led-porta-fluorescents-integrat","7":"product_tag-regleta-led-40w-xip-osram-unicox-120cm-ip20","9":"first","10":"outofstock","11":"taxable","12":"shipping-taxable","13":"purchasable","14":"product-type-simple"},"acf":[],"jetpack_likes_enabled":true,"jetpack_sharing_enabled":true,"tiered_pricing_type":"fixed","tiered_pricing_fixed_rules":[],"tiered_pricing_product_settings":{"layout":"default","base_unit_name":{"singular":null,"plural":null},"default_variation":null},"tiered_pricing_minimum_quantity":null,"tiered_pricing_roles_data":[],"tiered_pricing_percentage_rules":[],"_links":{"self":[{"href":"https:\/\/www.grupsagaro.net\/index.php?rest_route=\/wp\/v2\/product\/15118","targetHints":{"allow":["GET"]}}],"collection":[{"href":"https:\/\/www.grupsagaro.net\/index.php?rest_route=\/wp\/v2\/product"}],"about":[{"href":"https:\/\/www.grupsagaro.net\/index.php?rest_route=\/wp\/v2\/types\/product"}],"replies":[{"embeddable":true,"href":"https:\/\/www.grupsagaro.net\/index.php?rest_route=%2Fwp%2Fv2%2Fcomments&post=15118"}],"wp:featuredmedia":[{"embeddable":true,"href":"https:\/\/www.grupsagaro.net\/index.php?rest_route=\/wp\/v2\/media\/40304"}],"wp:attachment":[{"href":"https:\/\/www.grupsagaro.net\/index.php?rest_route=%2Fwp%2Fv2%2Fmedia&parent=15118"}],"wp:term":[{"taxonomy":"product_brand","embeddable":true,"href":"https:\/\/www.grupsagaro.net\/index.php?rest_route=%2Fwp%2Fv2%2Fproduct_brand&post=15118"},{"taxonomy":"product_cat","embeddable":true,"href":"https:\/\/www.grupsagaro.net\/index.php?rest_route=%2Fwp%2Fv2%2Fproduct_cat&post=15118"},{"taxonomy":"product_tag","embeddable":true,"href":"https:\/\/www.grupsagaro.net\/index.php?rest_route=%2Fwp%2Fv2%2Fproduct_tag&post=15118"}],"curies":[{"name":"wp","href":"https:\/\/api.w.org\/{rel}","templated":true}]}}