{"id":14264,"date":"2021-04-15T08:19:24","date_gmt":"2021-04-15T06:19:24","guid":{"rendered":"https:\/\/www.grupsagaro.net\/?post_type=product&#038;p=14264"},"modified":"2023-04-27T16:26:59","modified_gmt":"2023-04-27T14:26:59","slug":"etiquetes-multi3-105x425mm-7-000-unitats-500-fulls-apli","status":"publish","type":"product","link":"https:\/\/www.grupsagaro.net\/?product=etiquetes-multi3-105x425mm-7-000-unitats-500-fulls-apli","title":{"rendered":"Etiquetes Multi3 105&#215;42.5mm 7.000 unitats 500 Fulls Apli"},"content":{"rendered":"<p>[et_pb_section fb_built=\u00bb1&#8243; _builder_version=\u00bb4.16&#8243; custom_padding=\u00bb0px||||false|false\u00bb global_colors_info=\u00bb{}\u00bb][et_pb_row _builder_version=\u00bb4.16&#8243; background_size=\u00bbinitial\u00bb background_position=\u00bbtop_left\u00bb background_repeat=\u00bbrepeat\u00bb width=\u00bb100%\u00bb custom_padding=\u00bb0px||0px||false|false\u00bb global_colors_info=\u00bb{}\u00bb][et_pb_column type=\u00bb4_4&#8243; _builder_version=\u00bb4.16&#8243; custom_padding=\u00bb|||\u00bb global_colors_info=\u00bb{}\u00bb custom_padding__hover=\u00bb|||\u00bb][et_pb_wc_breadcrumb _builder_version=\u00bb4.16&#8243; body_font=\u00bb|600|||||||\u00bb global_colors_info=\u00bb{}\u00bb][\/et_pb_wc_breadcrumb][et_pb_wc_cart_notice _builder_version=\u00bb4.16&#8243; global_colors_info=\u00bb{}\u00bb][\/et_pb_wc_cart_notice][\/et_pb_column][\/et_pb_row][et_pb_row column_structure=\u00bb1_2,1_2&#8243; _builder_version=\u00bb4.16&#8243; background_size=\u00bbinitial\u00bb background_position=\u00bbtop_left\u00bb background_repeat=\u00bbrepeat\u00bb width=\u00bb100%\u00bb custom_padding=\u00bb0px||||false|false\u00bb global_colors_info=\u00bb{}\u00bb][et_pb_column type=\u00bb1_2&#8243; _builder_version=\u00bb4.16&#8243; custom_padding=\u00bb|||\u00bb global_colors_info=\u00bb{}\u00bb custom_padding__hover=\u00bb|||\u00bb][et_pb_wc_images _builder_version=\u00bb4.16&#8243; global_colors_info=\u00bb{}\u00bb][\/et_pb_wc_images][\/et_pb_column][et_pb_column type=\u00bb1_2&#8243; _builder_version=\u00bb4.16&#8243; custom_padding=\u00bb|||\u00bb global_colors_info=\u00bb{}\u00bb custom_padding__hover=\u00bb|||\u00bb][et_pb_wc_title _builder_version=\u00bb4.16&#8243; global_colors_info=\u00bb{}\u00bb][\/et_pb_wc_title][et_pb_wc_rating _builder_version=\u00bb4.16&#8243; global_colors_info=\u00bb{}\u00bb][\/et_pb_wc_rating][et_pb_wc_price _builder_version=\u00bb4.16&#8243; global_colors_info=\u00bb{}\u00bb][\/et_pb_wc_price][et_pb_wc_description _builder_version=\u00bb4.16&#8243; global_colors_info=\u00bb{}\u00bb][\/et_pb_wc_description][et_pb_wc_add_to_cart _builder_version=\u00bb4.16&#8243; global_colors_info=\u00bb{}\u00bb][\/et_pb_wc_add_to_cart][et_pb_wc_meta _builder_version=\u00bb4.16&#8243; global_colors_info=\u00bb{}\u00bb][\/et_pb_wc_meta][\/et_pb_column][\/et_pb_row][et_pb_row _builder_version=\u00bb4.16&#8243; background_size=\u00bbinitial\u00bb background_position=\u00bbtop_left\u00bb background_repeat=\u00bbrepeat\u00bb width=\u00bb100%\u00bb global_colors_info=\u00bb{}\u00bb][et_pb_column type=\u00bb4_4&#8243; _builder_version=\u00bb4.16&#8243; custom_padding=\u00bb|||\u00bb global_colors_info=\u00bb{}\u00bb custom_padding__hover=\u00bb|||\u00bb][et_pb_wc_tabs _builder_version=\u00bb4.16&#8243; global_colors_info=\u00bb{}\u00bb]\t\t\t\t\t[\/et_pb_wc_tabs][et_pb_wc_upsells _builder_version=\u00bb4.16&#8243; global_colors_info=\u00bb{}\u00bb][\/et_pb_wc_upsells][et_pb_wc_related_products _builder_version=\u00bb4.16&#8243; product_title_font_size=\u00bb14px\u00bb global_colors_info=\u00bb{}\u00bb][\/et_pb_wc_related_products][\/et_pb_column][\/et_pb_row][\/et_pb_section]<\/p>\n","protected":false},"excerpt":{"rendered":"<p>500 fulls<\/p>\n","protected":false},"featured_media":17360,"comment_status":"open","ping_status":"closed","template":"","meta":{"_acf_changed":false,"_seopress_robots_primary_cat":"2206","_seopress_titles_title":"%%post_title%%","_seopress_titles_desc":"%%post_excerpt%% %%_category_description%%","_seopress_robots_index":"","_et_pb_use_builder":"on","_et_pb_old_content":"<p style=\"text-align: justify\">Etiquetas blancas cantos rectos tama\u00f1o 105,0 x 42,4 mm con adhesivo permanente para m\u00faltiples usos. Pack con 500 hojas (7.000 etiquetas). Perfectas para identificar env\u00edos de correspondencia, objetos, paqueter\u00eda o para clasificar. Excelente calidad de impresi\u00f3n en impresoras inkjet, l\u00e1ser o fotocopiadoras. Descarga el software gratuito para dise\u00f1ar e imprimir todo tipo de etiquetas en www.apli.com<\/p>","_et_gb_content_width":"","jetpack_post_was_ever_published":false},"product_brand":[],"product_cat":[2206],"product_tag":[3776],"class_list":{"0":"post-14264","1":"product","2":"type-product","3":"status-publish","4":"has-post-thumbnail","6":"product_cat-etiquetas-multi-3-500-fulls-apli","7":"product_tag-etiquetes-multi3-105x42-5mm","9":"first","10":"instock","11":"taxable","12":"shipping-taxable","13":"purchasable","14":"product-type-simple"},"acf":[],"jetpack_likes_enabled":true,"jetpack_sharing_enabled":true,"tiered_pricing_type":"fixed","tiered_pricing_fixed_rules":[],"tiered_pricing_product_settings":{"layout":"default","base_unit_name":{"singular":null,"plural":null},"default_variation":null},"tiered_pricing_minimum_quantity":null,"tiered_pricing_roles_data":[],"tiered_pricing_percentage_rules":[],"_links":{"self":[{"href":"https:\/\/www.grupsagaro.net\/index.php?rest_route=\/wp\/v2\/product\/14264","targetHints":{"allow":["GET"]}}],"collection":[{"href":"https:\/\/www.grupsagaro.net\/index.php?rest_route=\/wp\/v2\/product"}],"about":[{"href":"https:\/\/www.grupsagaro.net\/index.php?rest_route=\/wp\/v2\/types\/product"}],"replies":[{"embeddable":true,"href":"https:\/\/www.grupsagaro.net\/index.php?rest_route=%2Fwp%2Fv2%2Fcomments&post=14264"}],"wp:featuredmedia":[{"embeddable":true,"href":"https:\/\/www.grupsagaro.net\/index.php?rest_route=\/wp\/v2\/media\/17360"}],"wp:attachment":[{"href":"https:\/\/www.grupsagaro.net\/index.php?rest_route=%2Fwp%2Fv2%2Fmedia&parent=14264"}],"wp:term":[{"taxonomy":"product_brand","embeddable":true,"href":"https:\/\/www.grupsagaro.net\/index.php?rest_route=%2Fwp%2Fv2%2Fproduct_brand&post=14264"},{"taxonomy":"product_cat","embeddable":true,"href":"https:\/\/www.grupsagaro.net\/index.php?rest_route=%2Fwp%2Fv2%2Fproduct_cat&post=14264"},{"taxonomy":"product_tag","embeddable":true,"href":"https:\/\/www.grupsagaro.net\/index.php?rest_route=%2Fwp%2Fv2%2Fproduct_tag&post=14264"}],"curies":[{"name":"wp","href":"https:\/\/api.w.org\/{rel}","templated":true}]}}