{"id":11930,"date":"2020-12-25T14:13:29","date_gmt":"2020-12-25T13:13:29","guid":{"rendered":"https:\/\/www.grupsagaro.net\/?post_type=product&#038;p=11930"},"modified":"2023-11-24T09:48:37","modified_gmt":"2023-11-24T07:48:37","slug":"panell-led-encastable-i-ajustable-9w-75o-80o-6000k","status":"publish","type":"product","link":"https:\/\/www.grupsagaro.net\/?product=panell-led-encastable-i-ajustable-9w-75o-80o-6000k","title":{"rendered":"Panell Led Encastable i Ajustable 9W 75\u00d8-80\u00d8 6000k"},"content":{"rendered":"<p>[et_pb_section fb_built=\u00bb1&#8243; _builder_version=\u00bb4.16&#8243; custom_padding=\u00bb0px||||false|false\u00bb global_colors_info=\u00bb{}\u00bb][et_pb_row _builder_version=\u00bb4.16&#8243; background_size=\u00bbinitial\u00bb background_position=\u00bbtop_left\u00bb background_repeat=\u00bbrepeat\u00bb width=\u00bb100%\u00bb custom_padding=\u00bb0px||0px||false|false\u00bb global_colors_info=\u00bb{}\u00bb][et_pb_column type=\u00bb4_4&#8243; _builder_version=\u00bb4.16&#8243; custom_padding=\u00bb|||\u00bb global_colors_info=\u00bb{}\u00bb custom_padding__hover=\u00bb|||\u00bb][et_pb_wc_breadcrumb _builder_version=\u00bb4.16&#8243; body_font=\u00bb|600|||||||\u00bb global_colors_info=\u00bb{}\u00bb][\/et_pb_wc_breadcrumb][et_pb_wc_cart_notice _builder_version=\u00bb4.16&#8243; global_colors_info=\u00bb{}\u00bb][\/et_pb_wc_cart_notice][\/et_pb_column][\/et_pb_row][et_pb_row column_structure=\u00bb1_2,1_2&#8243; _builder_version=\u00bb4.16&#8243; background_size=\u00bbinitial\u00bb background_position=\u00bbtop_left\u00bb background_repeat=\u00bbrepeat\u00bb width=\u00bb100%\u00bb custom_padding=\u00bb0px||||false|false\u00bb global_colors_info=\u00bb{}\u00bb][et_pb_column type=\u00bb1_2&#8243; _builder_version=\u00bb4.16&#8243; custom_padding=\u00bb|||\u00bb global_colors_info=\u00bb{}\u00bb custom_padding__hover=\u00bb|||\u00bb][et_pb_wc_images _builder_version=\u00bb4.16&#8243; global_colors_info=\u00bb{}\u00bb][\/et_pb_wc_images][\/et_pb_column][et_pb_column type=\u00bb1_2&#8243; _builder_version=\u00bb4.16&#8243; custom_padding=\u00bb|||\u00bb global_colors_info=\u00bb{}\u00bb custom_padding__hover=\u00bb|||\u00bb][et_pb_wc_title _builder_version=\u00bb4.16&#8243; global_colors_info=\u00bb{}\u00bb][\/et_pb_wc_title][et_pb_wc_rating _builder_version=\u00bb4.16&#8243; global_colors_info=\u00bb{}\u00bb][\/et_pb_wc_rating][et_pb_wc_price _builder_version=\u00bb4.16&#8243; global_colors_info=\u00bb{}\u00bb][\/et_pb_wc_price][et_pb_text _builder_version=\u00bb4.16&#8243; _dynamic_attributes=\u00bbcontent\u00bb _module_preset=\u00bbdefault\u00bb global_colors_info=\u00bb{}\u00bb]@ET-DC@eyJkeW5hbWljIjp0cnVlLCJjb250ZW50IjoiY3VzdG9tX21ldGFfY2FwYWNpdGF0OiIsInNldHRpbmdzIjp7ImJlZm9yZSI6IiIsImFmdGVyIjoiIiwiZW5hYmxlX2h0bWwiOiJvZmYifX0=@[\/et_pb_text][et_pb_wc_description _builder_version=\u00bb4.16&#8243; global_colors_info=\u00bb{}\u00bb][\/et_pb_wc_description][et_pb_wc_add_to_cart _builder_version=\u00bb4.16&#8243; global_colors_info=\u00bb{}\u00bb][\/et_pb_wc_add_to_cart][et_pb_wc_meta _builder_version=\u00bb4.16&#8243; global_colors_info=\u00bb{}\u00bb][\/et_pb_wc_meta][\/et_pb_column][\/et_pb_row][et_pb_row _builder_version=\u00bb4.16&#8243; background_size=\u00bbinitial\u00bb background_position=\u00bbtop_left\u00bb background_repeat=\u00bbrepeat\u00bb width=\u00bb100%\u00bb global_colors_info=\u00bb{}\u00bb][et_pb_column type=\u00bb4_4&#8243; _builder_version=\u00bb4.16&#8243; custom_padding=\u00bb|||\u00bb global_colors_info=\u00bb{}\u00bb custom_padding__hover=\u00bb|||\u00bb][et_pb_wc_tabs _builder_version=\u00bb4.16&#8243; global_colors_info=\u00bb{}\u00bb] [\/et_pb_wc_tabs][et_pb_wc_upsells _builder_version=\u00bb4.16&#8243; global_colors_info=\u00bb{}\u00bb][\/et_pb_wc_upsells][et_pb_wc_related_products posts_number=\u00bb6&#8243; _builder_version=\u00bb4.16&#8243; product_title_font_size=\u00bb14px\u00bb global_colors_info=\u00bb{}\u00bb][\/et_pb_wc_related_products][\/et_pb_column][\/et_pb_row][\/et_pb_section]<\/p>\n","protected":false},"excerpt":{"rendered":"<div class=\"row spec_cans\">\n<div class=\"row spec_cans\">\n<ul>\n<li class=\"col-md-4 col-xs-4 \">Color\uff1aBlanco<\/li>\n<li class=\"col-md-4 col-xs-4 \">Modelo\uff1aCircular<\/li>\n<li class=\"col-md-4 col-xs-4 \">Color de la luz\uff1aLuz Fr\u00eda<\/li>\n<li class=\"col-md-4 col-xs-4 \">Descripcion producto\uff1al\u00e1mpara ajustable a 35 grados<\/li>\n<\/ul>\n<\/div>\n<div class=\"row spec_cans\">\n<h1>Especificaci\u00f3n<\/h1>\n<ul>\n<li class=\"col-md-4 col-xs-4 \">Tipo\uff1aDownlight ajustable<\/li>\n<li class=\"col-md-4 col-xs-4 \">Tama\u00f1o\uff1aD85*H71.5mm<\/li>\n<li class=\"col-md-4 col-xs-4 \">Tama\u00f1o del orificio\uff1a\u03a668-75mm<\/li>\n<\/ul>\n<\/div>\n<div class=\"row spec_cans\">\n<h1>Par\u00e1metros t\u00e9cnicos<\/h1>\n<ul>\n<li class=\"col-md-4 col-xs-4 \">Potencia\uff1a9W<\/li>\n<li class=\"col-md-4 col-xs-4 \">Voltaje\uff1a220 &#8211; 240V<\/li>\n<li class=\"col-md-4 col-xs-4 \">Current\uff1a75mA<\/li>\n<li class=\"col-md-4 col-xs-4 \">Frecuencia\uff1a50\/60Hz<\/li>\n<li class=\"col-md-4 col-xs-4 \">CCT\uff1a6000K<\/li>\n<li class=\"col-md-4 col-xs-4 \">Caudal luminoso\uff1a720lm<\/li>\n<li class=\"col-md-4 col-xs-4 \">CRI\uff1a\u2265 80ra<\/li>\n<li class=\"col-md-4 col-xs-4 \">PF\uff1a\uff1e0.5<\/li>\n<li class=\"col-md-4 col-xs-4 \">\u00c1ngulo de haz\uff1a38\u00b0<\/li>\n<li class=\"col-md-4 col-xs-4 \">Hg%\uff1a0<\/li>\n<li class=\"col-md-4 col-xs-4 \">Consumo de energ\u00eda cada 1000 horas\uff1a9kwh\/1000h<\/li>\n<li class=\"col-md-4 col-xs-4 \">Equivalencia en bombilla incandescente\uff1a55W<\/li>\n<li class=\"col-md-4 col-xs-4 \">EEI\uff1aA +<\/li>\n<\/ul>\n<\/div>\n<div class=\"row spec_cans\">\n<h1>Aplicaci\u00f3n de medio ambiente<\/h1>\n<ul>\n<li class=\"col-md-4 col-xs-4 \">Entorno de uso\uff1aInterior<\/li>\n<li class=\"col-md-4 col-xs-4 \">Temperatura\uff1a- 10 \u2103\uff5e 40 \u2103<\/li>\n<li class=\"col-md-4 col-xs-4 \">M\u00e9todos de instalaci\u00f3n\uff1aEmpotrar<\/li>\n<\/ul>\n<\/div>\n<div class=\"row spec_cans\">\n<h1>Vida<\/h1>\n<ul>\n<li class=\"col-md-4 col-xs-4 \">Vida \u00fatil\uff1a25000 H.<\/li>\n<li class=\"col-md-4 col-xs-4 \">Frecuencia de conmutaci\u00f3n\uff1a12500<\/li>\n<\/ul>\n<\/div>\n<div class=\"row spec_cans\">\n<h1>Materials principales<\/h1>\n<ul>\n<li class=\"col-md-4 col-xs-4\">aluminio forrado de plastico<\/li>\n<\/ul>\n<\/div>\n<\/div>\n","protected":false},"featured_media":3560,"comment_status":"open","ping_status":"closed","template":"","meta":{"_acf_changed":false,"_seopress_robots_primary_cat":"5761","_seopress_titles_title":"%%post_title%%","_seopress_titles_desc":"%%post_excerpt%% %%_category_description%%","_seopress_robots_index":"","_et_pb_use_builder":"on","_et_pb_old_content":"<div class=\"row\">\r\n<div class=\"Feature\">\r\n<div class=\"text\">\r\n<h1>Una luz crea un espacio hermoso<\/h1>\r\nDebido a que la funci\u00f3n interior de cada \u00e1rea es diferente tambi\u00e9n necesita un entorno de iluminaci\u00f3n diferente, la luz descendente ajustable de m\u00faltiples \u00e1ngulos LED se convierte en la mejor opci\u00f3n.\u00a0La mejor iluminaci\u00f3n, moda y dise\u00f1o simple y flexible para ajustar el \u00e1ngulo, que integraba luz y espacio c\u00f3modos y creaba un espacio de belleza.\r\n\r\n<\/div>\r\n<img src=\"http:\/\/arc.nobleza.eu\/goodimg\/original\/201910\/3fa8a57058f728286fea64c572c2d978.jpg\" \/>\r\n\r\n<\/div>\r\n<\/div>\r\n<div><\/div>\r\n<div class=\"row\">\r\n<div class=\"Feature\">\r\n<div class=\"text\">\r\n<h1>Ultrafino y ligero<\/h1>\r\nToda la l\u00e1mpara tiene un grosor de solo 44 mm, dise\u00f1o de cuerpo de l\u00e1mpara ultrafino, delicado y ligero, atractivo y f\u00e1cil instalaci\u00f3n.\u00a0La l\u00ednea de visi\u00f3n es fluida, agrega espacio suave atm\u00f3sfera.\r\n\r\n<\/div>\r\n<img src=\"http:\/\/arc.nobleza.eu\/goodimg\/original\/201910\/783a3f6d81ea527546ac10feffbc1314.jpg\" \/>\r\n\r\n<\/div>\r\n<\/div>\r\n<div><\/div>\r\n<div class=\"row\">\r\n<div class=\"Feature\">\r\n<div class=\"text\">\r\n<h1>Chip LED de alta calidad<\/h1>\r\nUso de chip LED de alta calidad, sin parpadeo, sin deslumbramiento, experiencia de visi\u00f3n buena y c\u00f3moda;\u00a0\u00edndice de reproducci\u00f3n del color de la luz \u226580, cerca de frutas y verduras naturales y coloridas, el hermoso maquillaje ser\u00e1 m\u00e1s impresionante en la brillante iluminaci\u00f3n.\r\n\r\n<\/div>\r\n<img src=\"http:\/\/arc.nobleza.eu\/goodimg\/original\/201910\/57b9ee8f6d828f8e9b235f307e288d53.jpg\" \/>\r\n\r\n<\/div>\r\n<\/div>\r\n<div><\/div>\r\n<div class=\"row\">\r\n<div class=\"Feature\">\r\n<div class=\"text\">\r\n<h1>Lente \u00f3ptica profesional, control preciso de la luz, m\u00faltiples antideslumbrantes<\/h1>\r\n<\/div>\r\n<img src=\"http:\/\/arc.nobleza.eu\/goodimg\/original\/201910\/ea58c88fbed2e624b64678a93c7ee2fe.jpg\" \/>\r\n\r\n<\/div>\r\n<\/div>\r\n<div><\/div>\r\n<div class=\"row\">\r\n<div class=\"Feature\">\r\n<div class=\"text\">\r\n<h1>Multi-\u00e1ngulo para ajustar<\/h1>\r\nEl \u00e1ngulo de ajuste de la copa de la l\u00e1mpara hacia la izquierda y hacia la derecha es de 30 \u00b0, m\u00e1s opciones visuales, agregar productos practicables\r\n\r\n<\/div>\r\n<img src=\"http:\/\/arc.nobleza.eu\/goodimg\/original\/201910\/c3e66f81be2c3f99c2832694e1b59e4b.jpg\" \/>\r\n\r\n<\/div>\r\n<\/div>\r\n<div><\/div>\r\n<div class=\"row\">\r\n<div class=\"Feature\">\r\n<div class=\"text\">\r\n<h1>\u00c1ngulo de frijol es 60 \u00b0<\/h1>\r\n<\/div>\r\n<img src=\"http:\/\/arc.nobleza.eu\/goodimg\/original\/201910\/e410d8bd1e905f51dedda2337fbea78e.jpg\" \/>\r\n\r\n<\/div>\r\n<\/div>\r\n<div><\/div>\r\n<div class=\"row\">\r\n<div class=\"Feature\">\r\n<div class=\"text\">\r\n<h1>F\u00e1cil de instalar<\/h1>\r\nDise\u00f1o integrado, el traje el\u00e1stico para muchos tipos de material de techo, f\u00e1cil de instalar en varias ocasiones, flexible y conveniente.\r\n\r\n<\/div>\r\n<img src=\"http:\/\/arc.nobleza.eu\/goodimg\/original\/201910\/f71402f5e6c77ba1fafcb166332d984e.jpg\" \/>\r\n\r\n<\/div>\r\n<\/div>\r\n<div><\/div>\r\n<div class=\"row\">\r\n<div class=\"Feature\">\r\n<div class=\"text\">\r\n<h1>Traje para varias ocasiones<\/h1>\r\nTraje de iluminaci\u00f3n para sala de estar, pared, dormitorio, balc\u00f3n, supermercado, oficinas y otros lugares.\r\n\r\n<\/div>\r\n<img src=\"http:\/\/arc.nobleza.eu\/goodimg\/original\/201910\/78c79fb973d91dd7fe69f718d4a0222b.jpg\" \/>\r\n\r\n<\/div>\r\n<\/div>","_et_gb_content_width":"","jetpack_post_was_ever_published":false},"product_brand":[],"product_cat":[5761],"product_tag":[283],"class_list":{"0":"post-11930","1":"product","2":"type-product","3":"status-publish","4":"has-post-thumbnail","6":"product_cat-tall-de-sostre-mm-75o-80o","7":"product_tag-panell-encastable-i-ajustable-7w-75o-80o","9":"first","10":"instock","11":"taxable","12":"shipping-taxable","13":"purchasable","14":"product-type-simple"},"acf":[],"jetpack_likes_enabled":true,"jetpack_sharing_enabled":true,"tiered_pricing_type":"fixed","tiered_pricing_fixed_rules":[],"tiered_pricing_product_settings":{"layout":"default","base_unit_name":{"singular":null,"plural":null},"default_variation":null},"tiered_pricing_minimum_quantity":null,"tiered_pricing_roles_data":[],"tiered_pricing_percentage_rules":[],"_links":{"self":[{"href":"https:\/\/www.grupsagaro.net\/index.php?rest_route=\/wp\/v2\/product\/11930","targetHints":{"allow":["GET"]}}],"collection":[{"href":"https:\/\/www.grupsagaro.net\/index.php?rest_route=\/wp\/v2\/product"}],"about":[{"href":"https:\/\/www.grupsagaro.net\/index.php?rest_route=\/wp\/v2\/types\/product"}],"replies":[{"embeddable":true,"href":"https:\/\/www.grupsagaro.net\/index.php?rest_route=%2Fwp%2Fv2%2Fcomments&post=11930"}],"wp:featuredmedia":[{"embeddable":true,"href":"https:\/\/www.grupsagaro.net\/index.php?rest_route=\/wp\/v2\/media\/3560"}],"wp:attachment":[{"href":"https:\/\/www.grupsagaro.net\/index.php?rest_route=%2Fwp%2Fv2%2Fmedia&parent=11930"}],"wp:term":[{"taxonomy":"product_brand","embeddable":true,"href":"https:\/\/www.grupsagaro.net\/index.php?rest_route=%2Fwp%2Fv2%2Fproduct_brand&post=11930"},{"taxonomy":"product_cat","embeddable":true,"href":"https:\/\/www.grupsagaro.net\/index.php?rest_route=%2Fwp%2Fv2%2Fproduct_cat&post=11930"},{"taxonomy":"product_tag","embeddable":true,"href":"https:\/\/www.grupsagaro.net\/index.php?rest_route=%2Fwp%2Fv2%2Fproduct_tag&post=11930"}],"curies":[{"name":"wp","href":"https:\/\/api.w.org\/{rel}","templated":true}]}}