{"id":11624,"date":"2020-12-15T09:50:44","date_gmt":"2020-12-15T08:50:44","guid":{"rendered":"https:\/\/www.grupsagaro.net\/?post_type=product&#038;p=11624"},"modified":"2023-05-28T11:36:07","modified_gmt":"2023-05-28T09:36:07","slug":"tinta-epson-104-ampolla-yellow-2","status":"publish","type":"product","link":"https:\/\/www.grupsagaro.net\/?product=tinta-epson-104-ampolla-yellow-2","title":{"rendered":"Epson 104 Amarillo &#8211; Botella de Tinta Original C13T00P440"},"content":{"rendered":"<p>[et_pb_section fb_built=\u00bb1&#8243; _builder_version=\u00bb3.22&#8243; custom_padding=\u00bb0px||||false|false\u00bb global_colors_info=\u00bb{}\u00bb][et_pb_row _builder_version=\u00bb3.25&#8243; background_size=\u00bbinitial\u00bb background_position=\u00bbtop_left\u00bb background_repeat=\u00bbrepeat\u00bb width=\u00bb100%\u00bb custom_padding=\u00bb0px||0px||false|false\u00bb global_colors_info=\u00bb{}\u00bb][et_pb_column type=\u00bb4_4&#8243; _builder_version=\u00bb3.25&#8243; custom_padding=\u00bb|||\u00bb global_colors_info=\u00bb{}\u00bb custom_padding__hover=\u00bb|||\u00bb][et_pb_wc_breadcrumb _builder_version=\u00bb4.14.4&#8243; body_font=\u00bb|600|||||||\u00bb global_colors_info=\u00bb{}\u00bb][\/et_pb_wc_breadcrumb][et_pb_wc_cart_notice global_colors_info=\u00bb{}\u00bb][\/et_pb_wc_cart_notice][\/et_pb_column][\/et_pb_row][et_pb_row column_structure=\u00bb1_2,1_2&#8243; _builder_version=\u00bb3.25&#8243; background_size=\u00bbinitial\u00bb background_position=\u00bbtop_left\u00bb background_repeat=\u00bbrepeat\u00bb width=\u00bb100%\u00bb custom_padding=\u00bb0px||||false|false\u00bb global_colors_info=\u00bb{}\u00bb][et_pb_column type=\u00bb1_2&#8243; _builder_version=\u00bb3.25&#8243; custom_padding=\u00bb|||\u00bb global_colors_info=\u00bb{}\u00bb custom_padding__hover=\u00bb|||\u00bb][et_pb_wc_images _builder_version=\u00bb3.0.47&#8243; global_colors_info=\u00bb{}\u00bb][\/et_pb_wc_images][\/et_pb_column][et_pb_column type=\u00bb1_2&#8243; _builder_version=\u00bb3.25&#8243; custom_padding=\u00bb|||\u00bb global_colors_info=\u00bb{}\u00bb custom_padding__hover=\u00bb|||\u00bb][et_pb_wc_title _builder_version=\u00bb3.0.47&#8243; global_colors_info=\u00bb{}\u00bb][\/et_pb_wc_title][et_pb_wc_rating _builder_version=\u00bb3.0.47&#8243; global_colors_info=\u00bb{}\u00bb][\/et_pb_wc_rating][et_pb_wc_price _builder_version=\u00bb3.0.47&#8243; global_colors_info=\u00bb{}\u00bb][\/et_pb_wc_price][et_pb_text _builder_version=\u00bb4.14.4&#8243; _dynamic_attributes=\u00bbcontent\u00bb _module_preset=\u00bbdefault\u00bb text_font=\u00bb|700|||||||\u00bb text_text_color=\u00bb#EDF000&#8243; global_colors_info=\u00bb{}\u00bb]@ET-DC@eyJkeW5hbWljIjp0cnVlLCJjb250ZW50IjoiY3VzdG9tX21ldGFfY2FwYWNpdGF0OiIsInNldHRpbmdzIjp7ImJlZm9yZSI6IiIsImFmdGVyIjoiIiwiZW5hYmxlX2h0bWwiOiJvZmYifX0=@[\/et_pb_text][et_pb_wc_description _builder_version=\u00bb3.0.47&#8243; global_colors_info=\u00bb{}\u00bb][\/et_pb_wc_description][et_pb_wc_add_to_cart global_colors_info=\u00bb{}\u00bb][\/et_pb_wc_add_to_cart][et_pb_wc_meta _builder_version=\u00bb3.0.47&#8243; global_colors_info=\u00bb{}\u00bb][\/et_pb_wc_meta][\/et_pb_column][\/et_pb_row][et_pb_row _builder_version=\u00bb3.25&#8243; background_size=\u00bbinitial\u00bb background_position=\u00bbtop_left\u00bb background_repeat=\u00bbrepeat\u00bb width=\u00bb100%\u00bb global_colors_info=\u00bb{}\u00bb][et_pb_column type=\u00bb4_4&#8243; _builder_version=\u00bb3.25&#8243; custom_padding=\u00bb|||\u00bb global_colors_info=\u00bb{}\u00bb custom_padding__hover=\u00bb|||\u00bb][et_pb_wc_tabs _builder_version=\u00bb3.0.47&#8243; global_colors_info=\u00bb{}\u00bb] [\/et_pb_wc_tabs][et_pb_wc_upsells posts_number=\u00bb6&#8243; _builder_version=\u00bb4.14.4&#8243; global_colors_info=\u00bb{}\u00bb][\/et_pb_wc_upsells][et_pb_wc_related_products posts_number=\u00bb6&#8243; _builder_version=\u00bb4.14.4&#8243; product_title_font_size=\u00bb14px\u00bb global_colors_info=\u00bb{}\u00bb][\/et_pb_wc_related_products][\/et_pb_column][\/et_pb_row][\/et_pb_section]<\/p>\n","protected":false},"excerpt":{"rendered":"<p style=\"text-align: justify;\">Acaba amb l&#8217;estr\u00e8s d&#8217;imprimir gr\u00e0cies a la gamma de tintes de la s\u00e8rie 104 en quatre colors. Aquesta tinta ha estat dissenyada per oferir una soluci\u00f3 sense complicacions, amb un cost extraordin\u00e0riament baix i sense enfarfecs per als teus projectes diaris d&#8217;impressi\u00f3. Amb un pack d&#8217;ampolles de tinta, pots produir milers de p\u00e0gines sense necessitat de canviar cartutxos. Quan finalment sigui necessari recarregar-les, ho far\u00e0s de forma senzilla i sense complicacions, gr\u00e0cies a el nou disseny de les ampolles.<\/p>\n<p style=\"text-align: justify;\">impressi\u00f3 quotidiana<br \/>\nTant si necessites imprimir els deures al col\u00b7legi com uns bitllets d&#8217;avi\u00f3, aquesta gamma de tintes de colorant en quatre colors proporciona una soluci\u00f3 fiable i sense complicacions.<\/p>\n<p style=\"text-align: justify;\">Redueix els costos de tinta<br \/>\nEst\u00e0s buscant una soluci\u00f3 d&#8217;impressi\u00f3 amb un cost extraordin\u00e0riament baix? Des del primer pack de tinta incl\u00f2s amb la impressora, pots estalviar un 90% en els costos de tinta de mitjana. No nom\u00e9s resulta econ\u00f2mic, \u00e9s impressionant quantes p\u00e0gines pot produir un sol pack: fins 4500 p\u00e0gines en negre i 7500 en color.<\/p>\n<p style=\"text-align: justify;\">Disseny pensat per a un \u00fas senzill<br \/>\nLes ampolles de tinta de Epson s\u00f3n m\u00e9s f\u00e0cils d&#8217;usar que mai amb un disseny de pr\u00f2xima generaci\u00f3. Aquestes ampolles redissenyades faciliten la rec\u00e0rrega sense enfarfecs i permeten que nom\u00e9s el color correcte s&#8217;introdueixi al dip\u00f2sit corresponent.<\/p>\n","protected":false},"featured_media":11629,"comment_status":"open","ping_status":"closed","template":"","meta":{"_acf_changed":false,"_seopress_robots_primary_cat":"2357","_seopress_titles_title":"%%post_title%%","_seopress_titles_desc":"%%post_excerpt%% %%_category_description%%","_seopress_robots_index":"","_et_pb_use_builder":"on","_et_pb_old_content":"<p style=\"text-align: justify\">Compatibilidades: EcoTank ET-1810; EcoTank ET-2710; EcoTank ET-2711; EcoTank ET-2712; EcoTank ET-2713; EcoTank ET-2714; EcoTank ET-2715; EcoTank ET-2720; EcoTank ET-2721; EcoTank ET-2726; EcoTank ET-2810; EcoTank ET-2811; EcoTank ET-2812; EcoTank ET-2814; EcoTank ET-2815; EcoTank ET-2820; EcoTank ET-2821; EcoTank ET-2825; EcoTank ET-2826; EcoTank ET-4700; ET 1810; ET 2710; ET 2711; ET 2712; ET 2713; ET 2714; ET 2715; ET 2720; ET 2721; ET 2726; ET 2810; ET 2811; ET 2812; ET 2814; ET 2815; ET 2820; ET 2821; ET 2825; ET 2826; ET 4700.<\/p>","_et_gb_content_width":"","jetpack_post_was_ever_published":false},"product_brand":[],"product_cat":[2357],"product_tag":[2360],"class_list":{"0":"post-11624","1":"product","2":"type-product","3":"status-publish","4":"has-post-thumbnail","6":"product_cat-epson-104-ampolla","7":"product_tag-epson-104-ampolla","8":"product_shipping_class-enviament-muchocartucho","10":"first","11":"onbackorder","12":"taxable","13":"shipping-taxable","14":"purchasable","15":"product-type-simple"},"acf":[],"jetpack_likes_enabled":true,"jetpack_sharing_enabled":true,"tiered_pricing_type":"fixed","tiered_pricing_fixed_rules":[],"tiered_pricing_product_settings":{"layout":"default","base_unit_name":{"singular":null,"plural":null},"default_variation":null},"tiered_pricing_minimum_quantity":null,"tiered_pricing_roles_data":[],"tiered_pricing_percentage_rules":[],"_links":{"self":[{"href":"https:\/\/www.grupsagaro.net\/index.php?rest_route=\/wp\/v2\/product\/11624","targetHints":{"allow":["GET"]}}],"collection":[{"href":"https:\/\/www.grupsagaro.net\/index.php?rest_route=\/wp\/v2\/product"}],"about":[{"href":"https:\/\/www.grupsagaro.net\/index.php?rest_route=\/wp\/v2\/types\/product"}],"replies":[{"embeddable":true,"href":"https:\/\/www.grupsagaro.net\/index.php?rest_route=%2Fwp%2Fv2%2Fcomments&post=11624"}],"wp:featuredmedia":[{"embeddable":true,"href":"https:\/\/www.grupsagaro.net\/index.php?rest_route=\/wp\/v2\/media\/11629"}],"wp:attachment":[{"href":"https:\/\/www.grupsagaro.net\/index.php?rest_route=%2Fwp%2Fv2%2Fmedia&parent=11624"}],"wp:term":[{"taxonomy":"product_brand","embeddable":true,"href":"https:\/\/www.grupsagaro.net\/index.php?rest_route=%2Fwp%2Fv2%2Fproduct_brand&post=11624"},{"taxonomy":"product_cat","embeddable":true,"href":"https:\/\/www.grupsagaro.net\/index.php?rest_route=%2Fwp%2Fv2%2Fproduct_cat&post=11624"},{"taxonomy":"product_tag","embeddable":true,"href":"https:\/\/www.grupsagaro.net\/index.php?rest_route=%2Fwp%2Fv2%2Fproduct_tag&post=11624"}],"curies":[{"name":"wp","href":"https:\/\/api.w.org\/{rel}","templated":true}]}}