{"id":11026,"date":"2020-11-20T11:33:06","date_gmt":"2020-11-20T10:33:06","guid":{"rendered":"https:\/\/www.grupsagaro.net\/?post_type=product&#038;p=11026"},"modified":"2022-04-26T09:28:24","modified_gmt":"2022-04-26T08:28:24","slug":"tinta-epson-102-negre-140ml-2","status":"publish","type":"product","link":"https:\/\/www.grupsagaro.net\/?product=tinta-epson-102-negre-140ml-2","title":{"rendered":"Epson 102 Negro &#8211; Botella de Tinta Pigmentada Original C13T03R140"},"content":{"rendered":"<p>[et_pb_section fb_built=\u00bb1&#8243; _builder_version=\u00bb4.16&#8243; custom_padding=\u00bb0px||||false|false\u00bb global_colors_info=\u00bb{}\u00bb][et_pb_row _builder_version=\u00bb4.16&#8243; background_size=\u00bbinitial\u00bb background_position=\u00bbtop_left\u00bb background_repeat=\u00bbrepeat\u00bb width=\u00bb100%\u00bb custom_padding=\u00bb0px||0px||false|false\u00bb global_colors_info=\u00bb{}\u00bb][et_pb_column type=\u00bb4_4&#8243; _builder_version=\u00bb4.16&#8243; custom_padding=\u00bb|||\u00bb global_colors_info=\u00bb{}\u00bb custom_padding__hover=\u00bb|||\u00bb][et_pb_wc_breadcrumb _builder_version=\u00bb4.17.3&#8243; hover_enabled=\u00bb0&#8243; global_colors_info=\u00bb{}\u00bb body_font=\u00bb|600|||||||\u00bb sticky_enabled=\u00bb0&#8243;][\/et_pb_wc_breadcrumb][et_pb_wc_cart_notice _builder_version=\u00bb4.16&#8243; global_colors_info=\u00bb{}\u00bb][\/et_pb_wc_cart_notice][\/et_pb_column][\/et_pb_row][et_pb_row _builder_version=\u00bb4.16&#8243; background_size=\u00bbinitial\u00bb background_position=\u00bbtop_left\u00bb background_repeat=\u00bbrepeat\u00bb width=\u00bb100%\u00bb custom_padding=\u00bb0px||||false|false\u00bb global_colors_info=\u00bb{}\u00bb column_structure=\u00bb1_2,1_2&#8243;][et_pb_column type=\u00bb1_2&#8243; _builder_version=\u00bb4.16&#8243; custom_padding=\u00bb|||\u00bb global_colors_info=\u00bb{}\u00bb custom_padding__hover=\u00bb|||\u00bb][et_pb_wc_images _builder_version=\u00bb4.16&#8243; global_colors_info=\u00bb{}\u00bb][\/et_pb_wc_images][\/et_pb_column][et_pb_column type=\u00bb1_2&#8243; _builder_version=\u00bb4.16&#8243; custom_padding=\u00bb|||\u00bb global_colors_info=\u00bb{}\u00bb custom_padding__hover=\u00bb|||\u00bb][et_pb_wc_title _builder_version=\u00bb4.16&#8243; global_colors_info=\u00bb{}\u00bb][\/et_pb_wc_title][et_pb_wc_rating _builder_version=\u00bb4.16&#8243; global_colors_info=\u00bb{}\u00bb][\/et_pb_wc_rating][et_pb_wc_price _builder_version=\u00bb4.16&#8243; global_colors_info=\u00bb{}\u00bb][\/et_pb_wc_price][et_pb_text _builder_version=\u00bb4.17.3&#8243; _module_preset=\u00bbdefault\u00bb _dynamic_attributes=\u00bbcontent\u00bb hover_enabled=\u00bb0&#8243; sticky_enabled=\u00bb0&#8243;]@ET-DC@eyJkeW5hbWljIjp0cnVlLCJjb250ZW50IjoiY3VzdG9tX21ldGFfY2FwYWNpdGF0OiIsInNldHRpbmdzIjp7ImJlZm9yZSI6IiIsImFmdGVyIjoiIiwiZW5hYmxlX2h0bWwiOiJvZmYifX0=@[\/et_pb_text][et_pb_wc_description _builder_version=\u00bb4.16&#8243; global_colors_info=\u00bb{}\u00bb][\/et_pb_wc_description][et_pb_wc_add_to_cart _builder_version=\u00bb4.16&#8243; global_colors_info=\u00bb{}\u00bb][\/et_pb_wc_add_to_cart][et_pb_wc_meta _builder_version=\u00bb4.16&#8243; global_colors_info=\u00bb{}\u00bb][\/et_pb_wc_meta][\/et_pb_column][\/et_pb_row][et_pb_row _builder_version=\u00bb4.16&#8243; background_size=\u00bbinitial\u00bb background_position=\u00bbtop_left\u00bb background_repeat=\u00bbrepeat\u00bb width=\u00bb100%\u00bb global_colors_info=\u00bb{}\u00bb][et_pb_column type=\u00bb4_4&#8243; _builder_version=\u00bb4.16&#8243; custom_padding=\u00bb|||\u00bb global_colors_info=\u00bb{}\u00bb custom_padding__hover=\u00bb|||\u00bb][et_pb_wc_tabs _builder_version=\u00bb4.16&#8243; global_colors_info=\u00bb{}\u00bb]\t\t\t\t\t[\/et_pb_wc_tabs][et_pb_wc_upsells _builder_version=\u00bb4.17.3&#8243; hover_enabled=\u00bb0&#8243; global_colors_info=\u00bb{}\u00bb posts_number=\u00bb6&#8243; sticky_enabled=\u00bb0&#8243;][\/et_pb_wc_upsells][et_pb_wc_related_products _builder_version=\u00bb4.17.3&#8243; global_colors_info=\u00bb{}\u00bb product_title_font_size=\u00bb14px\u00bb posts_number=\u00bb9&#8243;][\/et_pb_wc_related_products][\/et_pb_column][\/et_pb_row][\/et_pb_section]<\/p>\n","protected":false},"excerpt":{"rendered":"<p style=\"text-align: justify;\">Descobreix la nostra gamma de tintes de la s\u00e8rie 102 per a una impressi\u00f3 sense complicacions, amb costos extraordin\u00e0riament baixos i sense enfarfecs. Amb pigments i colorants, aquesta tinta en quatre colors \u00e9s perfecta per a produir documents d&#8217;alta qualitat. Amb un pack d&#8217;ampolles de tinta, pots produir milers de p\u00e0gines sense necessitat de canviar cartutxos. A m\u00e9s, resulta molt econ\u00f2mic: a l&#8217;adquirir una impressora EcoTank pots estalviar fins a un 90% en costos de tinta de mitjana.<\/p>\n<p style=\"text-align: justify;\">Imprimeix com un professional<br \/>\nImprimir documents d&#8217;alta qualitat \u00e9s f\u00e0cil amb aquesta fiable tinta en quatre colors, que inclou tinta pigmentada per al negre i de colorant per als colors. Aconsegueix impressions amb textos n\u00edtids i clars, aix\u00ed com colors vius.<\/p>\n<p style=\"text-align: justify;\">Disseny pensat per a un \u00fas senzill<br \/>\nLes ampolles de tinta de Epson s\u00f3n m\u00e9s f\u00e0cils d&#8217;usar que mai amb un disseny de pr\u00f2xima generaci\u00f3. Aquestes ampolles redissenyades faciliten la rec\u00e0rrega sense enfarfecs i permeten que nom\u00e9s el color correcte s&#8217;introdueixi al dip\u00f2sit corresponent.<\/p>\n<p style=\"text-align: justify;\">Redueix els costos de tinta<br \/>\nEst\u00e0s buscant una soluci\u00f3 d&#8217;impressi\u00f3 amb un cost extraordin\u00e0riament baix? Des del primer pack de tinta incl\u00f2s amb la impressora, pots estalviar un 90% en els costos de tinta de mitjana. No nom\u00e9s resulta econ\u00f2mic, \u00e9s impressionant quantes p\u00e0gines pot produir un sol pack: fins 7500 p\u00e0gines en negre i 6000 en color.<\/p>\n","protected":false},"featured_media":11023,"comment_status":"open","ping_status":"closed","template":"","meta":{"_acf_changed":false,"_seopress_robots_primary_cat":"585","_seopress_titles_title":"%%post_title%%","_seopress_titles_desc":"%%post_excerpt%% %%_category_description%%","_seopress_robots_index":"","_et_pb_use_builder":"on","_et_pb_old_content":"<p style=\"text-align: justify\">Compatibilidades: EcoTank ET-15000; EcoTank ET-2700; EcoTank ET-2750; EcoTank ET-2751; EcoTank ET-2756; EcoTank ET-3700; EcoTank ET-3750; EcoTank ET-3850; EcoTank ET-4750; ET 15000; ET 2700; ET 2750; ET 2751; ET 2756; ET 3700; ET 3750; ET 3850; ET 4750.<\/p>","_et_gb_content_width":"","jetpack_post_was_ever_published":false},"product_brand":[],"product_cat":[585],"product_tag":[2249],"class_list":{"0":"post-11026","1":"product","2":"type-product","3":"status-publish","4":"has-post-thumbnail","6":"product_cat-epson-102-ampolla","7":"product_tag-epson-102","8":"product_shipping_class-enviament-muchocartucho","10":"first","11":"onbackorder","12":"taxable","13":"shipping-taxable","14":"purchasable","15":"product-type-simple"},"acf":[],"jetpack_likes_enabled":true,"jetpack_sharing_enabled":true,"tiered_pricing_type":"fixed","tiered_pricing_fixed_rules":[],"tiered_pricing_product_settings":{"layout":"default","base_unit_name":{"singular":null,"plural":null},"default_variation":null},"tiered_pricing_minimum_quantity":null,"tiered_pricing_roles_data":[],"tiered_pricing_percentage_rules":[],"_links":{"self":[{"href":"https:\/\/www.grupsagaro.net\/index.php?rest_route=\/wp\/v2\/product\/11026","targetHints":{"allow":["GET"]}}],"collection":[{"href":"https:\/\/www.grupsagaro.net\/index.php?rest_route=\/wp\/v2\/product"}],"about":[{"href":"https:\/\/www.grupsagaro.net\/index.php?rest_route=\/wp\/v2\/types\/product"}],"replies":[{"embeddable":true,"href":"https:\/\/www.grupsagaro.net\/index.php?rest_route=%2Fwp%2Fv2%2Fcomments&post=11026"}],"wp:featuredmedia":[{"embeddable":true,"href":"https:\/\/www.grupsagaro.net\/index.php?rest_route=\/wp\/v2\/media\/11023"}],"wp:attachment":[{"href":"https:\/\/www.grupsagaro.net\/index.php?rest_route=%2Fwp%2Fv2%2Fmedia&parent=11026"}],"wp:term":[{"taxonomy":"product_brand","embeddable":true,"href":"https:\/\/www.grupsagaro.net\/index.php?rest_route=%2Fwp%2Fv2%2Fproduct_brand&post=11026"},{"taxonomy":"product_cat","embeddable":true,"href":"https:\/\/www.grupsagaro.net\/index.php?rest_route=%2Fwp%2Fv2%2Fproduct_cat&post=11026"},{"taxonomy":"product_tag","embeddable":true,"href":"https:\/\/www.grupsagaro.net\/index.php?rest_route=%2Fwp%2Fv2%2Fproduct_tag&post=11026"}],"curies":[{"name":"wp","href":"https:\/\/api.w.org\/{rel}","templated":true}]}}