{"id":10493,"date":"2020-10-23T09:25:20","date_gmt":"2020-10-23T08:25:20","guid":{"rendered":"https:\/\/www.grupsagaro.net\/?post_type=product&#038;p=10493"},"modified":"2022-03-30T05:34:23","modified_gmt":"2022-03-30T04:34:23","slug":"portamines-mars-micro-773","status":"publish","type":"product","link":"https:\/\/www.grupsagaro.net\/?product=portamines-mars-micro-773","title":{"rendered":"Portamines Mars\u00ae micro 773"},"content":{"rendered":"<p id=\"tw-target-text\" class=\"tw-data-text tw-text-large XcVN5d tw-ta\" dir=\"ltr\" data-placeholder=\"Traducci\u00f3\"><span lang=\"ca\">Portamines per escriure i dibuixar Codificaci\u00f3 de color ISO Zona d&#8217;agafada engomada antilliscant Puntera, polsador i punta met\u00e0l\u00b7lics punta retr\u00e0ctil Punta de mina cil\u00edndrica, r\u00edgida, ideal per utilitzar amb regles i plantilles Mina esmorte\u00efda per a una major resist\u00e8ncia al trencament Goma d&#8217;esborrar sense PVC ni l\u00e0tex F\u00e0cilment recarregable amb les mines per portamines \u00ab12 alhora\u00bb Mars micro carbon 250 Mines B<\/span><\/p>\n","protected":false},"excerpt":{"rendered":"<p>Portamines per escriure i dibuixar Codificaci\u00f3 de color ISO Zona d&#8217;agafada engomada antilliscant Puntera, polsador i punta met\u00e0l\u00b7lics punta retr\u00e0ctil Punta de mina cil\u00edndrica, r\u00edgida, ideal per utilitzar amb regles i plantilles Mina esmorte\u00efda per a una major resist\u00e8ncia al trencament Goma d&#8217;esborrar sense PVC ni l\u00e0tex F\u00e0cilment recarregable amb les mines per portamines \u00ab12 [&hellip;]<\/p>\n","protected":false},"featured_media":0,"comment_status":"closed","ping_status":"closed","template":"","meta":{"_acf_changed":false,"_seopress_robots_primary_cat":"","_seopress_titles_title":"","_seopress_titles_desc":"","_seopress_robots_index":"","_et_pb_use_builder":"on","_et_pb_old_content":"<p id=\"tw-target-text\" class=\"tw-data-text tw-text-large XcVN5d tw-ta\" dir=\"ltr\" data-placeholder=\"Traducci\u00f3\"><span lang=\"ca\">Portamines per escriure i dibuixar Codificaci\u00f3 de color ISO Zona d'agafada engomada antilliscant Puntera, polsador i punta met\u00e0l\u00b7lics punta retr\u00e0ctil Punta de mina cil\u00edndrica, r\u00edgida, ideal per utilitzar amb regles i plantilles Mina esmorte\u00efda per a una major resist\u00e8ncia al trencament Goma d'esborrar sense PVC ni l\u00e0tex F\u00e0cilment recarregable amb les mines per portamines \"12 alhora\" Mars micro carbon 250 Mines B<\/span><\/p>","_et_gb_content_width":"","jetpack_post_was_ever_published":false},"product_brand":[],"product_cat":[2187],"product_tag":[],"class_list":{"0":"post-10493","1":"product","2":"type-product","3":"status-publish","5":"product_cat-mines-i-portamines","7":"first","8":"instock","9":"taxable","10":"shipping-taxable","11":"purchasable","12":"product-type-simple"},"acf":[],"jetpack_likes_enabled":true,"jetpack_sharing_enabled":true,"tiered_pricing_type":"fixed","tiered_pricing_fixed_rules":[],"tiered_pricing_product_settings":{"layout":"default","base_unit_name":{"singular":null,"plural":null},"default_variation":null},"tiered_pricing_minimum_quantity":null,"tiered_pricing_roles_data":[],"tiered_pricing_percentage_rules":[],"_links":{"self":[{"href":"https:\/\/www.grupsagaro.net\/index.php?rest_route=\/wp\/v2\/product\/10493","targetHints":{"allow":["GET"]}}],"collection":[{"href":"https:\/\/www.grupsagaro.net\/index.php?rest_route=\/wp\/v2\/product"}],"about":[{"href":"https:\/\/www.grupsagaro.net\/index.php?rest_route=\/wp\/v2\/types\/product"}],"replies":[{"embeddable":true,"href":"https:\/\/www.grupsagaro.net\/index.php?rest_route=%2Fwp%2Fv2%2Fcomments&post=10493"}],"wp:attachment":[{"href":"https:\/\/www.grupsagaro.net\/index.php?rest_route=%2Fwp%2Fv2%2Fmedia&parent=10493"}],"wp:term":[{"taxonomy":"product_brand","embeddable":true,"href":"https:\/\/www.grupsagaro.net\/index.php?rest_route=%2Fwp%2Fv2%2Fproduct_brand&post=10493"},{"taxonomy":"product_cat","embeddable":true,"href":"https:\/\/www.grupsagaro.net\/index.php?rest_route=%2Fwp%2Fv2%2Fproduct_cat&post=10493"},{"taxonomy":"product_tag","embeddable":true,"href":"https:\/\/www.grupsagaro.net\/index.php?rest_route=%2Fwp%2Fv2%2Fproduct_tag&post=10493"}],"curies":[{"name":"wp","href":"https:\/\/api.w.org\/{rel}","templated":true}]}}