{"id":10485,"date":"2020-10-23T09:04:44","date_gmt":"2020-10-23T08:04:44","guid":{"rendered":"https:\/\/www.grupsagaro.net\/?post_type=product&#038;p=10485"},"modified":"2022-03-30T05:35:27","modified_gmt":"2022-03-30T04:35:27","slug":"mines-mars-micro-carbon-250-05-2b","status":"publish","type":"product","link":"https:\/\/www.grupsagaro.net\/?product=mines-mars-micro-carbon-250-05-2b","title":{"rendered":"Mines Mars\u00ae micro carbon 250 0,5 2B"},"content":{"rendered":"<p>Mines per portamines, per utilitzar sobre paper i cartolina Alta resist\u00e8ncia al trencament per la seva gran flexibilitat Tra\u00e7os fluids, de color negre intens Proc\u00e9s de fabricaci\u00f3 ecol\u00f2gic \u00fanic, sense PVC ni agents suavitzants M\u00e9s de el 90% procedent de materials naturals Adequades per a usar amb tots els portamines Rec\u00e0rrega \u00ab12 alhora\u00bb per a la majoria de portamines STAEDTLER<\/p>\n","protected":false},"excerpt":{"rendered":"<p>Mines per portamines, per utilitzar sobre paper i cartolina Alta resist\u00e8ncia al trencament per la seva gran flexibilitat Tra\u00e7os fluids, de color negre intens Proc\u00e9s de fabricaci\u00f3 ecol\u00f2gic \u00fanic, sense PVC ni agents suavitzants M\u00e9s de el 90% procedent de materials naturals Adequades per a usar amb tots els portamines Rec\u00e0rrega \u00ab12 alhora\u00bb per a [&hellip;]<\/p>\n","protected":false},"featured_media":0,"comment_status":"closed","ping_status":"closed","template":"","meta":{"_acf_changed":false,"_seopress_robots_primary_cat":"","_seopress_titles_title":"","_seopress_titles_desc":"","_seopress_robots_index":"","_et_pb_use_builder":"","_et_pb_old_content":"","_et_gb_content_width":"","jetpack_post_was_ever_published":false},"product_brand":[],"product_cat":[2187],"product_tag":[2190],"class_list":{"0":"post-10485","1":"product","2":"type-product","3":"status-publish","5":"product_cat-mines-i-portamines","6":"product_tag-mars-micro-carbon-250","8":"first","9":"instock","10":"taxable","11":"shipping-taxable","12":"purchasable","13":"product-type-simple"},"acf":[],"jetpack_likes_enabled":true,"jetpack_sharing_enabled":true,"tiered_pricing_type":"fixed","tiered_pricing_fixed_rules":[],"tiered_pricing_product_settings":{"layout":"default","base_unit_name":{"singular":null,"plural":null},"default_variation":null},"tiered_pricing_minimum_quantity":null,"tiered_pricing_roles_data":[],"tiered_pricing_percentage_rules":[],"_links":{"self":[{"href":"https:\/\/www.grupsagaro.net\/index.php?rest_route=\/wp\/v2\/product\/10485","targetHints":{"allow":["GET"]}}],"collection":[{"href":"https:\/\/www.grupsagaro.net\/index.php?rest_route=\/wp\/v2\/product"}],"about":[{"href":"https:\/\/www.grupsagaro.net\/index.php?rest_route=\/wp\/v2\/types\/product"}],"replies":[{"embeddable":true,"href":"https:\/\/www.grupsagaro.net\/index.php?rest_route=%2Fwp%2Fv2%2Fcomments&post=10485"}],"wp:attachment":[{"href":"https:\/\/www.grupsagaro.net\/index.php?rest_route=%2Fwp%2Fv2%2Fmedia&parent=10485"}],"wp:term":[{"taxonomy":"product_brand","embeddable":true,"href":"https:\/\/www.grupsagaro.net\/index.php?rest_route=%2Fwp%2Fv2%2Fproduct_brand&post=10485"},{"taxonomy":"product_cat","embeddable":true,"href":"https:\/\/www.grupsagaro.net\/index.php?rest_route=%2Fwp%2Fv2%2Fproduct_cat&post=10485"},{"taxonomy":"product_tag","embeddable":true,"href":"https:\/\/www.grupsagaro.net\/index.php?rest_route=%2Fwp%2Fv2%2Fproduct_tag&post=10485"}],"curies":[{"name":"wp","href":"https:\/\/api.w.org\/{rel}","templated":true}]}}