{"id":51744,"date":"2023-04-13T17:14:35","date_gmt":"2023-04-13T15:14:35","guid":{"rendered":"https:\/\/www.grupsagaro.net\/?page_id=51744"},"modified":"2023-07-20T08:56:42","modified_gmt":"2023-07-20T06:56:42","slug":"quines-obligacions-shan-de-complir-per-a-la-instal%c2%b7lacio-de-cameres-de-video","status":"publish","type":"page","link":"https:\/\/www.grupsagaro.net\/?page_id=51744","title":{"rendered":"Quines obligacions s&#8217;han de complir per a la instal\u00b7laci\u00f3 de c\u00e0meres de v\u00eddeo?"},"content":{"rendered":"\n<p>\u00bfQu\u00e9 obligaciones se deben cumplir para la instalaci\u00f3n de videoc\u00e1maras?<\/p>\n\n\n\n<p>En primer lugar, la videovigilancia s\u00f3lo debe utilizarse cuando no sea posible acudir a otros medios que causen menos impacto en la privacidad.<\/p>\n\n\n\n<p>Adem\u00e1s, no se podr\u00e1 captar im\u00e1genes de la v\u00eda p\u00fablica con fines de seguridad, ya que es competencia de las Fuerzas y Cuerpos de Seguridad, salvo el caso que:<\/p>\n\n\n\n<p>Resulte imprescindible para la finalidad que se pretende.<\/p>\n\n\n\n<p>Resulte imposible evitarlo por raz\u00f3n de la ubicaci\u00f3n de las c\u00e1maras.<\/p>\n\n\n\n<p>En todo caso, deber\u00e1 evitarse cualquier tratamiento de datos innecesario para la finalidad perseguida. Est\u00e1 prohibida la instalaci\u00f3n en ba\u00f1os, vestuarios, o lugares an\u00e1logos.<\/p>\n\n\n\n<p>Por otra parte, el tratamiento de las im\u00e1genes con fines de seguridad mediante la videovigilancia debe adecuarse al RGPD, de manera que en primer lugar, hay que configurar el registro de actividades de tratamiento regulado en el art\u00edculo 30 del RGPD.<\/p>\n\n\n\n<p>Asimismo, se tiene que dar cumplimiento al derecho de informaci\u00f3n del art\u00edculo 13. Para ello se puede optar por un sistema de capas de la siguiente forma:<\/p>\n\n\n\n<p>Colocar un cartel donde aparezca que es una zona videovigilada, la identidad del responsable y la posibilidad del ejercicio de los derechos previstos en los art\u00edculos 15 a 22 del RGPD.<\/p>\n\n\n\n<p>Mantener a disposici\u00f3n de los afectados el resto de informaci\u00f3n referida en el art\u00edculo 13.<\/p>\n\n\n\n<p>Tambi\u00e9n se deber\u00e1n adoptar las medidas de seguridad, teniendo en cuenta lo siguiente: El art\u00edculo 32 del RGPD determina que se establezcan las medidas t\u00e9cnicas y organizativas apropiadas para garantizar el nivel de seguridad adecuado al riesgo.<\/p>\n\n\n\n<p>Por otra parte, lo previsto en el Esquema Nacional de Seguridad es aplicable a cualquier informaci\u00f3n de las Administraciones P\u00fablicas sin distinci\u00f3n del soporte en el que se encuentre, por lo que en cuanto a las medidas de seguridad se refiere, este esquema es acorde al enfoque de riesgo del RGPD y se constituye en una herramienta v\u00e1lida para la gesti\u00f3n del riesgo y la adopci\u00f3n de las medidas de seguridad en las citadas Administraciones. Por tanto, la implementaci\u00f3n de las medidas de seguridad cuando se lleve a cabo un tratamiento de datos mediante el uso de la videovigilancia depender\u00e1 del an\u00e1lisis de riesgo llevado a cabo previamente.<\/p>\n","protected":false},"excerpt":{"rendered":"<p>\u00bfQu\u00e9 obligaciones se deben cumplir para la instalaci\u00f3n de videoc\u00e1maras? En primer lugar, la videovigilancia s\u00f3lo debe utilizarse cuando no sea posible acudir a otros medios que causen menos impacto en la privacidad. Adem\u00e1s, no se podr\u00e1 captar im\u00e1genes de la v\u00eda p\u00fablica con fines de seguridad, ya que es competencia de las Fuerzas y [&hellip;]<\/p>\n","protected":false},"author":1,"featured_media":0,"parent":0,"menu_order":0,"comment_status":"closed","ping_status":"closed","template":"","meta":{"_acf_changed":false,"_seopress_robots_primary_cat":"","_seopress_titles_title":"%%post_title%%","_seopress_titles_desc":"%%post_excerpt%% %%tagline%%","_seopress_robots_index":"","_et_pb_use_builder":"off","_et_pb_old_content":"","_et_gb_content_width":"","jetpack_post_was_ever_published":false,"footnotes":""},"class_list":["post-51744","page","type-page","status-publish","hentry"],"acf":[],"jetpack_likes_enabled":true,"jetpack_sharing_enabled":true,"_links":{"self":[{"href":"https:\/\/www.grupsagaro.net\/index.php?rest_route=\/wp\/v2\/pages\/51744","targetHints":{"allow":["GET"]}}],"collection":[{"href":"https:\/\/www.grupsagaro.net\/index.php?rest_route=\/wp\/v2\/pages"}],"about":[{"href":"https:\/\/www.grupsagaro.net\/index.php?rest_route=\/wp\/v2\/types\/page"}],"author":[{"embeddable":true,"href":"https:\/\/www.grupsagaro.net\/index.php?rest_route=\/wp\/v2\/users\/1"}],"replies":[{"embeddable":true,"href":"https:\/\/www.grupsagaro.net\/index.php?rest_route=%2Fwp%2Fv2%2Fcomments&post=51744"}],"version-history":[{"count":0,"href":"https:\/\/www.grupsagaro.net\/index.php?rest_route=\/wp\/v2\/pages\/51744\/revisions"}],"wp:attachment":[{"href":"https:\/\/www.grupsagaro.net\/index.php?rest_route=%2Fwp%2Fv2%2Fmedia&parent=51744"}],"curies":[{"name":"wp","href":"https:\/\/api.w.org\/{rel}","templated":true}]}}