{"id":39190,"date":"2022-07-21T06:57:37","date_gmt":"2022-07-21T04:57:37","guid":{"rendered":"https:\/\/www.grupsagaro.net\/?page_id=39190"},"modified":"2023-06-23T08:18:26","modified_gmt":"2023-06-23T06:18:26","slug":"projectes-dil%c2%b7luminacio-a-la-teva-mida","status":"publish","type":"page","link":"https:\/\/www.grupsagaro.net\/?page_id=39190","title":{"rendered":"Projectes d&#8217;il\u00b7luminaci\u00f3 a la Teva mida."},"content":{"rendered":"<p>[et_pb_section fb_built=\u00bb1&#8243; _builder_version=\u00bb4.17.6&#8243; _module_preset=\u00bbdefault\u00bb global_colors_info=\u00bb{}\u00bb][et_pb_row _builder_version=\u00bb4.17.6&#8243; _module_preset=\u00bbdefault\u00bb global_colors_info=\u00bb{}\u00bb][et_pb_column type=\u00bb4_4&#8243; _builder_version=\u00bb4.17.6&#8243; _module_preset=\u00bbdefault\u00bb global_colors_info=\u00bb{}\u00bb][et_pb_text _builder_version=\u00bb4.17.6&#8243; _module_preset=\u00bbdefault\u00bb global_colors_info=\u00bb{}\u00bb]<\/p>\n<p>Des de Grupsagaro realitzem projectes d&#8217;il\u00b7luminaci\u00f3 a la teva mida, personalitzables i emmotllant-nos a les necessitats del client.<\/p>\n<p>\u00c9s per aix\u00f2 que disposem d&#8217;un departament especialitzat amb avan\u00e7ades eines, on podr\u00e0 visualitzar com quedar\u00e0 la seva feina amb un m\u00e0xim realisme.<\/p>\n<p>Per realitzar aquests treballs nom\u00e9s necessitarem que ens facilitis la informaci\u00f3 seg\u00fcent.<\/p>\n<p>[\/et_pb_text][\/et_pb_column][\/et_pb_row][et_pb_row _builder_version=\u00bb4.17.6&#8243; _module_preset=\u00bbdefault\u00bb global_colors_info=\u00bb{}\u00bb][et_pb_column type=\u00bb4_4&#8243; _builder_version=\u00bb4.17.6&#8243; _module_preset=\u00bbdefault\u00bb global_colors_info=\u00bb{}\u00bb][et_pb_image src=\u00bbhttps:\/\/www.grupsagaro.net\/wp-content\/uploads\/2022\/07\/interior-3012218_960_720.png\u00bb title_text=\u00bbinterior-3012218_960_720&#8243; align=\u00bbcenter\u00bb _builder_version=\u00bb4.17.6&#8243; _module_preset=\u00bbdefault\u00bb global_colors_info=\u00bb{}\u00bb][\/et_pb_image][\/et_pb_column][\/et_pb_row][et_pb_row _builder_version=\u00bb4.17.6&#8243; _module_preset=\u00bbdefault\u00bb global_colors_info=\u00bb{}\u00bb][et_pb_column type=\u00bb4_4&#8243; _builder_version=\u00bb4.17.6&#8243; _module_preset=\u00bbdefault\u00bb global_colors_info=\u00bb{}\u00bb][et_pb_text _builder_version=\u00bb4.17.6&#8243; _module_preset=\u00bbdefault\u00bb global_colors_info=\u00bb{}\u00bb]<\/p>\n<p>1. PROJECTE DE NOVA CREACI\u00d3.<br \/>a. Pl\u00e0nols a Auto CAD acotats, amb al\u00e7ades i una idea clara del que es vol fer.<br \/>b. \u00das de les instal\u00b7lacions (oficines, pista de p\u00e0del, nau industrial\u2026)<\/p>\n<p>2. PROJECTE DE SUBSTITUCI\u00d3.<br \/>a. Imatges i\/o fotografies de les l\u00e0mpades enceses i apagades<br \/>b. Imatges, dimensions i pot\u00e8ncia de les l\u00e0mpades actuals. Ubicaci\u00f3 dels punts de llum<br \/>c. Pl\u00e0nol en PDF acotat oa m\u00e0 al\u00e7a amb mesures de Llarg, Ample i Alt.<\/p>\n<p>\u2022 QUAN MAJOR SIGUI LA INFORMACI\u00d3 MILLOR SERAN ELS RESULTATS.<br \/>o Situaci\u00f3 dels elements decoratius dins del pla.<br \/>o Color, acabat i textures dels mateixos.<br \/>o Color i textura de terres, envans i sostres.<\/p>\n<p>Sense aquests documents no podrem realitzar el treball sol\u00b7licitat, per la qual cosa \u00e9s imprescindible que ens proporcionis tots i cadascun en el millor estat possible i completament llegibles.<\/p>\n<p>[\/et_pb_text][\/et_pb_column][\/et_pb_row][\/et_pb_section]<\/p>\n","protected":false},"excerpt":{"rendered":"<p>Des de Grupsagaro realitzem projectes d&#8217;il\u00b7luminaci\u00f3 a la teva mida, personalitzables i emmotllant-nos a les necessitats del client. \u00c9s per aix\u00f2 que disposem d&#8217;un departament especialitzat amb avan\u00e7ades eines, on podr\u00e0 visualitzar com quedar\u00e0 la seva feina amb un m\u00e0xim realisme. Per realitzar aquests treballs nom\u00e9s necessitarem que ens facilitis la informaci\u00f3 seg\u00fcent.1. PROJECTE DE [&hellip;]<\/p>\n","protected":false},"author":1,"featured_media":0,"parent":0,"menu_order":0,"comment_status":"closed","ping_status":"closed","template":"","meta":{"_acf_changed":false,"_seopress_robots_primary_cat":"","_seopress_titles_title":"%%post_title%%","_seopress_titles_desc":"%%post_excerpt%%","_seopress_robots_index":"","_et_pb_use_builder":"on","_et_pb_old_content":"","_et_gb_content_width":"","jetpack_post_was_ever_published":false,"footnotes":""},"class_list":["post-39190","page","type-page","status-publish","hentry"],"acf":[],"jetpack_likes_enabled":true,"jetpack_sharing_enabled":true,"_links":{"self":[{"href":"https:\/\/www.grupsagaro.net\/index.php?rest_route=\/wp\/v2\/pages\/39190","targetHints":{"allow":["GET"]}}],"collection":[{"href":"https:\/\/www.grupsagaro.net\/index.php?rest_route=\/wp\/v2\/pages"}],"about":[{"href":"https:\/\/www.grupsagaro.net\/index.php?rest_route=\/wp\/v2\/types\/page"}],"author":[{"embeddable":true,"href":"https:\/\/www.grupsagaro.net\/index.php?rest_route=\/wp\/v2\/users\/1"}],"replies":[{"embeddable":true,"href":"https:\/\/www.grupsagaro.net\/index.php?rest_route=%2Fwp%2Fv2%2Fcomments&post=39190"}],"version-history":[{"count":0,"href":"https:\/\/www.grupsagaro.net\/index.php?rest_route=\/wp\/v2\/pages\/39190\/revisions"}],"wp:attachment":[{"href":"https:\/\/www.grupsagaro.net\/index.php?rest_route=%2Fwp%2Fv2%2Fmedia&parent=39190"}],"curies":[{"name":"wp","href":"https:\/\/api.w.org\/{rel}","templated":true}]}}