{"id":3,"date":"2019-10-14T16:25:33","date_gmt":"2019-10-14T14:25:33","guid":{"rendered":"http:\/?page_id=3"},"modified":"2023-04-05T08:48:53","modified_gmt":"2023-04-05T06:48:53","slug":"privacy-policy","status":"publish","type":"page","link":"https:\/\/www.grupsagaro.net\/?page_id=3","title":{"rendered":"Protecci\u00f3 de dades"},"content":{"rendered":"\n<p><strong>Pol\u00edtica de protecci\u00f3n de datos<\/strong><\/p>\n\n\n\n<p><strong>Maria Teresa Camps Vidal <\/strong>\u00a0(en adelante, el responsable del tratamiento), asume la m\u00e1xima responsabilidad y compromiso con el establecimiento, implementaci\u00f3n y mantenimiento de la presente Pol\u00edtica de Protecci\u00f3n de Datos, garantizando la mejora continua del responsable del tratamiento con el objetivo de alcanzar la excelencia en relaci\u00f3n con el cumplimiento del Reglamento (UE) 2016\/679 del Parlamento Europeo y del Consejo, de 27 de abril de 2016, relativo a la protecci\u00f3n de las personas f\u00edsicas en lo que respecta al tratamiento de datos personales y a la libre circulaci\u00f3n de estos datos y por el que se deroga la Directiva\u00a095\/46\/CE (Reglamento general de protecci\u00f3n de datos) (DOUE L 119\/1, 04-05-2016), y de la normativa espa\u00f1ola de protecci\u00f3n de datos de car\u00e1cter personal (Ley Org\u00e1nica, legislaci\u00f3n sectorial espec\u00edfica y sus normas de desarrollo).<\/p>\n\n\n\n<p>La Pol\u00edtica de Protecci\u00f3n de Datos de\u00a0<strong><strong>Maria Teresa Camps Vidal<\/strong> <\/strong>\u00a0<strong>.<\/strong>\u00a0descansa en el principio de responsabilidad proactiva, seg\u00fan el cual el responsable del tratamiento es responsable del cumplimiento del marco normativo y jurisprudencial que gobierna dicha Pol\u00edtica, y es capaz de demostrarlo ante las autoridades de control competentes.<\/p>\n\n\n\n<p>En tal sentido, el responsable del\ntratamiento se regir\u00e1 por los siguientes principios que deben servir a todo su\npersonal como gu\u00eda y marco de referencia en el tratamiento de datos personales:<\/p>\n\n\n\n<ol class=\"wp-block-list\">\n<li><strong>Protecci\u00f3n de datos desde el dise\u00f1o:&nbsp;<\/strong>el responsable del tratamiento\n     aplicar\u00e1, tanto en el momento de determinar los medios de tratamiento como\n     en el momento del propio tratamiento, medidas t\u00e9cnicas y organizativas\n     apropiadas, concebidas para aplicar de forma efectiva los principios de\n     protecci\u00f3n de datos, como la minimizaci\u00f3n de datos, e integrar las\n     garant\u00edas necesarias en el tratamiento.<\/li>\n\n\n\n<li><strong>Protecci\u00f3n de datos por defecto:&nbsp;<\/strong>el responsable del tratamiento\n     aplicar\u00e1 las medidas t\u00e9cnicas y organizativas apropiadas con miras a\n     garantizar que, por defecto, solo sean objeto de tratamiento los datos\n     personales que sean necesarios para cada uno de los fines espec\u00edficos del\n     tratamiento.<\/li>\n\n\n\n<li><strong>Protecci\u00f3n de datos en el ciclo de vida de la\n     informaci\u00f3n:&nbsp;<\/strong>las medidas que garanticen la protecci\u00f3n de los datos personales ser\u00e1n\n     aplicables durante el ciclo completo de la vida de la informaci\u00f3n.<\/li>\n\n\n\n<li><strong>Licitud, lealtad y transparencia:&nbsp;<\/strong>los datos personales ser\u00e1n\n     tratados de manera l\u00edcita, leal y transparente en relaci\u00f3n con el\n     interesado.<\/li>\n\n\n\n<li><strong>Minimizaci\u00f3n de datos:&nbsp;<\/strong>los datos personales ser\u00e1n\n     adecuados, pertinentes y limitados a lo necesario en relaci\u00f3n con los\n     fines para los que son tratados.<\/li>\n\n\n\n<li><strong>Exactitud:&nbsp;<\/strong>los datos personales ser\u00e1n\n     exactos y, si fuera necesario, actualizados; se adoptar\u00e1n todas las\n     medidas razonables para que se supriman o rectifiquen sin dilaci\u00f3n los\n     datos personales que sean inexactos con respecto a los fines para los que\n     se tratan.<\/li>\n\n\n\n<li><strong>Limitaci\u00f3n del plazo de conservaci\u00f3n:&nbsp;<\/strong>los datos personales ser\u00e1n\n     mantenidos de forma que se permita la identificaci\u00f3n de los interesados\n     durante no m\u00e1s tiempo del necesario para los fines del tratamiento de los\n     datos personales.<\/li>\n\n\n\n<li><strong>Integridad y confidencialidad:&nbsp;<\/strong>los datos personales ser\u00e1n\n     tratados de tal manera que se garantice una seguridad adecuada de los\n     datos personales, incluida la protecci\u00f3n contra el tratamiento no autorizado\n     o il\u00edcito y contra su p\u00e9rdida, destrucci\u00f3n o da\u00f1o accidental, mediante la\n     aplicaci\u00f3n de medidas t\u00e9cnicas u organizativas apropiadas.<\/li>\n\n\n\n<li><strong>Informaci\u00f3n y formaci\u00f3n:&nbsp;<\/strong>una de las claves para\n     garantizar la protecci\u00f3n de los datos personales es la formaci\u00f3n e\n     informaci\u00f3n que se facilite al personal involucrado en el tratamiento de\n     los mismos. Durante el ciclo de vida de la informaci\u00f3n, todo el personal\n     con acceso a los datos ser\u00e1 convenientemente formado e informado acerca de\n     sus obligaciones en relaci\u00f3n con el cumplimiento de la normativa de\n     protecci\u00f3n de datos.<\/li>\n<\/ol>\n\n\n\n<p>La Pol\u00edtica de Protecci\u00f3n de Datos de\u00a0\u00a0<strong><strong>Maria Teresa Camps Vidal<\/strong> <\/strong>\u00a0<strong>.<\/strong>\u00a0es comunicada a todo el personal del responsable del tratamiento y puesta a disposici\u00f3n de todas las partes interesadas.<\/p>\n\n\n\n<p>En su consecuencia, la presente Pol\u00edtica\nde Protecci\u00f3n de Datos involucra a todo el personal del responsable del\ntratamiento, que debe conocerla y asumirla, consider\u00e1ndola como propia, siendo\ncada miembro responsable de aplicarla y de verificar las normas de protecci\u00f3n\nde datos aplicables a su actividad, as\u00ed como identificar y aportar las\noportunidades de mejora que considere oportunas con el objetivo de alcanzar la\nexcelencia en relaci\u00f3n con su cumplimiento.<\/p>\n\n\n\n<p>Esta Pol\u00edtica ser\u00e1 revisada por <strong><strong>Maria Teresa Camps Vidal<\/strong> <\/strong>\u00a0<strong>.<\/strong>, tantas veces como se considere necesario, para adecuarse, en todo momento, a las disposiciones vigentes en materia de protecci\u00f3n de datos de car\u00e1cter personal.<\/p>\n","protected":false},"excerpt":{"rendered":"<p>Pol\u00edtica de protecci\u00f3n de datos Maria Teresa Camps Vidal \u00a0(en adelante, el responsable del tratamiento), asume la m\u00e1xima responsabilidad y compromiso con el establecimiento, implementaci\u00f3n y mantenimiento de la presente Pol\u00edtica de Protecci\u00f3n de Datos, garantizando la mejora continua del responsable del tratamiento con el objetivo de alcanzar la excelencia en relaci\u00f3n con el cumplimiento [&hellip;]<\/p>\n","protected":false},"author":1,"featured_media":0,"parent":0,"menu_order":0,"comment_status":"closed","ping_status":"closed","template":"","meta":{"_acf_changed":false,"_seopress_robots_primary_cat":"","_seopress_titles_title":"%%post_title%%","_seopress_titles_desc":"%%post_excerpt%%","_seopress_robots_index":"","_et_pb_use_builder":"","_et_pb_old_content":"","_et_gb_content_width":"","jetpack_post_was_ever_published":false,"footnotes":""},"class_list":["post-3","page","type-page","status-publish","hentry"],"acf":[],"jetpack_likes_enabled":true,"jetpack_sharing_enabled":true,"_links":{"self":[{"href":"https:\/\/www.grupsagaro.net\/index.php?rest_route=\/wp\/v2\/pages\/3","targetHints":{"allow":["GET"]}}],"collection":[{"href":"https:\/\/www.grupsagaro.net\/index.php?rest_route=\/wp\/v2\/pages"}],"about":[{"href":"https:\/\/www.grupsagaro.net\/index.php?rest_route=\/wp\/v2\/types\/page"}],"author":[{"embeddable":true,"href":"https:\/\/www.grupsagaro.net\/index.php?rest_route=\/wp\/v2\/users\/1"}],"replies":[{"embeddable":true,"href":"https:\/\/www.grupsagaro.net\/index.php?rest_route=%2Fwp%2Fv2%2Fcomments&post=3"}],"version-history":[{"count":0,"href":"https:\/\/www.grupsagaro.net\/index.php?rest_route=\/wp\/v2\/pages\/3\/revisions"}],"wp:attachment":[{"href":"https:\/\/www.grupsagaro.net\/index.php?rest_route=%2Fwp%2Fv2%2Fmedia&parent=3"}],"curies":[{"name":"wp","href":"https:\/\/api.w.org\/{rel}","templated":true}]}}